{"id":29,"date":"2021-12-22T17:08:45","date_gmt":"2021-12-22T20:08:45","guid":{"rendered":"https:\/\/congresos.unlp.edu.ar\/samic2026\/?page_id=29"},"modified":"2025-12-02T22:46:22","modified_gmt":"2025-12-03T01:46:22","slug":"topicos","status":"publish","type":"page","link":"https:\/\/congresos.unlp.edu.ar\/samic2026\/topicos\/","title":{"rendered":"T\u00f3picos"},"content":{"rendered":"<p>&nbsp;<\/p>\n<p><strong>Ciencias de la Vida<\/strong><\/p>\n<ul>\n<li>Microscop\u00eda Aplicada al Estudio del C\u00e1ncer<\/li>\n<li>Microscop\u00eda en Neurociencias: Visualizando el Cerebro<\/li>\n<li>Microscop\u00eda y Biolog\u00eda Celular del Desarrollo<\/li>\n<li>Determinaci\u00f3n de Estructuras de Ensamblados Macromoleculares<\/li>\n<li>Tejidos Vegetales<\/li>\n<li>T\u00e9cnicas de Microscop\u00eda Aplicadas a Ciencias Forenses<\/li>\n<\/ul>\n<p>&nbsp;<\/p>\n<p><strong>Ciencia de Materiales<\/strong><\/p>\n<ul>\n<li>Nuevos Materiales para Aplicaciones en Energ\u00eda<\/li>\n<li>Microscop\u00eda de Nuevos Materiales 2D<\/li>\n<li>Microscop\u00eda en Nanotecnolog\u00eda<\/li>\n<li>Metales y Aleaciones<\/li>\n<li>Materiales Basados en Carbono<\/li>\n<li>Cer\u00e1micos y Materiales Geol\u00f3gicos<\/li>\n<li>Biomateriales<\/li>\n<li>Microscop\u00edas Aplicadas al Estudio de la Materia Blanda<\/li>\n<li>Microscop\u00edas Aplicadas al Estudio de Bienes Culturales<\/li>\n<\/ul>\n<p>&nbsp;<\/p>\n<p><strong>Instrumentaci\u00f3n y m\u00e9todos<\/strong><\/p>\n<ul>\n<li>Herramientas de <em>big data<\/em> e inteligencia artificial para el procesamiento de datos<\/li>\n<li>T\u00e9cnicas emergentes asociadas a STEM<\/li>\n<li>Microscop\u00eda electr\u00f3nica en condiciones criog\u00e9nicas (cryo-EM)<\/li>\n<li>Microscop\u00edas \u00f3pticas de superresoluci\u00f3n<\/li>\n<li>Microscop\u00eda multimodal y microscop\u00eda correlativa<\/li>\n<li>Microscop\u00eda <em>in-operando<\/em><\/li>\n<li>Nuevos sistemas de detecci\u00f3n<\/li>\n<\/ul>\n","protected":false},"excerpt":{"rendered":"<p>&nbsp; Ciencias de la Vida Microscop\u00eda Aplicada al Estudio del C\u00e1ncer Microscop\u00eda en Neurociencias: Visualizando el Cerebro Microscop\u00eda y Biolog\u00eda Celular del Desarrollo Determinaci\u00f3n de Estructuras de Ensamblados Macromoleculares Tejidos Vegetales T\u00e9cnicas de Microscop\u00eda Aplicadas a Ciencias Forenses &nbsp; Ciencia de Materiales Nuevos Materiales para Aplicaciones en Energ\u00eda Microscop\u00eda de Nuevos Materiales 2D Microscop\u00eda en [&hellip;]<\/p>\n","protected":false},"author":2,"featured_media":0,"parent":0,"menu_order":0,"comment_status":"closed","ping_status":"closed","template":"","meta":{"advgb_blocks_editor_width":"","advgb_blocks_columns_visual_guide":"","footnotes":""},"class_list":["post-29","page","type-page","status-publish","hentry","post"],"aioseo_notices":[],"coauthors":[],"author_meta":{"author_link":"https:\/\/congresos.unlp.edu.ar\/samic2026\/author\/congresos\/","display_name":"congresos"},"relative_dates":{"created":"Posted 4 a\u00f1os ago","modified":"Updated 5 meses ago"},"absolute_dates":{"created":"Posted on 22 diciembre, 2021","modified":"Updated on 2 diciembre, 2025"},"absolute_dates_time":{"created":"Posted on 22 diciembre, 2021 5:08 pm","modified":"Updated on 2 diciembre, 2025 10:46 pm"},"featured_img_caption":"","featured_img":false,"series_order":"","_links":{"self":[{"href":"https:\/\/congresos.unlp.edu.ar\/samic2026\/wp-json\/wp\/v2\/pages\/29","targetHints":{"allow":["GET"]}}],"collection":[{"href":"https:\/\/congresos.unlp.edu.ar\/samic2026\/wp-json\/wp\/v2\/pages"}],"about":[{"href":"https:\/\/congresos.unlp.edu.ar\/samic2026\/wp-json\/wp\/v2\/types\/page"}],"author":[{"embeddable":true,"href":"https:\/\/congresos.unlp.edu.ar\/samic2026\/wp-json\/wp\/v2\/users\/2"}],"replies":[{"embeddable":true,"href":"https:\/\/congresos.unlp.edu.ar\/samic2026\/wp-json\/wp\/v2\/comments?post=29"}],"version-history":[{"count":0,"href":"https:\/\/congresos.unlp.edu.ar\/samic2026\/wp-json\/wp\/v2\/pages\/29\/revisions"}],"wp:attachment":[{"href":"https:\/\/congresos.unlp.edu.ar\/samic2026\/wp-json\/wp\/v2\/media?parent=29"}],"curies":[{"name":"wp","href":"https:\/\/api.w.org\/{rel}","templated":true}]}}