{"id":27,"date":"2021-12-22T17:08:30","date_gmt":"2021-12-22T20:08:30","guid":{"rendered":"https:\/\/congresos.unlp.edu.ar\/samic2026\/?page_id=27"},"modified":"2026-05-05T15:34:34","modified_gmt":"2026-05-05T18:34:34","slug":"comites","status":"publish","type":"page","link":"https:\/\/congresos.unlp.edu.ar\/samic2026\/comites\/","title":{"rendered":"Comit\u00e9s"},"content":{"rendered":"<hr \/>\n<h2><span style=\"color: #000000\"><strong>COMIT\u00c9 ORGANIZADOR<\/strong><\/span><\/h2>\n<p><span style=\"color: #000000\"><strong>Presidente<\/strong>: Alberto Caneiro (Y-TEC)<\/span><\/p>\n<p><span style=\"color: #000000\"><strong>Vice-presidente<\/strong>: M. Antonieta Daza Millone (INIFTA-CONICET-UNLP)<\/span><\/p>\n<p><span style=\"color: #000000\"><strong>Tesorera<\/strong>: Doris Grumelli (INIFTA-CONICET-UNLP)<\/span><\/p>\n<p><span style=\"color: #000000\">Victoria Caneva (INIFTA-CONICET-UNLP)<\/span><\/p>\n<p><span style=\"color: #000000\">Gabriel Lavorato (INIFTA-CONICET-UNLP)<\/span><\/p>\n<p><span style=\"color: #000000\">M. Alejandra Floridia Addato (Y-TEC)<\/span><\/p>\n<p><span style=\"color: #000000\">Angelica Escobar (Y-TEC)<\/span><\/p>\n<p><span style=\"color: #000000\">Carolina Vericat (INIFTA-CONICET-UNLP)<\/span><\/p>\n<p><span style=\"color: #000000\">Eduardo Prieto (INIFTA-CONICET-UNLP)<\/span><\/p>\n<p><span style=\"color: #000000\">Mariano Fonticelli (INIFTA-CONICET-UNLP)<\/span><\/p>\n<p><span style=\"color: #000000\">Ignacio Jausoro (Y-TEC)<\/span><\/p>\n<p><span style=\"color: #000000\">Federico Medina (Y-TEC)<\/span><\/p>\n<p><span style=\"color: #000000\">Anah\u00ed Azpeitia (INIFTA-CONICET-UNLP)<\/span><\/p>\n<p><span style=\"color: #000000\"><strong>Dise\u00f1o y p\u00e1gina web:<\/strong><\/span><\/p>\n<p><span style=\"color: #000000\">M. Antonieta Daza Millone<\/span><\/p>\n<p><span style=\"color: #000000\">Gabriel Lavorato<\/span><\/p>\n<p><span style=\"color: #000000\">M. Alejandra Floridia Addato<\/span><\/p>\n<p><span style=\"color: #000000\">Portal de congresos UNLP<\/span><\/p>\n<hr \/>\n<h2><span style=\"color: #000000\"><strong>COMIT\u00c9 CIENT\u00cdFICO<\/strong><\/span><\/h2>\n<ul>\n<li><span style=\"color: #000000\">Patricia Bozzano, CNEA, Inst. S\u00e1bato (UNSAM-CNEA), Buenos Aires<\/span><\/li>\n<li><span style=\"color: #000000\">Francisco Capani, CONICET Inv. Principal, Universidad Abierta Interamericana, CABA<\/span><\/li>\n<li><span style=\"color: #000000\">Fernando Stefani, CONICET Inv. Principal, Fac. de Cs. Exactas y Naturales, UBA, CIBION-CONICET, CABA<\/span><\/li>\n<li><span style=\"color: #000000\">L\u00eda Pietrasanta, CONICET Inv. Independiente, UBA, CONICET, IFIBA, CABA<\/span><\/li>\n<li><span style=\"color: #000000\">Catalina von Bilderling, CONICET. Inv. Adjunto, UNDAV, Buenos Aires<\/span><\/li>\n<li><span style=\"color: #000000\">Alfredo Tolley, CONICET Inv. Independiente, Gerencia de F\u00edsica CAB-CNEA, Bariloche<\/span><\/li>\n<li><span style=\"color: #000000\">M. Susana Alvarez, CONICET Inv. Principal, INQUINOA-UNT-CONICET, Tucum\u00e1n<\/span><\/li>\n<li><span style=\"color: #000000\">Ana Lucia De Paul, CONICET Inv. Independiente, INICSA-CONICET-UNC, C\u00f3rdoba<\/span><\/li>\n<li><span style=\"color: #000000\">Claudia Nome, IPAVE-CIAP-INTA, C\u00f3rdoba<\/span><\/li>\n<li><span style=\"color: #000000\">Nadia Filippis, Instituto de Medicina y Ciencias Forenses (IMCiF) del Poder Judicial del Chaco, Resistencia<\/span><\/li>\n<li><span style=\"color: #000000\">Virginia Albarrac\u00edn, CONICET Inv. Independiente, CIME, CONICET, Tucum\u00e1n<\/span><\/li>\n<li><span style=\"color: #000000\">Sebasti\u00e1n Collins, CONICET Inv. Independiente, UNL, Santa F\u00e9<\/span><\/li>\n<li><span style=\"color: #000000\">Marcelo Esquivel, CONICET Inv. Independiente, CAB-CNEA, Bariloche<\/span><\/li>\n<li><span style=\"color: #000000\">Patricia Schilardi, CONICET Inv. Principal, INIFTA, UNLP, La Plata<\/span><\/li>\n<li><span style=\"color: #000000\">Eugenia Zelaya, CONICET Inv. Independiente, CAB-CNEA, Bariloche<\/span><\/li>\n<li><span style=\"color: #000000\">Rodolfo Pregliasco, CONICET Inv. Principal, CAB-CNEA, Bariloche<\/span><\/li>\n<li><span style=\"color: #000000\">Alejandro Orlowski, CONICET Inv. Adjunto, Centro de Investigaciones Cardiovasculares &#8220;Dr. Cingolani,\u201d La Plata<\/span><\/li>\n<li><span style=\"color: #000000\">Alfredo Cesar C\u00e1ceres, CONICET Inv. Superior, INIMEC-CONICET, C\u00f3rdoba<\/span><\/li>\n<li><span style=\"color: #000000\">Gast\u00f3n Corthey, CONICET, Inv. Adjunto, UNSAM, Buenos Aires<\/span><\/li>\n<li><span style=\"color: #000000\">Mario Passeggi, CONICET Inv. Principal, IFIS-Litoral, Santa F\u00e9<\/span><\/li>\n<li><span style=\"color: #000000\">Laura Ruth Delgui, CONICET Inv. Independiente, IHEM, Mendoza<\/span><\/li>\n<li><span style=\"color: #000000\">Gustavo Castellano, CONICET Inv. Principal, LAMARX, CONICET, C\u00f3rdoba<\/span><\/li>\n<li><span style=\"color: #000000\">Roxana Coppola, INTI Miguelete, Buenos Aires<\/span><\/li>\n<li><span style=\"color: #000000\">M\u00f3nica Tirado, CONICET Inv. Independiente, INFINOA-UNT, Tucum\u00e1n<\/span><\/li>\n<li><span style=\"color: #000000\">Lisandro Falomir, CONICET Inv. Adjunto, INIBIOLP, La Plata<\/span><\/li>\n<li><span style=\"color: #000000\">Lisandro Otero, CONICET Inv. Independiente, INBIAS, R\u00edo Cuarto<\/span><\/li>\n<li><span style=\"color: #000000\">Martina \u00c1valos, CONICET Inv. Independiente, IFIR, Rosario<\/span><\/li>\n<li><span style=\"color: #000000\">Fernando Prado, CONICET Inv. Independiente, UNS, Bah\u00eda Blanca<\/span><\/li>\n<\/ul>\n<p>&nbsp;<\/p>\n","protected":false},"excerpt":{"rendered":"<p>COMIT\u00c9 ORGANIZADOR Presidente: Alberto Caneiro (Y-TEC) Vice-presidente: M. Antonieta Daza Millone (INIFTA-CONICET-UNLP) Tesorera: Doris Grumelli (INIFTA-CONICET-UNLP) Victoria Caneva (INIFTA-CONICET-UNLP) Gabriel Lavorato (INIFTA-CONICET-UNLP) M. Alejandra Floridia Addato (Y-TEC) Angelica Escobar (Y-TEC) Carolina Vericat (INIFTA-CONICET-UNLP) Eduardo Prieto (INIFTA-CONICET-UNLP) Mariano Fonticelli (INIFTA-CONICET-UNLP) Ignacio Jausoro (Y-TEC) Federico Medina (Y-TEC) Anah\u00ed Azpeitia (INIFTA-CONICET-UNLP) Dise\u00f1o y p\u00e1gina web: M. Antonieta Daza [&hellip;]<\/p>\n","protected":false},"author":2,"featured_media":0,"parent":0,"menu_order":0,"comment_status":"closed","ping_status":"closed","template":"","meta":{"advgb_blocks_editor_width":"","advgb_blocks_columns_visual_guide":"","footnotes":""},"class_list":["post-27","page","type-page","status-publish","hentry","post"],"aioseo_notices":[],"coauthors":[],"author_meta":{"author_link":"https:\/\/congresos.unlp.edu.ar\/samic2026\/author\/congresos\/","display_name":"congresos"},"relative_dates":{"created":"Posted 4 a\u00f1os ago","modified":"Updated 2 semanas ago"},"absolute_dates":{"created":"Posted on 22 diciembre, 2021","modified":"Updated on 5 mayo, 2026"},"absolute_dates_time":{"created":"Posted on 22 diciembre, 2021 5:08 pm","modified":"Updated on 5 mayo, 2026 3:34 pm"},"featured_img_caption":"","featured_img":false,"series_order":"","_links":{"self":[{"href":"https:\/\/congresos.unlp.edu.ar\/samic2026\/wp-json\/wp\/v2\/pages\/27","targetHints":{"allow":["GET"]}}],"collection":[{"href":"https:\/\/congresos.unlp.edu.ar\/samic2026\/wp-json\/wp\/v2\/pages"}],"about":[{"href":"https:\/\/congresos.unlp.edu.ar\/samic2026\/wp-json\/wp\/v2\/types\/page"}],"author":[{"embeddable":true,"href":"https:\/\/congresos.unlp.edu.ar\/samic2026\/wp-json\/wp\/v2\/users\/2"}],"replies":[{"embeddable":true,"href":"https:\/\/congresos.unlp.edu.ar\/samic2026\/wp-json\/wp\/v2\/comments?post=27"}],"version-history":[{"count":0,"href":"https:\/\/congresos.unlp.edu.ar\/samic2026\/wp-json\/wp\/v2\/pages\/27\/revisions"}],"wp:attachment":[{"href":"https:\/\/congresos.unlp.edu.ar\/samic2026\/wp-json\/wp\/v2\/media?parent=27"}],"curies":[{"name":"wp","href":"https:\/\/api.w.org\/{rel}","templated":true}]}}