{"id":25,"date":"2021-12-22T17:08:11","date_gmt":"2021-12-22T20:08:11","guid":{"rendered":"https:\/\/congresos.unlp.edu.ar\/samic2026\/?page_id=25"},"modified":"2026-01-29T09:55:14","modified_gmt":"2026-01-29T12:55:14","slug":"samic","status":"publish","type":"page","link":"https:\/\/congresos.unlp.edu.ar\/samic2026\/samic\/","title":{"rendered":"SAMIC"},"content":{"rendered":"<p>&nbsp;<\/p>\n<p>El Congreso Argentino de Microscop\u00eda es el evento m\u00e1s importante en Argentina dedicado a la microscop\u00eda, sirviendo como un punto de encuentro crucial para investigadores, acad\u00e9micos y profesionales de diversas disciplinas. La Asociaci\u00f3n Argentina de Microscop\u00eda (SAMIC), una organizaci\u00f3n sin fines de lucro fundada en 1995, ha organizado este congreso de forma peri\u00f3dica desde 2009, consolidando su papel como promotora de la colaboraci\u00f3n, el intercambio de conocimientos y la discusi\u00f3n sobre las \u00faltimas tecnolog\u00edas y el estado del arte en microscop\u00eda a nivel nacional e internacional.<\/p>\n<p>La SAMIC forma parte de la CIASEM (Comit\u00e9 Interamericano de Sociedades de Microscop\u00eda Electr\u00f3nica), que a su vez forma parte de la IFSEM (International Federation of Societies for Microscopies).<\/p>\n<p>A lo largo de sus ediciones, SAMIC ha recorrido diversas ciudades del pa\u00eds:<\/p>\n<ul>\n<li>El 1\u00ba Congreso Argentino de Microscop\u00eda se realiz\u00f3 en Rosario en 2009, en conjunto con el 10\u00ba Congreso Interamericano de Microscop\u00eda Electr\u00f3nica (CIASEM).<\/li>\n<li>El 2\u00ba Congreso tuvo lugar en el Centro At\u00f3mico Constituyentes, Buenos Aires, en 2012.<\/li>\n<li>La Universidad del Aconcagua, en Mendoza, fue sede del 3\u00ba Congreso en 2014.<\/li>\n<li>El Instituto Balseiro, en Bariloche, alberg\u00f3 el 4\u00ba Congreso en 2016.<\/li>\n<li>El 5\u00ba Congreso fue organizado por investigadores de la Universidad Nacional de C\u00f3rdoba en La Falda en 2016.<\/li>\n<li>El 6\u00ba Congreso se realiz\u00f3 nuevamente en Buenos Aires, en conjunto con la CIASEM, realizado en 2019.<\/li>\n<li>El 7\u00ba Congreso, en 2022, fue organizado por la Universidad Nacional de La Plata y se llev\u00f3 a cabo de forma virtual debido a la pandemia.<\/li>\n<li>El 8\u00ba Congreso Argentino de Microscop\u00eda (SAMIC 2024) tuvo lugar en Taf\u00ed Viejo, Tucum\u00e1n, organizado por la Universidad Nacional de Tucum\u00e1n en 2024.<\/li>\n<\/ul>\n<p>La novena edici\u00f3n, SAMIC 2026, se celebrar\u00e1 en Berisso\/La Plata del 14 al 16 de octubre de 2026.<\/p>\n<p>&nbsp;<\/p>\n<p><strong>REPRESENTANTES<\/strong><\/p>\n<p><strong>Presidente<\/strong>: Francisco Capani<\/p>\n<p><strong>Vice-Presidente Cs. de la Vida<\/strong>: Cristina Maldonado<\/p>\n<p><strong>Vice-Presidente Cs. de Materiales<\/strong>: Patricia B. Bozzano<\/p>\n<p><strong>Secretario<\/strong>: Miguel Ipohorski<\/p>\n<p><strong>Prosecretaria<\/strong>: Martina Cecilia \u00c1valos<\/p>\n<p><strong>Tesorero interino<\/strong>: Gonzalo M. Zbihlei<\/p>\n<p><strong>Vocales Titulares<\/strong>: Juan Pablo Luaces- Marcos I. Oliva-Cristina R. Salgado Laurenti-Mar\u00eda Julia Ya\u00f1ez<\/p>\n<p><strong>Vocales Suplentes<\/strong>: Mar\u00eda In\u00e9s Luppo &#8211; Mar\u00eda Elena Vela<\/p>\n<p><strong>Comisi\u00f3n Revisora de cuentas (Titulares)<\/strong>: Ram\u00f3n A. Castillo Guerra-Eduardo Favret<\/p>\n<p><strong>Comisi\u00f3n Revisora de cuentas (Suplentes): <\/strong>Julia V. Sabio y Garc\u00eda-Fabi\u00e1n G. Tric\u00e1rico<\/p>\n","protected":false},"excerpt":{"rendered":"<p>&nbsp; El Congreso Argentino de Microscop\u00eda es el evento m\u00e1s importante en Argentina dedicado a la microscop\u00eda, sirviendo como un punto de encuentro crucial para investigadores, acad\u00e9micos y profesionales de diversas disciplinas. La Asociaci\u00f3n Argentina de Microscop\u00eda (SAMIC), una organizaci\u00f3n sin fines de lucro fundada en 1995, ha organizado este congreso de forma peri\u00f3dica desde [&hellip;]<\/p>\n","protected":false},"author":2,"featured_media":0,"parent":0,"menu_order":0,"comment_status":"closed","ping_status":"closed","template":"","meta":{"advgb_blocks_editor_width":"","advgb_blocks_columns_visual_guide":"","footnotes":""},"class_list":["post-25","page","type-page","status-publish","hentry","post"],"aioseo_notices":[],"coauthors":[],"author_meta":{"author_link":"https:\/\/congresos.unlp.edu.ar\/samic2026\/author\/congresos\/","display_name":"congresos"},"relative_dates":{"created":"Posted 4 a\u00f1os ago","modified":"Updated 3 meses ago"},"absolute_dates":{"created":"Posted on 22 diciembre, 2021","modified":"Updated on 29 enero, 2026"},"absolute_dates_time":{"created":"Posted on 22 diciembre, 2021 5:08 pm","modified":"Updated on 29 enero, 2026 9:55 am"},"featured_img_caption":"","featured_img":false,"series_order":"","_links":{"self":[{"href":"https:\/\/congresos.unlp.edu.ar\/samic2026\/wp-json\/wp\/v2\/pages\/25","targetHints":{"allow":["GET"]}}],"collection":[{"href":"https:\/\/congresos.unlp.edu.ar\/samic2026\/wp-json\/wp\/v2\/pages"}],"about":[{"href":"https:\/\/congresos.unlp.edu.ar\/samic2026\/wp-json\/wp\/v2\/types\/page"}],"author":[{"embeddable":true,"href":"https:\/\/congresos.unlp.edu.ar\/samic2026\/wp-json\/wp\/v2\/users\/2"}],"replies":[{"embeddable":true,"href":"https:\/\/congresos.unlp.edu.ar\/samic2026\/wp-json\/wp\/v2\/comments?post=25"}],"version-history":[{"count":0,"href":"https:\/\/congresos.unlp.edu.ar\/samic2026\/wp-json\/wp\/v2\/pages\/25\/revisions"}],"wp:attachment":[{"href":"https:\/\/congresos.unlp.edu.ar\/samic2026\/wp-json\/wp\/v2\/media?parent=25"}],"curies":[{"name":"wp","href":"https:\/\/api.w.org\/{rel}","templated":true}]}}