{"id":48,"date":"2021-12-22T17:12:34","date_gmt":"2021-12-22T20:12:34","guid":{"rendered":"https:\/\/congresos.unlp.edu.ar\/samic2022\/?page_id=48"},"modified":"2022-02-22T18:31:33","modified_gmt":"2022-02-22T21:31:33","slug":"inscripcion-becas","status":"publish","type":"page","link":"https:\/\/congresos.unlp.edu.ar\/samic2022\/inscripcion-becas\/","title":{"rendered":"Inscripci\u00f3n BECAS"},"content":{"rendered":"<p>Para los estudiantes que deseen aplicar a la beca de inscripci\u00f3n, completar el siguiente formulario:<\/p>\n<p><a href=\"https:\/\/forms.gle\/uBEcAPzt8Z9J8JgR9\">formulario BECAS<\/a><\/p>\n<p>Para completar el mismo deber\u00e1 contar con:<\/p>\n<p>-Certificado de alumno regular (grado) o constancia de inscripci\u00f3n al doctorado (posgrado) (en pdf)<\/p>\n<p>-Resumen (pdf, m\u00e1ximo un trabajo por solicitud)<\/p>\n<p>-Imagen para concurso (opcional)<\/p>\n","protected":false},"excerpt":{"rendered":"<p>Para los estudiantes que deseen aplicar a la beca de inscripci\u00f3n, completar el siguiente formulario: formulario BECAS Para completar el mismo deber\u00e1 contar con: -Certificado de alumno regular (grado) o constancia de inscripci\u00f3n al doctorado (posgrado) (en pdf) -Resumen (pdf, m\u00e1ximo un trabajo por solicitud) -Imagen para concurso (opcional)<\/p>\n","protected":false},"author":2,"featured_media":0,"parent":0,"menu_order":0,"comment_status":"closed","ping_status":"closed","template":"","meta":{"advgb_blocks_editor_width":"","advgb_blocks_columns_visual_guide":"","footnotes":""},"class_list":["post-48","page","type-page","status-publish","hentry","post"],"aioseo_notices":[],"coauthors":[],"author_meta":{"author_link":"https:\/\/congresos.unlp.edu.ar\/samic2022\/author\/congresos\/","display_name":"congresos"},"relative_dates":{"created":"Posted 4 a\u00f1os ago","modified":"Updated 4 a\u00f1os ago"},"absolute_dates":{"created":"Posted on 22 diciembre, 2021","modified":"Updated on 22 febrero, 2022"},"absolute_dates_time":{"created":"Posted on 22 diciembre, 2021 5:12 pm","modified":"Updated on 22 febrero, 2022 6:31 pm"},"featured_img_caption":"","featured_img":false,"series_order":"","_links":{"self":[{"href":"https:\/\/congresos.unlp.edu.ar\/samic2022\/wp-json\/wp\/v2\/pages\/48","targetHints":{"allow":["GET"]}}],"collection":[{"href":"https:\/\/congresos.unlp.edu.ar\/samic2022\/wp-json\/wp\/v2\/pages"}],"about":[{"href":"https:\/\/congresos.unlp.edu.ar\/samic2022\/wp-json\/wp\/v2\/types\/page"}],"author":[{"embeddable":true,"href":"https:\/\/congresos.unlp.edu.ar\/samic2022\/wp-json\/wp\/v2\/users\/2"}],"replies":[{"embeddable":true,"href":"https:\/\/congresos.unlp.edu.ar\/samic2022\/wp-json\/wp\/v2\/comments?post=48"}],"version-history":[{"count":0,"href":"https:\/\/congresos.unlp.edu.ar\/samic2022\/wp-json\/wp\/v2\/pages\/48\/revisions"}],"wp:attachment":[{"href":"https:\/\/congresos.unlp.edu.ar\/samic2022\/wp-json\/wp\/v2\/media?parent=48"}],"curies":[{"name":"wp","href":"https:\/\/api.w.org\/{rel}","templated":true}]}}