{"id":45,"date":"2021-12-22T17:12:22","date_gmt":"2021-12-22T20:12:22","guid":{"rendered":"https:\/\/congresos.unlp.edu.ar\/samic2022\/?page_id=45"},"modified":"2022-02-22T18:24:02","modified_gmt":"2022-02-22T21:24:02","slug":"inscripcion-general","status":"publish","type":"page","link":"https:\/\/congresos.unlp.edu.ar\/samic2022\/inscripcion-general\/","title":{"rendered":"Inscripci\u00f3n GENERAL"},"content":{"rendered":"<p>Para la inscripci\u00f3n general complete el siguiente formulario:<\/p>\n<p><a href=\"https:\/\/forms.gle\/AKUgK9YP4k9rbPzj9\">inscripci\u00f3n general<\/a><\/p>\n<p>Deber\u00e1 cargar los siguientes archivos:<\/p>\n<p>-Comprobante de inscripci\u00f3n (pdf)<\/p>\n<p>-Resumen (pdf, m\u00e1ximo 2 resumenes por inscripci\u00f3n)<\/p>\n<p>-Imagen para concurso (opcional, m\u00e1ximo una imagen jpg, png, tiff, etc. 10 MB)<\/p>\n<p>En caso de los estudiantes que apliquen a beca, realizar la inscripci\u00f3n mediante el formulario BECAS.<\/p>\n<p>&nbsp;<\/p>\n","protected":false},"excerpt":{"rendered":"<p>Para la inscripci\u00f3n general complete el siguiente formulario: inscripci\u00f3n general Deber\u00e1 cargar los siguientes archivos: -Comprobante de inscripci\u00f3n (pdf) -Resumen (pdf, m\u00e1ximo 2 resumenes por inscripci\u00f3n) -Imagen para concurso (opcional, m\u00e1ximo una imagen jpg, png, tiff, etc. 10 MB) En caso de los estudiantes que apliquen a beca, realizar la inscripci\u00f3n mediante el formulario BECAS. [&hellip;]<\/p>\n","protected":false},"author":2,"featured_media":0,"parent":0,"menu_order":0,"comment_status":"closed","ping_status":"closed","template":"","meta":{"advgb_blocks_editor_width":"","advgb_blocks_columns_visual_guide":"","footnotes":""},"class_list":["post-45","page","type-page","status-publish","hentry","post"],"aioseo_notices":[],"coauthors":[],"author_meta":{"author_link":"https:\/\/congresos.unlp.edu.ar\/samic2022\/author\/congresos\/","display_name":"congresos"},"relative_dates":{"created":"Posted 4 a\u00f1os ago","modified":"Updated 4 a\u00f1os ago"},"absolute_dates":{"created":"Posted on 22 diciembre, 2021","modified":"Updated on 22 febrero, 2022"},"absolute_dates_time":{"created":"Posted on 22 diciembre, 2021 5:12 pm","modified":"Updated on 22 febrero, 2022 6:24 pm"},"featured_img_caption":"","featured_img":false,"series_order":"","_links":{"self":[{"href":"https:\/\/congresos.unlp.edu.ar\/samic2022\/wp-json\/wp\/v2\/pages\/45","targetHints":{"allow":["GET"]}}],"collection":[{"href":"https:\/\/congresos.unlp.edu.ar\/samic2022\/wp-json\/wp\/v2\/pages"}],"about":[{"href":"https:\/\/congresos.unlp.edu.ar\/samic2022\/wp-json\/wp\/v2\/types\/page"}],"author":[{"embeddable":true,"href":"https:\/\/congresos.unlp.edu.ar\/samic2022\/wp-json\/wp\/v2\/users\/2"}],"replies":[{"embeddable":true,"href":"https:\/\/congresos.unlp.edu.ar\/samic2022\/wp-json\/wp\/v2\/comments?post=45"}],"version-history":[{"count":0,"href":"https:\/\/congresos.unlp.edu.ar\/samic2022\/wp-json\/wp\/v2\/pages\/45\/revisions"}],"wp:attachment":[{"href":"https:\/\/congresos.unlp.edu.ar\/samic2022\/wp-json\/wp\/v2\/media?parent=45"}],"curies":[{"name":"wp","href":"https:\/\/api.w.org\/{rel}","templated":true}]}}