{"id":445,"date":"2022-05-31T15:18:14","date_gmt":"2022-05-31T18:18:14","guid":{"rendered":"https:\/\/congresos.unlp.edu.ar\/samic2022\/?page_id=445"},"modified":"2022-05-31T15:18:14","modified_gmt":"2022-05-31T18:18:14","slug":"microscopia-de-fuerzas-atomicas-afm-principios-basicos-y-analisis-de-imagenes","status":"publish","type":"page","link":"https:\/\/congresos.unlp.edu.ar\/samic2022\/microscopia-de-fuerzas-atomicas-afm-principios-basicos-y-analisis-de-imagenes\/","title":{"rendered":"Microscop\u00eda de fuerzas at\u00f3micas (AFM): principios b\u00e1sicos y an\u00e1lisis de im\u00e1genes"},"content":{"rendered":"<p>Martes 07\/6 14-18hs<\/p>\n<p>Dr. Eduardo Prieto (INIFTA-CONICET-UNLP) y Dra. M. Antonieta Daza Millone (INIFTA-CONICET-UNLP)<\/p>\n<p>Fundamentos de la microscopia de fuerzas at\u00f3micas (AFM). Modos de operaci\u00f3n y aplicaciones. An\u00e1lisis de im\u00e1genes y curvas de fuerzas mediante software.<\/p>\n<p>&nbsp;<\/p>\n<p>&nbsp;<\/p>\n<p>&nbsp;<\/p>\n","protected":false},"excerpt":{"rendered":"<p>Martes 07\/6 14-18hs Dr. Eduardo Prieto (INIFTA-CONICET-UNLP) y Dra. M. Antonieta Daza Millone (INIFTA-CONICET-UNLP) Fundamentos de la microscopia de fuerzas at\u00f3micas (AFM). Modos de operaci\u00f3n y aplicaciones. An\u00e1lisis de im\u00e1genes y curvas de fuerzas mediante software. &nbsp; &nbsp; &nbsp;<\/p>\n","protected":false},"author":125,"featured_media":0,"parent":0,"menu_order":0,"comment_status":"closed","ping_status":"closed","template":"","meta":{"advgb_blocks_editor_width":"","advgb_blocks_columns_visual_guide":"","footnotes":""},"class_list":["post-445","page","type-page","status-publish","hentry","post"],"aioseo_notices":[],"coauthors":[],"author_meta":{"author_link":"https:\/\/congresos.unlp.edu.ar\/samic2022\/author\/dazamillone\/","display_name":"dazamillone"},"relative_dates":{"created":"Posted 4 a\u00f1os ago","modified":"Updated 4 a\u00f1os ago"},"absolute_dates":{"created":"Posted on 31 mayo, 2022","modified":"Updated on 31 mayo, 2022"},"absolute_dates_time":{"created":"Posted on 31 mayo, 2022 3:18 pm","modified":"Updated on 31 mayo, 2022 3:18 pm"},"featured_img_caption":"","featured_img":false,"series_order":"","_links":{"self":[{"href":"https:\/\/congresos.unlp.edu.ar\/samic2022\/wp-json\/wp\/v2\/pages\/445","targetHints":{"allow":["GET"]}}],"collection":[{"href":"https:\/\/congresos.unlp.edu.ar\/samic2022\/wp-json\/wp\/v2\/pages"}],"about":[{"href":"https:\/\/congresos.unlp.edu.ar\/samic2022\/wp-json\/wp\/v2\/types\/page"}],"author":[{"embeddable":true,"href":"https:\/\/congresos.unlp.edu.ar\/samic2022\/wp-json\/wp\/v2\/users\/125"}],"replies":[{"embeddable":true,"href":"https:\/\/congresos.unlp.edu.ar\/samic2022\/wp-json\/wp\/v2\/comments?post=445"}],"version-history":[{"count":0,"href":"https:\/\/congresos.unlp.edu.ar\/samic2022\/wp-json\/wp\/v2\/pages\/445\/revisions"}],"wp:attachment":[{"href":"https:\/\/congresos.unlp.edu.ar\/samic2022\/wp-json\/wp\/v2\/media?parent=445"}],"curies":[{"name":"wp","href":"https:\/\/api.w.org\/{rel}","templated":true}]}}