{"id":35,"date":"2021-12-22T17:12:01","date_gmt":"2021-12-22T20:12:01","guid":{"rendered":"https:\/\/congresos.unlp.edu.ar\/samic2022\/?page_id=35"},"modified":"2022-04-12T13:29:31","modified_gmt":"2022-04-12T16:29:31","slug":"costos-de-inscripcion","status":"publish","type":"page","link":"https:\/\/congresos.unlp.edu.ar\/samic2022\/costos-de-inscripcion\/","title":{"rendered":"Precios de Inscripci\u00f3n"},"content":{"rendered":"<p>El pago de inscripci\u00f3n se realizar\u00e1 por transferencia a la siguiente cuenta:<\/p>\n<p>Banco SANTANDER RIO<br \/>\nTitular:\u00a0<span class=\"il\">Fundaci\u00f3n<\/span>\u00a0Jos\u00e9 A.\u00a0<span class=\"il\">Balseiro<\/span><br \/>\nCuenta Corriente en pesos: 5697\/3 Sucursal Villa Devoto (032)<br \/>\nCBU: 0720032820000000569736<br \/>\nCUIT: 30-62600060-2<\/p>\n<p>Se deber\u00e1 adjuntar el comprobante de transferencia (en formato pdf) en el formulario de inscripci\u00f3n general.<\/p>\n<p>Las inscripciones <strong>hasta el 18\/4<\/strong> tendr\u00e1n un valor de :<\/p>\n<ul>\n<li>Estudiantes y t\u00e9cnicos\u00a0 \u00a0 \u00a0 \u00a0 \u00a0 \u00a0 \u00a0 \u00a0 \u00a0 \u00a0 \u00a0 \u00a0 \u00a0 \u00a0$3000<\/li>\n<li>Investigadores y profesionales\u00a0 \u00a0 \u00a0 \u00a0 \u00a0 \u00a0 \u00a0 $5000<\/li>\n<\/ul>\n<p>Los estudiantes que deseen solicitar beca para participar, deber\u00e1n inscribirse mediante el formulario BECAS. De no resultar seleccionados, se solicitar\u00e1 la inscripci\u00f3n ($3000) para la participaci\u00f3n.<\/p>\n<p><strong>A partir del 19\/4<\/strong>, las inscripciones tendr\u00e1n un valor de:<\/p>\n<ul>\n<li>Estudiantes y t\u00e9cnicos\u00a0 \u00a0 \u00a0 \u00a0 \u00a0 \u00a0 \u00a0 \u00a0 \u00a0 \u00a0 \u00a0 \u00a0 \u00a0 \u00a0$4000<\/li>\n<li>Investigadores y profesionales\u00a0 \u00a0 \u00a0 \u00a0 \u00a0 \u00a0 \u00a0 $7000<\/li>\n<\/ul>\n","protected":false},"excerpt":{"rendered":"<p>El pago de inscripci\u00f3n se realizar\u00e1 por transferencia a la siguiente cuenta: Banco SANTANDER RIO Titular:\u00a0Fundaci\u00f3n\u00a0Jos\u00e9 A.\u00a0Balseiro Cuenta Corriente en pesos: 5697\/3 Sucursal Villa Devoto (032) CBU: 0720032820000000569736 CUIT: 30-62600060-2 Se deber\u00e1 adjuntar el comprobante de transferencia (en formato pdf) en el formulario de inscripci\u00f3n general. Las inscripciones hasta el 18\/4 tendr\u00e1n un valor de [&hellip;]<\/p>\n","protected":false},"author":2,"featured_media":0,"parent":0,"menu_order":0,"comment_status":"closed","ping_status":"closed","template":"","meta":{"advgb_blocks_editor_width":"","advgb_blocks_columns_visual_guide":"","footnotes":""},"class_list":["post-35","page","type-page","status-publish","hentry","post"],"aioseo_notices":[],"coauthors":[],"author_meta":{"author_link":"https:\/\/congresos.unlp.edu.ar\/samic2022\/author\/congresos\/","display_name":"congresos"},"relative_dates":{"created":"Posted 4 a\u00f1os ago","modified":"Updated 4 a\u00f1os ago"},"absolute_dates":{"created":"Posted on 22 diciembre, 2021","modified":"Updated on 12 abril, 2022"},"absolute_dates_time":{"created":"Posted on 22 diciembre, 2021 5:12 pm","modified":"Updated on 12 abril, 2022 1:29 pm"},"featured_img_caption":"","featured_img":false,"series_order":"","_links":{"self":[{"href":"https:\/\/congresos.unlp.edu.ar\/samic2022\/wp-json\/wp\/v2\/pages\/35","targetHints":{"allow":["GET"]}}],"collection":[{"href":"https:\/\/congresos.unlp.edu.ar\/samic2022\/wp-json\/wp\/v2\/pages"}],"about":[{"href":"https:\/\/congresos.unlp.edu.ar\/samic2022\/wp-json\/wp\/v2\/types\/page"}],"author":[{"embeddable":true,"href":"https:\/\/congresos.unlp.edu.ar\/samic2022\/wp-json\/wp\/v2\/users\/2"}],"replies":[{"embeddable":true,"href":"https:\/\/congresos.unlp.edu.ar\/samic2022\/wp-json\/wp\/v2\/comments?post=35"}],"version-history":[{"count":0,"href":"https:\/\/congresos.unlp.edu.ar\/samic2022\/wp-json\/wp\/v2\/pages\/35\/revisions"}],"wp:attachment":[{"href":"https:\/\/congresos.unlp.edu.ar\/samic2022\/wp-json\/wp\/v2\/media?parent=35"}],"curies":[{"name":"wp","href":"https:\/\/api.w.org\/{rel}","templated":true}]}}