{"id":29,"date":"2021-12-22T17:08:45","date_gmt":"2021-12-22T20:08:45","guid":{"rendered":"https:\/\/congresos.unlp.edu.ar\/samic2022\/?page_id=29"},"modified":"2022-02-15T19:47:27","modified_gmt":"2022-02-15T22:47:27","slug":"topicos","status":"publish","type":"page","link":"https:\/\/congresos.unlp.edu.ar\/samic2022\/topicos\/","title":{"rendered":"T\u00f3picos"},"content":{"rendered":"<p><strong>T\u00e9cnicas<\/strong><\/p>\n<ul>\n<li>Microscop\u00eda Electr\u00f3nica de Barrido<\/li>\n<li>Microscop\u00eda Electr\u00f3nica de Trasmisi\u00f3n<\/li>\n<li>Microscop\u00eda de Fuerza At\u00f3mica<\/li>\n<li>Microscop\u00eda de Efecto T\u00fanel<\/li>\n<li>Microscop\u00eda \u00d3ptica<\/li>\n<li>Microscop\u00eda de Fluorescencia<\/li>\n<li>Microscop\u00eda Confocal<\/li>\n<\/ul>\n<p><strong>Temas<\/strong><\/p>\n<ul>\n<li>Ciencias Biol\u00f3gicas<\/li>\n<li>Ciencias de Materiales<\/li>\n<li>Ciencias Forenses<\/li>\n<li>Desarrollo Instrumental y de T\u00e9cnicas de An\u00e1lisis<\/li>\n<li>Educaci\u00f3n<\/li>\n<\/ul>\n","protected":false},"excerpt":{"rendered":"<p>T\u00e9cnicas Microscop\u00eda Electr\u00f3nica de Barrido Microscop\u00eda Electr\u00f3nica de Trasmisi\u00f3n Microscop\u00eda de Fuerza At\u00f3mica Microscop\u00eda de Efecto T\u00fanel Microscop\u00eda \u00d3ptica Microscop\u00eda de Fluorescencia Microscop\u00eda Confocal Temas Ciencias Biol\u00f3gicas Ciencias de Materiales Ciencias Forenses Desarrollo Instrumental y de T\u00e9cnicas de An\u00e1lisis Educaci\u00f3n<\/p>\n","protected":false},"author":2,"featured_media":0,"parent":0,"menu_order":0,"comment_status":"closed","ping_status":"closed","template":"","meta":{"advgb_blocks_editor_width":"","advgb_blocks_columns_visual_guide":"","footnotes":""},"class_list":["post-29","page","type-page","status-publish","hentry","post"],"aioseo_notices":[],"coauthors":[],"author_meta":{"author_link":"https:\/\/congresos.unlp.edu.ar\/samic2022\/author\/congresos\/","display_name":"congresos"},"relative_dates":{"created":"Posted 4 a\u00f1os ago","modified":"Updated 4 a\u00f1os ago"},"absolute_dates":{"created":"Posted on 22 diciembre, 2021","modified":"Updated on 15 febrero, 2022"},"absolute_dates_time":{"created":"Posted on 22 diciembre, 2021 5:08 pm","modified":"Updated on 15 febrero, 2022 7:47 pm"},"featured_img_caption":"","featured_img":false,"series_order":"","_links":{"self":[{"href":"https:\/\/congresos.unlp.edu.ar\/samic2022\/wp-json\/wp\/v2\/pages\/29","targetHints":{"allow":["GET"]}}],"collection":[{"href":"https:\/\/congresos.unlp.edu.ar\/samic2022\/wp-json\/wp\/v2\/pages"}],"about":[{"href":"https:\/\/congresos.unlp.edu.ar\/samic2022\/wp-json\/wp\/v2\/types\/page"}],"author":[{"embeddable":true,"href":"https:\/\/congresos.unlp.edu.ar\/samic2022\/wp-json\/wp\/v2\/users\/2"}],"replies":[{"embeddable":true,"href":"https:\/\/congresos.unlp.edu.ar\/samic2022\/wp-json\/wp\/v2\/comments?post=29"}],"version-history":[{"count":0,"href":"https:\/\/congresos.unlp.edu.ar\/samic2022\/wp-json\/wp\/v2\/pages\/29\/revisions"}],"wp:attachment":[{"href":"https:\/\/congresos.unlp.edu.ar\/samic2022\/wp-json\/wp\/v2\/media?parent=29"}],"curies":[{"name":"wp","href":"https:\/\/api.w.org\/{rel}","templated":true}]}}