{"id":25,"date":"2021-12-22T17:08:11","date_gmt":"2021-12-22T20:08:11","guid":{"rendered":"https:\/\/congresos.unlp.edu.ar\/samic2022\/?page_id=25"},"modified":"2022-03-30T18:31:17","modified_gmt":"2022-03-30T21:31:17","slug":"samic","status":"publish","type":"page","link":"https:\/\/congresos.unlp.edu.ar\/samic2022\/samic\/","title":{"rendered":"SAMIC"},"content":{"rendered":"<p><strong>ORIGEN<\/strong><\/p>\n<p>El 25 de abril de 2008 se convoc\u00f3 una Asamblea Constitutiva, en el Centro At\u00f3mico Constituyentes de la ciudad de Buenos Aires. A los pocos d\u00edas, se present\u00f3 el Proyecto de Estatuto y el Acta Constitutiva firmada en la Asamblea ante la Inspecci\u00f3n General de Justicia. En febrero 2009 qued\u00f3 en firme la reserva del nombre. El 11 de agosto se recibe en la Sede Central de la Comisi\u00f3n Nacional de Energ\u00eda At\u00f3mica la visita de la Inspecci\u00f3n General de Justicia y el 17 de Septiembre de 2009 se respondi\u00f3 la \u00faltima vista. Finalmente, el 3 de febrero de 2010 la Resoluci\u00f3n 000036\/10 de la Inspecci\u00f3n General de Justicia, autoriza a la SAMIC a funcionar con car\u00e1cter de personer\u00eda jur\u00eddica.<\/p>\n<p>La SAMIC forma parte de la CIASEM (Comit\u00e9 Interamericano de Sociedades de Microscop\u00eda Electr\u00f3nica), que a su vez forma parte de la IFSEM (International Federation of Societies for Microscopies).<\/p>\n<p>Las Reuniones de la SAMIC se realizan peri\u00f3dicamente en sedes rotativas y consisten en ponencias donde se presentan tem\u00e1ticas relacionadas con las diferentes microscop\u00edas en las \u00e1reas de Ciencias de la Vida, Ciencias Forenses y Ciencias de Materiales. Desde el 1\u00b0 Congreso Argentino de Microscop\u00eda organizado en conjunto con el 10\u00ba Congreso de la CIASEM en la ciudad de Rosario en el a\u00f1o 2009, los congresos de SAMIC se \u00a0continuaron realizando con un sentido federal. El 2\u00ba se realiz\u00f3 en la ciudad de Buenos Aires en el a\u00f1o 2012, el 3\u00ba en Mendoza, el 4\u00ba en Bariloche, el 5\u00ba en la ciudad de C\u00f3rdoba y el 6\u00b0 nuevamente en la ciudad de Buenos Aires en conjunto con la CIASEM. En la Asamblea realizada en el 6\u00ba Congreso result\u00f3 elegida La Plata como sede del Congreso 2022. <\/p>\n<p>&nbsp;<\/p>\n<p><strong>REPRESENTANTES<\/strong><\/p>\n<p><strong>Presidente<\/strong>: Francisco Capani<br \/>\n<strong>Vice-Presidente Cs. de la Vida<\/strong>: Cristina Maldonado<br \/>\n<strong>Vice-Presidente Cs. de Materiales<\/strong>: Patricia B. Bozzano<br \/>\n<strong>Secretario<\/strong>: Miguel Ipohorski<br \/>\n<strong>Prosecretaria<\/strong>: Martina Cecilia \u00c1valos<br \/>\n<strong>Tesorera<\/strong>: Silvia A. Dom\u00ednguez<br \/>\n<strong>Protesorero<\/strong>: Gonzalo M. Zbihlei<br \/>\n<strong>Vocales Titulares<\/strong>:<br \/>\nJuan Pablo Luaces<br \/>\nMarcos I. Oliva<br \/>\nCristina R. Salgado Laurenti<br \/>\nMar\u00eda Julia Ya\u00f1ez<br \/>\n<strong>Vocales Suplentes<\/strong>:<br \/>\nMar\u00eda In\u00e9s Luppo<br \/>\nMaria Elena Vela<br \/>\n<strong>Comisi\u00f3n Revisora de cuentas (Titulares)<\/strong>:<br \/>\nRam\u00f3n A. Castillo Guerra<br \/>\nEduardo Favret<br \/>\n<strong>Comisi\u00f3n Revisora de cuentas (Suplentes)<\/strong>:<br \/>\nJulia V. Sabio y Garc\u00eda<br \/>\nFabi\u00e1n G. Tric\u00e1rico<\/p>\n","protected":false},"excerpt":{"rendered":"<p>ORIGEN El 25 de abril de 2008 se convoc\u00f3 una Asamblea Constitutiva, en el Centro At\u00f3mico Constituyentes de la ciudad de Buenos Aires. A los pocos d\u00edas, se present\u00f3 el Proyecto de Estatuto y el Acta Constitutiva firmada en la Asamblea ante la Inspecci\u00f3n General de Justicia. En febrero 2009 qued\u00f3 en firme la reserva [&hellip;]<\/p>\n","protected":false},"author":2,"featured_media":0,"parent":0,"menu_order":0,"comment_status":"closed","ping_status":"closed","template":"","meta":{"advgb_blocks_editor_width":"","advgb_blocks_columns_visual_guide":"","footnotes":""},"class_list":["post-25","page","type-page","status-publish","hentry","post"],"aioseo_notices":[],"coauthors":[],"author_meta":{"author_link":"https:\/\/congresos.unlp.edu.ar\/samic2022\/author\/congresos\/","display_name":"congresos"},"relative_dates":{"created":"Posted 4 a\u00f1os ago","modified":"Updated 4 a\u00f1os ago"},"absolute_dates":{"created":"Posted on 22 diciembre, 2021","modified":"Updated on 30 marzo, 2022"},"absolute_dates_time":{"created":"Posted on 22 diciembre, 2021 5:08 pm","modified":"Updated on 30 marzo, 2022 6:31 pm"},"featured_img_caption":"","featured_img":false,"series_order":"","_links":{"self":[{"href":"https:\/\/congresos.unlp.edu.ar\/samic2022\/wp-json\/wp\/v2\/pages\/25","targetHints":{"allow":["GET"]}}],"collection":[{"href":"https:\/\/congresos.unlp.edu.ar\/samic2022\/wp-json\/wp\/v2\/pages"}],"about":[{"href":"https:\/\/congresos.unlp.edu.ar\/samic2022\/wp-json\/wp\/v2\/types\/page"}],"author":[{"embeddable":true,"href":"https:\/\/congresos.unlp.edu.ar\/samic2022\/wp-json\/wp\/v2\/users\/2"}],"replies":[{"embeddable":true,"href":"https:\/\/congresos.unlp.edu.ar\/samic2022\/wp-json\/wp\/v2\/comments?post=25"}],"version-history":[{"count":0,"href":"https:\/\/congresos.unlp.edu.ar\/samic2022\/wp-json\/wp\/v2\/pages\/25\/revisions"}],"wp:attachment":[{"href":"https:\/\/congresos.unlp.edu.ar\/samic2022\/wp-json\/wp\/v2\/media?parent=25"}],"curies":[{"name":"wp","href":"https:\/\/api.w.org\/{rel}","templated":true}]}}