{"id":221,"date":"2022-03-29T10:30:14","date_gmt":"2022-03-29T13:30:14","guid":{"rendered":"https:\/\/congresos.unlp.edu.ar\/samic2022\/?page_id=221"},"modified":"2022-03-29T10:39:05","modified_gmt":"2022-03-29T13:39:05","slug":"procesamiento-y-analisis-digital-de-imagenes-multidimensionales-para-la-cuantificacion-de-procesos-biologicos-e-industriales","status":"publish","type":"page","link":"https:\/\/congresos.unlp.edu.ar\/samic2022\/procesamiento-y-analisis-digital-de-imagenes-multidimensionales-para-la-cuantificacion-de-procesos-biologicos-e-industriales\/","title":{"rendered":"Procesamiento y an\u00e1lisis digital de im\u00e1genes multidimensionales para la cuantificaci\u00f3n de procesos biol\u00f3gicos e industriales"},"content":{"rendered":"<p>Las im\u00e1genes digitales est\u00e1n formadas por unidades gr\u00e1ficas denominadas p\u00edxeles, que por sus caracter\u00edsticas de intensidad y distribuci\u00f3n permiten la representaci\u00f3n de objetos. El an\u00e1lisis digital de im\u00e1genes, a diferencia del procesamiento de im\u00e1genes, permite obtener informaci\u00f3n num\u00e9rica a partir de los objetos que se encuentren en una imagen. Para obtener esos valores num\u00e9ricos se requiere de un estudio sistem\u00e1tico y organizado en distintos eventos secuenciales que incluyen: la captura y digitalizaci\u00f3n de las im\u00e1genes, su procesamiento y la segmentaci\u00f3n, para llegar, finalmente, a las mediciones o recuentos y el ulterior an\u00e1lisis estad\u00edstico de los datos obtenidos.<br \/>\nEl curso est\u00e1 orientado a brindar informaci\u00f3n acerca de las caracter\u00edsticas de las im\u00e1genes multidimensionales, y de las herramientas necesarias para la obtenci\u00f3n de la informaci\u00f3n num\u00e9rica a partir de estas.  <\/p>\n<p>Objetivos<br \/>\n\u2022\tDiscutir los pasos necesarios para la obtenci\u00f3n de datos num\u00e9ricos a partir de im\u00e1genes multidimensionales.<br \/>\n\u2022\tDetallar sistemas de captura, procesamiento y an\u00e1lisis de las im\u00e1genes<br \/>\n\u2022\tDescribir aplicaciones del an\u00e1lisis multidimensional de im\u00e1genes<\/p>\n<p>Docente: <\/p>\n<p>Dr. Enrique L. Portiansky<br \/>\nDirector del Laboratorio de An\u00e1lisis de Im\u00e1genes (LAI)<br \/>\n<a href=\"https:\/\/lai.fcv.unlp.edu.ar\/\">https:\/\/lai.fcv.unlp.edu.ar\/<\/a><br \/>\nProfesor Titular de Patolog\u00eda General. FCV. UNLP<br \/>\nInvestigador Principal CONICET<\/p>\n<p>Duraci\u00f3n: 3 hs<\/p>\n","protected":false},"excerpt":{"rendered":"<p>Las im\u00e1genes digitales est\u00e1n formadas por unidades gr\u00e1ficas denominadas p\u00edxeles, que por sus caracter\u00edsticas de intensidad y distribuci\u00f3n permiten la representaci\u00f3n de objetos. El an\u00e1lisis digital de im\u00e1genes, a diferencia del procesamiento de im\u00e1genes, permite obtener informaci\u00f3n num\u00e9rica a partir de los objetos que se encuentren en una imagen. Para obtener esos valores num\u00e9ricos se [&hellip;]<\/p>\n","protected":false},"author":125,"featured_media":0,"parent":0,"menu_order":0,"comment_status":"closed","ping_status":"closed","template":"","meta":{"advgb_blocks_editor_width":"","advgb_blocks_columns_visual_guide":"","footnotes":""},"class_list":["post-221","page","type-page","status-publish","hentry","post"],"aioseo_notices":[],"coauthors":[],"author_meta":{"author_link":"https:\/\/congresos.unlp.edu.ar\/samic2022\/author\/dazamillone\/","display_name":"dazamillone"},"relative_dates":{"created":"Posted 4 a\u00f1os ago","modified":"Updated 4 a\u00f1os ago"},"absolute_dates":{"created":"Posted on 29 marzo, 2022","modified":"Updated on 29 marzo, 2022"},"absolute_dates_time":{"created":"Posted on 29 marzo, 2022 10:30 am","modified":"Updated on 29 marzo, 2022 10:39 am"},"featured_img_caption":"","featured_img":false,"series_order":"","_links":{"self":[{"href":"https:\/\/congresos.unlp.edu.ar\/samic2022\/wp-json\/wp\/v2\/pages\/221","targetHints":{"allow":["GET"]}}],"collection":[{"href":"https:\/\/congresos.unlp.edu.ar\/samic2022\/wp-json\/wp\/v2\/pages"}],"about":[{"href":"https:\/\/congresos.unlp.edu.ar\/samic2022\/wp-json\/wp\/v2\/types\/page"}],"author":[{"embeddable":true,"href":"https:\/\/congresos.unlp.edu.ar\/samic2022\/wp-json\/wp\/v2\/users\/125"}],"replies":[{"embeddable":true,"href":"https:\/\/congresos.unlp.edu.ar\/samic2022\/wp-json\/wp\/v2\/comments?post=221"}],"version-history":[{"count":0,"href":"https:\/\/congresos.unlp.edu.ar\/samic2022\/wp-json\/wp\/v2\/pages\/221\/revisions"}],"wp:attachment":[{"href":"https:\/\/congresos.unlp.edu.ar\/samic2022\/wp-json\/wp\/v2\/media?parent=221"}],"curies":[{"name":"wp","href":"https:\/\/api.w.org\/{rel}","templated":true}]}}