{"id":260,"date":"2026-03-20T09:56:38","date_gmt":"2026-03-20T12:56:38","guid":{"rendered":"https:\/\/congresos.unlp.edu.ar\/sam-conamet2026\/?page_id=260"},"modified":"2026-03-20T10:04:47","modified_gmt":"2026-03-20T13:04:47","slug":"temas","status":"publish","type":"page","link":"https:\/\/congresos.unlp.edu.ar\/sam-conamet2026\/temas\/","title":{"rendered":"Temas"},"content":{"rendered":"<div id=\"pl-260\"  class=\"panel-layout\" ><div id=\"pg-260-0\"  class=\"panel-grid panel-no-style\" ><div id=\"pgc-260-0-0\"  class=\"panel-grid-cell\" ><div id=\"panel-260-0-0-0\" class=\"so-panel widget widget_sow-editor panel-first-child\" data-index=\"0\" ><div\n\t\t\t\n\t\t\tclass=\"so-widget-sow-editor so-widget-sow-editor-base\"\n\t\t\t\n\t\t>\n<div class=\"siteorigin-widget-tinymce textwidget\">\n\t<h3 style=\"text-align: center\">El Congreso <strong>SAM-CONAMET 2026 <\/strong>abarcar\u00e1 los siguientes t\u00f3picos tem\u00e1ticos:<\/h3>\n<\/div>\n<\/div><\/div><div id=\"panel-260-0-0-1\" class=\"widget_text so-panel widget widget_custom_html panel-last-child\" data-index=\"1\" ><div class=\"textwidget custom-html-widget\"><div style=\"max-width:720px;margin:30px auto;font-family:Montserrat, sans-serif;color:#272828;border:1px solid #144931;border-radius:6px;overflow:hidden\">\n\n  <div style=\"border-bottom:1px solid #144931;background:#ddd4bf\">\n    <div style=\"width:85px;padding:10px 10px;font-weight:700;color:#000\">\n      T\u00f3pico 1\n    <\/div>\n    <div style=\"flex:1;padding:10px 10px;font-size:17px;font-weight:700;color:#144931\">\n      Metalurgia, Tratamientos T\u00e9rmicos y Transformaciones de Fase\n    <\/div>\n  <\/div>\n\n  <div style=\"border-bottom:1px solid #144931;background:#f4f1e8\">\n    <div style=\"width:85px;padding:10px 10px;font-weight:700;color:#000\">\n      T\u00f3pico 2\n    <\/div>\n    <div style=\"flex:1;padding:10px 10px;font-size:17px;font-weight:700;color:#144931\">\n      Fundici\u00f3n, Solidificaci\u00f3n y Soldadura\n    <\/div>\n  <\/div>\n\n  <div style=\"border-bottom:1px solid #144931;background:#ddd4bf\">\n    <div style=\"width:85px;padding:10px 10px;font-weight:700;color:#000\">\n      T\u00f3pico 3\n    <\/div>\n    <div style=\"flex:1;padding:10px 10px;font-size:17px;font-weight:700;color:#144931\">\n      Materiales Cer\u00e1micos, V\u00edtreos y Funcionales Avanzados\n    <\/div>\n  <\/div>\n\n  <div style=\"border-bottom:1px solid #144931;background:#f4f1e8\">\n    <div style=\"width:85px;padding:10px 10px;font-weight:700;color:#000\">\n      T\u00f3pico 4\n    <\/div>\n    <div style=\"flex:1;padding:10px 10px;font-size:17px;font-weight:700;color:#144931\">\n      Materiales Polim\u00e9ricos, Compuestos y Materiales Blandos\n    <\/div>\n  <\/div>\n\n  <div style=\"border-bottom:1px solid #144931;background:#ddd4bf\">\n    <div style=\"width:85px;padding:10px 10px;font-weight:700;color:#000\">\n      T\u00f3pico 5\n    <\/div>\n    <div style=\"flex:1;padding:10px 10px;font-size:17px;font-weight:700;color:#144931\">\n      Nanomateriales, Pel\u00edculas Delgadas e Ingenier\u00eda de Superficies\n    <\/div>\n  <\/div>\n\n  <div style=\"border-bottom:1px solid #144931;background:#f4f1e8\">\n    <div style=\"width:85px;padding:10px 10px;font-weight:700;color:#000\">\n      T\u00f3pico 6\n    <\/div>\n    <div style=\"flex:1;padding:10px 10px;font-size:17px;font-weight:700;color:#144931\">\n      Degradaci\u00f3n, Protecci\u00f3n e Integridad de Materiales\n    <\/div>\n  <\/div>\n\n  <div style=\"border-bottom:1px solid #144931;background:#ddd4bf\">\n    <div style=\"width:85px;padding:10px 10px;font-weight:700;color:#000\">\n      T\u00f3pico 7\n    <\/div>\n    <div style=\"flex:1;padding:10px 10px;font-size:17px;font-weight:700;color:#144931\">\n      Materiales para Energ\u00eda y Tecnolog\u00edas Sostenibles\n    <\/div>\n  <\/div>\n\n  <div style=\"border-bottom:1px solid #144931;background:#f4f1e8\">\n    <div style=\"width:85px;padding:10px 10px;font-weight:700;color:#000\">\n      T\u00f3pico 8\n    <\/div>\n    <div style=\"flex:1;padding:10px 10px;font-size:17px;font-weight:700;color:#144931\">\n      Materiales Biom\u00e9dicos y para la Salud\n    <\/div>\n  <\/div>\n\n  <div style=\"border-bottom:1px solid #144931;background:#ddd4bf\">\n    <div style=\"width:85px;padding:10px 10px;font-weight:700;color:#000\">\n      T\u00f3pico 9\n    <\/div>\n    <div style=\"flex:1;padding:10px 10px;font-size:17px;font-weight:700;color:#144931\">\n      Materiales Biobasados, Biodegradables y para Bioeconom\u00eda\n    <\/div>\n  <\/div>\n\n  <div style=\"border-bottom:1px solid #144931;background:#f4f1e8\">\n    <div style=\"width:85px;padding:10px 10px;font-weight:700;color:#000\">\n      T\u00f3pico 10\n    <\/div>\n    <div style=\"flex:1;padding:10px 10px;font-size:17px;font-weight:700;color:#144931\">\n      Materiales para Construcci\u00f3n Civil e Infraestructura\n    <\/div>\n  <\/div>\n\n  <div style=\"border-bottom:1px solid #144931;background:#ddd4bf\">\n    <div style=\"width:85px;padding:10px 10px;font-weight:700;color:#000\">\n      T\u00f3pico 11\n    <\/div>\n    <div style=\"flex:1;padding:10px 10px;font-size:17px;font-weight:700;color:#144931\">\n      Modelado, Simulaci\u00f3n y Ciencia de Datos Aplicada a Materiales\n    <\/div>\n  <\/div>\n\n  <div style=\"background:#f4f1e8\">\n    <div style=\"width:85px;padding:10px 10px;font-weight:700;color:#000\">\n      T\u00f3pico 12\n    <\/div>\n    <div style=\"flex:1;padding:10px 10px;font-size:17px;font-weight:700;color:#144931\">\n      Historia, Patrimonio y Educaci\u00f3n en Ciencia de Materiales\n    <\/div>\n  <\/div>\n\n<\/div><\/div><\/div><\/div><\/div><\/div>","protected":false},"excerpt":{"rendered":"<p>El Congreso SAM-CONAMET 2026 abarcar\u00e1 los siguientes t\u00f3picos tem\u00e1ticos:<\/p>\n","protected":false},"author":262,"featured_media":0,"parent":0,"menu_order":0,"comment_status":"closed","ping_status":"closed","template":"","meta":{"advgb_blocks_editor_width":"","advgb_blocks_columns_visual_guide":"","footnotes":""},"class_list":["post-260","page","type-page","status-publish","hentry","post"],"aioseo_notices":[],"coauthors":[],"author_meta":{"author_link":"https:\/\/congresos.unlp.edu.ar\/sam-conamet2026\/author\/lucasmelia\/","display_name":"lucasmelia"},"relative_dates":{"created":"Posted 3 semanas ago","modified":"Updated 3 semanas ago"},"absolute_dates":{"created":"Posted on 20 marzo, 2026","modified":"Updated on 20 marzo, 2026"},"absolute_dates_time":{"created":"Posted on 20 marzo, 2026 9:56 am","modified":"Updated on 20 marzo, 2026 10:04 am"},"featured_img_caption":"","featured_img":false,"series_order":"","_links":{"self":[{"href":"https:\/\/congresos.unlp.edu.ar\/sam-conamet2026\/wp-json\/wp\/v2\/pages\/260","targetHints":{"allow":["GET"]}}],"collection":[{"href":"https:\/\/congresos.unlp.edu.ar\/sam-conamet2026\/wp-json\/wp\/v2\/pages"}],"about":[{"href":"https:\/\/congresos.unlp.edu.ar\/sam-conamet2026\/wp-json\/wp\/v2\/types\/page"}],"author":[{"embeddable":true,"href":"https:\/\/congresos.unlp.edu.ar\/sam-conamet2026\/wp-json\/wp\/v2\/users\/262"}],"replies":[{"embeddable":true,"href":"https:\/\/congresos.unlp.edu.ar\/sam-conamet2026\/wp-json\/wp\/v2\/comments?post=260"}],"version-history":[{"count":0,"href":"https:\/\/congresos.unlp.edu.ar\/sam-conamet2026\/wp-json\/wp\/v2\/pages\/260\/revisions"}],"wp:attachment":[{"href":"https:\/\/congresos.unlp.edu.ar\/sam-conamet2026\/wp-json\/wp\/v2\/media?parent=260"}],"curies":[{"name":"wp","href":"https:\/\/api.w.org\/{rel}","templated":true}]}}