{"id":23,"date":"2026-02-18T11:18:53","date_gmt":"2026-02-18T14:18:53","guid":{"rendered":"https:\/\/congresos.unlp.edu.ar\/conamet2026\/?page_id=23"},"modified":"2026-03-20T08:44:00","modified_gmt":"2026-03-20T11:44:00","slug":"fechas-importantes","status":"publish","type":"page","link":"https:\/\/congresos.unlp.edu.ar\/sam-conamet2026\/fechas-importantes\/","title":{"rendered":"Fechas importantes"},"content":{"rendered":"<div id=\"pl-23\"  class=\"panel-layout\" ><div id=\"pg-23-0\"  class=\"panel-grid panel-no-style\" ><div id=\"pgc-23-0-0\"  class=\"panel-grid-cell\" ><div id=\"panel-23-0-0-0\" class=\"so-panel widget widget_sow-editor panel-first-child panel-last-child\" data-index=\"0\" ><div\n\t\t\t\n\t\t\tclass=\"so-widget-sow-editor so-widget-sow-editor-base\"\n\t\t\t\n\t\t>\n<div class=\"siteorigin-widget-tinymce textwidget\">\n\t<h2 style=\"text-align: center\"><strong>Env\u00edo de trabajos<\/strong><\/h2>\n<\/div>\n<\/div><\/div><\/div><div id=\"pgc-23-0-1\"  class=\"panel-grid-cell\" ><div id=\"panel-23-0-1-0\" class=\"so-panel widget widget_sow-editor panel-first-child panel-last-child\" data-index=\"1\" ><div\n\t\t\t\n\t\t\tclass=\"so-widget-sow-editor so-widget-sow-editor-base\"\n\t\t\t\n\t\t>\n<div class=\"siteorigin-widget-tinymce textwidget\">\n\t<h2 style=\"text-align: center\"><strong>Inscripciones<\/strong><\/h2>\n<\/div>\n<\/div><\/div><\/div><\/div><div id=\"pg-23-1\"  class=\"panel-grid panel-no-style\" ><div id=\"pgc-23-1-0\"  class=\"panel-grid-cell\" ><div id=\"panel-23-1-0-0\" class=\"widget_text so-panel widget widget_custom_html panel-first-child panel-last-child\" data-index=\"2\" ><div class=\"textwidget custom-html-widget\"><div style=\"margin:0;padding:0;font-family:Montserrat,sans-serif\">\n\n  <div style=\"position:relative;padding-left:36px;margin:0 0 18px 0\">\n    <div style=\"position:absolute;left:14px;top:0;bottom:-18px;width:3px;background:#144931;border-radius:2px\"><\/div>\n    <div style=\"position:absolute;left:8px;top:20px;width:14px;height:14px;background:#144931;border-radius:50%\"><\/div>\n\n    <div style=\"max-width:420px;margin:0 auto;background:#144931;border-radius:18px;padding:14px 16px\">\n      <div style=\"font-size:16px;font-weight:800;color:#E7DDB9;line-height:1.2\">Apertura del env\u00edo de res\u00famenes<\/div>\n      <div style=\"font-size:14px;margin-top:6px;color:#F3FAFD;font-weight:700\"> 30 de marzo <\/div>\n    <\/div>\n  <\/div>\n\n  <div style=\"position:relative;padding-left:36px;margin:0 0 18px 0\">\n    <div style=\"position:absolute;left:14px;top:0;bottom:-18px;width:3px;background:#144931;border-radius:2px\"><\/div>\n    <div style=\"position:absolute;left:8px;top:20px;width:14px;height:14px;background:#144931;border-radius:50%\"><\/div>\n\n    <div style=\"max-width:420px;margin:0 auto;background:#144931;border-radius:18px;padding:14px 16px\">\n      <div style=\"font-size:16px;font-weight:800;color:#E7DDB9;line-height:1.2\">Fecha l\u00edmite para el env\u00edo de res\u00famenes<\/div>\n      <div style=\"font-size:14px;margin-top:6px;color:#F3FAFD;font-weight:700\"> 30 de abril <\/div>\n    <\/div>\n  <\/div>\n\n  <div style=\"position:relative;padding-left:36px;margin:0\">\n    <div style=\"position:absolute;left:14px;top:0;bottom:20px;width:3px;background:#144931;border-radius:2px\"><\/div>\n    <div style=\"position:absolute;left:8px;top:20px;width:14px;height:14px;background:#144931;border-radius:50%\"><\/div>\n\n    <div style=\"max-width:420px;margin:0 auto;background:#144931;border-radius:18px;padding:14px 16px\">\n      <div style=\"font-size:16px;font-weight:800;color:#E7DDB9;line-height:1.2\">Fecha l\u00edmite para correcci\u00f3n de res\u00famenes<\/div>\n      <div style=\"font-size:14px;margin-top:6px;color:#F3FAFD;font-weight:700\"> 31 de julio <\/div>\n    <\/div>\n  <\/div>\n\n<\/div><\/div><\/div><\/div><div id=\"pgc-23-1-1\"  class=\"panel-grid-cell\" ><div id=\"panel-23-1-1-0\" class=\"widget_text so-panel widget widget_custom_html panel-first-child panel-last-child\" data-index=\"3\" ><div class=\"textwidget custom-html-widget\"><div style=\"margin:0;padding:0;font-family:Montserrat,sans-serif\">\n\n  <div style=\"position:relative;padding-left:36px;margin:0 0 18px 0\">\n    <div style=\"position:absolute;left:14px;top:0;bottom:-18px;width:3px;background:#144931;border-radius:2px\"><\/div>\n    <div style=\"position:absolute;left:8px;top:20px;width:14px;height:14px;background:#144931;border-radius:50%\"><\/div>\n\n    <div style=\"max-width:420px;margin:0 auto;background:#144931;border-radius:18px;padding:14px 16px\">\n      <div style=\"font-size:16px;font-weight:800;color:#E7DDB9;line-height:1.2\">Apertura de inscripciones<\/div>\n      <div style=\"font-size:14px;margin-top:6px;color:#F3FAFD;font-weight:700\"> 30 de marzo <\/div>\n    <\/div>\n  <\/div>\n\n  <div style=\"position:relative;padding-left:36px;margin:0 0 18px 0\">\n    <div style=\"position:absolute;left:14px;top:0;bottom:-18px;width:3px;background:#144931;border-radius:2px\"><\/div>\n    <div style=\"position:absolute;left:8px;top:20px;width:14px;height:14px;background:#144931;border-radius:50%\"><\/div>\n\n    <div style=\"max-width:420px;margin:0 auto;background:#144931;border-radius:18px;padding:14px 16px\">\n      <div style=\"font-size:16px;font-weight:800;color:#E7DDB9;line-height:1.2\">Fecha l\u00edmite para inscripci\u00f3n temprana<\/div>\n      <div style=\"font-size:14px;margin-top:6px;color:#F3FAFD;font-weight:700\"> 31 de agosto (inclusive) <\/div>\n    <\/div>\n  <\/div>\n\n  <div style=\"position:relative;padding-left:36px;margin:0\">\n    <div style=\"position:absolute;left:14px;top:0;bottom:20px;width:3px;background:#144931;border-radius:2px\"><\/div>\n    <div style=\"position:absolute;left:8px;top:20px;width:14px;height:14px;background:#144931;border-radius:50%\"><\/div>\n\n    <div style=\"max-width:420px;margin:0 auto;background:#144931;border-radius:18px;padding:14px 16px\">\n      <div style=\"font-size:16px;font-weight:800;color:#E7DDB9;line-height:1.2\">Fecha l\u00edmite para postulaci\u00f3n a premios<\/div>\n      <div style=\"font-size:14px;margin-top:6px;color:#F3FAFD;font-weight:700\"> A confirmar <\/div>\n    <\/div>\n  <\/div>\n\n<\/div><\/div><\/div><\/div><\/div><\/div>","protected":false},"excerpt":{"rendered":"<p>Env\u00edo de trabajos Inscripciones<\/p>\n","protected":false},"author":2,"featured_media":0,"parent":0,"menu_order":0,"comment_status":"closed","ping_status":"closed","template":"","meta":{"advgb_blocks_editor_width":"","advgb_blocks_columns_visual_guide":"","footnotes":""},"class_list":["post-23","page","type-page","status-publish","hentry","post"],"aioseo_notices":[],"coauthors":[],"author_meta":{"author_link":"https:\/\/congresos.unlp.edu.ar\/sam-conamet2026\/author\/congresos\/","display_name":"congresos"},"relative_dates":{"created":"Posted 2 meses ago","modified":"Updated 3 semanas ago"},"absolute_dates":{"created":"Posted on 18 febrero, 2026","modified":"Updated on 20 marzo, 2026"},"absolute_dates_time":{"created":"Posted on 18 febrero, 2026 11:18 am","modified":"Updated on 20 marzo, 2026 8:44 am"},"featured_img_caption":"","featured_img":false,"series_order":"","_links":{"self":[{"href":"https:\/\/congresos.unlp.edu.ar\/sam-conamet2026\/wp-json\/wp\/v2\/pages\/23","targetHints":{"allow":["GET"]}}],"collection":[{"href":"https:\/\/congresos.unlp.edu.ar\/sam-conamet2026\/wp-json\/wp\/v2\/pages"}],"about":[{"href":"https:\/\/congresos.unlp.edu.ar\/sam-conamet2026\/wp-json\/wp\/v2\/types\/page"}],"author":[{"embeddable":true,"href":"https:\/\/congresos.unlp.edu.ar\/sam-conamet2026\/wp-json\/wp\/v2\/users\/2"}],"replies":[{"embeddable":true,"href":"https:\/\/congresos.unlp.edu.ar\/sam-conamet2026\/wp-json\/wp\/v2\/comments?post=23"}],"version-history":[{"count":0,"href":"https:\/\/congresos.unlp.edu.ar\/sam-conamet2026\/wp-json\/wp\/v2\/pages\/23\/revisions"}],"wp:attachment":[{"href":"https:\/\/congresos.unlp.edu.ar\/sam-conamet2026\/wp-json\/wp\/v2\/media?parent=23"}],"curies":[{"name":"wp","href":"https:\/\/api.w.org\/{rel}","templated":true}]}}