{"id":220,"date":"2026-03-11T19:14:11","date_gmt":"2026-03-11T22:14:11","guid":{"rendered":"https:\/\/congresos.unlp.edu.ar\/sam-conamet2026\/?page_id=220"},"modified":"2026-03-19T19:37:53","modified_gmt":"2026-03-19T22:37:53","slug":"precios","status":"publish","type":"page","link":"https:\/\/congresos.unlp.edu.ar\/sam-conamet2026\/precios\/","title":{"rendered":"Precios"},"content":{"rendered":"<div id=\"pl-220\"  class=\"panel-layout\" ><div id=\"pg-220-0\"  class=\"panel-grid panel-no-style\" ><div id=\"pgc-220-0-0\"  class=\"panel-grid-cell\" ><div id=\"panel-220-0-0-0\" class=\"widget_text so-panel widget widget_custom_html panel-first-child panel-last-child\" data-index=\"0\" ><h3 class=\"widget-title\">Precios<\/h3><div class=\"textwidget custom-html-widget\"><div style=\"max-width:900px;margin:25px auto;font-family:Montserrat, sans-serif;color:#272828\">\n\n  <div style=\"background:#144931;color:#F3FAFD;padding:16px 18px;border-radius:16px 16px 0 0;text-align:center\">\n    <div style=\"font-size:18px;font-weight:700;line-height:1.3\">\n      Todos los valores se expresan en d\u00f3lares estadounidenses (U$D).\n    <\/div>\n  <\/div>\n\n  <div style=\"border:2px solid #144931;border-top:none;border-radius:0 0 16px 16px;background:#F3FAFD\">\n    <table style=\"width:100%;border-collapse:collapse;min-width:800px\">\n      <thead>\n        <tr style=\"background:#E7DDB9;border-bottom:2px solid #144931;height:96px\">\n          <th style=\"padding:16px 14px;text-align:center;vertical-align:middle;font-size:18px;font-weight:800;color:#144931;width:44%\">\n            Categor\u00eda\n          <\/th>\n          <th style=\"padding:16px 10px;text-align:center;vertical-align:middle;font-size:17px;font-weight:800;color:#144931;width:18%;line-height:1.25\">\n            Inscripci\u00f3n temprana<br>\n            <span style=\"font-size:13px;font-weight:600;color:#272828\">Hasta el 31\/8\/2026<\/span>\n          <\/th>\n          <th style=\"padding:16px 10px;text-align:center;vertical-align:middle;font-size:17px;font-weight:800;color:#144931;width:18%;line-height:1.25\">\n            Inscripci\u00f3n tard\u00eda<br>\n            <span style=\"font-size:13px;font-weight:600;color:#272828\">Desde el 1\/9\/2026<\/span>\n          <\/th>\n          <th style=\"padding:16px 10px;text-align:center;vertical-align:middle;font-size:17px;font-weight:800;color:#144931;width:20%\">\n            Por d\u00eda\n          <\/th>\n        <\/tr>\n      <\/thead>\n\n      <tbody>\n        <tr style=\"background:#F3FAFD\">\n          <td style=\"padding:16px 14px;border-bottom:1px solid #d7ddd9;font-size:15px;font-weight:600;vertical-align:middle\">\n            Socios SAM residentes en Argentina\n          <\/td>\n          <td style=\"text-align:center;vertical-align:middle;font-size:24px;font-weight:800;color:#144931\">100<\/td>\n          <td style=\"text-align:center;vertical-align:middle;font-size:24px;font-weight:800;color:#144931\">140<\/td>\n          <td style=\"text-align:center;vertical-align:middle;font-size:24px;font-weight:800;color:#144931\">70<\/td>\n        <\/tr>\n\n        <tr style=\"background:#fbf8ef\">\n          <td style=\"padding:16px 14px;border-bottom:1px solid #d7ddd9;font-size:15px;font-weight:600;vertical-align:middle\">\n            Socio SOCHIM \/ SAM no residente\n          <\/td>\n          <td style=\"text-align:center;vertical-align:middle;font-size:24px;font-weight:800;color:#144931\">150<\/td>\n          <td style=\"text-align:center;vertical-align:middle;font-size:24px;font-weight:800;color:#144931\">210<\/td>\n          <td style=\"text-align:center;vertical-align:middle;font-size:24px;font-weight:800;color:#144931\">105<\/td>\n        <\/tr>\n\n        <tr style=\"background:#F3FAFD\">\n          <td style=\"padding:16px 14px;border-bottom:1px solid #d7ddd9;font-size:15px;font-weight:600;vertical-align:middle\">\n            No socio\n          <\/td>\n          <td style=\"text-align:center;vertical-align:middle;font-size:24px;font-weight:800;color:#144931\">200<\/td>\n          <td style=\"text-align:center;vertical-align:middle;font-size:24px;font-weight:800;color:#144931\">280<\/td>\n          <td style=\"text-align:center;vertical-align:middle;font-size:24px;font-weight:800;color:#144931\">190<\/td>\n        <\/tr>\n\n        <tr style=\"background:#fbf8ef\">\n          <td style=\"padding:16px 14px;border-bottom:1px solid #d7ddd9;font-size:15px;font-weight:600;vertical-align:middle\">\n            Posgrado \/ Postdoc socio\n          <\/td>\n          <td style=\"text-align:center;vertical-align:middle;font-size:24px;font-weight:800;color:#144931\">50<\/td>\n          <td style=\"text-align:center;vertical-align:middle;font-size:24px;font-weight:800;color:#144931\">70<\/td>\n          <td style=\"text-align:center;vertical-align:middle;font-size:24px;font-weight:800;color:#144931\">35<\/td>\n        <\/tr>\n\n        <tr style=\"background:#F3FAFD\">\n          <td style=\"padding:16px 14px;border-bottom:1px solid #d7ddd9;font-size:15px;font-weight:600;vertical-align:middle\">\n            Posgrado \/ Postdoc no socio\n          <\/td>\n          <td style=\"text-align:center;vertical-align:middle;font-size:24px;font-weight:800;color:#144931\">75<\/td>\n          <td style=\"text-align:center;vertical-align:middle;font-size:24px;font-weight:800;color:#144931\">100<\/td>\n          <td style=\"text-align:center;vertical-align:middle;font-size:24px;font-weight:800;color:#144931\">50<\/td>\n        <\/tr>\n\n        <tr style=\"background:#fbf8ef\">\n          <td style=\"padding:16px 14px;font-size:15px;font-weight:600;vertical-align:middle\">\n            Estudiante de pregrado\n          <\/td>\n          <td style=\"text-align:center;vertical-align:middle;font-size:24px;font-weight:800;color:#144931\">40<\/td>\n          <td style=\"text-align:center;vertical-align:middle;font-size:24px;font-weight:800;color:#144931\">55<\/td>\n          <td style=\"text-align:center;vertical-align:middle;font-size:24px;font-weight:800;color:#144931\">28<\/td>\n        <\/tr>\n      <\/tbody>\n    <\/table>\n  <\/div>\n\n  <p style=\"font-size:15px;color:#144931;margin-top:12px;text-align:center;font-weight:700\">\n    Tipo de cambio Banco Naci\u00f3n vigente al momento del pago.\n  <\/p>\n\n<\/div><\/div><\/div><\/div><\/div><\/div>","protected":false},"excerpt":{"rendered":"<p>Precios Todos los valores se expresan en d\u00f3lares estadounidenses (U$D). Categor\u00eda Inscripci\u00f3n temprana Hasta el 31\/8\/2026 Inscripci\u00f3n tard\u00eda Desde el 1\/9\/2026 Por d\u00eda Socios SAM residentes en Argentina 100 140 70 Socio SOCHIM \/ SAM no residente 150 210 105 No socio 200 280 190 Posgrado \/ Postdoc socio 50 70 35 Posgrado \/ Postdoc [&hellip;]<\/p>\n","protected":false},"author":262,"featured_media":0,"parent":0,"menu_order":0,"comment_status":"closed","ping_status":"closed","template":"","meta":{"advgb_blocks_editor_width":"","advgb_blocks_columns_visual_guide":"","footnotes":""},"class_list":["post-220","page","type-page","status-publish","hentry","post"],"aioseo_notices":[],"coauthors":[],"author_meta":{"author_link":"https:\/\/congresos.unlp.edu.ar\/sam-conamet2026\/author\/lucasmelia\/","display_name":"lucasmelia"},"relative_dates":{"created":"Posted 4 semanas ago","modified":"Updated 3 semanas ago"},"absolute_dates":{"created":"Posted on 11 marzo, 2026","modified":"Updated on 19 marzo, 2026"},"absolute_dates_time":{"created":"Posted on 11 marzo, 2026 7:14 pm","modified":"Updated on 19 marzo, 2026 7:37 pm"},"featured_img_caption":"","featured_img":false,"series_order":"","_links":{"self":[{"href":"https:\/\/congresos.unlp.edu.ar\/sam-conamet2026\/wp-json\/wp\/v2\/pages\/220","targetHints":{"allow":["GET"]}}],"collection":[{"href":"https:\/\/congresos.unlp.edu.ar\/sam-conamet2026\/wp-json\/wp\/v2\/pages"}],"about":[{"href":"https:\/\/congresos.unlp.edu.ar\/sam-conamet2026\/wp-json\/wp\/v2\/types\/page"}],"author":[{"embeddable":true,"href":"https:\/\/congresos.unlp.edu.ar\/sam-conamet2026\/wp-json\/wp\/v2\/users\/262"}],"replies":[{"embeddable":true,"href":"https:\/\/congresos.unlp.edu.ar\/sam-conamet2026\/wp-json\/wp\/v2\/comments?post=220"}],"version-history":[{"count":0,"href":"https:\/\/congresos.unlp.edu.ar\/sam-conamet2026\/wp-json\/wp\/v2\/pages\/220\/revisions"}],"wp:attachment":[{"href":"https:\/\/congresos.unlp.edu.ar\/sam-conamet2026\/wp-json\/wp\/v2\/media?parent=220"}],"curies":[{"name":"wp","href":"https:\/\/api.w.org\/{rel}","templated":true}]}}