{"id":22,"date":"2026-02-18T11:18:53","date_gmt":"2026-02-18T14:18:53","guid":{"rendered":"https:\/\/congresos.unlp.edu.ar\/conamet2026\/?page_id=22"},"modified":"2026-03-24T20:15:41","modified_gmt":"2026-03-24T23:15:41","slug":"organizacion","status":"publish","type":"page","link":"https:\/\/congresos.unlp.edu.ar\/sam-conamet2026\/organizacion\/","title":{"rendered":"Organizaci\u00f3n"},"content":{"rendered":"<div id=\"pl-22\"  class=\"panel-layout\" ><div id=\"pg-22-0\"  class=\"panel-grid panel-no-style\" ><div id=\"pgc-22-0-0\"  class=\"panel-grid-cell\" ><div id=\"panel-22-0-0-0\" class=\"so-panel widget widget_sow-editor panel-first-child panel-last-child\" data-index=\"0\" ><div\n\t\t\t\n\t\t\tclass=\"so-widget-sow-editor so-widget-sow-editor-base\"\n\t\t\t\n\t\t>\n<div class=\"siteorigin-widget-tinymce textwidget\">\n\t<h2 style=\"text-align: left\"><strong>COMIT\u00c9 ORGANIZADOR<\/strong><\/h2>\n<\/div>\n<\/div><\/div><\/div><div id=\"pgc-22-0-1\"  class=\"panel-grid-cell\" ><div id=\"panel-22-0-1-0\" class=\"so-panel widget widget_sow-editor panel-first-child panel-last-child\" data-index=\"1\" ><div\n\t\t\t\n\t\t\tclass=\"so-widget-sow-editor so-widget-sow-editor-base\"\n\t\t\t\n\t\t>\n<div class=\"siteorigin-widget-tinymce textwidget\">\n\t<h2 style=\"text-align: center\"><strong>COMIT\u00c9 CIENT\u00cdFICO<\/strong><\/h2>\n<\/div>\n<\/div><\/div><\/div><\/div><div id=\"pg-22-1\"  class=\"panel-grid panel-no-style\" ><div id=\"pgc-22-1-0\"  class=\"panel-grid-cell\" ><div id=\"panel-22-1-0-0\" class=\"so-panel widget widget_sow-editor panel-first-child panel-last-child\" data-index=\"2\" ><div\n\t\t\t\n\t\t\tclass=\"so-widget-sow-editor so-widget-sow-editor-base\"\n\t\t\t\n\t\t>\n<div class=\"siteorigin-widget-tinymce textwidget\">\n\t<h3>Mg. Ing. J. Daniel Culcasi (Presidente)<\/h3>\n<h3>Dra. Laura Damonte (Vicepresidenta)<\/h3>\n<h3>Dra. Kyung Won Kang<\/h3>\n<h3>Dra. Leticia Anah\u00ed Azpeitia<\/h3>\n<h3>Ing. Juan Manuel Echarri<\/h3>\n<h3>Ing. Emiliano Albarrac\u00edn<\/h3>\n<h3>Dr. Claudio Rocco<\/h3>\n<h3>Dr. Walter Egli<\/h3>\n<h3>Dra. Natalia Bellotti<\/h3>\n<h3>Dra. Mar\u00eda Alejandra Garc\u00eda<\/h3>\n<h3>Dr. Nicol\u00e1s Rendtorff<\/h3>\n<h3>Lic. Mar\u00eda Susana Conconi<\/h3>\n<h3>Ing. Lucas Melia<\/h3>\n<h3>Dra. Angela Mar\u00eda Candreva<\/h3>\n<h3>Dra. Mar\u00eda Victoria Gallegos<\/h3>\n<h3>Dr. Ricardo Gregorutti<\/h3>\n<h3>Dra. Mar\u00eda Ana Huergo<\/h3>\n<h3>Dra. Sonia P. Br\u00fchl<\/h3>\n<\/div>\n<\/div><\/div><\/div><div id=\"pgc-22-1-1\"  class=\"panel-grid-cell\" ><div id=\"panel-22-1-1-0\" class=\"so-panel widget widget_sow-editor panel-first-child panel-last-child\" data-index=\"3\" ><div\n\t\t\t\n\t\t\tclass=\"so-widget-sow-editor so-widget-sow-editor-base\"\n\t\t\t\n\t\t>\n<div class=\"siteorigin-widget-tinymce textwidget\">\n\t<h3 data-start=\"771\" data-end=\"798\">Dra. Alejandra Garc\u00eda (coordinadora)<\/h3>\n<h3 data-start=\"43\" data-end=\"72\">Dra. Mar\u00eda Emilia Furno<\/h3>\n<h3 data-start=\"75\" data-end=\"104\">Dra. Silvana Sommadossi<\/h3>\n<h3 data-start=\"1074\" data-end=\"1095\">Dra. Adriana Kang<\/h3>\n<h3 data-start=\"107\" data-end=\"135\">Dra. Cecilia Marinelli<\/h3>\n<h3 data-start=\"138\" data-end=\"162\">Dr. Hern\u00e1n Svoboda<\/h3>\n<h3 data-start=\"165\" data-end=\"188\">Dr. Andr\u00e9s Pastor<\/h3>\n<h3 data-start=\"191\" data-end=\"213\">Dra. Alicia Ares<\/h3>\n<h3 data-start=\"216\" data-end=\"240\">Dr. Gustavo Su\u00e1rez<\/h3>\n<h3 data-start=\"243\" data-end=\"269\">Dra. Adriana M\u00e1rquez<\/h3>\n<h3 data-start=\"272\" data-end=\"296\">Dra. Nora Pellegri<\/h3>\n<h3 data-start=\"299\" data-end=\"322\">Dr. Pablo Peruzzo<\/h3>\n<h3 data-start=\"383\" data-end=\"408\">Dra. Cristina Hoppe<\/h3>\n<h3 data-start=\"436\" data-end=\"462\">Dra. Eugenia Dalibon<\/h3>\n<h3 data-start=\"465\" data-end=\"490\">Dra. Paula Angelom\u00e9<\/h3>\n<h3 data-start=\"493\" data-end=\"521\">Dr. Alejandro Wolosiuk<\/h3>\n<\/div>\n<\/div><\/div><\/div><div id=\"pgc-22-1-2\"  class=\"panel-grid-cell\" ><div id=\"panel-22-1-2-0\" class=\"so-panel widget widget_sow-editor panel-first-child panel-last-child\" data-index=\"4\" ><div\n\t\t\t\n\t\t\tclass=\"so-widget-sow-editor so-widget-sow-editor-base\"\n\t\t\t\n\t\t>\n<div class=\"siteorigin-widget-tinymce textwidget\">\n\t<h3 data-start=\"411\" data-end=\"433\">Dra. Sonia Br\u00fchl<\/h3>\n<h3 data-start=\"524\" data-end=\"549\">Dr. Jos\u00e9 Villasante<\/h3>\n<h3 data-start=\"552\" data-end=\"575\">Dr. Jorge Sambeth<\/h3>\n<h3 data-start=\"605\" data-end=\"631\">Dr. Mart\u00edn Rodr\u00edguez<\/h3>\n<h3 data-start=\"659\" data-end=\"683\">Dra. Beatriz Araoz<\/h3>\n<h3 data-start=\"686\" data-end=\"715\">Dr. Roberto Oscar Lucci<\/h3>\n<h3 data-start=\"718\" data-end=\"740\">Dra. Silvia Cere<\/h3>\n<h3 data-start=\"743\" data-end=\"768\">Dr. Gustavo Abraham<\/h3>\n<h3 data-start=\"801\" data-end=\"827\">Dra. Adriana Pinotti<\/h3>\n<h3 data-start=\"830\" data-end=\"854\">Dra. Celina Bernal<\/h3>\n<h3 data-start=\"857\" data-end=\"882\">Dra. Noem\u00ed Zaritzky<\/h3>\n<h3 data-start=\"885\" data-end=\"907\">Dr. Ra\u00fal Zerbino<\/h3>\n<h3 data-start=\"910\" data-end=\"937\">Dra. Graciela Giaccio<\/h3>\n<h3 data-start=\"940\" data-end=\"963\">Dr. Claudio Rocco<\/h3>\n<h3 data-start=\"966\" data-end=\"991\">Dr. Francisco Morea<\/h3>\n<h3 data-start=\"994\" data-end=\"1017\">Dr. Mart\u00edn Idiart<\/h3>\n<h3 data-start=\"1020\" data-end=\"1046\">Dra. Gabriela Cabeza<\/h3>\n<h3 data-start=\"1049\" data-end=\"1071\">Dr. Mat\u00edas Braun<\/h3>\n<\/div>\n<\/div><\/div><\/div><\/div><\/div>","protected":false},"excerpt":{"rendered":"<p>COMIT\u00c9 ORGANIZADOR COMIT\u00c9 CIENT\u00cdFICO Mg. Ing. J. Daniel Culcasi (Presidente) Dra. Laura Damonte (Vicepresidenta) Dra. Kyung Won Kang Dra. Leticia Anah\u00ed Azpeitia Ing. Juan Manuel Echarri Ing. Emiliano Albarrac\u00edn Dr. Claudio Rocco Dr. Walter Egli Dra. Natalia Bellotti Dra. Mar\u00eda Alejandra Garc\u00eda Dr. Nicol\u00e1s Rendtorff Lic. Mar\u00eda Susana Conconi Ing. Lucas Melia Dra. Angela Mar\u00eda [&hellip;]<\/p>\n","protected":false},"author":2,"featured_media":0,"parent":0,"menu_order":0,"comment_status":"closed","ping_status":"closed","template":"","meta":{"advgb_blocks_editor_width":"","advgb_blocks_columns_visual_guide":"","footnotes":""},"class_list":["post-22","page","type-page","status-publish","hentry","post"],"aioseo_notices":[],"coauthors":[],"author_meta":{"author_link":"https:\/\/congresos.unlp.edu.ar\/sam-conamet2026\/author\/congresos\/","display_name":"congresos"},"relative_dates":{"created":"Posted 2 meses ago","modified":"Updated 3 semanas ago"},"absolute_dates":{"created":"Posted on 18 febrero, 2026","modified":"Updated on 24 marzo, 2026"},"absolute_dates_time":{"created":"Posted on 18 febrero, 2026 11:18 am","modified":"Updated on 24 marzo, 2026 8:15 pm"},"featured_img_caption":"","featured_img":false,"series_order":"","_links":{"self":[{"href":"https:\/\/congresos.unlp.edu.ar\/sam-conamet2026\/wp-json\/wp\/v2\/pages\/22","targetHints":{"allow":["GET"]}}],"collection":[{"href":"https:\/\/congresos.unlp.edu.ar\/sam-conamet2026\/wp-json\/wp\/v2\/pages"}],"about":[{"href":"https:\/\/congresos.unlp.edu.ar\/sam-conamet2026\/wp-json\/wp\/v2\/types\/page"}],"author":[{"embeddable":true,"href":"https:\/\/congresos.unlp.edu.ar\/sam-conamet2026\/wp-json\/wp\/v2\/users\/2"}],"replies":[{"embeddable":true,"href":"https:\/\/congresos.unlp.edu.ar\/sam-conamet2026\/wp-json\/wp\/v2\/comments?post=22"}],"version-history":[{"count":0,"href":"https:\/\/congresos.unlp.edu.ar\/sam-conamet2026\/wp-json\/wp\/v2\/pages\/22\/revisions"}],"wp:attachment":[{"href":"https:\/\/congresos.unlp.edu.ar\/sam-conamet2026\/wp-json\/wp\/v2\/media?parent=22"}],"curies":[{"name":"wp","href":"https:\/\/api.w.org\/{rel}","templated":true}]}}