{"id":20,"date":"2026-02-18T11:18:53","date_gmt":"2026-02-18T14:18:53","guid":{"rendered":"https:\/\/congresos.unlp.edu.ar\/conamet2026\/?page_id=20"},"modified":"2026-03-18T11:07:41","modified_gmt":"2026-03-18T14:07:41","slug":"informacion","status":"publish","type":"page","link":"https:\/\/congresos.unlp.edu.ar\/sam-conamet2026\/informacion\/","title":{"rendered":"Informaci\u00f3n \u00fatil"},"content":{"rendered":"<div id=\"pl-20\"  class=\"panel-layout\" ><div id=\"pg-20-0\"  class=\"panel-grid panel-no-style\" ><div id=\"pgc-20-0-0\"  class=\"panel-grid-cell\" ><div id=\"panel-20-0-0-0\" class=\"so-panel widget widget_sow-editor panel-first-child panel-last-child\" data-index=\"0\" ><div\n\t\t\t\n\t\t\tclass=\"so-widget-sow-editor so-widget-sow-editor-base\"\n\t\t\t\n\t\t>\n<div class=\"siteorigin-widget-tinymce textwidget\">\n\t<h2>\u2708\ufe0f<strong>Aeropuertos cercanos<\/strong><\/h2>\n<h3>Aeropuerto Internacional Ministro Pistarini (EZE \u2013 Ezeiza)<br \/>\nPrincipal aeropuerto internacional de Argentina, ubicado a aproximadamente 65 km de La Plata.<\/h3>\n<h3>Aeroparque Jorge Newbery (AEP)<br \/>\nAeropuerto principalmente de vuelos nacionales y regionales, ubicado en la ciudad de Buenos Aires, a unos 60 km de La Plata.<\/h3>\n<\/div>\n<\/div><\/div><\/div><div id=\"pgc-20-0-1\"  class=\"panel-grid-cell\" ><div id=\"panel-20-0-1-0\" class=\"so-panel widget widget_sow-editor panel-first-child panel-last-child\" data-index=\"1\" ><div\n\t\t\t\n\t\t\tclass=\"so-widget-sow-editor so-widget-sow-editor-base\"\n\t\t\t\n\t\t>\n<div class=\"siteorigin-widget-tinymce textwidget\">\n\t<h2><strong>\ud83d\ude97<\/strong><strong>Transporte desde los aeropuertos a La Plata<\/strong><\/h2>\n<h3>Servicios de traslado (remis)<\/h3>\n<h3>REMIS Manuel Tienda Le\u00f3n<br \/>\nTel: 0810-888-5366<br \/>\nTel: +54 11 4314-3636 \/ +54 11 4315-5115<br \/>\nWhatsApp: +54 9 11 5450-9599<br \/>\nWeb: <a href=\"https:\/\/www.tiendaleon.com\">https:\/\/www.tiendaleon.com<\/a><\/h3>\n<h3>Email: <a href=\"mailto:informes@tiendaleon.com.ar\">informes@tiendaleon.com.ar<\/a><\/h3>\n<\/div>\n<\/div><\/div><\/div><div id=\"pgc-20-0-2\"  class=\"panel-grid-cell\" ><div id=\"panel-20-0-2-0\" class=\"so-panel widget widget_sow-editor panel-first-child panel-last-child\" data-index=\"2\" ><div\n\t\t\t\n\t\t\tclass=\"so-widget-sow-editor so-widget-sow-editor-base\"\n\t\t\t\n\t\t>\n<div class=\"siteorigin-widget-tinymce textwidget\">\n\t<h2><strong>\ud83d\udcf1<\/strong><strong>\u00bfC\u00f3mo moverse en la ciudad?\u00a0<\/strong><\/h2>\n<h3>Ten\u00e9 en cuenta que en el \u00c1rea Metropolitana de Buenos Aires tambi\u00e9n operan aplicaciones de transporte como Uber, Didi y Cabify, que pueden ser una alternativa pr\u00e1ctica y f\u00e1cil de usar para trasladarte por la ciudad.<\/h3>\n<\/div>\n<\/div><\/div><\/div><\/div><\/div>","protected":false},"excerpt":{"rendered":"<p>\u2708\ufe0fAeropuertos cercanos Aeropuerto Internacional Ministro Pistarini (EZE \u2013 Ezeiza) Principal aeropuerto internacional de Argentina, ubicado a aproximadamente 65 km de La Plata. Aeroparque Jorge Newbery (AEP) Aeropuerto principalmente de vuelos nacionales y regionales, ubicado en la ciudad de Buenos Aires, a unos 60 km de La Plata. \ud83d\ude97Transporte desde los aeropuertos a La Plata Servicios [&hellip;]<\/p>\n","protected":false},"author":2,"featured_media":0,"parent":0,"menu_order":0,"comment_status":"closed","ping_status":"closed","template":"","meta":{"advgb_blocks_editor_width":"","advgb_blocks_columns_visual_guide":"","footnotes":""},"class_list":["post-20","page","type-page","status-publish","hentry","post"],"aioseo_notices":[],"coauthors":[],"author_meta":{"author_link":"https:\/\/congresos.unlp.edu.ar\/sam-conamet2026\/author\/congresos\/","display_name":"congresos"},"relative_dates":{"created":"Posted 2 meses ago","modified":"Updated 3 semanas ago"},"absolute_dates":{"created":"Posted on 18 febrero, 2026","modified":"Updated on 18 marzo, 2026"},"absolute_dates_time":{"created":"Posted on 18 febrero, 2026 11:18 am","modified":"Updated on 18 marzo, 2026 11:07 am"},"featured_img_caption":"","featured_img":false,"series_order":"","_links":{"self":[{"href":"https:\/\/congresos.unlp.edu.ar\/sam-conamet2026\/wp-json\/wp\/v2\/pages\/20","targetHints":{"allow":["GET"]}}],"collection":[{"href":"https:\/\/congresos.unlp.edu.ar\/sam-conamet2026\/wp-json\/wp\/v2\/pages"}],"about":[{"href":"https:\/\/congresos.unlp.edu.ar\/sam-conamet2026\/wp-json\/wp\/v2\/types\/page"}],"author":[{"embeddable":true,"href":"https:\/\/congresos.unlp.edu.ar\/sam-conamet2026\/wp-json\/wp\/v2\/users\/2"}],"replies":[{"embeddable":true,"href":"https:\/\/congresos.unlp.edu.ar\/sam-conamet2026\/wp-json\/wp\/v2\/comments?post=20"}],"version-history":[{"count":0,"href":"https:\/\/congresos.unlp.edu.ar\/sam-conamet2026\/wp-json\/wp\/v2\/pages\/20\/revisions"}],"wp:attachment":[{"href":"https:\/\/congresos.unlp.edu.ar\/sam-conamet2026\/wp-json\/wp\/v2\/media?parent=20"}],"curies":[{"name":"wp","href":"https:\/\/api.w.org\/{rel}","templated":true}]}}