{"id":116,"date":"2026-03-05T11:56:45","date_gmt":"2026-03-05T14:56:45","guid":{"rendered":"https:\/\/congresos.unlp.edu.ar\/sam-conamet2026\/?page_id=116"},"modified":"2026-03-20T09:57:36","modified_gmt":"2026-03-20T12:57:36","slug":"envio-de-resumenes","status":"publish","type":"page","link":"https:\/\/congresos.unlp.edu.ar\/sam-conamet2026\/envio-de-resumenes\/","title":{"rendered":"Env\u00edo de resumenes"},"content":{"rendered":"<div id=\"pl-116\"  class=\"panel-layout\" ><div id=\"pg-116-0\"  class=\"panel-grid panel-no-style\" ><div id=\"pgc-116-0-0\"  class=\"panel-grid-cell\" ><div id=\"panel-116-0-0-0\" class=\"so-panel widget widget_sow-editor panel-first-child panel-last-child\" data-index=\"0\" ><div\n\t\t\t\n\t\t\tclass=\"so-widget-sow-editor so-widget-sow-editor-base\"\n\t\t\t\n\t\t>\n<div class=\"siteorigin-widget-tinymce textwidget\">\n\t<h3>El env\u00edo de res\u00famenes se realizar\u00e1 mediante <strong data-start=\"136\" data-end=\"196\">formularios independientes para cada t\u00f3pico del congreso<\/strong>. Para acceder al formulario correspondiente, deber\u00e1 <strong data-start=\"249\" data-end=\"314\">seleccionar y hacer clic en el bot\u00f3n del t\u00f3pico de su inter\u00e9s<\/strong>, que se listan a continuaci\u00f3n. Cada bot\u00f3n lo dirigir\u00e1 al formulario de Google asociado, donde podr\u00e1 completar la informaci\u00f3n requerida y cargar su contribuci\u00f3n.<\/h3>\n<\/div>\n<\/div><\/div><\/div><\/div><div id=\"pg-116-1\"  class=\"panel-grid panel-no-style\" ><div id=\"pgc-116-1-0\"  class=\"panel-grid-cell\" ><div id=\"panel-116-1-0-0\" class=\"so-panel widget widget_sow-editor panel-first-child panel-last-child\" data-index=\"1\" ><div\n\t\t\t\n\t\t\tclass=\"so-widget-sow-editor so-widget-sow-editor-base\"\n\t\t\t\n\t\t>\n<div class=\"siteorigin-widget-tinymce textwidget\">\n\t<h4 style=\"text-align: center\"><strong>T\u00f3pico 1<\/strong><\/h4>\n<h4 style=\"text-align: center\"><strong>Metalurgia, Tratamientos T\u00e9rmicos y Transformaciones de Fase<\/strong><\/h4>\n<\/div>\n<\/div><\/div><\/div><div id=\"pgc-116-1-1\"  class=\"panel-grid-cell\" ><div id=\"panel-116-1-1-0\" class=\"so-panel widget widget_sow-editor panel-first-child panel-last-child\" data-index=\"2\" ><div\n\t\t\t\n\t\t\tclass=\"so-widget-sow-editor so-widget-sow-editor-base\"\n\t\t\t\n\t\t>\n<div class=\"siteorigin-widget-tinymce textwidget\">\n\t<h4 style=\"text-align: center\"><strong>T\u00f3pico 2<\/strong><\/h4>\n<h4 style=\"text-align: center\"><strong>Fundici\u00f3n, Solidificaci\u00f3n y Soldadura<\/strong><\/h4>\n<h4><\/h4>\n<\/div>\n<\/div><\/div><\/div><div id=\"pgc-116-1-2\"  class=\"panel-grid-cell\" ><div id=\"panel-116-1-2-0\" class=\"so-panel widget widget_sow-editor panel-first-child panel-last-child\" data-index=\"3\" ><div\n\t\t\t\n\t\t\tclass=\"so-widget-sow-editor so-widget-sow-editor-base\"\n\t\t\t\n\t\t>\n<div class=\"siteorigin-widget-tinymce textwidget\">\n\t<h4 style=\"text-align: center\"><strong>T\u00f3pico 3<\/strong><\/h4>\n<h4 style=\"text-align: center\"><strong>Materiales Cer\u00e1micos, V\u00edtreos y Funcionales Avanzados<\/strong><\/h4>\n<\/div>\n<\/div><\/div><\/div><div id=\"pgc-116-1-3\"  class=\"panel-grid-cell\" ><div id=\"panel-116-1-3-0\" class=\"so-panel widget widget_sow-editor panel-first-child panel-last-child\" data-index=\"4\" ><div\n\t\t\t\n\t\t\tclass=\"so-widget-sow-editor so-widget-sow-editor-base\"\n\t\t\t\n\t\t>\n<div class=\"siteorigin-widget-tinymce textwidget\">\n\t<h4 style=\"text-align: center\"><strong>T\u00f3pico 4<\/strong><\/h4>\n<h4 style=\"text-align: center\"><strong>Materiales Polim\u00e9ricos, Compuestos y Materiales Blandos<\/strong><\/h4>\n<\/div>\n<\/div><\/div><\/div><\/div><div id=\"pg-116-2\"  class=\"panel-grid panel-no-style\" ><div id=\"pgc-116-2-0\"  class=\"panel-grid-cell\" ><div id=\"panel-116-2-0-0\" class=\"widget_text so-panel widget widget_custom_html panel-first-child panel-last-child\" data-index=\"5\" ><div class=\"textwidget custom-html-widget\"><div style=\"text-align:center;margin-top:10px\">\n  <a href=\"https:\/\/forms.gle\/JJm835SqMV8vVPm56\" target=\"_blank\" style=\"background:#144931;color:#E7DDB9;font-family:Montserrat, sans-serif;font-weight:700;font-size:16px;padding:14px 26px;border-radius:10px;text-decoration:none;border:2px solid #144931\">\n  Formulario T\u00f3pico 1\n  <\/a>\n<\/div><\/div><\/div><\/div><div id=\"pgc-116-2-1\"  class=\"panel-grid-cell\" ><div id=\"panel-116-2-1-0\" class=\"widget_text so-panel widget widget_custom_html panel-first-child panel-last-child\" data-index=\"6\" ><div class=\"textwidget custom-html-widget\"><div style=\"text-align:center;margin-top:10px\">\n  <a href=\"https:\/\/forms.gle\/SSCgPdCUiiMt4dRs7\" target=\"_blank\" style=\"background:#144931;color:#E7DDB9;font-family:Montserrat, sans-serif;font-weight:700;font-size:16px;padding:14px 26px;border-radius:10px;text-decoration:none;border:2px solid #144931\">\n  Formulario T\u00f3pico 2\n  <\/a>\n<\/div><\/div><\/div><\/div><div id=\"pgc-116-2-2\"  class=\"panel-grid-cell\" ><div id=\"panel-116-2-2-0\" class=\"widget_text so-panel widget widget_custom_html panel-first-child panel-last-child\" data-index=\"7\" ><div class=\"textwidget custom-html-widget\"><div style=\"text-align:center;margin-top:10px\">\n  <a href=\"https:\/\/forms.gle\/sy5ejUq5xwXGMGw6A\" target=\"_blank\" style=\"background:#144931;color:#E7DDB9;font-family:Montserrat, sans-serif;font-weight:700;font-size:16px;padding:14px 26px;border-radius:10px;text-decoration:none;border:2px solid #144931\">\n  Formulario T\u00f3pico 3\n  <\/a>\n<\/div><\/div><\/div><\/div><div id=\"pgc-116-2-3\"  class=\"panel-grid-cell\" ><div id=\"panel-116-2-3-0\" class=\"widget_text so-panel widget widget_custom_html panel-first-child panel-last-child\" data-index=\"8\" ><div class=\"textwidget custom-html-widget\"><div style=\"text-align:center;margin-top:10px\">\n  <a href=\"https:\/\/forms.gle\/auvisW6XUaLufYuJA\" target=\"_blank\" style=\"background:#144931;color:#E7DDB9;font-family:Montserrat, sans-serif;font-weight:700;font-size:16px;padding:14px 26px;border-radius:10px;text-decoration:none;border:2px solid #144931\">\n  Formulario T\u00f3pico 4\n  <\/a>\n<\/div><\/div><\/div><\/div><\/div><div id=\"pg-116-3\"  class=\"panel-grid panel-no-style\" ><div id=\"pgc-116-3-0\"  class=\"panel-grid-cell panel-grid-cell-empty\" ><\/div><\/div><div id=\"pg-116-4\"  class=\"panel-grid panel-no-style\" ><div id=\"pgc-116-4-0\"  class=\"panel-grid-cell\" ><div id=\"panel-116-4-0-0\" class=\"so-panel widget widget_sow-editor panel-first-child panel-last-child\" data-index=\"9\" ><div\n\t\t\t\n\t\t\tclass=\"so-widget-sow-editor so-widget-sow-editor-base\"\n\t\t\t\n\t\t>\n<div class=\"siteorigin-widget-tinymce textwidget\">\n\t<h4 style=\"text-align: center\"><strong>T\u00f3pico 5<\/strong><\/h4>\n<h4 style=\"text-align: center\"><strong>Nanomateriales, Pel\u00edculas Delgadas e Ingenier\u00eda de Superficies<\/strong><\/h4>\n<\/div>\n<\/div><\/div><\/div><div id=\"pgc-116-4-1\"  class=\"panel-grid-cell\" ><div id=\"panel-116-4-1-0\" class=\"so-panel widget widget_sow-editor panel-first-child panel-last-child\" data-index=\"10\" ><div\n\t\t\t\n\t\t\tclass=\"so-widget-sow-editor so-widget-sow-editor-base\"\n\t\t\t\n\t\t>\n<div class=\"siteorigin-widget-tinymce textwidget\">\n\t<h4 style=\"text-align: center\"><strong>T\u00f3pico 6<\/strong><\/h4>\n<h4 style=\"text-align: center\"><strong>Degradaci\u00f3n, Protecci\u00f3n e Integridad de Materiales<\/strong><\/h4>\n<h4><\/h4>\n<\/div>\n<\/div><\/div><\/div><div id=\"pgc-116-4-2\"  class=\"panel-grid-cell\" ><div id=\"panel-116-4-2-0\" class=\"so-panel widget widget_sow-editor panel-first-child panel-last-child\" data-index=\"11\" ><div\n\t\t\t\n\t\t\tclass=\"so-widget-sow-editor so-widget-sow-editor-base\"\n\t\t\t\n\t\t>\n<div class=\"siteorigin-widget-tinymce textwidget\">\n\t<h4 style=\"text-align: center\"><strong>T\u00f3pico 7<\/strong><\/h4>\n<h4 style=\"text-align: center\"><strong>Materiales para Energ\u00eda y Tecnolog\u00edas Sostenibles<\/strong><\/h4>\n<\/div>\n<\/div><\/div><\/div><div id=\"pgc-116-4-3\"  class=\"panel-grid-cell\" ><div id=\"panel-116-4-3-0\" class=\"so-panel widget widget_sow-editor panel-first-child panel-last-child\" data-index=\"12\" ><div\n\t\t\t\n\t\t\tclass=\"so-widget-sow-editor so-widget-sow-editor-base\"\n\t\t\t\n\t\t>\n<div class=\"siteorigin-widget-tinymce textwidget\">\n\t<h4 style=\"text-align: center\"><strong>T\u00f3pico 8<\/strong><\/h4>\n<h4 style=\"text-align: center\"><strong>Materiales Biom\u00e9dicos y para la Salud<\/strong><\/h4>\n<\/div>\n<\/div><\/div><\/div><\/div><div id=\"pg-116-5\"  class=\"panel-grid panel-no-style\" ><div id=\"pgc-116-5-0\"  class=\"panel-grid-cell\" ><div id=\"panel-116-5-0-0\" class=\"widget_text so-panel widget widget_custom_html panel-first-child panel-last-child\" data-index=\"13\" ><div class=\"textwidget custom-html-widget\"><div style=\"text-align:center;margin-top:10px\">\n  <a href=\"https:\/\/forms.gle\/Z3yCmUEmq32AAccSA\" target=\"_blank\" style=\"background:#144931;color:#E7DDB9;font-family:Montserrat, sans-serif;font-weight:700;font-size:16px;padding:14px 26px;border-radius:10px;text-decoration:none;border:2px solid #144931\">\n  Formulario T\u00f3pico 5\n  <\/a>\n<\/div><\/div><\/div><\/div><div id=\"pgc-116-5-1\"  class=\"panel-grid-cell\" ><div id=\"panel-116-5-1-0\" class=\"widget_text so-panel widget widget_custom_html panel-first-child panel-last-child\" data-index=\"14\" ><div class=\"textwidget custom-html-widget\"><div style=\"text-align:center;margin-top:10px\">\n  <a href=\"https:\/\/forms.gle\/Svv5hUJ3kaditYpf7\" target=\"_blank\" style=\"background:#144931;color:#E7DDB9;font-family:Montserrat, sans-serif;font-weight:700;font-size:16px;padding:14px 26px;border-radius:10px;text-decoration:none;border:2px solid #144931\">\n  Formulario T\u00f3pico 6\n  <\/a>\n<\/div><\/div><\/div><\/div><div id=\"pgc-116-5-2\"  class=\"panel-grid-cell\" ><div id=\"panel-116-5-2-0\" class=\"widget_text so-panel widget widget_custom_html panel-first-child panel-last-child\" data-index=\"15\" ><div class=\"textwidget custom-html-widget\"><div style=\"text-align:center;margin-top:10px\">\n  <a href=\"https:\/\/forms.gle\/sTGTzNPWzXLWerpq5\" target=\"_blank\" style=\"background:#144931;color:#E7DDB9;font-family:Montserrat, sans-serif;font-weight:700;font-size:16px;padding:14px 26px;border-radius:10px;text-decoration:none;border:2px solid #144931\">\n  Formulario T\u00f3pico 7\n  <\/a>\n<\/div><\/div><\/div><\/div><div id=\"pgc-116-5-3\"  class=\"panel-grid-cell\" ><div id=\"panel-116-5-3-0\" class=\"widget_text so-panel widget widget_custom_html panel-first-child panel-last-child\" data-index=\"16\" ><div class=\"textwidget custom-html-widget\"><div style=\"text-align:center;margin-top:10px\">\n  <a href=\"https:\/\/forms.gle\/ZiWNAjbGPJ9Y1PQm9\" target=\"_blank\" style=\"background:#144931;color:#E7DDB9;font-family:Montserrat, sans-serif;font-weight:700;font-size:16px;padding:14px 26px;border-radius:10px;text-decoration:none;border:2px solid #144931\">\n  Formulario T\u00f3pico 8\n  <\/a>\n<\/div><\/div><\/div><\/div><\/div><div id=\"pg-116-6\"  class=\"panel-grid panel-no-style\" ><div id=\"pgc-116-6-0\"  class=\"panel-grid-cell panel-grid-cell-empty\" ><\/div><\/div><div id=\"pg-116-7\"  class=\"panel-grid panel-no-style\" ><div id=\"pgc-116-7-0\"  class=\"panel-grid-cell\" ><div id=\"panel-116-7-0-0\" class=\"so-panel widget widget_sow-editor panel-first-child panel-last-child\" data-index=\"17\" ><div\n\t\t\t\n\t\t\tclass=\"so-widget-sow-editor so-widget-sow-editor-base\"\n\t\t\t\n\t\t>\n<div class=\"siteorigin-widget-tinymce textwidget\">\n\t<h4 style=\"text-align: center\"><strong>T\u00f3pico 9<\/strong><\/h4>\n<h4 style=\"text-align: center\"><strong>Materiales Biobasados, Biodegradables y para Bioeconom\u00eda<\/strong><\/h4>\n<\/div>\n<\/div><\/div><\/div><div id=\"pgc-116-7-1\"  class=\"panel-grid-cell\" ><div id=\"panel-116-7-1-0\" class=\"so-panel widget widget_sow-editor panel-first-child panel-last-child\" data-index=\"18\" ><div\n\t\t\t\n\t\t\tclass=\"so-widget-sow-editor so-widget-sow-editor-base\"\n\t\t\t\n\t\t>\n<div class=\"siteorigin-widget-tinymce textwidget\">\n\t<h4 style=\"text-align: center\"><strong>T\u00f3pico 10<\/strong><\/h4>\n<h4 style=\"text-align: center\"><strong>Materiales para Construcci\u00f3n Civil e Infraestructura<\/strong><\/h4>\n<p>&nbsp;<\/p>\n<\/div>\n<\/div><\/div><\/div><div id=\"pgc-116-7-2\"  class=\"panel-grid-cell\" ><div id=\"panel-116-7-2-0\" class=\"so-panel widget widget_sow-editor panel-first-child panel-last-child\" data-index=\"19\" ><div\n\t\t\t\n\t\t\tclass=\"so-widget-sow-editor so-widget-sow-editor-base\"\n\t\t\t\n\t\t>\n<div class=\"siteorigin-widget-tinymce textwidget\">\n\t<h4 style=\"text-align: center\"><strong>T\u00f3pico 11<\/strong><\/h4>\n<h4 style=\"text-align: center\"><strong>Modelado, Simulaci\u00f3n y Ciencia de Datos Aplicada a Materiales<\/strong><\/h4>\n<\/div>\n<\/div><\/div><\/div><div id=\"pgc-116-7-3\"  class=\"panel-grid-cell\" ><div id=\"panel-116-7-3-0\" class=\"so-panel widget widget_sow-editor panel-first-child panel-last-child\" data-index=\"20\" ><div\n\t\t\t\n\t\t\tclass=\"so-widget-sow-editor so-widget-sow-editor-base\"\n\t\t\t\n\t\t>\n<div class=\"siteorigin-widget-tinymce textwidget\">\n\t<h4 style=\"text-align: center\"><strong>T\u00f3pico 12<\/strong><\/h4>\n<h4 style=\"text-align: center\"><strong>Historia, Patrimonio y Educaci\u00f3n en Ciencia de Materiales<\/strong><\/h4>\n<\/div>\n<\/div><\/div><\/div><\/div><div id=\"pg-116-8\"  class=\"panel-grid panel-no-style\" ><div id=\"pgc-116-8-0\"  class=\"panel-grid-cell\" ><div id=\"panel-116-8-0-0\" class=\"widget_text so-panel widget widget_custom_html panel-first-child panel-last-child\" data-index=\"21\" ><div class=\"textwidget custom-html-widget\"><div style=\"text-align:center;margin-top:10px\">\n  <a href=\"https:\/\/forms.gle\/HhvmAALJX32beDEQA\" target=\"_blank\" style=\"background:#144931;color:#E7DDB9;font-family:Montserrat, sans-serif;font-weight:700;font-size:16px;padding:14px 26px;border-radius:10px;text-decoration:none;border:2px solid #144931\">\n  Formulario T\u00f3pico 9\n  <\/a>\n<\/div><\/div><\/div><\/div><div id=\"pgc-116-8-1\"  class=\"panel-grid-cell\" ><div id=\"panel-116-8-1-0\" class=\"widget_text so-panel widget widget_custom_html panel-first-child panel-last-child\" data-index=\"22\" ><div class=\"textwidget custom-html-widget\"><div style=\"text-align:center;margin-top:10px\">\n  <a href=\"https:\/\/forms.gle\/nb9TUGKXeregRBVC6\" target=\"_blank\" style=\"background:#144931;color:#E7DDB9;font-family:Montserrat, sans-serif;font-weight:700;font-size:16px;padding:14px 26px;border-radius:10px;text-decoration:none;border:2px solid #144931\">\n  Formulario T\u00f3pico 10\n  <\/a>\n<\/div><\/div><\/div><\/div><div id=\"pgc-116-8-2\"  class=\"panel-grid-cell\" ><div id=\"panel-116-8-2-0\" class=\"widget_text so-panel widget widget_custom_html panel-first-child panel-last-child\" data-index=\"23\" ><div class=\"textwidget custom-html-widget\"><div style=\"text-align:center;margin-top:10px\">\n  <a href=\"https:\/\/forms.gle\/cWfrgFB6dmb26nGJ9\" target=\"_blank\" style=\"background:#144931;color:#E7DDB9;font-family:Montserrat, sans-serif;font-weight:700;font-size:16px;padding:14px 26px;border-radius:10px;text-decoration:none;border:2px solid #144931\">\n  Formulario T\u00f3pico 11\n  <\/a>\n<\/div><\/div><\/div><\/div><div id=\"pgc-116-8-3\"  class=\"panel-grid-cell\" ><div id=\"panel-116-8-3-0\" class=\"widget_text so-panel widget widget_custom_html panel-first-child panel-last-child\" data-index=\"24\" ><div class=\"textwidget custom-html-widget\"><div style=\"text-align:center;margin-top:10px\">\n  <a href=\"https:\/\/forms.gle\/2qp14WCWBXw3zg2N6\" target=\"_blank\" style=\"background:#144931;color:#E7DDB9;font-family:Montserrat, sans-serif;font-weight:700;font-size:16px;padding:14px 26px;border-radius:10px;text-decoration:none;border:2px solid #144931\">\n  Formulario T\u00f3pico 12\n  <\/a>\n<\/div><\/div><\/div><\/div><\/div><\/div>","protected":false},"excerpt":{"rendered":"<p>El env\u00edo de res\u00famenes se realizar\u00e1 mediante formularios independientes para cada t\u00f3pico del congreso. Para acceder al formulario correspondiente, deber\u00e1 seleccionar y hacer clic en el bot\u00f3n del t\u00f3pico de su inter\u00e9s, que se listan a continuaci\u00f3n. Cada bot\u00f3n lo dirigir\u00e1 al formulario de Google asociado, donde podr\u00e1 completar la informaci\u00f3n requerida y cargar su [&hellip;]<\/p>\n","protected":false},"author":262,"featured_media":0,"parent":0,"menu_order":0,"comment_status":"closed","ping_status":"closed","template":"","meta":{"advgb_blocks_editor_width":"","advgb_blocks_columns_visual_guide":"","footnotes":""},"class_list":["post-116","page","type-page","status-publish","hentry","post"],"aioseo_notices":[],"coauthors":[],"author_meta":{"author_link":"https:\/\/congresos.unlp.edu.ar\/sam-conamet2026\/author\/lucasmelia\/","display_name":"lucasmelia"},"relative_dates":{"created":"Posted 1 mes ago","modified":"Updated 3 semanas ago"},"absolute_dates":{"created":"Posted on 5 marzo, 2026","modified":"Updated on 20 marzo, 2026"},"absolute_dates_time":{"created":"Posted on 5 marzo, 2026 11:56 am","modified":"Updated on 20 marzo, 2026 9:57 am"},"featured_img_caption":"","featured_img":false,"series_order":"","_links":{"self":[{"href":"https:\/\/congresos.unlp.edu.ar\/sam-conamet2026\/wp-json\/wp\/v2\/pages\/116","targetHints":{"allow":["GET"]}}],"collection":[{"href":"https:\/\/congresos.unlp.edu.ar\/sam-conamet2026\/wp-json\/wp\/v2\/pages"}],"about":[{"href":"https:\/\/congresos.unlp.edu.ar\/sam-conamet2026\/wp-json\/wp\/v2\/types\/page"}],"author":[{"embeddable":true,"href":"https:\/\/congresos.unlp.edu.ar\/sam-conamet2026\/wp-json\/wp\/v2\/users\/262"}],"replies":[{"embeddable":true,"href":"https:\/\/congresos.unlp.edu.ar\/sam-conamet2026\/wp-json\/wp\/v2\/comments?post=116"}],"version-history":[{"count":0,"href":"https:\/\/congresos.unlp.edu.ar\/sam-conamet2026\/wp-json\/wp\/v2\/pages\/116\/revisions"}],"wp:attachment":[{"href":"https:\/\/congresos.unlp.edu.ar\/sam-conamet2026\/wp-json\/wp\/v2\/media?parent=116"}],"curies":[{"name":"wp","href":"https:\/\/api.w.org\/{rel}","templated":true}]}}