{"id":11,"date":"2026-02-18T11:12:09","date_gmt":"2026-02-18T14:12:09","guid":{"rendered":"https:\/\/congresos.unlp.edu.ar\/conamet2026\/?page_id=11"},"modified":"2026-03-09T11:02:45","modified_gmt":"2026-03-09T14:02:45","slug":"inicio","status":"publish","type":"page","link":"https:\/\/congresos.unlp.edu.ar\/sam-conamet2026\/","title":{"rendered":"Inicio"},"content":{"rendered":"<div id=\"pl-11\"  class=\"panel-layout\" ><div id=\"pg-11-0\"  class=\"panel-grid panel-no-style\" ><div id=\"pgc-11-0-0\"  class=\"panel-grid-cell\" ><div id=\"panel-11-0-0-0\" class=\"so-panel widget widget_sow-editor panel-first-child panel-last-child\" data-index=\"0\" ><div\n\t\t\t\n\t\t\tclass=\"so-widget-sow-editor so-widget-sow-editor-base\"\n\t\t\t\n\t\t>\n<div class=\"siteorigin-widget-tinymce textwidget\">\n\t<h2><strong>\u00a1Se acerca la SAM-CONAMET 2026!<\/strong><\/h2>\n<h3>Nos complace anunciar la<strong> XXIV edici\u00f3n del Congreso Internacional de Metalurgia y Materiales SAM\u2013CONAMET 2026<\/strong>, que se realizar\u00e1 del 6 al 9 de octubre de 2026 en la ciudad de La Plata (Buenos Aires, Argentina), en el <strong>Edificio Sergio Karakachoff de la Universidad Nacional de La Plata<\/strong>.<\/h3>\n<h3>El SAM\u2013CONAMET es una de las principales conferencias latinoamericanas dedicadas a la investigaci\u00f3n, el desarrollo tecnol\u00f3gico y las aplicaciones en metalurgia y ciencia e ingenier\u00eda de materiales. Se trata de una reuni\u00f3n de car\u00e1cter internacional orientada a la presentaci\u00f3n y discusi\u00f3n de los avances m\u00e1s recientes, as\u00ed como a la identificaci\u00f3n de nuevos desaf\u00edos en el \u00e1rea. El congreso constituye, adem\u00e1s, un \u00e1mbito especialmente propicio para fortalecer v\u00ednculos entre la comunidad cient\u00edfica y el sector productivo, promoviendo el intercambio y la colaboraci\u00f3n.<\/h3>\n<\/div>\n<\/div><\/div><\/div><\/div><\/div>","protected":false},"excerpt":{"rendered":"<p>\u00a1Se acerca la SAM-CONAMET 2026! Nos complace anunciar la XXIV edici\u00f3n del Congreso Internacional de Metalurgia y Materiales SAM\u2013CONAMET 2026, que se realizar\u00e1 del 6 al 9 de octubre de 2026 en la ciudad de La Plata (Buenos Aires, Argentina), en el Edificio Sergio Karakachoff de la Universidad Nacional de La Plata. El SAM\u2013CONAMET es [&hellip;]<\/p>\n","protected":false},"author":2,"featured_media":0,"parent":0,"menu_order":0,"comment_status":"closed","ping_status":"closed","template":"home-panels.php","meta":{"advgb_blocks_editor_width":"","advgb_blocks_columns_visual_guide":"","footnotes":""},"class_list":["post-11","page","type-page","status-publish","hentry","post"],"aioseo_notices":[],"coauthors":[],"author_meta":{"author_link":"https:\/\/congresos.unlp.edu.ar\/sam-conamet2026\/author\/congresos\/","display_name":"congresos"},"relative_dates":{"created":"Posted 2 meses ago","modified":"Updated 1 mes ago"},"absolute_dates":{"created":"Posted on 18 febrero, 2026","modified":"Updated on 9 marzo, 2026"},"absolute_dates_time":{"created":"Posted on 18 febrero, 2026 11:12 am","modified":"Updated on 9 marzo, 2026 11:02 am"},"featured_img_caption":"","featured_img":false,"series_order":"","_links":{"self":[{"href":"https:\/\/congresos.unlp.edu.ar\/sam-conamet2026\/wp-json\/wp\/v2\/pages\/11","targetHints":{"allow":["GET"]}}],"collection":[{"href":"https:\/\/congresos.unlp.edu.ar\/sam-conamet2026\/wp-json\/wp\/v2\/pages"}],"about":[{"href":"https:\/\/congresos.unlp.edu.ar\/sam-conamet2026\/wp-json\/wp\/v2\/types\/page"}],"author":[{"embeddable":true,"href":"https:\/\/congresos.unlp.edu.ar\/sam-conamet2026\/wp-json\/wp\/v2\/users\/2"}],"replies":[{"embeddable":true,"href":"https:\/\/congresos.unlp.edu.ar\/sam-conamet2026\/wp-json\/wp\/v2\/comments?post=11"}],"version-history":[{"count":0,"href":"https:\/\/congresos.unlp.edu.ar\/sam-conamet2026\/wp-json\/wp\/v2\/pages\/11\/revisions"}],"wp:attachment":[{"href":"https:\/\/congresos.unlp.edu.ar\/sam-conamet2026\/wp-json\/wp\/v2\/media?parent=11"}],"curies":[{"name":"wp","href":"https:\/\/api.w.org\/{rel}","templated":true}]}}