{"id":24,"date":"2024-03-21T14:05:43","date_gmt":"2024-03-21T17:05:43","guid":{"rendered":"https:\/\/congresos.unlp.edu.ar\/saifocis2024\/?page_id=24"},"modified":"2024-04-24T14:06:37","modified_gmt":"2024-04-24T17:06:37","slug":"pautas","status":"publish","type":"page","link":"https:\/\/congresos.unlp.edu.ar\/saifocis2024\/pautas\/","title":{"rendered":"Pautas"},"content":{"rendered":"<p>Quienes deseen participar del encuentro como alumnos del curso de posgrado \u201cAvances en Inmunolog\u00eda Traslacional\u201d deber\u00e1n realizar la presentaci\u00f3n de un<strong> poster<\/strong> donde se expongan el\/los proyectos de investigaci\u00f3n del cual forma parte,\u00a0 la propuesta de doctorado, postdoctorado o de Carrera de Investigador Cient\u00edfico. <strong>Al momento de la inscripci\u00f3n deber\u00e1n presentar de manera obligatoria un resumen del mismo<\/strong>. La idea de la presentaci\u00f3n de poster es que sea una instancia de intercambio en la cual se pueda dar a conocer la l\u00ednea de investigaci\u00f3n en la que se inserta el participante. De acuerdo al grado de avance podr\u00e1n ser presentados tanto el plan de tesis, los antecedentes de la l\u00ednea de investigaci\u00f3n, los resultados preliminares o los nuevos resultados obtenidos por el alumno u otros. Con estas actividades se busca fomentar la participaci\u00f3n y el entrenamiento en la presentaci\u00f3n de trabajos en reuniones cient\u00edficas.<\/p>\n<p><strong><u>Pautas para la presentaci\u00f3n de los trabajos: <\/u><\/strong><\/p>\n<p><strong><u>Resumen: <\/u><\/strong><\/p>\n<ul>\n<li>Debe incluir el t\u00edtulo del trabajo de no m\u00e1s de 150 caracteres con espacio.<\/li>\n<li>Debe incluir el nombre del autor y la filiaci\u00f3n<\/li>\n<li>El cuerpo debe tener una extensi\u00f3n m\u00e1xima de 2000 caracteres con espacios.<\/li>\n<li>Debe ser presentado en espa\u00f1ol.<\/li>\n<li>Debe ser adjuntado al momento de la inscripci\u00f3n a trav\u00e9s del formulario \u201cenv\u00edo de res\u00famenes\u201d.<\/li>\n<\/ul>\n<p><strong><u>Poster:<\/u><\/strong><\/p>\n<ul>\n<li>Deber\u00e1 contar con un t\u00edtulo de no m\u00e1s de 150 caracteres con espacio.<\/li>\n<li>Deben figurar nombre y filiaciones del autor y de los becarios, becarias, directores u otros integrantes que consideren.<\/li>\n<li>Deber\u00e1n presentarse los antecedentes del proyecto de investigaci\u00f3n, los fundamentos y objetivos, as\u00ed como la metodolog\u00eda a utilizar y, en caso que los hubiera, los resultados previos que la sustentan.<\/li>\n<li>El idioma de presentaci\u00f3n ser\u00e1 castellano.<\/li>\n<li>El poster deber\u00e1 tener un formato vertical y no deber\u00e1 superar los 90cm de ancho y los 120cm de largo.<\/li>\n<\/ul>\n","protected":false},"excerpt":{"rendered":"<p>Quienes deseen participar del encuentro como alumnos del curso de posgrado \u201cAvances en Inmunolog\u00eda Traslacional\u201d deber\u00e1n realizar la presentaci\u00f3n de un poster donde se expongan el\/los proyectos de investigaci\u00f3n del cual forma parte,\u00a0 la propuesta de doctorado, postdoctorado o de Carrera de Investigador Cient\u00edfico. Al momento de la inscripci\u00f3n deber\u00e1n presentar de manera obligatoria un [&hellip;]<\/p>\n","protected":false},"author":202,"featured_media":0,"parent":0,"menu_order":0,"comment_status":"closed","ping_status":"closed","template":"","meta":{"advgb_blocks_editor_width":"","advgb_blocks_columns_visual_guide":"","footnotes":""},"class_list":["post-24","page","type-page","status-publish","hentry","post"],"aioseo_notices":[],"coauthors":[],"author_meta":{"author_link":"https:\/\/congresos.unlp.edu.ar\/saifocis2024\/author\/ssoler\/","display_name":"ssoler"},"relative_dates":{"created":"Posted 2 a\u00f1os ago","modified":"Updated 2 a\u00f1os ago"},"absolute_dates":{"created":"Posted on 21 marzo, 2024","modified":"Updated on 24 abril, 2024"},"absolute_dates_time":{"created":"Posted on 21 marzo, 2024 2:05 pm","modified":"Updated on 24 abril, 2024 2:06 pm"},"featured_img_caption":"","featured_img":false,"series_order":"","_links":{"self":[{"href":"https:\/\/congresos.unlp.edu.ar\/saifocis2024\/wp-json\/wp\/v2\/pages\/24","targetHints":{"allow":["GET"]}}],"collection":[{"href":"https:\/\/congresos.unlp.edu.ar\/saifocis2024\/wp-json\/wp\/v2\/pages"}],"about":[{"href":"https:\/\/congresos.unlp.edu.ar\/saifocis2024\/wp-json\/wp\/v2\/types\/page"}],"author":[{"embeddable":true,"href":"https:\/\/congresos.unlp.edu.ar\/saifocis2024\/wp-json\/wp\/v2\/users\/202"}],"replies":[{"embeddable":true,"href":"https:\/\/congresos.unlp.edu.ar\/saifocis2024\/wp-json\/wp\/v2\/comments?post=24"}],"version-history":[{"count":0,"href":"https:\/\/congresos.unlp.edu.ar\/saifocis2024\/wp-json\/wp\/v2\/pages\/24\/revisions"}],"wp:attachment":[{"href":"https:\/\/congresos.unlp.edu.ar\/saifocis2024\/wp-json\/wp\/v2\/media?parent=24"}],"curies":[{"name":"wp","href":"https:\/\/api.w.org\/{rel}","templated":true}]}}