{"id":23,"date":"2024-03-21T14:05:43","date_gmt":"2024-03-21T17:05:43","guid":{"rendered":"https:\/\/congresos.unlp.edu.ar\/saifocis2024\/?page_id=23"},"modified":"2024-04-26T17:43:35","modified_gmt":"2024-04-26T20:43:35","slug":"fechas-de-inscripcion","status":"publish","type":"page","link":"https:\/\/congresos.unlp.edu.ar\/saifocis2024\/fechas-de-inscripcion\/","title":{"rendered":"Fechas de inscripci\u00f3n"},"content":{"rendered":"<p>Todos los interesados en participar del evento deber\u00e1n <strong>inscribirse<\/strong>\u00a0 entre el <strong>9 y 30 de abril<\/strong> completando el <a href=\"https:\/\/docs.google.com\/forms\/d\/e\/1FAIpQLSdWuYJZywx-Fort6mNBqgSGcbZXSBM85pDI9cb-b2zXjk_Z7g\/viewform\" target=\"_blank\" rel=\"noopener\"><strong>formulario de inscripci\u00f3n<\/strong><\/a>.<\/p>\n<p>Aquellos que deseen inscribirse como alumnos de <strong>curso de posgrado<\/strong> para recibir la certificaci\u00f3n correspondiente deber\u00e1n adem\u00e1s completar el <a href=\"https:\/\/docs.google.com\/forms\/d\/e\/1FAIpQLSdJ-cBaSuD3HnseJ9PieUn6yzwgxYdgq8nKQyyPqYo-YVi_6g\" target=\"_blank\" rel=\"noopener\"><strong>formulario de env\u00edo<\/strong><\/a>\u00a0que se encontrar\u00e1 disponible en las mismas fechas.<\/p>\n","protected":false},"excerpt":{"rendered":"<p>Todos los interesados en participar del evento deber\u00e1n inscribirse\u00a0 entre el 9 y 30 de abril completando el formulario de inscripci\u00f3n. Aquellos que deseen inscribirse como alumnos de curso de posgrado para recibir la certificaci\u00f3n correspondiente deber\u00e1n adem\u00e1s completar el formulario de env\u00edo\u00a0que se encontrar\u00e1 disponible en las mismas fechas.<\/p>\n","protected":false},"author":202,"featured_media":0,"parent":0,"menu_order":0,"comment_status":"closed","ping_status":"closed","template":"","meta":{"advgb_blocks_editor_width":"","advgb_blocks_columns_visual_guide":"","footnotes":""},"class_list":["post-23","page","type-page","status-publish","hentry","post"],"aioseo_notices":[],"coauthors":[],"author_meta":{"author_link":"https:\/\/congresos.unlp.edu.ar\/saifocis2024\/author\/ssoler\/","display_name":"ssoler"},"relative_dates":{"created":"Posted 2 a\u00f1os ago","modified":"Updated 2 a\u00f1os ago"},"absolute_dates":{"created":"Posted on 21 marzo, 2024","modified":"Updated on 26 abril, 2024"},"absolute_dates_time":{"created":"Posted on 21 marzo, 2024 2:05 pm","modified":"Updated on 26 abril, 2024 5:43 pm"},"featured_img_caption":"","featured_img":false,"series_order":"","_links":{"self":[{"href":"https:\/\/congresos.unlp.edu.ar\/saifocis2024\/wp-json\/wp\/v2\/pages\/23","targetHints":{"allow":["GET"]}}],"collection":[{"href":"https:\/\/congresos.unlp.edu.ar\/saifocis2024\/wp-json\/wp\/v2\/pages"}],"about":[{"href":"https:\/\/congresos.unlp.edu.ar\/saifocis2024\/wp-json\/wp\/v2\/types\/page"}],"author":[{"embeddable":true,"href":"https:\/\/congresos.unlp.edu.ar\/saifocis2024\/wp-json\/wp\/v2\/users\/202"}],"replies":[{"embeddable":true,"href":"https:\/\/congresos.unlp.edu.ar\/saifocis2024\/wp-json\/wp\/v2\/comments?post=23"}],"version-history":[{"count":0,"href":"https:\/\/congresos.unlp.edu.ar\/saifocis2024\/wp-json\/wp\/v2\/pages\/23\/revisions"}],"wp:attachment":[{"href":"https:\/\/congresos.unlp.edu.ar\/saifocis2024\/wp-json\/wp\/v2\/media?parent=23"}],"curies":[{"name":"wp","href":"https:\/\/api.w.org\/{rel}","templated":true}]}}