{"id":21,"date":"2024-03-21T14:05:43","date_gmt":"2024-03-21T17:05:43","guid":{"rendered":"https:\/\/congresos.unlp.edu.ar\/saifocis2024\/?page_id=21"},"modified":"2024-04-26T17:44:58","modified_gmt":"2024-04-26T20:44:58","slug":"curso-de-posgrado","status":"publish","type":"page","link":"https:\/\/congresos.unlp.edu.ar\/saifocis2024\/curso-de-posgrado\/","title":{"rendered":"Curso de posgrado"},"content":{"rendered":"<div id=\"pl-21\"  class=\"panel-layout\" ><div id=\"pg-21-0\"  class=\"panel-grid panel-no-style\" ><div id=\"pgc-21-0-0\"  class=\"panel-grid-cell\" ><div id=\"panel-21-0-0-0\" class=\"so-panel widget widget_sow-editor panel-first-child panel-last-child\" data-index=\"0\" ><div\n\t\t\t\n\t\t\tclass=\"so-widget-sow-editor so-widget-sow-editor-base\"\n\t\t\t\n\t\t>\n<div class=\"siteorigin-widget-tinymce textwidget\">\n\t<p>Las actividades del evento \u201cAvances en Inmunolog\u00eda Traslacional\u201d \u00a0podr\u00e1n ser desarrolladas como curso de posgrado certificado por la Facultad de Ciencias Exactas de la UNLP. \u00a0Para ello los interesados deber\u00e1n cumplir con los siguientes requisitos:<\/p>\n<ul>\n<li><strong>Insc<span style=\"color: #333333\">ripci\u00f3<\/span>n<\/strong>: la inscripci\u00f3n al curso es obligatoria y ser\u00e1 realizada a trav\u00e9s de un formulario que podr\u00e1 encontrar en la solapa de inscripci\u00f3n. El formulario estar\u00e1 disponible del 9 al 30 de abril.<\/li>\n<li>Los alumnos deber\u00e1n asistir de manera obligatoria a las 4 jornadas del evento para cumplimentar una carga horaria de 30 hs.<\/li>\n<li>Los alumnos deber\u00e1n presentar un trabajo en formato poster de elaboraci\u00f3n propia donde expongan su proyecto de investigaci\u00f3n. La exposici\u00f3n tendr\u00e1 lugar el d\u00eda de las jornadas SAI y formar\u00e1 parte del proceso de evaluaci\u00f3n.<\/li>\n<li>Al momento de la inscripci\u00f3n deber\u00e1n adjuntar un resumen del trabajo a presentar para lo cual deber\u00e1n completar el <a href=\"https:\/\/docs.google.com\/forms\/d\/e\/1FAIpQLSdJ-cBaSuD3HnseJ9PieUn6yzwgxYdgq8nKQyyPqYo-YVi_6g\/alreadyresponded\" target=\"_blank\" rel=\"noopener\">formulario de env\u00edo<\/a> que encontrar\u00e1 en la solapa \u201cpresentaci\u00f3n de trabajos.\u201d El formulario estar\u00e1 disponible del 9 al 26 de abril. Podr\u00e1n encontrar las pautas para presentaci\u00f3n de resumen y trabajo en formato poster en la secci\u00f3n <a href=\"https:\/\/congresos.unlp.edu.ar\/saifocis2024\/pautas\/\" target=\"_blank\" rel=\"noopener\">\"presentaci\u00f3n de trabajos\"<\/a>.<\/li>\n<li><strong>Adem\u00e1s de la presentaci\u00f3n de su proyecto de investigaci\u00f3n los alumnos deber\u00e1n completar el proceso de evaluaci\u00f3n a trav\u00e9s de la realizaci\u00f3n de un examen final.<\/strong><\/li>\n<li><strong><span style=\"color: #333333\">Arancelamiento<\/span>:<\/strong> El curso es gratuito para estudiantes de doctorado de la Facultad de Ciencias Exactas de La Plata y miembros de la Sociedad Argentina de Inmunolog\u00eda. Para otros participantes, se aplica un arancel de AR$ 20000.<\/li>\n<li>El pago del arancel ser\u00e1 realizado por transferencia a la Fundaci\u00f3n de Ciencias Exactas de la UNLP y <strong>el comprobante deber\u00e1 ser adjuntado al completar el \"<a href=\"https:\/\/docs.google.com\/forms\/d\/e\/1FAIpQLSdJ-cBaSuD3HnseJ9PieUn6yzwgxYdgq8nKQyyPqYo-YVi_6g\" target=\"_blank\" rel=\"noopener\">formulario de env\u00edo<\/a>\u201d<\/strong> dentro de las fechas establecidas.<\/li>\n<\/ul>\n<\/div>\n<\/div><\/div><\/div><\/div><div id=\"pg-21-1\"  class=\"panel-grid panel-no-style\" ><div id=\"pgc-21-1-0\"  class=\"panel-grid-cell panel-grid-cell-empty panel-grid-cell-mobile-last\" ><\/div><div id=\"pgc-21-1-1\"  class=\"panel-grid-cell panel-grid-cell-empty\" ><\/div><\/div><\/div>","protected":false},"excerpt":{"rendered":"<p>Las actividades del evento \u201cAvances en Inmunolog\u00eda Traslacional\u201d \u00a0podr\u00e1n ser desarrolladas como curso de posgrado certificado por la Facultad de Ciencias Exactas de la UNLP. \u00a0Para ello los interesados deber\u00e1n cumplir con los siguientes requisitos: Inscripci\u00f3n: la inscripci\u00f3n al curso es obligatoria y ser\u00e1 realizada a trav\u00e9s de un formulario que podr\u00e1 encontrar en la [&hellip;]<\/p>\n","protected":false},"author":202,"featured_media":0,"parent":0,"menu_order":0,"comment_status":"closed","ping_status":"closed","template":"","meta":{"advgb_blocks_editor_width":"","advgb_blocks_columns_visual_guide":"","footnotes":""},"class_list":["post-21","page","type-page","status-publish","hentry","post"],"aioseo_notices":[],"coauthors":[],"author_meta":{"author_link":"https:\/\/congresos.unlp.edu.ar\/saifocis2024\/author\/ssoler\/","display_name":"ssoler"},"relative_dates":{"created":"Posted 2 a\u00f1os ago","modified":"Updated 2 a\u00f1os ago"},"absolute_dates":{"created":"Posted on 21 marzo, 2024","modified":"Updated on 26 abril, 2024"},"absolute_dates_time":{"created":"Posted on 21 marzo, 2024 2:05 pm","modified":"Updated on 26 abril, 2024 5:44 pm"},"featured_img_caption":"","featured_img":false,"series_order":"","_links":{"self":[{"href":"https:\/\/congresos.unlp.edu.ar\/saifocis2024\/wp-json\/wp\/v2\/pages\/21","targetHints":{"allow":["GET"]}}],"collection":[{"href":"https:\/\/congresos.unlp.edu.ar\/saifocis2024\/wp-json\/wp\/v2\/pages"}],"about":[{"href":"https:\/\/congresos.unlp.edu.ar\/saifocis2024\/wp-json\/wp\/v2\/types\/page"}],"author":[{"embeddable":true,"href":"https:\/\/congresos.unlp.edu.ar\/saifocis2024\/wp-json\/wp\/v2\/users\/202"}],"replies":[{"embeddable":true,"href":"https:\/\/congresos.unlp.edu.ar\/saifocis2024\/wp-json\/wp\/v2\/comments?post=21"}],"version-history":[{"count":0,"href":"https:\/\/congresos.unlp.edu.ar\/saifocis2024\/wp-json\/wp\/v2\/pages\/21\/revisions"}],"wp:attachment":[{"href":"https:\/\/congresos.unlp.edu.ar\/saifocis2024\/wp-json\/wp\/v2\/media?parent=21"}],"curies":[{"name":"wp","href":"https:\/\/api.w.org\/{rel}","templated":true}]}}