{"id":19,"date":"2024-03-21T14:05:43","date_gmt":"2024-03-21T17:05:43","guid":{"rendered":"https:\/\/congresos.unlp.edu.ar\/saifocis2024\/?page_id=19"},"modified":"2024-04-26T17:43:57","modified_gmt":"2024-04-26T20:43:57","slug":"informacion-general","status":"publish","type":"page","link":"https:\/\/congresos.unlp.edu.ar\/saifocis2024\/informacion-general\/","title":{"rendered":"Informaci\u00f3n general"},"content":{"rendered":"<p style=\"text-align: left\">Tenemos el agrado de darles la bienvenida al evento \u201cAvances en Inmunolog\u00eda Traslacional\u201d en el marco de las jornadas de invierno SAI 2024 \u2013 Curso FOCIS GOES SOUTH III a desarrollarse en la ciudad de La Plata (Buenos Aires, Argentina) entre el 6 y el 10 de mayo de 2024.<\/p>\n<p style=\"text-align: left\">Durante 4 d\u00edas contaremos con la participaci\u00f3n de distintos disertantes pertenecientes a los centros representantes del cono sur Latinoam\u00e9rica de FOCIS (Federaci\u00f3n de Organizaciones de Inmunolog\u00eda Cl\u00ednica), la Sociedad Argentina de Inmunolog\u00eda y expertos de la compa\u00f1\u00eda Becton Dickinson quienes nos brindar\u00e1n un recorrido actualizado sobre diversos aspectos de la inmunolog\u00eda con aplicaci\u00f3n en biomedicina y las aplicaciones de la citometr\u00eda de flujo.<\/p>\n<p style=\"text-align: left\">El evento tendr\u00e1 una <strong>modalidad presencial<\/strong> y para asistir los interesados deber\u00e1n inscribirse hasta el 30 de abril completando el formulario que se encuentra en la secci\u00f3n <strong>inscripci\u00f3n<\/strong>. Adem\u00e1s podr\u00e1 optarse por realizar las actividades del evento como <strong>curso de posgrado<\/strong> con certificaci\u00f3n de la <strong>Facultad de Ciencias Exactas de la UNLP<\/strong> para lo cual deber\u00e1 inscribirse como alumno cuando complete el <a href=\"https:\/\/docs.google.com\/forms\/d\/e\/1FAIpQLSdWuYJZywx-Fort6mNBqgSGcbZXSBM85pDI9cb-b2zXjk_Z7g\/viewform\" target=\"_blank\" rel=\"noopener\">formulario de inscripci\u00f3n<\/a>. Quienes deseen asistir a la actividad completa ( jornadas del 6 al 9 de mayo) y recibir un certificado de asistencia deber\u00e1n inscribirse y abonar inscripci\u00f3n en caso de no ser socios SAI ni estudiantes de doctorado de la Facultad de Ciencias Exactas.<\/p>\n<p style=\"text-align: left\">Las actividades estar\u00e1n organizadas de la siguiente manera:<\/p>\n<ul>\n<li style=\"text-align: left\">Durante los d\u00edas <strong>6 y 7 de mayo<\/strong> se llevar\u00e1 a cabo el <strong>Curso FOCIS,<\/strong> en el marco del cual se desarrollar\u00e1n las sesiones plenarias del <strong>Dr. Abul Abbas<\/strong> referente mundial en el campo de la inmunolog\u00eda y conferencias cient\u00edficas a desarrollar por inmun\u00f3logos de Argentina, Uruguay, Chile, Brasil, USA, Canad\u00e1 y Suiza.<\/li>\n<li style=\"text-align: left\">El d\u00eda <strong>8 de mayo<\/strong> ser\u00e1 realizada la <strong>Jornada de invierno SAI 2024<\/strong> en la cual distintos exponentes de la sociedad disertar\u00e1n sobre sus l\u00edneas de trabajo asociadas a la inmunolog\u00eda traslacional en distintos campos tem\u00e1ticos.<\/li>\n<li style=\"text-align: left\">Los d\u00edas <strong>9 y 10 de mayo,<\/strong> como actividad FOCIS, tendr\u00e1n\u00a0 lugar las <strong>actividades de<\/strong> <strong>citometr\u00eda de flujo<\/strong> a cargo de los expertos de Becton Dickinson. El d\u00eda <strong>9 de mayo<\/strong>, en el auditorio Karakachoff, se brindar\u00e1n las actividades te\u00f3ricas donde se discutir\u00e1n avances en el campo de la citometr\u00eda espectral,\u00a0 t\u00e9cnicas de cell sorting y\u00a0 aplicaciones de la citometr\u00eda de flujo al estudio de la biolog\u00eda celular. El d\u00eda <strong>10 de mayo<\/strong> se realizar\u00e1 una <strong>actividad sat\u00e9lite al curso <\/strong>en la Facultad de Ciencias Exactas. Este taller tendr\u00e1 un <strong>cupo m\u00e1ximo de 20 alumnos<\/strong> y <strong>s\u00f3lo podr\u00e1n realizarlas<\/strong> quienes completen la totalidad de las jornadas SAI y FOCIS. Los interesados deber\u00e1n cumplir con ciertos requisitos m\u00ednimos de formaci\u00f3n previa en citometr\u00eda de flujo.<\/li>\n<\/ul>\n<p><strong><em>Esperamos que estas jornadas brinden un espacio de intercambio y discusi\u00f3n sobre la actualidad en inmunolog\u00eda fomentando la creaci\u00f3n de lazos entre los participantes que nos permitan seguir creciendo. Est\u00e1n todos invitados!<\/em><\/strong><\/p>\n","protected":false},"excerpt":{"rendered":"<p>Tenemos el agrado de darles la bienvenida al evento \u201cAvances en Inmunolog\u00eda Traslacional\u201d en el marco de las jornadas de invierno SAI 2024 \u2013 Curso FOCIS GOES SOUTH III a desarrollarse en la ciudad de La Plata (Buenos Aires, Argentina) entre el 6 y el 10 de mayo de 2024. Durante 4 d\u00edas contaremos con [&hellip;]<\/p>\n","protected":false},"author":202,"featured_media":0,"parent":0,"menu_order":0,"comment_status":"closed","ping_status":"closed","template":"","meta":{"advgb_blocks_editor_width":"","advgb_blocks_columns_visual_guide":"","footnotes":""},"class_list":["post-19","page","type-page","status-publish","hentry","post"],"aioseo_notices":[],"coauthors":[],"author_meta":{"author_link":"https:\/\/congresos.unlp.edu.ar\/saifocis2024\/author\/ssoler\/","display_name":"ssoler"},"relative_dates":{"created":"Posted 2 a\u00f1os ago","modified":"Updated 2 a\u00f1os ago"},"absolute_dates":{"created":"Posted on 21 marzo, 2024","modified":"Updated on 26 abril, 2024"},"absolute_dates_time":{"created":"Posted on 21 marzo, 2024 2:05 pm","modified":"Updated on 26 abril, 2024 5:43 pm"},"featured_img_caption":"","featured_img":false,"series_order":"","_links":{"self":[{"href":"https:\/\/congresos.unlp.edu.ar\/saifocis2024\/wp-json\/wp\/v2\/pages\/19","targetHints":{"allow":["GET"]}}],"collection":[{"href":"https:\/\/congresos.unlp.edu.ar\/saifocis2024\/wp-json\/wp\/v2\/pages"}],"about":[{"href":"https:\/\/congresos.unlp.edu.ar\/saifocis2024\/wp-json\/wp\/v2\/types\/page"}],"author":[{"embeddable":true,"href":"https:\/\/congresos.unlp.edu.ar\/saifocis2024\/wp-json\/wp\/v2\/users\/202"}],"replies":[{"embeddable":true,"href":"https:\/\/congresos.unlp.edu.ar\/saifocis2024\/wp-json\/wp\/v2\/comments?post=19"}],"version-history":[{"count":0,"href":"https:\/\/congresos.unlp.edu.ar\/saifocis2024\/wp-json\/wp\/v2\/pages\/19\/revisions"}],"wp:attachment":[{"href":"https:\/\/congresos.unlp.edu.ar\/saifocis2024\/wp-json\/wp\/v2\/media?parent=19"}],"curies":[{"name":"wp","href":"https:\/\/api.w.org\/{rel}","templated":true}]}}