{"id":6,"date":"2025-11-13T10:18:04","date_gmt":"2025-11-13T13:18:04","guid":{"rendered":"https:\/\/congresos.unlp.edu.ar\/ralda2026\/?page_id=6"},"modified":"2026-04-01T17:14:02","modified_gmt":"2026-04-01T20:14:02","slug":"envio-de-trabajos","status":"publish","type":"page","link":"https:\/\/congresos.unlp.edu.ar\/ralda2026\/envio-de-trabajos\/","title":{"rendered":"Env\u00edo de trabajos"},"content":{"rendered":"<div id=\"pl-6\"  class=\"panel-layout\" ><div id=\"pg-6-0\"  class=\"panel-grid panel-no-style\" ><div id=\"pgc-6-0-0\"  class=\"panel-grid-cell\" ><div id=\"panel-6-0-0-0\" class=\"so-panel widget widget_sow-editor panel-first-child panel-last-child\" data-index=\"0\" ><div\n\t\t\t\n\t\t\tclass=\"so-widget-sow-editor so-widget-sow-editor-base\"\n\t\t\t\n\t\t>\n<div class=\"siteorigin-widget-tinymce textwidget\">\n\t<h2><strong><span style=\"color: #448e2c\">Env\u00edo de res\u00famenes expandidos\u00a0<\/span><\/strong><\/h2>\n<h3>1 de abril a 31 de mayo de 2026<\/h3>\n<h2><span style=\"color: #448e2c\"><strong>\u00c1reas tem\u00e1ticas<\/strong><\/span><\/h2>\n<p>AT1 - Agrometeorolog\u00eda \/ Biometeorolog\u00eda<br \/>\nAT2 Micrometeorolog\u00eda \/ Modelos Biof\u00edsicos<br \/>\nAT3 Instrumental \/ Redes de Observaci\u00f3n \/ Servicios Agroclim\u00e1ticos<br \/>\nAT4 Teledetecci\u00f3n \/ Sistemas de Informaci\u00f3n Geogr\u00e1fica<br \/>\nAT5 Variabilidad Clim\u00e1tica \/ Cambio clim\u00e1tico \/ Adaptaci\u00f3n, Mitigaci\u00f3n y Resiliencia \/ Energ\u00edas alternativas<br \/>\nAT6 Adversidades Agroclim\u00e1ticas \/ Riesgo y Vulnerabilidad Socioambiental<br \/>\nAT7 Ense\u00f1anza \/ Extensi\u00f3n \/ Sociedad<\/p>\n<h2 style=\"text-align: center\"><span style=\"color: #008000\"><strong>Gu\u00eda para presentaci\u00f3n de res\u00famenes expandidos<\/strong><\/span><\/h2>\n<p class=\"tw-data-text tw-text-large tw-ta\" dir=\"ltr\" style=\"text-align: center\" role=\"text\" data-placeholder=\"Traducci\u00f3n\" data-ved=\"2ahUKEwjGz4CtkMqRAxX2ArkGHWOnJY4Q3ewLegQIDRAW\" aria-label=\"Texto traducido: Guia para submiss\u00e3o de resumos expandidos\"><span class=\"Y2IQFc\" lang=\"pt\">Guia para submiss\u00e3o de resumos expandidos \/ <\/span><span class=\"Y2IQFc\" lang=\"en\">Guide for submitting expanded abstracts<\/span><\/p>\n<p>&nbsp;<\/p>\n<\/div>\n<\/div><\/div><\/div><\/div><div id=\"pg-6-1\"  class=\"panel-grid panel-no-style\" ><div id=\"pgc-6-1-0\"  class=\"panel-grid-cell\" ><div id=\"panel-6-1-0-0\" class=\"so-panel widget widget_circleicon-widget panel-first-child panel-last-child\" data-index=\"1\" >\t\t<div class=\"circle-icon-box circle-icon-position-top circle-icon-hide-box circle-icon-size-medium \">\n\t\t\t\t\t\t\t<div class=\"circle-icon-wrapper\">\n\t\t\t\t\t\t\t\t\t\t<a href=\"https:\/\/docs.google.com\/document\/d\/1h8m31HdRSz4NU-YkrYrZlN-cI_d9SS_l\/edit?usp=drive_link&#038;ouid=106682325753290358385&#038;rtpof=true&#038;sd=true\" class=\"link-icon\" target=\"_blank\">\t\t\t\t\t<div class=\"circle-icon icon-style-set\" style=\"background-color: #adadad\">\n\t\t\t\t\t\t\t\t\t\t\t\t\t<div\n\t\t\t\t\t\t\t\tclass=\"fa fa-file-word-o  icon-style-set\"\n\t\t\t\t\t\t\t\tstyle=\"color: #448e2c\"\t\t\t\t\t\t\t><\/div>\n\t\t\t\t\t\t\t\t\t\t\t<\/div>\n\t\t\t\t\t<\/a>\t\t\t\t<\/div>\n\t\t\t\n\t\t\t\t\t\t\t<a\n\t\t\t\t\thref=\"https:\/\/docs.google.com\/document\/d\/1h8m31HdRSz4NU-YkrYrZlN-cI_d9SS_l\/edit?usp=drive_link&#038;ouid=106682325753290358385&#038;rtpof=true&#038;sd=true\"\n\t\t\t\t\tclass=\"link-title\" target=&quot;_blank&quot;\t\t\t\t>\n\t\t\t\t\t\t\t\t\t\t<h4 style=\"color: #448e2c\">\n\t\t\t\t\tEspa\u00f1ol\t\t\t\t<\/h4>\n\t\t\t\t\t\t\t\t\t\t<\/a>\n\t\t\t\n\t\t\t\t\t\t\t\t\t\t<a\n\t\t\t\t\thref=\"https:\/\/docs.google.com\/document\/d\/1h8m31HdRSz4NU-YkrYrZlN-cI_d9SS_l\/edit?usp=drive_link&#038;ouid=106682325753290358385&#038;rtpof=true&#038;sd=true\"\n\t\t\t\t\tclass=\"more-button\"\n\t\t\t\t\ttarget=&quot;_blank&quot;\t\t\t\t>\n\t\t\t\t\tMore Info\t\t\t\t\t<i><\/i>\n\t\t\t\t<\/a>\n\t\t\t\t\t<\/div>\n\t\t<\/div><\/div><div id=\"pgc-6-1-1\"  class=\"panel-grid-cell\" ><div id=\"panel-6-1-1-0\" class=\"so-panel widget widget_circleicon-widget panel-first-child panel-last-child\" data-index=\"2\" >\t\t<div class=\"circle-icon-box circle-icon-position-top circle-icon-hide-box circle-icon-size-medium \">\n\t\t\t\t\t\t\t<div class=\"circle-icon-wrapper\">\n\t\t\t\t\t\t\t\t\t\t<a href=\"https:\/\/docs.google.com\/document\/d\/1YkbpoZPCf9_QkMCJ1bYBp25WIWj9PJJ9\/edit?usp=drive_link&#038;ouid=106682325753290358385&#038;rtpof=true&#038;sd=true\" class=\"link-icon\" target=\"_blank\">\t\t\t\t\t<div class=\"circle-icon icon-style-set\" style=\"background-color: #adadad\">\n\t\t\t\t\t\t\t\t\t\t\t\t\t<div\n\t\t\t\t\t\t\t\tclass=\"fa fa-file-word-o  icon-style-set\"\n\t\t\t\t\t\t\t\tstyle=\"color: #448e2c\"\t\t\t\t\t\t\t><\/div>\n\t\t\t\t\t\t\t\t\t\t\t<\/div>\n\t\t\t\t\t<\/a>\t\t\t\t<\/div>\n\t\t\t\n\t\t\t\t\t\t\t<a\n\t\t\t\t\thref=\"https:\/\/docs.google.com\/document\/d\/1YkbpoZPCf9_QkMCJ1bYBp25WIWj9PJJ9\/edit?usp=drive_link&#038;ouid=106682325753290358385&#038;rtpof=true&#038;sd=true\"\n\t\t\t\t\tclass=\"link-title\" target=&quot;_blank&quot;\t\t\t\t>\n\t\t\t\t\t\t\t\t\t\t<h4 style=\"color: #448e2c\">\n\t\t\t\t\tPortugu\u00eas\t\t\t\t<\/h4>\n\t\t\t\t\t\t\t\t\t\t<\/a>\n\t\t\t\n\t\t\t\t\t\t\t\t\t\t<a\n\t\t\t\t\thref=\"https:\/\/docs.google.com\/document\/d\/1YkbpoZPCf9_QkMCJ1bYBp25WIWj9PJJ9\/edit?usp=drive_link&#038;ouid=106682325753290358385&#038;rtpof=true&#038;sd=true\"\n\t\t\t\t\tclass=\"more-button\"\n\t\t\t\t\ttarget=&quot;_blank&quot;\t\t\t\t>\n\t\t\t\t\tMore Info\t\t\t\t\t<i><\/i>\n\t\t\t\t<\/a>\n\t\t\t\t\t<\/div>\n\t\t<\/div><\/div><div id=\"pgc-6-1-2\"  class=\"panel-grid-cell\" ><div id=\"panel-6-1-2-0\" class=\"so-panel widget widget_circleicon-widget panel-first-child panel-last-child\" data-index=\"3\" >\t\t<div class=\"circle-icon-box circle-icon-position-top circle-icon-hide-box circle-icon-size-medium \">\n\t\t\t\t\t\t\t<div class=\"circle-icon-wrapper\">\n\t\t\t\t\t\t\t\t\t\t<a href=\"https:\/\/docs.google.com\/document\/d\/15gABY6BcHhGzBeKWtruBZ474gRLMPvq1\/edit?usp=drive_link&#038;ouid=106682325753290358385&#038;rtpof=true&#038;sd=true\" class=\"link-icon\" target=\"_blank\">\t\t\t\t\t<div class=\"circle-icon icon-style-set\" style=\"background-color: #adadad\">\n\t\t\t\t\t\t\t\t\t\t\t\t\t<div\n\t\t\t\t\t\t\t\tclass=\"fa fa-file-word-o  icon-style-set\"\n\t\t\t\t\t\t\t\tstyle=\"color: #448e2c\"\t\t\t\t\t\t\t><\/div>\n\t\t\t\t\t\t\t\t\t\t\t<\/div>\n\t\t\t\t\t<\/a>\t\t\t\t<\/div>\n\t\t\t\n\t\t\t\t\t\t\t<a\n\t\t\t\t\thref=\"https:\/\/docs.google.com\/document\/d\/15gABY6BcHhGzBeKWtruBZ474gRLMPvq1\/edit?usp=drive_link&#038;ouid=106682325753290358385&#038;rtpof=true&#038;sd=true\"\n\t\t\t\t\tclass=\"link-title\" target=&quot;_blank&quot;\t\t\t\t>\n\t\t\t\t\t\t\t\t\t\t<h4 style=\"color: #448e2c\">\n\t\t\t\t\tEnglish\t\t\t\t<\/h4>\n\t\t\t\t\t\t\t\t\t\t<\/a>\n\t\t\t\n\t\t\t\t\t\t\t\t\t\t<a\n\t\t\t\t\thref=\"https:\/\/docs.google.com\/document\/d\/15gABY6BcHhGzBeKWtruBZ474gRLMPvq1\/edit?usp=drive_link&#038;ouid=106682325753290358385&#038;rtpof=true&#038;sd=true\"\n\t\t\t\t\tclass=\"more-button\"\n\t\t\t\t\ttarget=&quot;_blank&quot;\t\t\t\t>\n\t\t\t\t\tMore Info\t\t\t\t\t<i><\/i>\n\t\t\t\t<\/a>\n\t\t\t\t\t<\/div>\n\t\t<\/div><\/div><\/div><div id=\"pg-6-2\"  class=\"panel-grid panel-no-style\" ><div id=\"pgc-6-2-0\"  class=\"panel-grid-cell\" ><div id=\"panel-6-2-0-0\" class=\"so-panel widget widget_circleicon-widget panel-first-child panel-last-child\" data-index=\"4\" >\t\t<div class=\"circle-icon-box circle-icon-position-top circle-icon-hide-box circle-icon-size-medium \">\n\t\t\t\t\t\t\t<div class=\"circle-icon-wrapper\">\n\t\t\t\t\t\t\t\t\t\t<a href=\"https:\/\/drive.google.com\/file\/d\/15mxtFeJ_prWQNjZ_lvWa0BoXdc8BSroA\/view?usp=sharing\" class=\"link-icon\" target=\"_blank\">\t\t\t\t\t<div class=\"circle-icon icon-style-set\" style=\"background-color: #adadad\">\n\t\t\t\t\t\t\t\t\t\t\t\t\t<div\n\t\t\t\t\t\t\t\tclass=\"fa fa-file-pdf-o  icon-style-set\"\n\t\t\t\t\t\t\t\tstyle=\"color: #448e2e\"\t\t\t\t\t\t\t><\/div>\n\t\t\t\t\t\t\t\t\t\t\t<\/div>\n\t\t\t\t\t<\/a>\t\t\t\t<\/div>\n\t\t\t\n\t\t\t\t\t\t\t<a\n\t\t\t\t\thref=\"https:\/\/drive.google.com\/file\/d\/15mxtFeJ_prWQNjZ_lvWa0BoXdc8BSroA\/view?usp=sharing\"\n\t\t\t\t\tclass=\"link-title\" target=&quot;_blank&quot;\t\t\t\t>\n\t\t\t\t\t\t\t\t\t\t<h4 style=\"color: #448e2e\">\n\t\t\t\t\tPasos para el env\u00edo\t\t\t\t<\/h4>\n\t\t\t\t\t\t\t\t\t\t<\/a>\n\t\t\t\n\t\t\t\t\t\t\t\t\t\t<a\n\t\t\t\t\thref=\"https:\/\/drive.google.com\/file\/d\/15mxtFeJ_prWQNjZ_lvWa0BoXdc8BSroA\/view?usp=sharing\"\n\t\t\t\t\tclass=\"more-button\"\n\t\t\t\t\ttarget=&quot;_blank&quot;\t\t\t\t>\n\t\t\t\t\tMore Info\t\t\t\t\t<i><\/i>\n\t\t\t\t<\/a>\n\t\t\t\t\t<\/div>\n\t\t<\/div><\/div><div id=\"pgc-6-2-1\"  class=\"panel-grid-cell\" ><div id=\"panel-6-2-1-0\" class=\"so-panel widget widget_circleicon-widget panel-first-child panel-last-child\" data-index=\"5\" >\t\t<div class=\"circle-icon-box circle-icon-position-top circle-icon-hide-box circle-icon-size-medium \">\n\t\t\t\t\t\t\t<div class=\"circle-icon-wrapper\">\n\t\t\t\t\t\t\t\t\t\t<a href=\"https:\/\/backend.congresos.unlp.edu.ar\/index.php\/ralda2026\/submission\/wizard\" class=\"link-icon\" target=\"_blank\">\t\t\t\t\t<div class=\"circle-icon icon-style-set\" style=\"background-color: #adadad\">\n\t\t\t\t\t\t\t\t\t\t\t\t\t<div\n\t\t\t\t\t\t\t\tclass=\"fa fa-file-word-o  icon-style-set\"\n\t\t\t\t\t\t\t\tstyle=\"color: #448e2e\"\t\t\t\t\t\t\t><\/div>\n\t\t\t\t\t\t\t\t\t\t\t<\/div>\n\t\t\t\t\t<\/a>\t\t\t\t<\/div>\n\t\t\t\n\t\t\t\t\t\t\t<a\n\t\t\t\t\thref=\"https:\/\/backend.congresos.unlp.edu.ar\/index.php\/ralda2026\/submission\/wizard\"\n\t\t\t\t\tclass=\"link-title\" target=&quot;_blank&quot;\t\t\t\t>\n\t\t\t\t\t\t\t\t\t\t<h4 style=\"color: #448e2e\">\n\t\t\t\t\tEnviar trabajo\t\t\t\t<\/h4>\n\t\t\t\t\t\t\t\t\t\t<\/a>\n\t\t\t\n\t\t\t\t\t\t\t\t\t\t<a\n\t\t\t\t\thref=\"https:\/\/backend.congresos.unlp.edu.ar\/index.php\/ralda2026\/submission\/wizard\"\n\t\t\t\t\tclass=\"more-button\"\n\t\t\t\t\ttarget=&quot;_blank&quot;\t\t\t\t>\n\t\t\t\t\tMore Info\t\t\t\t\t<i><\/i>\n\t\t\t\t<\/a>\n\t\t\t\t\t<\/div>\n\t\t<\/div><\/div><\/div><\/div>","protected":false},"excerpt":{"rendered":"<p>Env\u00edo de res\u00famenes expandidos\u00a0 1 de abril a 31 de mayo de 2026 \u00c1reas tem\u00e1ticas AT1 &#8211; Agrometeorolog\u00eda \/ Biometeorolog\u00eda AT2 Micrometeorolog\u00eda \/ Modelos Biof\u00edsicos AT3 Instrumental \/ Redes de Observaci\u00f3n \/ Servicios Agroclim\u00e1ticos AT4 Teledetecci\u00f3n \/ Sistemas de Informaci\u00f3n Geogr\u00e1fica AT5 Variabilidad Clim\u00e1tica \/ Cambio clim\u00e1tico \/ Adaptaci\u00f3n, Mitigaci\u00f3n y Resiliencia \/ Energ\u00edas alternativas [&hellip;]<\/p>\n","protected":false},"author":2,"featured_media":0,"parent":0,"menu_order":0,"comment_status":"closed","ping_status":"closed","template":"","meta":{"advgb_blocks_editor_width":"","advgb_blocks_columns_visual_guide":"","footnotes":""},"class_list":["post-6","page","type-page","status-publish","hentry","post"],"aioseo_notices":[],"coauthors":[],"author_meta":{"author_link":"https:\/\/congresos.unlp.edu.ar\/ralda2026\/author\/congresos\/","display_name":"congresos"},"relative_dates":{"created":"Posted 5 meses ago","modified":"Updated 6 d\u00edas ago"},"absolute_dates":{"created":"Posted on 13 noviembre, 2025","modified":"Updated on 1 abril, 2026"},"absolute_dates_time":{"created":"Posted on 13 noviembre, 2025 10:18 am","modified":"Updated on 1 abril, 2026 5:14 pm"},"featured_img_caption":"","featured_img":false,"series_order":"","_links":{"self":[{"href":"https:\/\/congresos.unlp.edu.ar\/ralda2026\/wp-json\/wp\/v2\/pages\/6","targetHints":{"allow":["GET"]}}],"collection":[{"href":"https:\/\/congresos.unlp.edu.ar\/ralda2026\/wp-json\/wp\/v2\/pages"}],"about":[{"href":"https:\/\/congresos.unlp.edu.ar\/ralda2026\/wp-json\/wp\/v2\/types\/page"}],"author":[{"embeddable":true,"href":"https:\/\/congresos.unlp.edu.ar\/ralda2026\/wp-json\/wp\/v2\/users\/2"}],"replies":[{"embeddable":true,"href":"https:\/\/congresos.unlp.edu.ar\/ralda2026\/wp-json\/wp\/v2\/comments?post=6"}],"version-history":[{"count":0,"href":"https:\/\/congresos.unlp.edu.ar\/ralda2026\/wp-json\/wp\/v2\/pages\/6\/revisions"}],"wp:attachment":[{"href":"https:\/\/congresos.unlp.edu.ar\/ralda2026\/wp-json\/wp\/v2\/media?parent=6"}],"curies":[{"name":"wp","href":"https:\/\/api.w.org\/{rel}","templated":true}]}}