{"id":149,"date":"2026-03-12T09:23:20","date_gmt":"2026-03-12T12:23:20","guid":{"rendered":"https:\/\/congresos.unlp.edu.ar\/ralda2026\/?page_id=149"},"modified":"2026-03-12T09:29:12","modified_gmt":"2026-03-12T12:29:12","slug":"comision-organizadora","status":"publish","type":"page","link":"https:\/\/congresos.unlp.edu.ar\/ralda2026\/comision-organizadora\/","title":{"rendered":"Comisi\u00f3n Organizadora"},"content":{"rendered":"<h4 style=\"text-align: center\"><strong>Presidente:<\/strong> Ing. Agr. Dra. Susana Beatriz Mart\u00ednez<\/h4>\n<h4 style=\"text-align: center\"><strong>Vicepresidente:<\/strong> Ing. Agr. Dra. Mar\u00eda Lucrecia Puig<\/h4>\n<h4 style=\"text-align: center\"><strong>Secretarias:<\/strong> Ing. Agr. Dra. Mar\u00eda Pinciroli &#8211; Ing. Agr. Luciana Dell\u2019Arciprete<\/h4>\n<h4 style=\"text-align: center\"><strong>Tesorero:<\/strong> Ing. Agr. Martin Pardi<\/h4>\n<h4 style=\"text-align: center\"><strong>Integrantes:<\/strong> Ing. Agr. Esp.Delfina Guaymasi<br \/>\nIng. Agr. Marco D\u2019Amico<br \/>\nIng. Agr. Mar\u00eda Herminia Abre<\/h4>\n<h4><\/h4>\n","protected":false},"excerpt":{"rendered":"<p>Presidente: Ing. Agr. Dra. Susana Beatriz Mart\u00ednez Vicepresidente: Ing. Agr. Dra. Mar\u00eda Lucrecia Puig Secretarias: Ing. Agr. Dra. Mar\u00eda Pinciroli &#8211; Ing. Agr. Luciana Dell\u2019Arciprete Tesorero: Ing. Agr. Martin Pardi Integrantes: Ing. Agr. Esp.Delfina Guaymasi Ing. Agr. Marco D\u2019Amico Ing. Agr. Mar\u00eda Herminia Abre<\/p>\n","protected":false},"author":252,"featured_media":0,"parent":0,"menu_order":0,"comment_status":"closed","ping_status":"closed","template":"","meta":{"advgb_blocks_editor_width":"","advgb_blocks_columns_visual_guide":"","footnotes":""},"class_list":["post-149","page","type-page","status-publish","hentry","post"],"aioseo_notices":[],"coauthors":[],"author_meta":{"author_link":"https:\/\/congresos.unlp.edu.ar\/ralda2026\/author\/lucreciapuig\/","display_name":"lucreciapuig"},"relative_dates":{"created":"Posted 4 semanas ago","modified":"Updated 4 semanas ago"},"absolute_dates":{"created":"Posted on 12 marzo, 2026","modified":"Updated on 12 marzo, 2026"},"absolute_dates_time":{"created":"Posted on 12 marzo, 2026 9:23 am","modified":"Updated on 12 marzo, 2026 9:29 am"},"featured_img_caption":"","featured_img":false,"series_order":"","_links":{"self":[{"href":"https:\/\/congresos.unlp.edu.ar\/ralda2026\/wp-json\/wp\/v2\/pages\/149","targetHints":{"allow":["GET"]}}],"collection":[{"href":"https:\/\/congresos.unlp.edu.ar\/ralda2026\/wp-json\/wp\/v2\/pages"}],"about":[{"href":"https:\/\/congresos.unlp.edu.ar\/ralda2026\/wp-json\/wp\/v2\/types\/page"}],"author":[{"embeddable":true,"href":"https:\/\/congresos.unlp.edu.ar\/ralda2026\/wp-json\/wp\/v2\/users\/252"}],"replies":[{"embeddable":true,"href":"https:\/\/congresos.unlp.edu.ar\/ralda2026\/wp-json\/wp\/v2\/comments?post=149"}],"version-history":[{"count":0,"href":"https:\/\/congresos.unlp.edu.ar\/ralda2026\/wp-json\/wp\/v2\/pages\/149\/revisions"}],"wp:attachment":[{"href":"https:\/\/congresos.unlp.edu.ar\/ralda2026\/wp-json\/wp\/v2\/media?parent=149"}],"curies":[{"name":"wp","href":"https:\/\/api.w.org\/{rel}","templated":true}]}}