{"id":83,"date":"2022-12-27T13:06:23","date_gmt":"2022-12-27T16:06:23","guid":{"rendered":"https:\/\/congresos.unlp.edu.ar\/rabev\/?page_id=83"},"modified":"2023-08-11T09:13:47","modified_gmt":"2023-08-11T12:13:47","slug":"comites","status":"publish","type":"page","link":"https:\/\/congresos.unlp.edu.ar\/rabev?page_id=83","title":{"rendered":"Comit\u00e9s"},"content":{"rendered":"<h2 style=\"text-align: center\">Comit\u00e9 Cient\u00edfico<\/h2>\n<p style=\"text-align: center\"><span lang=\"ES-TRAD\">Dra. Marta S. Fern\u00e1ndez.<\/span><\/p>\n<p style=\"text-align: center\"><span lang=\"ES-TRAD\">Dr. Francisco Javier Goin<\/span><\/p>\n<p style=\"text-align: center\"><span lang=\"ES-TRAD\">Dr. Eduardo Tonni<\/span><\/p>\n<p style=\"text-align: center\"><span lang=\"ES-TRAD\">Dr. Eduardo J. Ricciardi<\/span><\/p>\n<p style=\"text-align: center\"><span lang=\"ES-TRAD\">Dr. Edgardo Ortiz Jaureguizar<\/span><\/p>\n<p style=\"text-align: center\"><span lang=\"ES-TRAD\">Dra. Susana Gisela Lamas<\/span><\/p>\n<p style=\"text-align: center\"><span lang=\"ES-TRAD\">Dra. Florencia Cesani<\/span><\/p>\n<p>&nbsp;<\/p>\n<h2 style=\"text-align: center\">Comit\u00e9 Organizador<\/h2>\n<p style=\"text-align: center\"><span lang=\"ES-TRAD\">Dra. Susana Gisela Lamas\u00a0<\/span><\/p>\n<p style=\"text-align: center\"><span lang=\"ES-TRAD\">Dra. Marina Micaela Strelin\u00a0<\/span><\/p>\n<p style=\"text-align: center\"><span lang=\"ES-TRAD\">Dra. Mar\u00eda Alejandra Petino Zappala<\/span><\/p>\n<p style=\"text-align: center\"><span lang=\"ES-TRAD\">Dr. Manuel Ignacio Stefanini<\/span><\/p>\n<p style=\"text-align: center\">Agustina Manzo<\/p>\n<p style=\"text-align: center\">Dr. Santiago Ben\u00edtez-Vieyra<\/p>\n<p style=\"text-align: center\">Lic. Martina Pernigotti<\/p>\n<p style=\"text-align: center\">Dra. Sof\u00eda Barbero<\/p>\n<p style=\"text-align: center\">Dra. Alicia S\u00e9rsic<\/p>\n<p style=\"text-align: center\"><span class=\"\">Lic. Martina Charnelli<\/span><\/p>\n","protected":false},"excerpt":{"rendered":"<p>Comit\u00e9 Cient\u00edfico Dra. Marta S. Fern\u00e1ndez. Dr. Francisco Javier Goin Dr. Eduardo Tonni Dr. Eduardo J. Ricciardi Dr. Edgardo Ortiz Jaureguizar Dra. Susana Gisela Lamas Dra. Florencia Cesani &nbsp; Comit\u00e9 Organizador Dra. Susana Gisela Lamas\u00a0 Dra. Marina Micaela Strelin\u00a0 Dra. Mar\u00eda Alejandra Petino Zappala Dr. Manuel Ignacio Stefanini Agustina Manzo Dr. Santiago Ben\u00edtez-Vieyra Lic. Martina [&hellip;]<\/p>\n","protected":false},"author":168,"featured_media":0,"parent":0,"menu_order":0,"comment_status":"closed","ping_status":"closed","template":"","meta":{"advgb_blocks_editor_width":"","advgb_blocks_columns_visual_guide":"","footnotes":""},"class_list":["post-83","page","type-page","status-publish","hentry","post"],"aioseo_notices":[],"coauthors":[],"author_meta":{"author_link":"https:\/\/congresos.unlp.edu.ar\/rabev\/?author=168","display_name":"agustinamanz"},"relative_dates":{"created":"Posted 3 a\u00f1os ago","modified":"Updated 3 a\u00f1os ago"},"absolute_dates":{"created":"Posted on 27 diciembre, 2022","modified":"Updated on 11 agosto, 2023"},"absolute_dates_time":{"created":"Posted on 27 diciembre, 2022 1:06 pm","modified":"Updated on 11 agosto, 2023 9:13 am"},"featured_img_caption":"","featured_img":false,"series_order":"","_links":{"self":[{"href":"https:\/\/congresos.unlp.edu.ar\/rabev\/index.php?rest_route=\/wp\/v2\/pages\/83","targetHints":{"allow":["GET"]}}],"collection":[{"href":"https:\/\/congresos.unlp.edu.ar\/rabev\/index.php?rest_route=\/wp\/v2\/pages"}],"about":[{"href":"https:\/\/congresos.unlp.edu.ar\/rabev\/index.php?rest_route=\/wp\/v2\/types\/page"}],"author":[{"embeddable":true,"href":"https:\/\/congresos.unlp.edu.ar\/rabev\/index.php?rest_route=\/wp\/v2\/users\/168"}],"replies":[{"embeddable":true,"href":"https:\/\/congresos.unlp.edu.ar\/rabev\/index.php?rest_route=%2Fwp%2Fv2%2Fcomments&post=83"}],"version-history":[{"count":0,"href":"https:\/\/congresos.unlp.edu.ar\/rabev\/index.php?rest_route=\/wp\/v2\/pages\/83\/revisions"}],"wp:attachment":[{"href":"https:\/\/congresos.unlp.edu.ar\/rabev\/index.php?rest_route=%2Fwp%2Fv2%2Fmedia&parent=83"}],"curies":[{"name":"wp","href":"https:\/\/api.w.org\/{rel}","templated":true}]}}