{"id":59,"date":"2022-12-07T11:39:46","date_gmt":"2022-12-07T14:39:46","guid":{"rendered":"https:\/\/congresos.unlp.edu.ar\/rabev?page_id=59"},"modified":"2023-09-13T16:11:04","modified_gmt":"2023-09-13T19:11:04","slug":"pautas-para-trabajos","status":"publish","type":"page","link":"https:\/\/congresos.unlp.edu.ar\/rabev?page_id=59","title":{"rendered":"Pautas"},"content":{"rendered":"<h4>Aviso Importante:<\/h4>\n<p>La fecha l\u00edmite para el env\u00edo de res\u00famenes de presentaciones orales y p\u00f3sters ha sido extendida hasta el 15\/08.<\/p>\n<h4>Presentaci\u00f3n de propuestas de Simposios:<\/h4>\n<p>La persona responsable de organizar el simposio deber\u00e1 enviar un resumen general con los puntos m\u00e1s relevantes del tema a tratar (100 palabras). Por favor, tener en cuenta que los simposios propuestos deben abarcar temas lo suficientemente amplios, con el fin de favorecer el intercambio cient\u00edfico entre personas trabajando en distintas instituciones y en sistemas de estudio diferentes. Los simposios propuestos ser\u00e1n aprobados por el Comit\u00e9 Cient\u00edfico de este Congreso.<\/p>\n<p>El env\u00edo de propuesta de simposios deber\u00e1 hacerse al siguiente correo electr\u00f3nico, en formato word: rabe2023lp@gmail.com<\/p>\n<p>&nbsp;<\/p>\n<h4>Propuestas de trabajos (individuales o en el marco de simposios):<\/h4>\n<p>Para todos los trabajos deber\u00e1 enviarse un resumen breve (100 palabras) y uno ampliado (600 palabras). A su vez, deber\u00e1 indicarse el o las \u00e1rea(s) tem\u00e1tica(s) pertinente(s). En caso de presentar una propuesta de trabajo en el marco de un simposio se debe esperar a la publicaci\u00f3n de los mismos (10\/07).<\/p>\n<p>&nbsp;<\/p>\n<p>El tiempo disponible para cada presentaci\u00f3n es de 20 minutos: 15 ser\u00e1n dedicados a la presentaci\u00f3n por parte de los autores y los 5 restantes, a preguntas e intercambio.<\/p>\n<h4>Propuesta de p\u00f3ster:<\/h4>\n<p>Deber\u00e1 enviarse un resumen breve (100 palabras) y uno ampliado (600 palabras) y el o las \u00e1rea(s) tem\u00e1tica(s) pertinente(s).<\/p>\n<p>La superficie disponible para cada uno de los p\u00f3sters ser\u00e1 de <strong>90 cm de ancho x 120 cm de alto<\/strong>. Se deber\u00e1n cuidar los aspectos formales que hagan a una buena visualizaci\u00f3n y comprensi\u00f3n de la informaci\u00f3n presentada. El p\u00f3ster deber\u00e1 incluir: t\u00edtulo, autor\/es, lugar de trabajo, introducci\u00f3n, objetivo\/s, materiales y m\u00e9todos, resultados y conclusiones. Se recomienda fuertemente la utilizaci\u00f3n de esquemas, tablas, gr\u00e1ficos y fotograf\u00edas para la presentaci\u00f3n de los resultados, tratando de reducir al m\u00ednimo los textos.<\/p>\n<p><img loading=\"lazy\" decoding=\"async\" class=\"wp-image-234 size-large aligncenter\" src=\"https:\/\/congresos.unlp.edu.ar\/rabev\/wp-content\/uploads\/sites\/63\/2023\/08\/Areas-tematicas-1024x348.jpg\" alt=\"\" width=\"720\" height=\"245\" srcset=\"https:\/\/congresos.unlp.edu.ar\/rabev\/wp-content\/uploads\/sites\/63\/2023\/08\/Areas-tematicas-1024x348.jpg 1024w, https:\/\/congresos.unlp.edu.ar\/rabev\/wp-content\/uploads\/sites\/63\/2023\/08\/Areas-tematicas-300x102.jpg 300w, https:\/\/congresos.unlp.edu.ar\/rabev\/wp-content\/uploads\/sites\/63\/2023\/08\/Areas-tematicas-768x261.jpg 768w, https:\/\/congresos.unlp.edu.ar\/rabev\/wp-content\/uploads\/sites\/63\/2023\/08\/Areas-tematicas.jpg 1287w\" sizes=\"auto, (max-width: 720px) 100vw, 720px\" \/><\/p>\n<p>&nbsp;<\/p>\n","protected":false},"excerpt":{"rendered":"<p>Aviso Importante: La fecha l\u00edmite para el env\u00edo de res\u00famenes de presentaciones orales y p\u00f3sters ha sido extendida hasta el 15\/08. Presentaci\u00f3n de propuestas de Simposios: La persona responsable de organizar el simposio deber\u00e1 enviar un resumen general con los puntos m\u00e1s relevantes del tema a tratar (100 palabras). Por favor, tener en cuenta que [&hellip;]<\/p>\n","protected":false},"author":2,"featured_media":0,"parent":0,"menu_order":0,"comment_status":"closed","ping_status":"closed","template":"","meta":{"advgb_blocks_editor_width":"","advgb_blocks_columns_visual_guide":"","footnotes":""},"class_list":["post-59","page","type-page","status-publish","hentry","post"],"aioseo_notices":[],"coauthors":[],"author_meta":{"author_link":"https:\/\/congresos.unlp.edu.ar\/rabev\/?author=2","display_name":"congresos"},"relative_dates":{"created":"Posted 3 a\u00f1os ago","modified":"Updated 3 a\u00f1os ago"},"absolute_dates":{"created":"Posted on 7 diciembre, 2022","modified":"Updated on 13 septiembre, 2023"},"absolute_dates_time":{"created":"Posted on 7 diciembre, 2022 11:39 am","modified":"Updated on 13 septiembre, 2023 4:11 pm"},"featured_img_caption":"","featured_img":false,"series_order":"","_links":{"self":[{"href":"https:\/\/congresos.unlp.edu.ar\/rabev\/index.php?rest_route=\/wp\/v2\/pages\/59","targetHints":{"allow":["GET"]}}],"collection":[{"href":"https:\/\/congresos.unlp.edu.ar\/rabev\/index.php?rest_route=\/wp\/v2\/pages"}],"about":[{"href":"https:\/\/congresos.unlp.edu.ar\/rabev\/index.php?rest_route=\/wp\/v2\/types\/page"}],"author":[{"embeddable":true,"href":"https:\/\/congresos.unlp.edu.ar\/rabev\/index.php?rest_route=\/wp\/v2\/users\/2"}],"replies":[{"embeddable":true,"href":"https:\/\/congresos.unlp.edu.ar\/rabev\/index.php?rest_route=%2Fwp%2Fv2%2Fcomments&post=59"}],"version-history":[{"count":0,"href":"https:\/\/congresos.unlp.edu.ar\/rabev\/index.php?rest_route=\/wp\/v2\/pages\/59\/revisions"}],"wp:attachment":[{"href":"https:\/\/congresos.unlp.edu.ar\/rabev\/index.php?rest_route=%2Fwp%2Fv2%2Fmedia&parent=59"}],"curies":[{"name":"wp","href":"https:\/\/api.w.org\/{rel}","templated":true}]}}