{"id":481,"date":"2023-09-23T13:50:28","date_gmt":"2023-09-23T16:50:28","guid":{"rendered":"https:\/\/congresos.unlp.edu.ar\/rabev?page_id=481"},"modified":"2023-10-27T15:54:32","modified_gmt":"2023-10-27T18:54:32","slug":"posters","status":"publish","type":"page","link":"https:\/\/congresos.unlp.edu.ar\/rabev?page_id=481","title":{"rendered":"Posters"},"content":{"rendered":"<h2 style=\"text-align: center;padding-left: 40px\">Cronograma de Posters<\/h2>\n<p>&nbsp;<\/p>\n<h3>Lunes<\/h3>\n<p><span style=\"color: #27868d\">17:30 &#8211; 19:00<\/span> Sesi\u00f3n de p\u00f3sters del Simposio Extendido de Evo-Devo. <a href=\"https:\/\/congresos.unlp.edu.ar\/rabev\/?page_id=421#:~:text=Sesi%C3%B3n%20de%20p%C3%B3sters-,P%C3%B3sters,-P%C3%B3sters%20que%20ser%C3%A1n\">Listado completo de los trabajos a presentar<\/a>.<\/p>\n<h3><\/h3>\n<h3>Martes<\/h3>\n<p>Las 2 sesiones de presentaci\u00f3n de p\u00f3sters ser\u00e1n a las <span style=\"color: #27868d\">10:20-10:50<\/span> y <span style=\"color: #27868d\">15:30-16:00<\/span><\/p>\n<p>Se presentar\u00e1n los trabajos de los investigadores:<\/p>\n<p><strong>Filogenia y biogeograf\u00eda<\/strong><\/p>\n<p>Bel\u00e9n Fasanelli<\/p>\n<p><strong>Gen\u00e9tica de poblaciones y adaptaci\u00f3n<\/strong><\/p>\n<p>Miranda Nicola<\/p>\n<p><strong>Evoluci\u00f3n Molecular y Gen\u00f3mica Comparada<\/strong><\/p>\n<p>Juan Mac Donagh<\/p>\n<p>Flavio de Souza<\/p>\n<p>Marcela Rodriguero<\/p>\n<p>Juan Tolopka<\/p>\n<p>Jazmin Stramelini<\/p>\n<p style=\"text-align: left\">Mar\u00eda Yanina Pasquevich<\/p>\n<p>Johnma Rond\u00f3n<\/p>\n<p><strong>Ecolog\u00eda Evolutiva<\/strong><\/p>\n<p>Fiad Federico<\/p>\n<p>Juan Jos\u00e9 Fanara<\/p>\n<p>Romina Piccinali<\/p>\n<p>Damian Freilij<\/p>\n<p>Lucas Gorn\u00e9<\/p>\n<p>Rodrigo Villarreal<\/p>\n<p>Thaiane Verly<\/p>\n<p>Francisco Brusa<\/p>\n<p>Ignacio Dellepiane<\/p>\n<p>Candela Arnaldo<\/p>\n<p>Viviana Milano<\/p>\n<p>Lara Cifola<\/p>\n<p>Clarisa Ortiz<\/p>\n<p>&nbsp;<\/p>\n<h3>Mi\u00e9rcoles<\/h3>\n<p>Las sesiones de presentaci\u00f3n de p\u00f3sters ser\u00e1n a las <span style=\"color: #27868d\">10:20-10:50<\/span> y <span style=\"color: #27868d\">15:30-16:00<\/span><\/p>\n<p>Se presentar\u00e1n los trabajos de los investigadores:<\/p>\n<p><strong>Gen\u00e9tica de poblaciones y adaptaci\u00f3n<\/strong><\/p>\n<p>Juan Jos\u00e9 Fanara<\/p>\n<p>Romina Piccinali<\/p>\n<p>Viviana Paredes y Romina Piccinali<\/p>\n<p>\u00c1ngeles Rodr\u00edguez<\/p>\n<p>Estefan\u00eda Gesto<\/p>\n<p>Lautaro Bennardo<\/p>\n<p>Paloma Yias<\/p>\n<p>Madelein Ortiz<\/p>\n<p><strong>Macroevoluci\u00f3n y paleo<\/strong><\/p>\n<p>Leandro Aristide<\/p>\n<p>Mar\u00eda Alejandra Abello<\/p>\n<p>Blumina Romero<\/p>\n<p>Gabriela Fontanarrosa<\/p>\n<p>&nbsp;<\/p>\n<h3>Jueves<\/h3>\n<p>Las sesiones de presentaci\u00f3n de p\u00f3sters ser\u00e1n a las <span style=\"color: #27868d\">10:20-10:50<\/span> y <span style=\"color: #27868d\">15:30-16:00<\/span><\/p>\n<p>Se presentar\u00e1n los trabajos de los investigadores:<\/p>\n<p><strong>Filogenia y biogeograf\u00eda<\/strong><\/p>\n<p>Mario Espinoza Carniglia<\/p>\n<p>Yanina Bri\u00f1occoli<\/p>\n<p>Amalia Scataglini<\/p>\n<p>Marcela Rodriguero<\/p>\n<p>Marcela Nicola<\/p>\n<p>Marina Lenguas Francavilla<\/p>\n<p>Agustina Zivano y Adriana Colmenares<\/p>\n<p>Lisandro Negrete<\/p>\n<p>Lucila Salanitro<\/p>\n<p>Alejandra Piro<\/p>\n<p><strong>Evoluci\u00f3n del comportamiento<\/strong><\/p>\n<p>Natalia Perusin<\/p>\n<p>&nbsp;<\/p>\n","protected":false},"excerpt":{"rendered":"<p>Cronograma de Posters &nbsp; Lunes 17:30 &#8211; 19:00 Sesi\u00f3n de p\u00f3sters del Simposio Extendido de Evo-Devo. Listado completo de los trabajos a presentar. Martes Las 2 sesiones de presentaci\u00f3n de p\u00f3sters ser\u00e1n a las 10:20-10:50 y 15:30-16:00 Se presentar\u00e1n los trabajos de los investigadores: Filogenia y biogeograf\u00eda Bel\u00e9n Fasanelli Gen\u00e9tica de poblaciones y adaptaci\u00f3n Miranda [&hellip;]<\/p>\n","protected":false},"author":168,"featured_media":0,"parent":0,"menu_order":0,"comment_status":"closed","ping_status":"closed","template":"","meta":{"advgb_blocks_editor_width":"","advgb_blocks_columns_visual_guide":"","footnotes":""},"class_list":["post-481","page","type-page","status-publish","hentry","post"],"aioseo_notices":[],"coauthors":[],"author_meta":{"author_link":"https:\/\/congresos.unlp.edu.ar\/rabev\/?author=168","display_name":"agustinamanz"},"relative_dates":{"created":"Posted 3 a\u00f1os ago","modified":"Updated 2 a\u00f1os ago"},"absolute_dates":{"created":"Posted on 23 septiembre, 2023","modified":"Updated on 27 octubre, 2023"},"absolute_dates_time":{"created":"Posted on 23 septiembre, 2023 1:50 pm","modified":"Updated on 27 octubre, 2023 3:54 pm"},"featured_img_caption":"","featured_img":false,"series_order":"","_links":{"self":[{"href":"https:\/\/congresos.unlp.edu.ar\/rabev\/index.php?rest_route=\/wp\/v2\/pages\/481","targetHints":{"allow":["GET"]}}],"collection":[{"href":"https:\/\/congresos.unlp.edu.ar\/rabev\/index.php?rest_route=\/wp\/v2\/pages"}],"about":[{"href":"https:\/\/congresos.unlp.edu.ar\/rabev\/index.php?rest_route=\/wp\/v2\/types\/page"}],"author":[{"embeddable":true,"href":"https:\/\/congresos.unlp.edu.ar\/rabev\/index.php?rest_route=\/wp\/v2\/users\/168"}],"replies":[{"embeddable":true,"href":"https:\/\/congresos.unlp.edu.ar\/rabev\/index.php?rest_route=%2Fwp%2Fv2%2Fcomments&post=481"}],"version-history":[{"count":0,"href":"https:\/\/congresos.unlp.edu.ar\/rabev\/index.php?rest_route=\/wp\/v2\/pages\/481\/revisions"}],"wp:attachment":[{"href":"https:\/\/congresos.unlp.edu.ar\/rabev\/index.php?rest_route=%2Fwp%2Fv2%2Fmedia&parent=481"}],"curies":[{"name":"wp","href":"https:\/\/api.w.org\/{rel}","templated":true}]}}