{"id":462,"date":"2023-09-20T14:34:03","date_gmt":"2023-09-20T17:34:03","guid":{"rendered":"https:\/\/congresos.unlp.edu.ar\/rabev?page_id=462"},"modified":"2023-09-22T19:13:54","modified_gmt":"2023-09-22T22:13:54","slug":"nuevos-enfoques-en-filogenetica","status":"publish","type":"page","link":"https:\/\/congresos.unlp.edu.ar\/rabev?page_id=462","title":{"rendered":"Nuevos enfoques en Filogen\u00e9tica"},"content":{"rendered":"<h3 style=\"text-align: center\">Programa del Simposio Nuevos enfoques en Filogen\u00e9tica<\/h3>\n<p><span style=\"color: #27868d\">16:00 &#8211; 16:30<\/span> &#8211; Un recorrido por los avances en filogen\u00f3mica y (algunas de sus muchas) aplicaciones basado en un ejemplo de escarabajos (Baripus) de la Patagonia<\/p>\n<p style=\"text-align: right\">Responsable: Melisa Olave | Investigadora Asistente | Instituto Argentino de Investigaci\u00f3n de Zonas \u00c1ridas (IADIZA-CONICET), Mendoza | molave@mendoza-conicet.gob.ar<\/p>\n<p><span style=\"color: #27868d\">16:30 &#8211; 17:00<\/span> &#8211; Detectando al flujo g\u00e9nico en la era gen\u00f3mica<\/p>\n<p style=\"text-align: right\">Responsable: Kevin I. S\u00e1nchez | Alumno de Doctorado | Instituto Patag\u00f3nico para el Estudio de los Ecosistemas Continentales, Consejo Nacional de Investigaciones Cient\u00edficas y T\u00e9cnicas (IPEEC-CONICET), Puerto Madryn |\u00a0 kevin.imanol.sanchez@gmail.com<\/p>\n<p><span style=\"color: #27868d\">17:00 &#8211; 17:30<\/span> &#8211; Rol de la morfolog\u00eda y f\u00f3siles para inferir historias biogeogr\u00e1ficas en bosques filogen\u00e9ticos<\/p>\n<p style=\"text-align: right\">Responsable: Ivan L. F. Magalhaes | Investigador Asistente | Divisi\u00f3n Aracnolog\u00eda, Museo Argentino de Ciencias Naturales &#8220;Bernardino Rivadavia&#8221;, Av. \u00c1ngel Gallardo 470, C1405DJR, Buenos Aires | magalhaes@macn.gov.ar<\/p>\n<p><span style=\"color: #27868d\">17:30 &#8211; 18:00<\/span> &#8211; Filogenias y algo m\u00e1s: desentra\u00f1ando la historia evolutiva de los capuchinos del g\u00e9nero Sporophila (Aves: Passeriformes)<\/p>\n<p style=\"text-align: right\">Responsable: Dar\u00edo A. Lijtmaer | Investigador Independiente | Museo Argentino de Ciencias Naturales \u201cBernardino Rivadavia\u201d (MACN-CONICET), Buenos Aires, Argentina. | dariolijtmaer@gmail.com<\/p>\n<p><span style=\"color: #27868d\">18:00 &#8211; 18:30<\/span> &#8211; Holoparasitismo en plantas: convergencias en la baja eficiencia del splicing mitocondrial<\/p>\n<p style=\"text-align: right\">Responsable: Laura Evangelina Garc\u00eda | Investigadora Asistente | INSTITUTO DE BIOLOGIA AGRICOLA DE MENDOZA | lgarcia@fca.uncu.edu.ar<\/p>\n<p><span style=\"color: #27868d\">18:30 &#8211; 19:00<\/span> &#8211; Navegando el paisaje de la biodiversidad: un flujo de trabajo taxon\u00f3mico en el marco de la met\u00e1fora del mapa y el territorio.<\/p>\n<p style=\"text-align: right\">Responsable: Juan Vrdoljak | Postdoc <span style=\"color: #000000\">|<\/span> Instituto Patag\u00f3nico para el Estudio de los Ecosistemas Continentales, Consejo Nacional de Investigaciones Cient\u00edficas y T\u00e9cnicas (IPEEC-CONICET), Puerto Madryn | juan.vrdoljak@gmail.com<\/p>\n","protected":false},"excerpt":{"rendered":"<p>Programa del Simposio Nuevos enfoques en Filogen\u00e9tica 16:00 &#8211; 16:30 &#8211; Un recorrido por los avances en filogen\u00f3mica y (algunas de sus muchas) aplicaciones basado en un ejemplo de escarabajos (Baripus) de la Patagonia Responsable: Melisa Olave | Investigadora Asistente | Instituto Argentino de Investigaci\u00f3n de Zonas \u00c1ridas (IADIZA-CONICET), Mendoza | molave@mendoza-conicet.gob.ar 16:30 &#8211; 17:00 [&hellip;]<\/p>\n","protected":false},"author":168,"featured_media":0,"parent":0,"menu_order":0,"comment_status":"closed","ping_status":"closed","template":"","meta":{"advgb_blocks_editor_width":"","advgb_blocks_columns_visual_guide":"","footnotes":""},"class_list":["post-462","page","type-page","status-publish","hentry","post"],"aioseo_notices":[],"coauthors":[],"author_meta":{"author_link":"https:\/\/congresos.unlp.edu.ar\/rabev\/?author=168","display_name":"agustinamanz"},"relative_dates":{"created":"Posted 3 a\u00f1os ago","modified":"Updated 3 a\u00f1os ago"},"absolute_dates":{"created":"Posted on 20 septiembre, 2023","modified":"Updated on 22 septiembre, 2023"},"absolute_dates_time":{"created":"Posted on 20 septiembre, 2023 2:34 pm","modified":"Updated on 22 septiembre, 2023 7:13 pm"},"featured_img_caption":"","featured_img":false,"series_order":"","_links":{"self":[{"href":"https:\/\/congresos.unlp.edu.ar\/rabev\/index.php?rest_route=\/wp\/v2\/pages\/462","targetHints":{"allow":["GET"]}}],"collection":[{"href":"https:\/\/congresos.unlp.edu.ar\/rabev\/index.php?rest_route=\/wp\/v2\/pages"}],"about":[{"href":"https:\/\/congresos.unlp.edu.ar\/rabev\/index.php?rest_route=\/wp\/v2\/types\/page"}],"author":[{"embeddable":true,"href":"https:\/\/congresos.unlp.edu.ar\/rabev\/index.php?rest_route=\/wp\/v2\/users\/168"}],"replies":[{"embeddable":true,"href":"https:\/\/congresos.unlp.edu.ar\/rabev\/index.php?rest_route=%2Fwp%2Fv2%2Fcomments&post=462"}],"version-history":[{"count":0,"href":"https:\/\/congresos.unlp.edu.ar\/rabev\/index.php?rest_route=\/wp\/v2\/pages\/462\/revisions"}],"wp:attachment":[{"href":"https:\/\/congresos.unlp.edu.ar\/rabev\/index.php?rest_route=%2Fwp%2Fv2%2Fmedia&parent=462"}],"curies":[{"name":"wp","href":"https:\/\/api.w.org\/{rel}","templated":true}]}}