{"id":458,"date":"2023-09-20T14:23:00","date_gmt":"2023-09-20T17:23:00","guid":{"rendered":"https:\/\/congresos.unlp.edu.ar\/rabev?page_id=458"},"modified":"2023-09-20T14:23:38","modified_gmt":"2023-09-20T17:23:38","slug":"ensenanza-de-la-evolucion-propuestas-experiencias-y-desafios","status":"publish","type":"page","link":"https:\/\/congresos.unlp.edu.ar\/rabev?page_id=458","title":{"rendered":"Ense\u00f1anza de la evoluci\u00f3n: propuestas, experiencias y desaf\u00edos"},"content":{"rendered":"<h3 style=\"text-align: center\">Programa del Simposio Ense\u00f1anza de la evoluci\u00f3n: propuestas, experiencias y desaf\u00edos<\/h3>\n<p><span style=\"color: #27868d\">16.00 &#8211; 16.25<\/span> &#8211; Tras las Huellas de la Evoluci\u00f3n: construyendo una mirada cr\u00edtica sobre la evoluci\u00f3n en el aula.<\/p>\n<p style=\"text-align: right\">A cargo de Martina Pernigotti y P\u00eda Pacheco<\/p>\n<p style=\"text-align: left\"><span style=\"color: #27868d\">16.25 &#8211; 16.50<\/span> &#8211; Ense\u00f1anza de la evoluci\u00f3n humana en la escuela media: observaciones cr\u00edticas y propuestas innovadoras.<\/p>\n<p style=\"text-align: right\">A cargo de Gonz\u00e1lez Galli, Leonardo; P\u00e9rez, Gast\u00f3n; Cupo, Betina; Dop, Sebasti\u00e1n; Alegre, Cinthia; Su\u00e1rez, Joaqu\u00edn; Salatino, Luz.<\/p>\n<p style=\"text-align: left\"><span style=\"color: #27868d\">16.50 &#8211; 17.15<\/span> &#8211; Propuesta de recorrido en el Museo de La Plata para segundo ciclo de Primaria, provincia de Buenos Aires.<\/p>\n<p style=\"text-align: right\">A cargo de Camila Elgueta Hormazabal y Carolina Contreras<\/p>\n<p style=\"text-align: left\"><span style=\"color: #27868d\">17.15 &#8211; 17.40<\/span>\u00a0&#8211; \u00bfPor qu\u00e9 y c\u00f3mo abordar debates de relevancia social? Pensamiento cr\u00edtico, epistemolog\u00eda semanticista y metacognici\u00f3n en el aula de biolog\u00eda evolutiva.<\/p>\n<p style=\"text-align: right\">A cargo de Sebasti\u00e1n Dop Leonardo Gonz\u00e1lez Galli y Julia Piz\u00e1.<\/p>\n<p style=\"text-align: left\"><span style=\"color: #27868d\">17.40 &#8211; 18.00<\/span> &#8211; P\u00f3sters de trabajos realizados en el marco del curso <em>Tras las Huellas de la Evoluci\u00f3n<\/em><\/p>\n","protected":false},"excerpt":{"rendered":"<p>Programa del Simposio Ense\u00f1anza de la evoluci\u00f3n: propuestas, experiencias y desaf\u00edos 16.00 &#8211; 16.25 &#8211; Tras las Huellas de la Evoluci\u00f3n: construyendo una mirada cr\u00edtica sobre la evoluci\u00f3n en el aula. A cargo de Martina Pernigotti y P\u00eda Pacheco 16.25 &#8211; 16.50 &#8211; Ense\u00f1anza de la evoluci\u00f3n humana en la escuela media: observaciones cr\u00edticas y [&hellip;]<\/p>\n","protected":false},"author":168,"featured_media":0,"parent":0,"menu_order":0,"comment_status":"closed","ping_status":"closed","template":"","meta":{"advgb_blocks_editor_width":"","advgb_blocks_columns_visual_guide":"","footnotes":""},"class_list":["post-458","page","type-page","status-publish","hentry","post"],"aioseo_notices":[],"coauthors":[],"author_meta":{"author_link":"https:\/\/congresos.unlp.edu.ar\/rabev\/?author=168","display_name":"agustinamanz"},"relative_dates":{"created":"Posted 3 a\u00f1os ago","modified":"Updated 3 a\u00f1os ago"},"absolute_dates":{"created":"Posted on 20 septiembre, 2023","modified":"Updated on 20 septiembre, 2023"},"absolute_dates_time":{"created":"Posted on 20 septiembre, 2023 2:23 pm","modified":"Updated on 20 septiembre, 2023 2:23 pm"},"featured_img_caption":"","featured_img":false,"series_order":"","_links":{"self":[{"href":"https:\/\/congresos.unlp.edu.ar\/rabev\/index.php?rest_route=\/wp\/v2\/pages\/458","targetHints":{"allow":["GET"]}}],"collection":[{"href":"https:\/\/congresos.unlp.edu.ar\/rabev\/index.php?rest_route=\/wp\/v2\/pages"}],"about":[{"href":"https:\/\/congresos.unlp.edu.ar\/rabev\/index.php?rest_route=\/wp\/v2\/types\/page"}],"author":[{"embeddable":true,"href":"https:\/\/congresos.unlp.edu.ar\/rabev\/index.php?rest_route=\/wp\/v2\/users\/168"}],"replies":[{"embeddable":true,"href":"https:\/\/congresos.unlp.edu.ar\/rabev\/index.php?rest_route=%2Fwp%2Fv2%2Fcomments&post=458"}],"version-history":[{"count":0,"href":"https:\/\/congresos.unlp.edu.ar\/rabev\/index.php?rest_route=\/wp\/v2\/pages\/458\/revisions"}],"wp:attachment":[{"href":"https:\/\/congresos.unlp.edu.ar\/rabev\/index.php?rest_route=%2Fwp%2Fv2%2Fmedia&parent=458"}],"curies":[{"name":"wp","href":"https:\/\/api.w.org\/{rel}","templated":true}]}}