{"id":329,"date":"2023-09-11T19:55:09","date_gmt":"2023-09-11T22:55:09","guid":{"rendered":"https:\/\/congresos.unlp.edu.ar\/rabev?page_id=329"},"modified":"2023-09-29T06:19:41","modified_gmt":"2023-09-29T09:19:41","slug":"filogenia-y-biogeografia","status":"publish","type":"page","link":"https:\/\/congresos.unlp.edu.ar\/rabev?page_id=329","title":{"rendered":"Filogenia y biogeograf\u00eda"},"content":{"rendered":"<h3 style=\"text-align: center\">Mi\u00e9rcoles 04\/10<\/h3>\n<p><span style=\"color: #27868c\">13:30-13:50<\/span> &#8211; Explorando los l\u00edmites entre especies del grupo <em>M. stelzneri<\/em> (Anura: Bufonidae: Melanophryniscus) empleando evidencia molecular<\/p>\n<p style=\"text-align: right\">Responsable: Emilce Diaz<\/p>\n<p><span style=\"color: #27868c\">13:50-14:10<\/span> &#8211; Enigma cr\u00edptico: \u00bfCu\u00e1ntas especies incluye <em>Homonota whitii<\/em>?<\/p>\n<p style=\"text-align: right\">Responsable: Mariana Morando<\/p>\n<p><span style=\"color: #27868c\">14:10-14:30<\/span> &#8211; Develando la diversidad del grupo de geckos neotropicales <em>Homonota horrida<\/em><\/p>\n<p style=\"text-align: right\">Responsable: Millan Lugo<\/p>\n<h3 style=\"text-align: center\">Jueves 05\/10<\/h3>\n<p><span style=\"color: #27868c\">9:00-9:20<\/span> &#8211; Diversificaci\u00f3n en altura: historia evolutiva de car\u00e1bidos end\u00e9micos de Am\u00e9rica del Sur austral<\/p>\n<p style=\"text-align: right\">Responsable: Sergio Roig-Ju\u00f1ent<\/p>\n<p><span style=\"color: #27868c\">9:20-9:40<\/span> &#8211; Reconstrucci\u00f3n de las distribuciones de las ara\u00f1as del g\u00e9nero <em>Philisca<\/em> en la Patagonia durante los \u00faltimos 130.000 a\u00f1os<\/p>\n<p style=\"text-align: right\">Responsable: Pia Pacheco<\/p>\n<p><span style=\"color: #27868c\">9:40-10:00<\/span> &#8211; Filogenia basada en evidencia total, evoluci\u00f3n y primer registro del braquipterismo en el linaje Neotropical de la subtribu Philonthina (Coleoptera: Staphylinidae)<\/p>\n<p style=\"text-align: right\">Responsable: Melgarejo Rodriguez Maryzender<\/p>\n<p style=\"text-align: left\"><span style=\"color: #27868c\">10:00-10:20<\/span> &#8211; Lomechusini Neotropicales (Coleoptera, Staphylinidae, Aleocharinae): Historia evolutiva y asociaciones mutualistas.<\/p>\n<p style=\"text-align: right\">Responsable: Juliette Gualdron<\/p>\n<p>&nbsp;<\/p>\n<p>&nbsp;<\/p>\n<p><span style=\"color: #27868c\">13:30 &#8211; 13:50<\/span> &#8211; Resultados preliminaries en la exploraci\u00f3n de las conexiones bi\u00f3ticas entre el sur de Sudam\u00e9rica y sus islas cercanas: una perspectiva desde <em>Lagenophora<\/em> Cass. (Asteraceae)<\/p>\n<p style=\"text-align: right\">Responsable: Gisela Sancho<\/p>\n<p><span style=\"color: #27868c\">13:50-14:10<\/span> &#8211; Biogeograf\u00eda hist\u00f3rica del Clado Sudamericano de <em>Salvia<\/em> subg\u00e9n. <em>Calosphace<\/em>. Una mirada a trav\u00e9s de su filogenia y el nicho clim\u00e1tico-altitudinal.<\/p>\n<p style=\"text-align: right\">Responsable: Santiago Castillo<\/p>\n<p><span style=\"color: #27868c\">14:10-14:30<\/span> &#8211; La evoluci\u00f3n de las sedas pegajosas de las ara\u00f1as se corresponde con eventos de diversificaci\u00f3n de insectos voladores<\/p>\n<p style=\"text-align: right\">Responsable: Martin Ramirez<\/p>\n<p><span style=\"color: #27868c\">14:10-14:30\u00a0<\/span>&#8211; <em>(Aula de Gen\u00e9tica de Poblaciones y Adaptaci\u00f3n)<\/em> Filogenia e historia evolutiva del g\u00e9nero <em>Arjona<\/em> (Schoepfiaceae, Angiospermae)<\/p>\n<p style=\"text-align: right\">Responsable: Carlos Zavaro<\/p>\n<p style=\"text-align: right\">\n","protected":false},"excerpt":{"rendered":"<p>Mi\u00e9rcoles 04\/10 13:30-13:50 &#8211; Explorando los l\u00edmites entre especies del grupo M. stelzneri (Anura: Bufonidae: Melanophryniscus) empleando evidencia molecular Responsable: Emilce Diaz 13:50-14:10 &#8211; Enigma cr\u00edptico: \u00bfCu\u00e1ntas especies incluye Homonota whitii? Responsable: Mariana Morando 14:10-14:30 &#8211; Develando la diversidad del grupo de geckos neotropicales Homonota horrida Responsable: Millan Lugo Jueves 05\/10 9:00-9:20 &#8211; Diversificaci\u00f3n en [&hellip;]<\/p>\n","protected":false},"author":168,"featured_media":0,"parent":0,"menu_order":0,"comment_status":"closed","ping_status":"closed","template":"","meta":{"advgb_blocks_editor_width":"","advgb_blocks_columns_visual_guide":"","footnotes":""},"class_list":["post-329","page","type-page","status-publish","hentry","post"],"aioseo_notices":[],"coauthors":[],"author_meta":{"author_link":"https:\/\/congresos.unlp.edu.ar\/rabev\/?author=168","display_name":"agustinamanz"},"relative_dates":{"created":"Posted 3 a\u00f1os ago","modified":"Updated 3 a\u00f1os ago"},"absolute_dates":{"created":"Posted on 11 septiembre, 2023","modified":"Updated on 29 septiembre, 2023"},"absolute_dates_time":{"created":"Posted on 11 septiembre, 2023 7:55 pm","modified":"Updated on 29 septiembre, 2023 6:19 am"},"featured_img_caption":"","featured_img":false,"series_order":"","_links":{"self":[{"href":"https:\/\/congresos.unlp.edu.ar\/rabev\/index.php?rest_route=\/wp\/v2\/pages\/329","targetHints":{"allow":["GET"]}}],"collection":[{"href":"https:\/\/congresos.unlp.edu.ar\/rabev\/index.php?rest_route=\/wp\/v2\/pages"}],"about":[{"href":"https:\/\/congresos.unlp.edu.ar\/rabev\/index.php?rest_route=\/wp\/v2\/types\/page"}],"author":[{"embeddable":true,"href":"https:\/\/congresos.unlp.edu.ar\/rabev\/index.php?rest_route=\/wp\/v2\/users\/168"}],"replies":[{"embeddable":true,"href":"https:\/\/congresos.unlp.edu.ar\/rabev\/index.php?rest_route=%2Fwp%2Fv2%2Fcomments&post=329"}],"version-history":[{"count":0,"href":"https:\/\/congresos.unlp.edu.ar\/rabev\/index.php?rest_route=\/wp\/v2\/pages\/329\/revisions"}],"wp:attachment":[{"href":"https:\/\/congresos.unlp.edu.ar\/rabev\/index.php?rest_route=%2Fwp%2Fv2%2Fmedia&parent=329"}],"curies":[{"name":"wp","href":"https:\/\/api.w.org\/{rel}","templated":true}]}}