{"id":321,"date":"2023-09-11T19:56:30","date_gmt":"2023-09-11T22:56:30","guid":{"rendered":"https:\/\/congresos.unlp.edu.ar\/rabev?page_id=321"},"modified":"2023-09-28T19:29:03","modified_gmt":"2023-09-28T22:29:03","slug":"filosofia-e-historia-del-pensamiento-evolutivo","status":"publish","type":"page","link":"https:\/\/congresos.unlp.edu.ar\/rabev?page_id=321","title":{"rendered":"Filosof\u00eda e Historia del pensamiento Evolutivo"},"content":{"rendered":"<h3 style=\"text-align: center\">Jueves 05\/10<\/h3>\n<p style=\"text-align: left\"><span style=\"color: #27868c\">9:00-9:20<\/span> &#8211; La teor\u00eda de construcci\u00f3n de nicho y una interpretaci\u00f3n sesgada de la obra de Richard Lewontin.<\/p>\n<p style=\"text-align: right\">Responsable: Santiago Ben\u00edtez-Vieyra<\/p>\n<p><span style=\"color: #27868c\">9:20-9:40<\/span> &#8211; Gen\u00e9tica, desarrollo y evoluci\u00f3n: el legado olvidado de J. M. Rendel<\/p>\n<p style=\"text-align: right\">Responsable: Alejandra Petino Zappala<\/p>\n<p><span style=\"color: #27868c\">9:40-10:00<\/span> &#8211; La Teor\u00eda de los Sistemas de Desarrollo como antecesora de la S\u00edntesis Evolutiva Extendida: algunas consideraciones sobre sus continuidades y diferencias.<\/p>\n<p style=\"text-align: right\">Responsable: Gisela Lamas<\/p>\n<p><span style=\"color: #27868c\">10:00-10:20<\/span> &#8211; Equilibrio puntuado: \u00bfuna propuesta anti-S\u00edntesis?<\/p>\n<p style=\"text-align: right\">Responsable: Gabriel Vanzo Rodrigues<\/p>\n<p style=\"text-align: right\">\n","protected":false},"excerpt":{"rendered":"<p>Jueves 05\/10 9:00-9:20 &#8211; La teor\u00eda de construcci\u00f3n de nicho y una interpretaci\u00f3n sesgada de la obra de Richard Lewontin. Responsable: Santiago Ben\u00edtez-Vieyra 9:20-9:40 &#8211; Gen\u00e9tica, desarrollo y evoluci\u00f3n: el legado olvidado de J. M. Rendel Responsable: Alejandra Petino Zappala 9:40-10:00 &#8211; La Teor\u00eda de los Sistemas de Desarrollo como antecesora de la S\u00edntesis Evolutiva [&hellip;]<\/p>\n","protected":false},"author":168,"featured_media":0,"parent":0,"menu_order":0,"comment_status":"closed","ping_status":"closed","template":"","meta":{"advgb_blocks_editor_width":"","advgb_blocks_columns_visual_guide":"","footnotes":""},"class_list":["post-321","page","type-page","status-publish","hentry","post"],"aioseo_notices":[],"coauthors":[],"author_meta":{"author_link":"https:\/\/congresos.unlp.edu.ar\/rabev\/?author=168","display_name":"agustinamanz"},"relative_dates":{"created":"Posted 3 a\u00f1os ago","modified":"Updated 3 a\u00f1os ago"},"absolute_dates":{"created":"Posted on 11 septiembre, 2023","modified":"Updated on 28 septiembre, 2023"},"absolute_dates_time":{"created":"Posted on 11 septiembre, 2023 7:56 pm","modified":"Updated on 28 septiembre, 2023 7:29 pm"},"featured_img_caption":"","featured_img":false,"series_order":"","_links":{"self":[{"href":"https:\/\/congresos.unlp.edu.ar\/rabev\/index.php?rest_route=\/wp\/v2\/pages\/321","targetHints":{"allow":["GET"]}}],"collection":[{"href":"https:\/\/congresos.unlp.edu.ar\/rabev\/index.php?rest_route=\/wp\/v2\/pages"}],"about":[{"href":"https:\/\/congresos.unlp.edu.ar\/rabev\/index.php?rest_route=\/wp\/v2\/types\/page"}],"author":[{"embeddable":true,"href":"https:\/\/congresos.unlp.edu.ar\/rabev\/index.php?rest_route=\/wp\/v2\/users\/168"}],"replies":[{"embeddable":true,"href":"https:\/\/congresos.unlp.edu.ar\/rabev\/index.php?rest_route=%2Fwp%2Fv2%2Fcomments&post=321"}],"version-history":[{"count":0,"href":"https:\/\/congresos.unlp.edu.ar\/rabev\/index.php?rest_route=\/wp\/v2\/pages\/321\/revisions"}],"wp:attachment":[{"href":"https:\/\/congresos.unlp.edu.ar\/rabev\/index.php?rest_route=%2Fwp%2Fv2%2Fmedia&parent=321"}],"curies":[{"name":"wp","href":"https:\/\/api.w.org\/{rel}","templated":true}]}}