{"id":291,"date":"2023-09-09T00:01:53","date_gmt":"2023-09-09T03:01:53","guid":{"rendered":"https:\/\/congresos.unlp.edu.ar\/rabev?page_id=291"},"modified":"2023-09-09T00:12:10","modified_gmt":"2023-09-09T03:12:10","slug":"elecciones-de-la-sabe","status":"publish","type":"page","link":"https:\/\/congresos.unlp.edu.ar\/rabev?page_id=291","title":{"rendered":"Elecciones de la SABE"},"content":{"rendered":"<p>El d\u00eda <strong>martes 3<\/strong> de octubre se llevar\u00e1 a cabo la Asamblea de la Sociedad Argentina de Biolog\u00eda Evolutiva (SABE) en la cual se elegir\u00e1 la sede de la pr\u00f3xima RABE y las nuevas autoridades de la Sociedad. Este es nuestro primer evento eleccionario y como tal, marcar\u00e1 la maduraci\u00f3n final de nuestra Sociedad asegurando la continuidad de este proyecto colectivo de organizaci\u00f3n cient\u00edfica. Por este motivo comunicamos los siguientes llamados:<\/p>\n<ul>\n<li>Junta Electoral. Convocamos a aquellos que quieran conformar la Junta Electoral y llevar el control del escrutinio.<\/li>\n<li>Candidaturas para la Comisi\u00f3n Directiva. Todx lxs socixs activxs de las categor\u00edas Profesional y Posgrado pueden ser candidatos. La Comisi\u00f3n Directiva estar\u00e1 compuesta de cinco miembros titulares: Presidente, Vicepresidente, Secretario, Tesorero, Vocal Titular. Habr\u00e1 tambi\u00e9n dos Vocales suplentes.<\/li>\n<\/ul>\n<p>Los 7 candidatos m\u00e1s votados ser\u00e1n los miembros del nuevo consejo pudiendo consensuar entre ellos el cargo que quieran ocupar.<\/p>\n<p>Todas aquellas personas con voluntad de postularse para la Junta Electoral y\/o Comisi\u00f3n Directiva deben comunicarse antes del <em><strong>20 de septiembre<\/strong><\/em> a sociedad.evolucion@gmail, a fin de poder organizar el proceso electoral.<\/p>\n","protected":false},"excerpt":{"rendered":"<p>El d\u00eda martes 3 de octubre se llevar\u00e1 a cabo la Asamblea de la Sociedad Argentina de Biolog\u00eda Evolutiva (SABE) en la cual se elegir\u00e1 la sede de la pr\u00f3xima RABE y las nuevas autoridades de la Sociedad. Este es nuestro primer evento eleccionario y como tal, marcar\u00e1 la maduraci\u00f3n final de nuestra Sociedad asegurando [&hellip;]<\/p>\n","protected":false},"author":168,"featured_media":0,"parent":0,"menu_order":0,"comment_status":"closed","ping_status":"closed","template":"","meta":{"advgb_blocks_editor_width":"","advgb_blocks_columns_visual_guide":"","footnotes":""},"class_list":["post-291","page","type-page","status-publish","hentry","post"],"aioseo_notices":[],"coauthors":[],"author_meta":{"author_link":"https:\/\/congresos.unlp.edu.ar\/rabev\/?author=168","display_name":"agustinamanz"},"relative_dates":{"created":"Posted 3 a\u00f1os ago","modified":"Updated 3 a\u00f1os ago"},"absolute_dates":{"created":"Posted on 9 septiembre, 2023","modified":"Updated on 9 septiembre, 2023"},"absolute_dates_time":{"created":"Posted on 9 septiembre, 2023 12:01 am","modified":"Updated on 9 septiembre, 2023 12:12 am"},"featured_img_caption":"","featured_img":false,"series_order":"","_links":{"self":[{"href":"https:\/\/congresos.unlp.edu.ar\/rabev\/index.php?rest_route=\/wp\/v2\/pages\/291","targetHints":{"allow":["GET"]}}],"collection":[{"href":"https:\/\/congresos.unlp.edu.ar\/rabev\/index.php?rest_route=\/wp\/v2\/pages"}],"about":[{"href":"https:\/\/congresos.unlp.edu.ar\/rabev\/index.php?rest_route=\/wp\/v2\/types\/page"}],"author":[{"embeddable":true,"href":"https:\/\/congresos.unlp.edu.ar\/rabev\/index.php?rest_route=\/wp\/v2\/users\/168"}],"replies":[{"embeddable":true,"href":"https:\/\/congresos.unlp.edu.ar\/rabev\/index.php?rest_route=%2Fwp%2Fv2%2Fcomments&post=291"}],"version-history":[{"count":0,"href":"https:\/\/congresos.unlp.edu.ar\/rabev\/index.php?rest_route=\/wp\/v2\/pages\/291\/revisions"}],"wp:attachment":[{"href":"https:\/\/congresos.unlp.edu.ar\/rabev\/index.php?rest_route=%2Fwp%2Fv2%2Fmedia&parent=291"}],"curies":[{"name":"wp","href":"https:\/\/api.w.org\/{rel}","templated":true}]}}