{"id":267,"date":"2023-09-11T18:49:42","date_gmt":"2023-09-11T21:49:42","guid":{"rendered":"https:\/\/congresos.unlp.edu.ar\/rabev?page_id=267"},"modified":"2023-09-27T20:31:50","modified_gmt":"2023-09-27T23:31:50","slug":"didactica-y-divulgacion-de-la-evolucion","status":"publish","type":"page","link":"https:\/\/congresos.unlp.edu.ar\/rabev?page_id=267","title":{"rendered":"Did\u00e1ctica y Divulgaci\u00f3n de la Evoluci\u00f3n"},"content":{"rendered":"<h3 style=\"text-align: center\">Mi\u00e9rcoles 04\/10<\/h3>\n<p><span style=\"color: #27868c\">10:50-11:10<\/span> &#8211; La necesaria distinci\u00f3n epistemol\u00f3gica de los periodos de Darwinismo y de la S\u00edntesis Moderna en la Ense\u00f1anza de Evoluci\u00f3n Biol\u00f3gica<\/p>\n<p style=\"text-align: right\">Responsable: Ana Maria de Andrade Caldeira<\/p>\n<p><span style=\"color: #27868c\">11:10-11:30<\/span> &#8211; An\u00e1lisis con enfoque hist\u00f3rico-epistemol\u00f3gico sobre el desarrollo del modelo protista. Implicancias para la educaci\u00f3n metacient\u00edfica<\/p>\n<p style=\"text-align: right\">Responsable: Lucas Carrasco<\/p>\n<p>&nbsp;<\/p>\n<p>&nbsp;<\/p>\n<p><span style=\"color: #27868c\">13:30-13:50<\/span> &#8211; Museo de La Plata: el recorrido como excusa de la evoluci\u00f3n.<\/p>\n<p style=\"text-align: right\">Responsable: Mar\u00eda Soledad Scazzola<\/p>\n<p><span style=\"color: #27868c\">13:50-14:10<\/span> &#8211; Enfoques teleol\u00f3gicos impl\u00edcitos en el lenguaje de diferentes disciplinas biol\u00f3gicas: la Facultad de Ciencias Naturales y Museo como estudio de caso<\/p>\n<p style=\"text-align: right\">Responsable: Carlos Zavaro<\/p>\n<p><span style=\"color: #27868d\">14:10-14:30<\/span> &#8211; La modelizaci\u00f3n disciplinar y metacient\u00edfica del Origen de la C\u00e9lula Eucariota en la formaci\u00f3n del profesorado. Implicancias de la endosimbiosis y la medicina en una actividad de aplicaci\u00f3n.<\/p>\n<p style=\"text-align: right\">Responsable: Joaqu\u00edn \u00c1lvarez Soria<\/p>\n","protected":false},"excerpt":{"rendered":"<p>Mi\u00e9rcoles 04\/10 10:50-11:10 &#8211; La necesaria distinci\u00f3n epistemol\u00f3gica de los periodos de Darwinismo y de la S\u00edntesis Moderna en la Ense\u00f1anza de Evoluci\u00f3n Biol\u00f3gica Responsable: Ana Maria de Andrade Caldeira 11:10-11:30 &#8211; An\u00e1lisis con enfoque hist\u00f3rico-epistemol\u00f3gico sobre el desarrollo del modelo protista. Implicancias para la educaci\u00f3n metacient\u00edfica Responsable: Lucas Carrasco &nbsp; &nbsp; 13:30-13:50 &#8211; Museo [&hellip;]<\/p>\n","protected":false},"author":168,"featured_media":0,"parent":0,"menu_order":0,"comment_status":"closed","ping_status":"closed","template":"","meta":{"advgb_blocks_editor_width":"","advgb_blocks_columns_visual_guide":"","footnotes":""},"class_list":["post-267","page","type-page","status-publish","hentry","post"],"aioseo_notices":[],"coauthors":[],"author_meta":{"author_link":"https:\/\/congresos.unlp.edu.ar\/rabev\/?author=168","display_name":"agustinamanz"},"relative_dates":{"created":"Posted 3 a\u00f1os ago","modified":"Updated 3 a\u00f1os ago"},"absolute_dates":{"created":"Posted on 11 septiembre, 2023","modified":"Updated on 27 septiembre, 2023"},"absolute_dates_time":{"created":"Posted on 11 septiembre, 2023 6:49 pm","modified":"Updated on 27 septiembre, 2023 8:31 pm"},"featured_img_caption":"","featured_img":false,"series_order":"","_links":{"self":[{"href":"https:\/\/congresos.unlp.edu.ar\/rabev\/index.php?rest_route=\/wp\/v2\/pages\/267","targetHints":{"allow":["GET"]}}],"collection":[{"href":"https:\/\/congresos.unlp.edu.ar\/rabev\/index.php?rest_route=\/wp\/v2\/pages"}],"about":[{"href":"https:\/\/congresos.unlp.edu.ar\/rabev\/index.php?rest_route=\/wp\/v2\/types\/page"}],"author":[{"embeddable":true,"href":"https:\/\/congresos.unlp.edu.ar\/rabev\/index.php?rest_route=\/wp\/v2\/users\/168"}],"replies":[{"embeddable":true,"href":"https:\/\/congresos.unlp.edu.ar\/rabev\/index.php?rest_route=%2Fwp%2Fv2%2Fcomments&post=267"}],"version-history":[{"count":0,"href":"https:\/\/congresos.unlp.edu.ar\/rabev\/index.php?rest_route=\/wp\/v2\/pages\/267\/revisions"}],"wp:attachment":[{"href":"https:\/\/congresos.unlp.edu.ar\/rabev\/index.php?rest_route=%2Fwp%2Fv2%2Fmedia&parent=267"}],"curies":[{"name":"wp","href":"https:\/\/api.w.org\/{rel}","templated":true}]}}