{"id":136,"date":"2023-07-11T22:11:29","date_gmt":"2023-07-12T01:11:29","guid":{"rendered":"https:\/\/congresos.unlp.edu.ar\/rabev?page_id=136"},"modified":"2023-09-20T14:40:16","modified_gmt":"2023-09-20T17:40:16","slug":"simposios","status":"publish","type":"page","link":"https:\/\/congresos.unlp.edu.ar\/rabev?page_id=136","title":{"rendered":"Simposios"},"content":{"rendered":"<p>A continuaci\u00f3n se encuentran los Simposios aprobados hasta el momento. Para consultas respecto a las tem\u00e1ticas, pueden comunicarse via correo electr\u00f3nico con los responsables, con copia a rabe2023lp@gmail.com. Las consultas sobre la din\u00e1mica durante el congreso, as\u00ed como el env\u00edo de propuestas de trabajos, ser\u00e1n recibidas directamente en rabe2023lp@gmail.com.<\/p>\n<h2><strong>Simposio extendido de evo-devo<\/strong><\/h2>\n<blockquote><p><em>Responsables: Dr. Eduardo Zattara, Dra. Marina Strelin<\/em><\/p>\n<p>Por consultas: ezattara@comahue-conicet.gob.ar y marina.strelin@comahue-conicet.gob.ar<\/p>\n<p>La Biolog\u00eda Evolutiva del Desarrollo, conocida como evo-devo, est\u00e1 cobrando cada vez m\u00e1s relevancia en Latinoam\u00e9rica. Esta rama de la biolog\u00eda evolutiva se enfoca en comprender c\u00f3mo los procesos de desarrollo embrionario y postembrionario influyen en la evoluci\u00f3n de los organismos. La importancia de la evo-devo en Latinoam\u00e9rica radica en diferentes aspectos. En primer lugar, esta disciplina nos permite comprender mejor la diversidad biol\u00f3gica que existe en la regi\u00f3n. Latinoam\u00e9rica es conocida por ser una de las \u00e1reas m\u00e1s biodiversas del planeta, con una gran variedad de especies de plantas y animales, y el estudio de c\u00f3mo el desarrollo influye en la evoluci\u00f3n nos brinda herramientas para entender c\u00f3mo se genera y mantiene esta biodiversidad. Adem\u00e1s, la evo-devo se sit\u00faa en la intersecci\u00f3n entre diferentes campos de la biolog\u00eda evolutiva y esta interdisciplinariedad es una oportunidad para que las investigadoras y los investigadores de la regi\u00f3n trabajemos en conjunto, fortaleciendo as\u00ed nuestras capacidades cient\u00edficas. La vinculaci\u00f3n con investigadoras e investigadoras de prestigio trabajando en pa\u00edses con m\u00e1s antecedentes en esta \u00e1rea integradora es a su vez crucial para este fortalecimiento, tanto desde una perspectiva intelectual como financiera.<\/p>\n<p>Este simposio se centrar\u00e1 en los avances y las perspectivas actuales en el campo de la evo-devo y contar\u00e1 con destacados expertos en el tema. Tres de ellos presentar\u00e1n charlas plenarias. El Dr. Alexander Vargas (Facultad de Ciencias de la Universidad de Chile, Santiago de Chile) se centrar\u00e1 en la evo-devo de vertebrados. La Dra. Pamela Diggle (Departamento de Ecolog\u00eda y Biolog\u00eda Evolutiva de la Universidad de Connecticut, Estados Unidos) se centrar\u00e1 en la evo-devo de plantas vasculares. El Dr. Eduardo Zattara (INIBIOMA-CONICET, Argentina) presentar\u00e1 su experiencia en el campo de la evo-devo de invertebrados. Adem\u00e1s de estos conferencistas invitados, la Dra. Natalia Pab\u00f3n Mora (Universidad de Antioqu\u00eda, Colombia) y el Dr. Hugo Benitez (Universidad Cat\u00f3lica del Maule, Chile) estar\u00e1n presentes durante el congreso y tendr\u00e1n la oportunidad de colaborar haciendo intervenciones. Las personas interesadas en participar de este simposio podr\u00e1n hacerlo a trav\u00e9s de una sesi\u00f3n interactiva de p\u00f3steres. La inscripci\u00f3n est\u00e1 abierta a personas en sus primeros a\u00f1os de trabajo en temas relacionados con la evo-devo (tesistas de licenciatura, doctorandos y postdoctorandos). En dicha sesi\u00f3n de p\u00f3steres los participantes podr\u00e1n presentar sus investigaciones y tener un intercambio directo con los conferencistas invitados y otros expertos. La experiencia permitir\u00e1 a los asistentes obtener retroalimentaci\u00f3n valiosa y establecer conexiones con profesionales destacados en el campo. Adem\u00e1s, proporcionar\u00e1 un espacio para la interacci\u00f3n y el intercambio de ideas entre los participantes.<\/p>\n<p>Destacando la importancia de fomentar el desarrollo de esta disciplina en todo el pa\u00eds, la<strong> RABE V<\/strong> cuenta con el apoyo de la <strong>Pan American Society for Evolutionary Developmental Biology<\/strong>, la cual podr\u00e1 proporcionar asistencia econ\u00f3mica a quienes presenten en este Simposio para solventar su viaje al congreso. Aquellos interesados deber\u00e1n contactarse con el Comit\u00e9 Organizador al mail: rabe2023lp@gmail.com.<\/p>\n<p><img loading=\"lazy\" decoding=\"async\" class=\"size-medium wp-image-221 aligncenter\" src=\"https:\/\/congresos.unlp.edu.ar\/rabev\/wp-content\/uploads\/sites\/63\/2023\/08\/panam-evodevo-300x70.png\" alt=\"\" width=\"300\" height=\"70\" srcset=\"https:\/\/congresos.unlp.edu.ar\/rabev\/wp-content\/uploads\/sites\/63\/2023\/08\/panam-evodevo-300x70.png 300w, https:\/\/congresos.unlp.edu.ar\/rabev\/wp-content\/uploads\/sites\/63\/2023\/08\/panam-evodevo.png 480w\" sizes=\"auto, (max-width: 300px) 100vw, 300px\" \/><\/p>\n<p><a href=\"https:\/\/congresos.unlp.edu.ar\/rabev?page_id=421\">Click aqu\u00ed para acceder al programa del Simposio<\/a><\/p><\/blockquote>\n<p>&nbsp;<\/p>\n<h3>Nuevos enfoques en filogen\u00e9tica<\/h3>\n<blockquote><p><em>Responsable: Dra. Melisa Olave<\/em><\/p>\n<p>Por consultas:\u00a0molave@mendoza-conicet.gob.ar<\/p>\n<p>Los datos gen\u00e9ticos multilocus, incluso gen\u00f3micos, confiere un poder estad\u00edstico sin precedentes en biolog\u00eda evolutiva. Este avance en generaci\u00f3n de datos fue acompa\u00f1ado por desarrollos metodol\u00f3gicos que, en filogen\u00e9tica, comenzaron con el modelo coalscente hasta llegar a la incorporaci\u00f3n de flujo g\u00e9nico para la estimaci\u00f3n de redes filogen\u00e9ticas. Adem\u00e1s, es posible realizar muchos otros an\u00e1lisis a posteriori, como por ejemplo estimar modelos demogr\u00e1ficos, evaluar l\u00edmites de especies, cambios de tasas de diversificaci\u00f3n, entre muchas otras posibilidades. Este simposio est\u00e1 dedicado a estudios te\u00f3ricos y\/o emp\u00edricos, tanto micro como macro escala, que apliquen metodolog\u00edas novedosas en el campo de la filogen\u00e9tica.<\/p>\n<p><a href=\"https:\/\/congresos.unlp.edu.ar\/rabev\/?page_id=462\">Click aqu\u00ed para acceder al programa del Simposio<\/a><\/p><\/blockquote>\n<p>&nbsp;<\/p>\n<h3>Etolog\u00eda y evoluci\u00f3n en un tiempo de cambios: \u00bfcoevoluci\u00f3n m\u00e1s all\u00e1 de la especie?<\/h3>\n<blockquote><p><em>Responsables: Dr. H\u00e9ctor Ricardo Ferrari y Dra. Micaela Anzo\u00e1tegui<\/em><\/p>\n<p>Por consultas: micaeanz@gmail.com<\/p>\n<p>Jablonka y Lamb, en Evolution in Four Dimensions. Genetic, Epigenetic, Behavioral, and Symbolic Variation in the History of Life, fundamentan el comportamiento como otra forma de herencia pasible de ser objeto de alg\u00fan tipo de selecci\u00f3n. Sugerimos aqu\u00ed un cambio de \u00f3ptica. Aceptar primero que toda evoluci\u00f3n es coevoluci\u00f3n, habida cuenta que todo cambio en una poblaci\u00f3n ingresar\u00e1 en las que se relaciona con ella a manera de una variaci\u00f3n en las presiones de selecci\u00f3n. Dicho eso, cuando las estructuras comunicacionales son interespec\u00edficas (por ejemplo se\u00f1ales entre presas y predadores, entre comensales, simplemente entre convivientes por ejemplo humano\/dom\u00e9stico), \u00bfcambia, al menos a veces, el sujeto de la evoluci\u00f3n? \u00bfSon estos esquemas comunicacionales los principios organizativos generales que Watson y Szathm\u00e1ry echan de menos en How Can Evolution Learn? Y que nos permitir\u00edan comprender c\u00f3mo la organizaci\u00f3n estructural de las redes ecol\u00f3gicas cambia a lo largo del tiempo evolutivo? Proponemos aqu\u00ed que la respuesta, a ambas preguntas, a veces al menos es si.<\/p>\n<p>A su vez, se suma a este contexto la complejidad que imprime la crisis ecol\u00f3gica y los cambios comportamentales y las relaciones interespecie debido a la antropizacion creciente de la biosfera, que genera fuertes presiones de selecci\u00f3n sobre otras especies. Las din\u00e1micas humanas parecen impactar en las rutas co evolutivas conmocionando algunas categor\u00edas como naturaleza\/cultura, silvestre\/dom\u00e9stico y la propia noci\u00f3n de especie. Todo ello son marcas de nuestro tiempo donde &amp;quot;hacer biolog\u00eda&amp;quot; supone la incorporaci\u00f3n de nuevas perspectivas que nos permitan comprender mejor estos fen\u00f3menos.<\/p><\/blockquote>\n<p>&nbsp;<\/p>\n<h3>Ense\u00f1anza de la evoluci\u00f3n: propuestas, experiencias y desaf\u00edos<\/h3>\n<blockquote><p>Responsables: Prof. Lic. P\u00eda Pacheco y Lic. Martina Pernigotti<\/p>\n<p>Por consultas: piapacheco262@gmail.com y\u00a0marti.pernigotti@gmail.com<\/p>\n<p>En 2022, la Sociedad Argentina de Biolog\u00eda Evolutiva realiz\u00f3 una encuesta a nivel nacional a investigadores y docentes sobre la ense\u00f1anza de la evoluci\u00f3n. Esta evidenci\u00f3 una preocupaci\u00f3n sobre la falta de oportunidades de formaci\u00f3n y actualizaci\u00f3n en ense\u00f1anza de la evoluci\u00f3n. Si consideramos la mirada que la evoluci\u00f3n trae a la escena educativa para aportar a discusiones ambientales, \u00e9ticas, pol\u00edticas y epistemol\u00f3gicas, es necesario relevar, discutir y socializar propuestas que aborden la tem\u00e1tica y experiencias de formaci\u00f3n as\u00ed como los desaf\u00edos de su implementaci\u00f3n. Este simposio tiene como prop\u00f3sito fundamental discutir experiencias y propuestas de ense\u00f1anza de la evoluci\u00f3n en distintos niveles educativos. Se incluir\u00e1 una secci\u00f3n destinada a presentar los resultados de un curso de formaci\u00f3n para docentes desarrollado en el marco de la Global Evolutionary Biology Initiative 2023 financiada por la European Society for Evolutionary Biology.<\/p>\n<p><a href=\"https:\/\/congresos.unlp.edu.ar\/rabev?page_id=458\">Click aqu\u00ed para acceder al programa del Simposio<\/a><\/p><\/blockquote>\n<p>&nbsp;<\/p>\n","protected":false},"excerpt":{"rendered":"<p>A continuaci\u00f3n se encuentran los Simposios aprobados hasta el momento. Para consultas respecto a las tem\u00e1ticas, pueden comunicarse via correo electr\u00f3nico con los responsables, con copia a rabe2023lp@gmail.com. Las consultas sobre la din\u00e1mica durante el congreso, as\u00ed como el env\u00edo de propuestas de trabajos, ser\u00e1n recibidas directamente en rabe2023lp@gmail.com. Simposio extendido de evo-devo Responsables: Dr. [&hellip;]<\/p>\n","protected":false},"author":168,"featured_media":0,"parent":0,"menu_order":0,"comment_status":"closed","ping_status":"closed","template":"","meta":{"advgb_blocks_editor_width":"","advgb_blocks_columns_visual_guide":"","footnotes":""},"class_list":["post-136","page","type-page","status-publish","hentry","post"],"aioseo_notices":[],"coauthors":[],"author_meta":{"author_link":"https:\/\/congresos.unlp.edu.ar\/rabev\/?author=168","display_name":"agustinamanz"},"relative_dates":{"created":"Posted 3 a\u00f1os ago","modified":"Updated 3 a\u00f1os ago"},"absolute_dates":{"created":"Posted on 11 julio, 2023","modified":"Updated on 20 septiembre, 2023"},"absolute_dates_time":{"created":"Posted on 11 julio, 2023 10:11 pm","modified":"Updated on 20 septiembre, 2023 2:40 pm"},"featured_img_caption":"","featured_img":false,"series_order":"","_links":{"self":[{"href":"https:\/\/congresos.unlp.edu.ar\/rabev\/index.php?rest_route=\/wp\/v2\/pages\/136","targetHints":{"allow":["GET"]}}],"collection":[{"href":"https:\/\/congresos.unlp.edu.ar\/rabev\/index.php?rest_route=\/wp\/v2\/pages"}],"about":[{"href":"https:\/\/congresos.unlp.edu.ar\/rabev\/index.php?rest_route=\/wp\/v2\/types\/page"}],"author":[{"embeddable":true,"href":"https:\/\/congresos.unlp.edu.ar\/rabev\/index.php?rest_route=\/wp\/v2\/users\/168"}],"replies":[{"embeddable":true,"href":"https:\/\/congresos.unlp.edu.ar\/rabev\/index.php?rest_route=%2Fwp%2Fv2%2Fcomments&post=136"}],"version-history":[{"count":0,"href":"https:\/\/congresos.unlp.edu.ar\/rabev\/index.php?rest_route=\/wp\/v2\/pages\/136\/revisions"}],"wp:attachment":[{"href":"https:\/\/congresos.unlp.edu.ar\/rabev\/index.php?rest_route=%2Fwp%2Fv2%2Fmedia&parent=136"}],"curies":[{"name":"wp","href":"https:\/\/api.w.org\/{rel}","templated":true}]}}