{"id":103,"date":"2023-06-06T20:54:49","date_gmt":"2023-06-06T23:54:49","guid":{"rendered":"https:\/\/congresos.unlp.edu.ar\/rabev?page_id=103"},"modified":"2023-09-16T15:54:44","modified_gmt":"2023-09-16T18:54:44","slug":"inscripcion","status":"publish","type":"page","link":"https:\/\/congresos.unlp.edu.ar\/rabev?page_id=103","title":{"rendered":"Inscripci\u00f3n"},"content":{"rendered":"<h1 style=\"text-align: center\"><strong>Costos<\/strong><\/h1>\n<p><img loading=\"lazy\" decoding=\"async\" class=\"wp-image-104 size-large aligncenter\" src=\"https:\/\/congresos.unlp.edu.ar\/rabev\/wp-content\/uploads\/sites\/63\/2023\/06\/Costos-1024x492.png\" alt=\"\" width=\"720\" height=\"346\" srcset=\"https:\/\/congresos.unlp.edu.ar\/rabev\/wp-content\/uploads\/sites\/63\/2023\/06\/Costos-1024x492.png 1024w, https:\/\/congresos.unlp.edu.ar\/rabev\/wp-content\/uploads\/sites\/63\/2023\/06\/Costos-300x144.png 300w, https:\/\/congresos.unlp.edu.ar\/rabev\/wp-content\/uploads\/sites\/63\/2023\/06\/Costos-768x369.png 768w, https:\/\/congresos.unlp.edu.ar\/rabev\/wp-content\/uploads\/sites\/63\/2023\/06\/Costos.png 1028w\" sizes=\"auto, (max-width: 720px) 100vw, 720px\" \/><\/p>\n<p>&nbsp;<\/p>\n<h1 style=\"text-align: left\">\u00bfC\u00f3mo realizar mi inscripci\u00f3n?<\/h1>\n<h3>Participantes Argentinos<\/h3>\n<p>Para inscribirse al congreso deber\u00e1n enviar transferencia a:<br \/>\n<strong>SOC. ARG. DE BIOLOGIA EVOL. AC Banco Credicoop<\/strong><br \/>\n<strong>Cta. Corriente N\u00b0191-059-012508\/2<\/strong><br \/>\n<strong>CBU:19100599-55005901250828<\/strong><br \/>\ny completar el <strong>formulario de inscripci\u00f3n.\u00a0<\/strong><\/p>\n<h3>Socias y socios de la SABE y Sociedades Hermanas<\/h3>\n<p>Los socios de la Sociedad Argentina de Biolog\u00eda Evolutiva y sus sociedades hermanas no abonan inscripci\u00f3n al congreso. Deber\u00e1n completar el formulario de inscripci\u00f3n y luego enviar un mail a sabe.tesoreria@gmail.com indicando su nombre completo, con el asunto \u201cInscripci\u00f3n Socio SABE\u201d.<\/p>\n<h4 style=\"text-align: right\">Les recordamos que algunas de las sociedades hermanas son:<\/h4>\n<p style=\"text-align: right\">Asociaci\u00f3n Paleontologica Argentina (APA)<\/p>\n<p style=\"text-align: right\">Asociaci\u00f3n Herpetol\u00f3gica Argentina (AHA)<\/p>\n<p style=\"text-align: right\">Sociedad Argentina para el Estudio de los Mamiferos (SAREM)<\/p>\n<p style=\"text-align: right\">Asociaci\u00f3n Argentina de Ecolog\u00eda (AsAE)<\/p>\n<p style=\"text-align: right\">Sociedad Argentina de Gen\u00e9tica (SAG)<\/p>\n<p style=\"text-align: right\">Asociaci\u00f3n de Primatolog\u00eda Argentina (APRIMA)<\/p>\n<p style=\"text-align: right\">Aves Argentinas<\/p>\n<p style=\"text-align: right\">Asociacion Ornitologica del Plata<\/p>\n<h2>Participantes Extranjeros<\/h2>\n<p>La inscripci\u00f3n de participantes extranjeros se abona en el congreso, al realizar su acreditaci\u00f3n.<br \/>\nDeber\u00e1n completar el formulario de inscripci\u00f3n y luego enviar un mail a sabe.tesoreria@gmail.com indicando su nombre completo, con el asunto \u201cInscripci\u00f3n desde Pa\u00eds Extranjero\u201d.<\/p>\n<p>&nbsp;<\/p>\n<h2 style=\"text-align: center\">Formulario de Inscripci\u00f3n<\/h2>\n<p style=\"text-align: center\"><a href=\"https:\/\/forms.gle\/ArijjAhZAVFxJYKW8\">https:\/\/forms.gle\/ArijjAhZAVFxJYKW8<\/a><\/p>\n","protected":false},"excerpt":{"rendered":"<p>Costos &nbsp; \u00bfC\u00f3mo realizar mi inscripci\u00f3n? Participantes Argentinos Para inscribirse al congreso deber\u00e1n enviar transferencia a: SOC. ARG. DE BIOLOGIA EVOL. AC Banco Credicoop Cta. Corriente N\u00b0191-059-012508\/2 CBU:19100599-55005901250828 y completar el formulario de inscripci\u00f3n.\u00a0 Socias y socios de la SABE y Sociedades Hermanas Los socios de la Sociedad Argentina de Biolog\u00eda Evolutiva y sus sociedades [&hellip;]<\/p>\n","protected":false},"author":168,"featured_media":0,"parent":0,"menu_order":0,"comment_status":"closed","ping_status":"closed","template":"","meta":{"advgb_blocks_editor_width":"","advgb_blocks_columns_visual_guide":"","footnotes":""},"class_list":["post-103","page","type-page","status-publish","hentry","post"],"aioseo_notices":[],"coauthors":[],"author_meta":{"author_link":"https:\/\/congresos.unlp.edu.ar\/rabev\/?author=168","display_name":"agustinamanz"},"relative_dates":{"created":"Posted 3 a\u00f1os ago","modified":"Updated 3 a\u00f1os ago"},"absolute_dates":{"created":"Posted on 6 junio, 2023","modified":"Updated on 16 septiembre, 2023"},"absolute_dates_time":{"created":"Posted on 6 junio, 2023 8:54 pm","modified":"Updated on 16 septiembre, 2023 3:54 pm"},"featured_img_caption":"","featured_img":false,"series_order":"","_links":{"self":[{"href":"https:\/\/congresos.unlp.edu.ar\/rabev\/index.php?rest_route=\/wp\/v2\/pages\/103","targetHints":{"allow":["GET"]}}],"collection":[{"href":"https:\/\/congresos.unlp.edu.ar\/rabev\/index.php?rest_route=\/wp\/v2\/pages"}],"about":[{"href":"https:\/\/congresos.unlp.edu.ar\/rabev\/index.php?rest_route=\/wp\/v2\/types\/page"}],"author":[{"embeddable":true,"href":"https:\/\/congresos.unlp.edu.ar\/rabev\/index.php?rest_route=\/wp\/v2\/users\/168"}],"replies":[{"embeddable":true,"href":"https:\/\/congresos.unlp.edu.ar\/rabev\/index.php?rest_route=%2Fwp%2Fv2%2Fcomments&post=103"}],"version-history":[{"count":0,"href":"https:\/\/congresos.unlp.edu.ar\/rabev\/index.php?rest_route=\/wp\/v2\/pages\/103\/revisions"}],"wp:attachment":[{"href":"https:\/\/congresos.unlp.edu.ar\/rabev\/index.php?rest_route=%2Fwp%2Fv2%2Fmedia&parent=103"}],"curies":[{"name":"wp","href":"https:\/\/api.w.org\/{rel}","templated":true}]}}