{"id":93,"date":"2022-06-22T00:18:00","date_gmt":"2022-06-22T03:18:00","guid":{"rendered":"https:\/\/congresos.unlp.edu.ar\/psicoabierta\/?page_id=93"},"modified":"2022-09-07T14:02:22","modified_gmt":"2022-09-07T17:02:22","slug":"actividades-estudiantes","status":"publish","type":"page","link":"https:\/\/congresos.unlp.edu.ar\/psicoabierta\/actividades-estudiantes\/","title":{"rendered":"Actividades estudiantes"},"content":{"rendered":"<div id=\"pl-93\"  class=\"panel-layout\" ><div id=\"pg-93-0\"  class=\"panel-grid panel-has-style\" ><div class=\"panel-row-style panel-row-style-for-93-0\" ><div id=\"pgc-93-0-0\"  class=\"panel-grid-cell\" ><div id=\"panel-93-0-0-0\" class=\"so-panel widget widget_sow-image panel-first-child panel-last-child\" data-index=\"0\" ><div\n\t\t\t\n\t\t\tclass=\"so-widget-sow-image so-widget-sow-image-default-8b5b6f678277-93\"\n\t\t\t\n\t\t>\n<div class=\"sow-image-container\">\n\t\t<img \n\tsrc=\"https:\/\/congresos.unlp.edu.ar\/psicoabierta\/wp-content\/uploads\/sites\/52\/2022\/09\/estudiantes-16.jpg\" width=\"1080\" height=\"1920\" srcset=\"https:\/\/congresos.unlp.edu.ar\/psicoabierta\/wp-content\/uploads\/sites\/52\/2022\/09\/estudiantes-16.jpg 1080w, https:\/\/congresos.unlp.edu.ar\/psicoabierta\/wp-content\/uploads\/sites\/52\/2022\/09\/estudiantes-16-169x300.jpg 169w, https:\/\/congresos.unlp.edu.ar\/psicoabierta\/wp-content\/uploads\/sites\/52\/2022\/09\/estudiantes-16-576x1024.jpg 576w, https:\/\/congresos.unlp.edu.ar\/psicoabierta\/wp-content\/uploads\/sites\/52\/2022\/09\/estudiantes-16-768x1365.jpg 768w, https:\/\/congresos.unlp.edu.ar\/psicoabierta\/wp-content\/uploads\/sites\/52\/2022\/09\/estudiantes-16-864x1536.jpg 864w\" sizes=\"(max-width: 1080px) 100vw, 1080px\" alt=\"\" \t\tclass=\"so-widget-image\"\/>\n\t<\/div>\n\n<\/div><\/div><\/div><div id=\"pgc-93-0-1\"  class=\"panel-grid-cell\" ><div id=\"panel-93-0-1-0\" class=\"so-panel widget widget_sow-editor panel-first-child panel-last-child\" data-index=\"1\" ><div class=\"panel-widget-style panel-widget-style-for-93-0-1-0\" ><div\n\t\t\t\n\t\t\tclass=\"so-widget-sow-editor so-widget-sow-editor-base\"\n\t\t\t\n\t\t>\n<div class=\"siteorigin-widget-tinymce textwidget\">\n\t<h1><span style=\"color: #0000ff\"><strong>Estudiantes<\/strong><\/span><\/h1>\n<p dir=\"ltr\">\u00bfSabes qu\u00e9 es la Ciencia Abierta? \u00bfTe interesa conocer un modo transparente, reproducible y colaborativo de hacer ciencia? Psicolog\u00eda (con)ciencia abierta es un evento que contar\u00e1 con talleres y paneles de discusi\u00f3n en los que especialistas nacionales e internacionales debatir\u00e1n sobre qu\u00e9 significa implementar un modelo de producci\u00f3n de conocimiento en psicolog\u00eda y ciencias sociales basado en el modelo de la Ciencia Abierta.<\/p>\n<p dir=\"ltr\">Como estudiante, participar en este evento te permitir\u00e1:<\/p>\n<ul>\n<li dir=\"ltr\">\n<p dir=\"ltr\" role=\"presentation\">Conocer qu\u00e9 es la Ciencia Abierta y cu\u00e1l es su importancia para tu formaci\u00f3n acad\u00e9mica.<\/p>\n<\/li>\n<li dir=\"ltr\">\n<p dir=\"ltr\" role=\"presentation\">Familiarizarte con los principios y pr\u00e1cticas de este nuevo modo de hacer ciencia.<\/p>\n<\/li>\n<li dir=\"ltr\">\n<p dir=\"ltr\" role=\"presentation\">Descubrir m\u00e1s recursos sobre Ciencia Abierta y orientar tu trayectoria acad\u00e9mica hacia el desarrollo de una ciencia m\u00e1s transparente y colaborativa<\/p>\n<\/li>\n<\/ul>\n<p dir=\"ltr\"><em>Psicolog\u00eda (con)ciencia abierta<\/em> cuenta con el apoyo de <em>Declaration on Research Assessment<\/em> (DORA) y es una actividad totalmente abierta a la comunidad, de inscripci\u00f3n gratuita y en espa\u00f1ol. Te invitamos a colaborar en la construcci\u00f3n de una ciencia democr\u00e1tica y ciudadana. \u00a1Contamos con tu participaci\u00f3n! Se expiden certificados de asistencia.<\/p>\n<\/div>\n<\/div><\/div><\/div><\/div><\/div><\/div><\/div>","protected":false},"excerpt":{"rendered":"<p>Estudiantes \u00bfSabes qu\u00e9 es la Ciencia Abierta? \u00bfTe interesa conocer un modo transparente, reproducible y colaborativo de hacer ciencia? Psicolog\u00eda (con)ciencia abierta es un evento que contar\u00e1 con talleres y paneles de discusi\u00f3n en los que especialistas nacionales e internacionales debatir\u00e1n sobre qu\u00e9 significa implementar un modelo de producci\u00f3n de conocimiento en psicolog\u00eda y ciencias [&hellip;]<\/p>\n","protected":false},"author":49,"featured_media":0,"parent":0,"menu_order":0,"comment_status":"closed","ping_status":"closed","template":"","meta":{"advgb_blocks_editor_width":"","advgb_blocks_columns_visual_guide":"","footnotes":""},"class_list":["post-93","page","type-page","status-publish","hentry","post"],"aioseo_notices":[],"coauthors":[],"author_meta":{"author_link":"https:\/\/congresos.unlp.edu.ar\/psicoabierta\/author\/agustina\/","display_name":"agustina"},"relative_dates":{"created":"Posted 4 a\u00f1os ago","modified":"Updated 4 a\u00f1os ago"},"absolute_dates":{"created":"Posted on 22 junio, 2022","modified":"Updated on 7 septiembre, 2022"},"absolute_dates_time":{"created":"Posted on 22 junio, 2022 12:18 am","modified":"Updated on 7 septiembre, 2022 2:02 pm"},"featured_img_caption":"","featured_img":false,"series_order":"","_links":{"self":[{"href":"https:\/\/congresos.unlp.edu.ar\/psicoabierta\/wp-json\/wp\/v2\/pages\/93","targetHints":{"allow":["GET"]}}],"collection":[{"href":"https:\/\/congresos.unlp.edu.ar\/psicoabierta\/wp-json\/wp\/v2\/pages"}],"about":[{"href":"https:\/\/congresos.unlp.edu.ar\/psicoabierta\/wp-json\/wp\/v2\/types\/page"}],"author":[{"embeddable":true,"href":"https:\/\/congresos.unlp.edu.ar\/psicoabierta\/wp-json\/wp\/v2\/users\/49"}],"replies":[{"embeddable":true,"href":"https:\/\/congresos.unlp.edu.ar\/psicoabierta\/wp-json\/wp\/v2\/comments?post=93"}],"version-history":[{"count":0,"href":"https:\/\/congresos.unlp.edu.ar\/psicoabierta\/wp-json\/wp\/v2\/pages\/93\/revisions"}],"wp:attachment":[{"href":"https:\/\/congresos.unlp.edu.ar\/psicoabierta\/wp-json\/wp\/v2\/media?parent=93"}],"curies":[{"name":"wp","href":"https:\/\/api.w.org\/{rel}","templated":true}]}}