{"id":9,"date":"2022-05-05T11:36:51","date_gmt":"2022-05-05T14:36:51","guid":{"rendered":"https:\/\/congresos.unlp.edu.ar\/psicoabierta\/?page_id=9"},"modified":"2022-09-07T13:58:57","modified_gmt":"2022-09-07T16:58:57","slug":"el-evento","status":"publish","type":"page","link":"https:\/\/congresos.unlp.edu.ar\/psicoabierta\/el-evento\/","title":{"rendered":"El evento"},"content":{"rendered":"<div id=\"pl-9\"  class=\"panel-layout\" ><div id=\"pg-9-0\"  class=\"panel-grid panel-has-style\" ><div class=\"panel-row-style panel-row-style-for-9-0\" ><div id=\"pgc-9-0-0\"  class=\"panel-grid-cell\" ><div id=\"panel-9-0-0-0\" class=\"so-panel widget widget_sow-image panel-first-child panel-last-child\" data-index=\"0\" ><div\n\t\t\t\n\t\t\tclass=\"so-widget-sow-image so-widget-sow-image-default-8b5b6f678277-9\"\n\t\t\t\n\t\t>\n<div class=\"sow-image-container\">\n\t\t<img \n\tsrc=\"https:\/\/congresos.unlp.edu.ar\/psicoabierta\/wp-content\/uploads\/sites\/52\/2022\/09\/evento-16.jpg\" width=\"1080\" height=\"1920\" srcset=\"https:\/\/congresos.unlp.edu.ar\/psicoabierta\/wp-content\/uploads\/sites\/52\/2022\/09\/evento-16.jpg 1080w, https:\/\/congresos.unlp.edu.ar\/psicoabierta\/wp-content\/uploads\/sites\/52\/2022\/09\/evento-16-169x300.jpg 169w, https:\/\/congresos.unlp.edu.ar\/psicoabierta\/wp-content\/uploads\/sites\/52\/2022\/09\/evento-16-576x1024.jpg 576w, https:\/\/congresos.unlp.edu.ar\/psicoabierta\/wp-content\/uploads\/sites\/52\/2022\/09\/evento-16-768x1365.jpg 768w, https:\/\/congresos.unlp.edu.ar\/psicoabierta\/wp-content\/uploads\/sites\/52\/2022\/09\/evento-16-864x1536.jpg 864w\" sizes=\"(max-width: 1080px) 100vw, 1080px\" alt=\"\" \t\tclass=\"so-widget-image\"\/>\n\t<\/div>\n\n<\/div><\/div><\/div><div id=\"pgc-9-0-1\"  class=\"panel-grid-cell\" ><div id=\"panel-9-0-1-0\" class=\"so-panel widget widget_sow-editor panel-first-child panel-last-child\" data-index=\"1\" ><div class=\"panel-widget-style panel-widget-style-for-9-0-1-0\" ><div\n\t\t\t\n\t\t\tclass=\"so-widget-sow-editor so-widget-sow-editor-base\"\n\t\t\t\n\t\t>\n<div class=\"siteorigin-widget-tinymce textwidget\">\n\t<h1><strong>EL EVENTO<\/strong><\/h1>\n<p>Tradicionalmente, la investigaci\u00f3n cient\u00edfica tiene dos etapas bien diferenciadas. En la primera, los\/as investigadores\/as dise\u00f1an un estudio, recolectan los datos y los analizan. En la segunda, difunden los resultados de la investigaci\u00f3n a trav\u00e9s de ponencias en conferencias y art\u00edculos en revistas cient\u00edficas. Con frecuencia, como los art\u00edculos son publicados por editoriales comerciales y tienen costos de acceso elevados, las personas interesadas no pueden acceder a ellos. Los datos de la investigaci\u00f3n tambi\u00e9n suelen ser de acceso restringido, siendo los\/as investigadores\/as los \u00fanicos que pueden acceder a ellos.<\/p>\n<p><strong>La Ciencia Abierta es una forma de investigar m\u00e1s democr\u00e1tica, haciendo que todos los procesos y productos de la investigaci\u00f3n cient\u00edfica est\u00e9n disponibles y sean accesibles para todos\/as. Se trata de que los\/as investigadores\/as compartan con la comunidad todos los materiales de su proyecto de investigaci\u00f3n de manera abierta y gratuita. Ello incluye recursos tales como el dise\u00f1o inicial, los datos recolectados, los scripts con los que analizaron los datos y los manuscritos producidos.\u00a0<\/strong><\/p>\n<p>La Ciencia Abierta es beneficiosa para el avance del conocimiento. Por ejemplo, permite que m\u00e1s personas accedan a los art\u00edculos sin importar su condici\u00f3n econ\u00f3mica y que los\/as investigadores\/as reutilicen los datos recolectados por otros\/as para responder preguntas de investigaci\u00f3n diferentes. Por sus grandes ventajas, la Ciencia Abierta est\u00e1 siendo promovida y legislada cada vez m\u00e1s en diferentes pa\u00edses. Sin embargo, adoptar las pr\u00e1cticas abiertas de investigaci\u00f3n es un gran desaf\u00edo, porque supone cambios en las formas tradicionales de hacer ciencia y convoca a los\/as investigadores\/as a utilizar herramientas digitales nuevas.<\/p>\n<p><em>Psicolog\u00eda (con)ciencia abierta<\/em> busca difundir las ventajas de la Ciencia Abierta para la investigaci\u00f3n en psicolog\u00eda y ciencias sociales y construir colectivamente un plan de acci\u00f3n para fomentar la implementaci\u00f3n de la Ciencia Abierta en nuestro contexto local.\u00a0Psicolog\u00eda (con)ciencia abierta es un evento para todos\/as, con inscripci\u00f3n gratuita y con formato virtual. Los distintos talleres y paneles de discusi\u00f3n est\u00e1n destinados a estudiantes, docentes, investigadores y equipos de gesti\u00f3n y contar\u00e1n con la presencia de oradores internacionales. \u00a1Contamos con tu participaci\u00f3n para construir una nueva forma de hacer ciencia!<\/p>\n<\/div>\n<\/div><\/div><\/div><\/div><\/div><\/div><\/div>","protected":false},"excerpt":{"rendered":"<p>EL EVENTO Tradicionalmente, la investigaci\u00f3n cient\u00edfica tiene dos etapas bien diferenciadas. En la primera, los\/as investigadores\/as dise\u00f1an un estudio, recolectan los datos y los analizan. En la segunda, difunden los resultados de la investigaci\u00f3n a trav\u00e9s de ponencias en conferencias y art\u00edculos en revistas cient\u00edficas. Con frecuencia, como los art\u00edculos son publicados por editoriales comerciales [&hellip;]<\/p>\n","protected":false},"author":2,"featured_media":0,"parent":0,"menu_order":0,"comment_status":"closed","ping_status":"closed","template":"","meta":{"advgb_blocks_editor_width":"","advgb_blocks_columns_visual_guide":"","footnotes":""},"class_list":["post-9","page","type-page","status-publish","hentry","post"],"aioseo_notices":[],"coauthors":[],"author_meta":{"author_link":"https:\/\/congresos.unlp.edu.ar\/psicoabierta\/author\/congresos\/","display_name":"congresos"},"relative_dates":{"created":"Posted 4 a\u00f1os ago","modified":"Updated 4 a\u00f1os ago"},"absolute_dates":{"created":"Posted on 5 mayo, 2022","modified":"Updated on 7 septiembre, 2022"},"absolute_dates_time":{"created":"Posted on 5 mayo, 2022 11:36 am","modified":"Updated on 7 septiembre, 2022 1:58 pm"},"featured_img_caption":"","featured_img":false,"series_order":"","_links":{"self":[{"href":"https:\/\/congresos.unlp.edu.ar\/psicoabierta\/wp-json\/wp\/v2\/pages\/9","targetHints":{"allow":["GET"]}}],"collection":[{"href":"https:\/\/congresos.unlp.edu.ar\/psicoabierta\/wp-json\/wp\/v2\/pages"}],"about":[{"href":"https:\/\/congresos.unlp.edu.ar\/psicoabierta\/wp-json\/wp\/v2\/types\/page"}],"author":[{"embeddable":true,"href":"https:\/\/congresos.unlp.edu.ar\/psicoabierta\/wp-json\/wp\/v2\/users\/2"}],"replies":[{"embeddable":true,"href":"https:\/\/congresos.unlp.edu.ar\/psicoabierta\/wp-json\/wp\/v2\/comments?post=9"}],"version-history":[{"count":0,"href":"https:\/\/congresos.unlp.edu.ar\/psicoabierta\/wp-json\/wp\/v2\/pages\/9\/revisions"}],"wp:attachment":[{"href":"https:\/\/congresos.unlp.edu.ar\/psicoabierta\/wp-json\/wp\/v2\/media?parent=9"}],"curies":[{"name":"wp","href":"https:\/\/api.w.org\/{rel}","templated":true}]}}