{"id":208,"date":"2022-09-21T09:08:18","date_gmt":"2022-09-21T12:08:18","guid":{"rendered":"https:\/\/congresos.unlp.edu.ar\/psicoabierta\/?page_id=208"},"modified":"2022-09-30T12:54:15","modified_gmt":"2022-09-30T15:54:15","slug":"ilustraciones-del-evento","status":"publish","type":"page","link":"https:\/\/congresos.unlp.edu.ar\/psicoabierta\/ilustraciones-del-evento\/","title":{"rendered":"Ilustraciones del evento"},"content":{"rendered":"<div id=\"pl-208\"  class=\"panel-layout\" ><div id=\"pg-208-0\"  class=\"panel-grid panel-no-style\" ><div id=\"pgc-208-0-0\"  class=\"panel-grid-cell\" ><div id=\"panel-208-0-0-0\" class=\"so-panel widget widget_sow-editor panel-first-child panel-last-child\" data-index=\"0\" ><div\n\t\t\t\n\t\t\tclass=\"so-widget-sow-editor so-widget-sow-editor-base\"\n\t\t\t\n\t\t>\n<div class=\"siteorigin-widget-tinymce textwidget\">\n\t<h3 style=\"text-align: center\"><span style=\"color: #000000\">ILUSTRACIONES DEL EVENTO<\/span><br \/>\npor Julieta Longo<\/h3>\n<\/div>\n<\/div><\/div><\/div><\/div><div id=\"pg-208-1\"  class=\"panel-grid panel-has-style\" ><div class=\"siteorigin-panels-stretch panel-row-style panel-row-style-for-208-1\" data-stretch-type=\"full\" ><div id=\"pgc-208-1-0\"  class=\"panel-grid-cell\" ><div id=\"panel-208-1-0-0\" class=\"so-panel widget widget_sow-editor panel-first-child panel-last-child\" data-index=\"1\" ><div class=\"panel-widget-style panel-widget-style-for-208-1-0-0\" ><div\n\t\t\t\n\t\t\tclass=\"so-widget-sow-editor so-widget-sow-editor-base\"\n\t\t\t\n\t\t>\n<div class=\"siteorigin-widget-tinymce textwidget\">\n\t<h6 style=\"text-align: left\">PRIMERA SESI\u00d3N<\/h6>\n<p style=\"text-align: left\"><strong>Una invitaci\u00f3n a la Ciencia Abierta<\/strong><br \/>\n<em>(taller)<\/em><\/p>\n<p>&nbsp;<\/p>\n<hr \/>\n<p style=\"text-align: left\"><strong>Autora:<\/strong> Julieta Longo (<a href=\"https:\/\/instagram.com\/longo.julieta?igshid=YmMyMTA2M2Y=\" target=\"_blank\" rel=\"noopener\">@longo.julieta<\/a>)<\/p>\n<p><a href=\"http:\/\/creativecommons.org\/licenses\/by\/4.0\/\" rel=\"license\"><img decoding=\"async\" style=\"border-width: 0\" src=\"https:\/\/i.creativecommons.org\/l\/by\/4.0\/80x15.png\" alt=\"Licencia Creative Commons\" \/><\/a><br \/>\nEsta obra est\u00e1 bajo una <a href=\"http:\/\/creativecommons.org\/licenses\/by\/4.0\/\" rel=\"license\">Licencia Creative Commons Atribuci\u00f3n 4.0 Internacional<\/a>.<\/p>\n<\/div>\n<\/div><\/div><\/div><\/div><div id=\"pgc-208-1-1\"  class=\"panel-grid-cell\" ><div id=\"panel-208-1-1-0\" class=\"so-panel widget widget_sow-image panel-first-child panel-last-child\" data-index=\"2\" ><div\n\t\t\t\n\t\t\tclass=\"so-widget-sow-image so-widget-sow-image-default-8b5b6f678277-208\"\n\t\t\t\n\t\t>\n<div class=\"sow-image-container\">\n\t\t<img \n\tsrc=\"https:\/\/congresos.unlp.edu.ar\/psicoabierta\/wp-content\/uploads\/sites\/52\/2022\/09\/1-1-scaled.jpg\" width=\"1703\" height=\"2560\" srcset=\"https:\/\/congresos.unlp.edu.ar\/psicoabierta\/wp-content\/uploads\/sites\/52\/2022\/09\/1-1-scaled.jpg 1703w, https:\/\/congresos.unlp.edu.ar\/psicoabierta\/wp-content\/uploads\/sites\/52\/2022\/09\/1-1-200x300.jpg 200w, https:\/\/congresos.unlp.edu.ar\/psicoabierta\/wp-content\/uploads\/sites\/52\/2022\/09\/1-1-681x1024.jpg 681w, https:\/\/congresos.unlp.edu.ar\/psicoabierta\/wp-content\/uploads\/sites\/52\/2022\/09\/1-1-768x1155.jpg 768w, https:\/\/congresos.unlp.edu.ar\/psicoabierta\/wp-content\/uploads\/sites\/52\/2022\/09\/1-1-1022x1536.jpg 1022w, https:\/\/congresos.unlp.edu.ar\/psicoabierta\/wp-content\/uploads\/sites\/52\/2022\/09\/1-1-1362x2048.jpg 1362w\" sizes=\"(max-width: 1703px) 100vw, 1703px\" title=\"1 (1)\" alt=\"\" \t\tclass=\"so-widget-image\"\/>\n\t<\/div>\n\n<\/div><\/div><\/div><\/div><\/div><div id=\"pg-208-2\"  class=\"panel-grid panel-has-style\" ><div class=\"siteorigin-panels-stretch panel-row-style panel-row-style-for-208-2\" data-stretch-type=\"full\" ><div id=\"pgc-208-2-0\"  class=\"panel-grid-cell\" ><div id=\"panel-208-2-0-0\" class=\"so-panel widget widget_sow-editor panel-first-child panel-last-child\" data-index=\"3\" ><div class=\"panel-widget-style panel-widget-style-for-208-2-0-0\" ><div\n\t\t\t\n\t\t\tclass=\"so-widget-sow-editor so-widget-sow-editor-base\"\n\t\t\t\n\t\t>\n<div class=\"siteorigin-widget-tinymce textwidget\">\n\t<h6 style=\"text-align: left\">SEGUNDA SESI\u00d3N<\/h6>\n<p style=\"text-align: left\"><strong>Desaf\u00edos para la investigaci\u00f3n en psicolog\u00eda y ciencias sociales desde el paradigma de la Ciencia Abierta<\/strong><br \/>\n<em>(panel de discusi\u00f3n)<\/em><\/p>\n<p>&nbsp;<\/p>\n<hr \/>\n<p style=\"text-align: left\"><strong>Autora:<\/strong> Julieta Longo (<a href=\"https:\/\/instagram.com\/longo.julieta?igshid=YmMyMTA2M2Y=\" target=\"_blank\" rel=\"noopener\">@longo.julieta<\/a>)<\/p>\n<p><a href=\"http:\/\/creativecommons.org\/licenses\/by\/4.0\/\" rel=\"license\"><img decoding=\"async\" style=\"border-width: 0\" src=\"https:\/\/i.creativecommons.org\/l\/by\/4.0\/80x15.png\" alt=\"Licencia Creative Commons\" \/><\/a><br \/>\nEsta obra est\u00e1 bajo una <a href=\"http:\/\/creativecommons.org\/licenses\/by\/4.0\/\" rel=\"license\">Licencia Creative Commons Atribuci\u00f3n 4.0 Internacional<\/a>.<\/p>\n<\/div>\n<\/div><\/div><\/div><\/div><div id=\"pgc-208-2-1\"  class=\"panel-grid-cell\" ><div id=\"panel-208-2-1-0\" class=\"so-panel widget widget_sow-image panel-first-child panel-last-child\" data-index=\"4\" ><div\n\t\t\t\n\t\t\tclass=\"so-widget-sow-image so-widget-sow-image-default-8b5b6f678277-208\"\n\t\t\t\n\t\t>\n<div class=\"sow-image-container\">\n\t\t<img \n\tsrc=\"https:\/\/congresos.unlp.edu.ar\/psicoabierta\/wp-content\/uploads\/sites\/52\/2022\/09\/2-1-scaled.jpg\" width=\"1864\" height=\"2560\" srcset=\"https:\/\/congresos.unlp.edu.ar\/psicoabierta\/wp-content\/uploads\/sites\/52\/2022\/09\/2-1-scaled.jpg 1864w, https:\/\/congresos.unlp.edu.ar\/psicoabierta\/wp-content\/uploads\/sites\/52\/2022\/09\/2-1-218x300.jpg 218w, https:\/\/congresos.unlp.edu.ar\/psicoabierta\/wp-content\/uploads\/sites\/52\/2022\/09\/2-1-746x1024.jpg 746w, https:\/\/congresos.unlp.edu.ar\/psicoabierta\/wp-content\/uploads\/sites\/52\/2022\/09\/2-1-768x1055.jpg 768w, https:\/\/congresos.unlp.edu.ar\/psicoabierta\/wp-content\/uploads\/sites\/52\/2022\/09\/2-1-1118x1536.jpg 1118w, https:\/\/congresos.unlp.edu.ar\/psicoabierta\/wp-content\/uploads\/sites\/52\/2022\/09\/2-1-1491x2048.jpg 1491w\" sizes=\"(max-width: 1864px) 100vw, 1864px\" title=\"2 (1)\" alt=\"\" \t\tclass=\"so-widget-image\"\/>\n\t<\/div>\n\n<\/div><\/div><\/div><\/div><\/div><div id=\"pg-208-3\"  class=\"panel-grid panel-has-style\" ><div class=\"siteorigin-panels-stretch panel-row-style panel-row-style-for-208-3\" data-stretch-type=\"full\" ><div id=\"pgc-208-3-0\"  class=\"panel-grid-cell\" ><div id=\"panel-208-3-0-0\" class=\"so-panel widget widget_sow-editor panel-first-child panel-last-child\" data-index=\"5\" ><div class=\"panel-widget-style panel-widget-style-for-208-3-0-0\" ><div\n\t\t\t\n\t\t\tclass=\"so-widget-sow-editor so-widget-sow-editor-base\"\n\t\t\t\n\t\t>\n<div class=\"siteorigin-widget-tinymce textwidget\">\n\t<h6 style=\"text-align: left\">TERCERA SESI\u00d3N<\/h6>\n<p style=\"text-align: left\"><strong>La Ciencia Abierta y la evaluaci\u00f3n de la producci\u00f3n cient\u00edfica<\/strong><br \/>\n<em>(panel de discusi\u00f3n)<\/em><\/p>\n<p>&nbsp;<\/p>\n<hr \/>\n<p style=\"text-align: left\"><strong>Autora:<\/strong> Julieta Longo (<a href=\"https:\/\/instagram.com\/longo.julieta?igshid=YmMyMTA2M2Y=\" target=\"_blank\" rel=\"noopener\">@longo.julieta<\/a>)<\/p>\n<p><a href=\"http:\/\/creativecommons.org\/licenses\/by\/4.0\/\" rel=\"license\"><img decoding=\"async\" style=\"border-width: 0\" src=\"https:\/\/i.creativecommons.org\/l\/by\/4.0\/80x15.png\" alt=\"Licencia Creative Commons\" \/><\/a><br \/>\nEsta obra est\u00e1 bajo una <a href=\"http:\/\/creativecommons.org\/licenses\/by\/4.0\/\" rel=\"license\">Licencia Creative Commons Atribuci\u00f3n 4.0 Internacional<\/a>.<\/p>\n<\/div>\n<\/div><\/div><\/div><\/div><div id=\"pgc-208-3-1\"  class=\"panel-grid-cell\" ><div id=\"panel-208-3-1-0\" class=\"so-panel widget widget_sow-image panel-first-child panel-last-child\" data-index=\"6\" ><div\n\t\t\t\n\t\t\tclass=\"so-widget-sow-image so-widget-sow-image-default-8b5b6f678277-208\"\n\t\t\t\n\t\t>\n<div class=\"sow-image-container\">\n\t\t<img \n\tsrc=\"https:\/\/congresos.unlp.edu.ar\/psicoabierta\/wp-content\/uploads\/sites\/52\/2022\/09\/3-1-scaled.jpg\" width=\"1864\" height=\"2560\" srcset=\"https:\/\/congresos.unlp.edu.ar\/psicoabierta\/wp-content\/uploads\/sites\/52\/2022\/09\/3-1-scaled.jpg 1864w, https:\/\/congresos.unlp.edu.ar\/psicoabierta\/wp-content\/uploads\/sites\/52\/2022\/09\/3-1-218x300.jpg 218w, https:\/\/congresos.unlp.edu.ar\/psicoabierta\/wp-content\/uploads\/sites\/52\/2022\/09\/3-1-746x1024.jpg 746w, https:\/\/congresos.unlp.edu.ar\/psicoabierta\/wp-content\/uploads\/sites\/52\/2022\/09\/3-1-768x1055.jpg 768w, https:\/\/congresos.unlp.edu.ar\/psicoabierta\/wp-content\/uploads\/sites\/52\/2022\/09\/3-1-1118x1536.jpg 1118w, https:\/\/congresos.unlp.edu.ar\/psicoabierta\/wp-content\/uploads\/sites\/52\/2022\/09\/3-1-1491x2048.jpg 1491w\" sizes=\"(max-width: 1864px) 100vw, 1864px\" title=\"3 (1)\" alt=\"\" \t\tclass=\"so-widget-image\"\/>\n\t<\/div>\n\n<\/div><\/div><\/div><\/div><\/div><\/div>","protected":false},"excerpt":{"rendered":"<p>ILUSTRACIONES DEL EVENTO por Julieta Longo PRIMERA SESI\u00d3N Una invitaci\u00f3n a la Ciencia Abierta (taller) &nbsp; Autora: Julieta Longo (@longo.julieta) Esta obra est\u00e1 bajo una Licencia Creative Commons Atribuci\u00f3n 4.0 Internacional.<\/p>\n","protected":false},"author":49,"featured_media":0,"parent":0,"menu_order":0,"comment_status":"closed","ping_status":"closed","template":"","meta":{"advgb_blocks_editor_width":"","advgb_blocks_columns_visual_guide":"","footnotes":""},"class_list":["post-208","page","type-page","status-publish","hentry","post"],"aioseo_notices":[],"coauthors":[],"author_meta":{"author_link":"https:\/\/congresos.unlp.edu.ar\/psicoabierta\/author\/agustina\/","display_name":"agustina"},"relative_dates":{"created":"Posted 4 a\u00f1os ago","modified":"Updated 4 a\u00f1os ago"},"absolute_dates":{"created":"Posted on 21 septiembre, 2022","modified":"Updated on 30 septiembre, 2022"},"absolute_dates_time":{"created":"Posted on 21 septiembre, 2022 9:08 am","modified":"Updated on 30 septiembre, 2022 12:54 pm"},"featured_img_caption":"","featured_img":false,"series_order":"","_links":{"self":[{"href":"https:\/\/congresos.unlp.edu.ar\/psicoabierta\/wp-json\/wp\/v2\/pages\/208","targetHints":{"allow":["GET"]}}],"collection":[{"href":"https:\/\/congresos.unlp.edu.ar\/psicoabierta\/wp-json\/wp\/v2\/pages"}],"about":[{"href":"https:\/\/congresos.unlp.edu.ar\/psicoabierta\/wp-json\/wp\/v2\/types\/page"}],"author":[{"embeddable":true,"href":"https:\/\/congresos.unlp.edu.ar\/psicoabierta\/wp-json\/wp\/v2\/users\/49"}],"replies":[{"embeddable":true,"href":"https:\/\/congresos.unlp.edu.ar\/psicoabierta\/wp-json\/wp\/v2\/comments?post=208"}],"version-history":[{"count":0,"href":"https:\/\/congresos.unlp.edu.ar\/psicoabierta\/wp-json\/wp\/v2\/pages\/208\/revisions"}],"wp:attachment":[{"href":"https:\/\/congresos.unlp.edu.ar\/psicoabierta\/wp-json\/wp\/v2\/media?parent=208"}],"curies":[{"name":"wp","href":"https:\/\/api.w.org\/{rel}","templated":true}]}}