{"id":102,"date":"2022-06-22T00:25:26","date_gmt":"2022-06-22T03:25:26","guid":{"rendered":"https:\/\/congresos.unlp.edu.ar\/psicoabierta\/?page_id=102"},"modified":"2022-09-07T14:03:03","modified_gmt":"2022-09-07T17:03:03","slug":"actividades-equipos","status":"publish","type":"page","link":"https:\/\/congresos.unlp.edu.ar\/psicoabierta\/actividades-equipos\/","title":{"rendered":"Actividades equipos"},"content":{"rendered":"<div id=\"pl-102\"  class=\"panel-layout\" ><div id=\"pg-102-0\"  class=\"panel-grid panel-has-style\" ><div class=\"panel-row-style panel-row-style-for-102-0\" ><div id=\"pgc-102-0-0\"  class=\"panel-grid-cell\" ><div id=\"panel-102-0-0-0\" class=\"so-panel widget widget_sow-image panel-first-child panel-last-child\" data-index=\"0\" ><div\n\t\t\t\n\t\t\tclass=\"so-widget-sow-image so-widget-sow-image-default-8b5b6f678277-102\"\n\t\t\t\n\t\t>\n<div class=\"sow-image-container\">\n\t\t<img \n\tsrc=\"https:\/\/congresos.unlp.edu.ar\/psicoabierta\/wp-content\/uploads\/sites\/52\/2022\/09\/gestion-16.jpg\" width=\"1080\" height=\"1920\" srcset=\"https:\/\/congresos.unlp.edu.ar\/psicoabierta\/wp-content\/uploads\/sites\/52\/2022\/09\/gestion-16.jpg 1080w, https:\/\/congresos.unlp.edu.ar\/psicoabierta\/wp-content\/uploads\/sites\/52\/2022\/09\/gestion-16-169x300.jpg 169w, https:\/\/congresos.unlp.edu.ar\/psicoabierta\/wp-content\/uploads\/sites\/52\/2022\/09\/gestion-16-576x1024.jpg 576w, https:\/\/congresos.unlp.edu.ar\/psicoabierta\/wp-content\/uploads\/sites\/52\/2022\/09\/gestion-16-768x1365.jpg 768w, https:\/\/congresos.unlp.edu.ar\/psicoabierta\/wp-content\/uploads\/sites\/52\/2022\/09\/gestion-16-864x1536.jpg 864w\" sizes=\"(max-width: 1080px) 100vw, 1080px\" alt=\"\" \t\tclass=\"so-widget-image\"\/>\n\t<\/div>\n\n<\/div><\/div><\/div><div id=\"pgc-102-0-1\"  class=\"panel-grid-cell\" ><div id=\"panel-102-0-1-0\" class=\"so-panel widget widget_sow-editor panel-first-child panel-last-child\" data-index=\"1\" ><div class=\"panel-widget-style panel-widget-style-for-102-0-1-0\" ><div\n\t\t\t\n\t\t\tclass=\"so-widget-sow-editor so-widget-sow-editor-base\"\n\t\t\t\n\t\t>\n<div class=\"siteorigin-widget-tinymce textwidget\">\n\t<h1><span style=\"color: #ff6600\"><strong>Integrantes de equipos de gesti\u00f3n de instituciones educativas y de promoci\u00f3n de la ciencia y t\u00e9cnica<\/strong><\/span><\/h1>\n<div>\n<p dir=\"ltr\">\u00bfOcup\u00e1s un rol institucional en la gesti\u00f3n universitaria o en agencias de promoci\u00f3n de la investigaci\u00f3n cient\u00edfica (e.g., CONICET, ANPCyT, FONCyT)? \u00bfTe interesar\u00eda saber c\u00f3mo puede influir el modelo de la Ciencia Abierta en los procesos de toma de decisiones? Psicolog\u00eda (con)ciencia abierta contar\u00e1 con talleres y paneles de discusi\u00f3n en los que especialistas nacionales e internacionales debatir\u00e1n sobre las formas de promover la Ciencia Abierta desde los equipos de gesti\u00f3n.<\/p>\n<p dir=\"ltr\">Como gestor\/a, participar en este evento te permitir\u00e1:<\/p>\n<ul>\n<li dir=\"ltr\">\n<p dir=\"ltr\" role=\"presentation\">Conocer los desaf\u00edos de implementaci\u00f3n del modelo de la Ciencia Abierta en Argentina y Am\u00e9rica Latina.<\/p>\n<\/li>\n<li dir=\"ltr\">\n<p dir=\"ltr\" role=\"presentation\">Saber c\u00f3mo incide este modo de hacer ciencia en la evaluaci\u00f3n de la actividad acad\u00e9mica.<\/p>\n<\/li>\n<li dir=\"ltr\">\n<p dir=\"ltr\" role=\"presentation\">Discutir las implicaciones de la Ciencia Abierta para la gesti\u00f3n de recursos humanos.<\/p>\n<\/li>\n<\/ul>\n<p><em>Psicolog\u00eda (con)ciencia abierta<\/em> cuenta con el apoyo de <em>Declaration on Research Assessment<\/em> (DORA), y es una actividad totalmente abierta a la comunidad, de inscripci\u00f3n<\/p>\n<\/div>\n<div>gratuita y en espa\u00f1ol. Te invitamos a colaborar en la construcci\u00f3n de una ciencia democr\u00e1tica y ciudadana. \u00a1Contamos con tu participaci\u00f3n!<\/div>\n<\/div>\n<\/div><\/div><\/div><\/div><\/div><\/div><\/div>","protected":false},"excerpt":{"rendered":"<p>Integrantes de equipos de gesti\u00f3n de instituciones educativas y de promoci\u00f3n de la ciencia y t\u00e9cnica \u00bfOcup\u00e1s un rol institucional en la gesti\u00f3n universitaria o en agencias de promoci\u00f3n de la investigaci\u00f3n cient\u00edfica (e.g., CONICET, ANPCyT, FONCyT)? \u00bfTe interesar\u00eda saber c\u00f3mo puede influir el modelo de la Ciencia Abierta en los procesos de toma de [&hellip;]<\/p>\n","protected":false},"author":49,"featured_media":0,"parent":0,"menu_order":0,"comment_status":"closed","ping_status":"closed","template":"","meta":{"advgb_blocks_editor_width":"","advgb_blocks_columns_visual_guide":"","footnotes":""},"class_list":["post-102","page","type-page","status-publish","hentry","post"],"aioseo_notices":[],"coauthors":[],"author_meta":{"author_link":"https:\/\/congresos.unlp.edu.ar\/psicoabierta\/author\/agustina\/","display_name":"agustina"},"relative_dates":{"created":"Posted 4 a\u00f1os ago","modified":"Updated 4 a\u00f1os ago"},"absolute_dates":{"created":"Posted on 22 junio, 2022","modified":"Updated on 7 septiembre, 2022"},"absolute_dates_time":{"created":"Posted on 22 junio, 2022 12:25 am","modified":"Updated on 7 septiembre, 2022 2:03 pm"},"featured_img_caption":"","featured_img":false,"series_order":"","_links":{"self":[{"href":"https:\/\/congresos.unlp.edu.ar\/psicoabierta\/wp-json\/wp\/v2\/pages\/102","targetHints":{"allow":["GET"]}}],"collection":[{"href":"https:\/\/congresos.unlp.edu.ar\/psicoabierta\/wp-json\/wp\/v2\/pages"}],"about":[{"href":"https:\/\/congresos.unlp.edu.ar\/psicoabierta\/wp-json\/wp\/v2\/types\/page"}],"author":[{"embeddable":true,"href":"https:\/\/congresos.unlp.edu.ar\/psicoabierta\/wp-json\/wp\/v2\/users\/49"}],"replies":[{"embeddable":true,"href":"https:\/\/congresos.unlp.edu.ar\/psicoabierta\/wp-json\/wp\/v2\/comments?post=102"}],"version-history":[{"count":0,"href":"https:\/\/congresos.unlp.edu.ar\/psicoabierta\/wp-json\/wp\/v2\/pages\/102\/revisions"}],"wp:attachment":[{"href":"https:\/\/congresos.unlp.edu.ar\/psicoabierta\/wp-json\/wp\/v2\/media?parent=102"}],"curies":[{"name":"wp","href":"https:\/\/api.w.org\/{rel}","templated":true}]}}