{"id":11,"date":"2025-05-19T14:51:08","date_gmt":"2025-05-19T17:51:08","guid":{"rendered":"https:\/\/congresos.unlp.edu.ar\/printesim\/?page_id=11"},"modified":"2025-06-23T10:36:24","modified_gmt":"2025-06-23T13:36:24","slug":"alojamientos","status":"publish","type":"page","link":"https:\/\/congresos.unlp.edu.ar\/printesim\/alojamientos\/","title":{"rendered":"La Plata"},"content":{"rendered":"<p><img loading=\"lazy\" decoding=\"async\" class=\"alignnone wp-image-65\" src=\"http:\/\/congresos.unlp.edu.ar\/printesim\/wp-content\/uploads\/sites\/98\/2025\/06\/laplata-300x180.jpg\" alt=\"\" width=\"917\" height=\"550\" srcset=\"https:\/\/congresos.unlp.edu.ar\/printesim\/wp-content\/uploads\/sites\/98\/2025\/06\/laplata-300x180.jpg 300w, https:\/\/congresos.unlp.edu.ar\/printesim\/wp-content\/uploads\/sites\/98\/2025\/06\/laplata-768x461.jpg 768w, https:\/\/congresos.unlp.edu.ar\/printesim\/wp-content\/uploads\/sites\/98\/2025\/06\/laplata.jpg 1000w\" sizes=\"auto, (max-width: 917px) 100vw, 917px\" \/><\/p>\n<h1><span style=\"color: #800080;\">La Plata, <\/span><span style=\"color: #800080;\">atractivos tur\u00edsticos y alojamientos<\/span><\/h1>\n<p>&nbsp;<\/p>\n<p>La ciudad de La Plata, tambi\u00e9n conocida como \u201cla ciudad de las diagonales\u201d fue fundada el 19 de noviembre de 1882, siendo la capital de la provincia de Buenos Aires. Con una superficie de 940 km2, que abarca tanto el casco urbano como diferentes localidades, cuenta con m\u00e1s de 900 mil habitantes de\u00a0 los cuales muchas\/os son estudiantes de la Universidad de La Plata.<\/p>\n<p>En su casco cuenta con 23 parques y plazas atravesadas por las famosas diagonales y un gran pulm\u00f3n verde que es conocido como Paseo del Bosque donde radican las canchas de los clubes de la ciudad, algunas\u00a0 instituciones como el Museo de La Plata, el bioparque, el Planetario del Observatorio Astron\u00f3mico de la UNLP y un sinn\u00famero espacios destinados a diversas actividades al aire libre. Otros atractivos tur\u00edsticos son la Iglesia Catedral de La Plata, el edificio de la Municipalidad, el edificio de la Gobernaci\u00f3n de la Provincia de Buenos Aires y de la Legislatura provincial, as\u00ed como la Rep\u00fablica de los Ni\u00f1os a escasos kilometros del casco hist\u00f3rico.<\/p>\n<p>Entre la flora existe una variada cantidad de especies arb\u00f3reas que embellecen las distintas calles como tilos, pl\u00e1tanos, jacarand\u00e1s y naranjos, y la fauna est\u00e1 caracterizada fundamentalmente por aves en la que destacan estorninos, carpinteros, horneros, cotorras y zorzales.<\/p>\n<p>Para aquellas\/os interesadas\/os en ampliar su conocimiento sobre la historia de la ciudad, sus atractivos tur\u00edsticos, su gastronom\u00eda y posibilidades de alojamiento con el prop\u00f3sito de organizar su visita en el marco del Simposio les compartimos la p\u00e1gina oficial de la <a href=\"https:\/\/turismo.laplata.gob.ar\/\">Direcci\u00f3n de Turismo de la\u00a0 ciudad<\/a>.<\/p>\n","protected":false},"excerpt":{"rendered":"<p>La Plata, atractivos tur\u00edsticos y alojamientos &nbsp; La ciudad de La Plata, tambi\u00e9n conocida como \u201cla ciudad de las diagonales\u201d fue fundada el 19 de noviembre de 1882, siendo la capital de la provincia de Buenos Aires. Con una superficie de 940 km2, que abarca tanto el casco urbano como diferentes localidades, cuenta con m\u00e1s [&hellip;]<\/p>\n","protected":false},"author":2,"featured_media":0,"parent":0,"menu_order":0,"comment_status":"closed","ping_status":"closed","template":"","meta":{"advgb_blocks_editor_width":"","advgb_blocks_columns_visual_guide":"","footnotes":""},"class_list":["post-11","page","type-page","status-publish","hentry","post"],"aioseo_notices":[],"coauthors":[],"author_meta":{"author_link":"https:\/\/congresos.unlp.edu.ar\/printesim\/author\/congresos\/","display_name":"congresos"},"relative_dates":{"created":"Posted 11 meses ago","modified":"Updated 10 meses ago"},"absolute_dates":{"created":"Posted on 19 mayo, 2025","modified":"Updated on 23 junio, 2025"},"absolute_dates_time":{"created":"Posted on 19 mayo, 2025 2:51 pm","modified":"Updated on 23 junio, 2025 10:36 am"},"featured_img_caption":"","featured_img":false,"series_order":"","_links":{"self":[{"href":"https:\/\/congresos.unlp.edu.ar\/printesim\/wp-json\/wp\/v2\/pages\/11","targetHints":{"allow":["GET"]}}],"collection":[{"href":"https:\/\/congresos.unlp.edu.ar\/printesim\/wp-json\/wp\/v2\/pages"}],"about":[{"href":"https:\/\/congresos.unlp.edu.ar\/printesim\/wp-json\/wp\/v2\/types\/page"}],"author":[{"embeddable":true,"href":"https:\/\/congresos.unlp.edu.ar\/printesim\/wp-json\/wp\/v2\/users\/2"}],"replies":[{"embeddable":true,"href":"https:\/\/congresos.unlp.edu.ar\/printesim\/wp-json\/wp\/v2\/comments?post=11"}],"version-history":[{"count":0,"href":"https:\/\/congresos.unlp.edu.ar\/printesim\/wp-json\/wp\/v2\/pages\/11\/revisions"}],"wp:attachment":[{"href":"https:\/\/congresos.unlp.edu.ar\/printesim\/wp-json\/wp\/v2\/media?parent=11"}],"curies":[{"name":"wp","href":"https:\/\/api.w.org\/{rel}","templated":true}]}}