{"id":21,"date":"2025-06-13T10:56:18","date_gmt":"2025-06-13T13:56:18","guid":{"rendered":"https:\/\/congresos.unlp.edu.ar\/pimamt\/?page_id=21"},"modified":"2025-07-01T11:55:11","modified_gmt":"2025-07-01T14:55:11","slug":"cronograma","status":"publish","type":"page","link":"https:\/\/congresos.unlp.edu.ar\/pimamt\/cronograma\/","title":{"rendered":"Cronograma"},"content":{"rendered":"<p><strong>4 de agosto:<\/strong> fecha m\u00e1xima de env\u00edo de res\u00famenes ampliados.<\/p>\n<p><strong>14 de agosto:<\/strong> notificaci\u00f3n de aceptaci\u00f3n de trabajos por parte de los coordinadores de mesa.<\/p>\n<p><span style=\"color: #800000\"><em><strong>Una vez que el trabajo a sido aceptado, cada autor\/a deber\u00e1 crear su usuario en la plataforma de trabajo OJS\/PKP de las Jornadas (ver secci\u00f3n &#8220;formulario para el env\u00edo de res\u00famenes ampliados&#8221;) y subir su resumen ampliado.\u00a0<\/strong><\/em><\/span><\/p>\n<p>&nbsp;<\/p>\n<p>&nbsp;<\/p>\n","protected":false},"excerpt":{"rendered":"<p>4 de agosto: fecha m\u00e1xima de env\u00edo de res\u00famenes ampliados. 14 de agosto: notificaci\u00f3n de aceptaci\u00f3n de trabajos por parte de los coordinadores de mesa. Una vez que el trabajo a sido aceptado, cada autor\/a deber\u00e1 crear su usuario en la plataforma de trabajo OJS\/PKP de las Jornadas (ver secci\u00f3n &#8220;formulario para el env\u00edo de [&hellip;]<\/p>\n","protected":false},"author":2,"featured_media":0,"parent":0,"menu_order":0,"comment_status":"closed","ping_status":"closed","template":"","meta":{"advgb_blocks_editor_width":"","advgb_blocks_columns_visual_guide":"","footnotes":""},"class_list":["post-21","page","type-page","status-publish","hentry","post"],"aioseo_notices":[],"coauthors":[],"author_meta":{"author_link":"https:\/\/congresos.unlp.edu.ar\/pimamt\/author\/congresos\/","display_name":"congresos"},"relative_dates":{"created":"Posted 11 meses ago","modified":"Updated 10 meses ago"},"absolute_dates":{"created":"Posted on 13 junio, 2025","modified":"Updated on 1 julio, 2025"},"absolute_dates_time":{"created":"Posted on 13 junio, 2025 10:56 am","modified":"Updated on 1 julio, 2025 11:55 am"},"featured_img_caption":"","featured_img":false,"series_order":"","_links":{"self":[{"href":"https:\/\/congresos.unlp.edu.ar\/pimamt\/wp-json\/wp\/v2\/pages\/21","targetHints":{"allow":["GET"]}}],"collection":[{"href":"https:\/\/congresos.unlp.edu.ar\/pimamt\/wp-json\/wp\/v2\/pages"}],"about":[{"href":"https:\/\/congresos.unlp.edu.ar\/pimamt\/wp-json\/wp\/v2\/types\/page"}],"author":[{"embeddable":true,"href":"https:\/\/congresos.unlp.edu.ar\/pimamt\/wp-json\/wp\/v2\/users\/2"}],"replies":[{"embeddable":true,"href":"https:\/\/congresos.unlp.edu.ar\/pimamt\/wp-json\/wp\/v2\/comments?post=21"}],"version-history":[{"count":0,"href":"https:\/\/congresos.unlp.edu.ar\/pimamt\/wp-json\/wp\/v2\/pages\/21\/revisions"}],"wp:attachment":[{"href":"https:\/\/congresos.unlp.edu.ar\/pimamt\/wp-json\/wp\/v2\/media?parent=21"}],"curies":[{"name":"wp","href":"https:\/\/api.w.org\/{rel}","templated":true}]}}