{"id":18,"date":"2025-06-13T10:56:18","date_gmt":"2025-06-13T13:56:18","guid":{"rendered":"https:\/\/congresos.unlp.edu.ar\/pimamt\/?page_id=18"},"modified":"2025-07-01T11:33:43","modified_gmt":"2025-07-01T14:33:43","slug":"comite-cientifico","status":"publish","type":"page","link":"https:\/\/congresos.unlp.edu.ar\/pimamt\/comite-cientifico\/","title":{"rendered":"Comit\u00e9 Cient\u00edfico"},"content":{"rendered":"<p>Dra. Susana Truchuelo (Universidad de Cantabria &#8211; Espa\u00f1a)<br \/>\nDra. Ofelia Rey Castelao (Universidad de Santiago de Compostela &#8211; Espa\u00f1a)<br \/>\nDr. Manuel Reyes Garc\u00eda Hurtado (Universidad de La Coru\u00f1a &#8211; Espa\u00f1a)<br \/>\nDra. Ana Mar\u00eda Rivera Medina (Universidad Nacional de Educaci\u00f3n a distancia \u2013Espa\u00f1a)<br \/>\nDr. Rub\u00e9n Castro Redondo (Universidad de Santiago de Compostela &#8211; Espa\u00f1a)<br \/>\nDra. Mafalda Soares da Cunha (CIDEHUS &#8211; Universidade de \u00c9vora- Portugal)<br \/>\nDra. Mar\u00eda Marta Lobo de Ara\u00fajo (Universidade do Minho &#8211; Portugal)<br \/>\nDr. Miguel Metelo de Seixas (Universidade Nova de Lisboa &#8211; Portugal)<br \/>\nDra. Maria Isabel Carvalho Corr\u00eaa da Silva (Universidade de Lisboa &#8211; Portugal)<br \/>\nDr. Paulo Possamai (Universidade Federal de Pelotas &#8211; Brasil)<br \/>\nDr. Jaime Rodrigues (Universidade Federal de S\u00e3o Paulo &#8211; Brasil)<br \/>\nDra. Ver\u00f3nica Secreto (Universidade Federal Fluminense &#8211; Brasil)<br \/>\nDr. Ren\u00e9 Lommez Gomes (Universidade Federal de Minas Gerais \u2013 Brasil)<br \/>\nDra. Nara Fuentes Crisp\u00edn (Instituto Colombiano de Antropolog\u00eda e Historia\u2013 Colombia)<br \/>\nDr. Tom\u00e1s Sans\u00f3n (Universidad de la Rep\u00fablica &#8211; Uruguay)<br \/>\nDr. Gerardo Fabi\u00e1n Rodr\u00edguez (Universidad Nacional de Mar del Plata \u2013Argentina)<br \/>\nDra. Cecilia Lagunas (Universidad Nacional de Luj\u00e1n &#8211; Argentina)<br \/>\nDra. Mariana Zapatero (Universidad Cat\u00f3lica Argentina)<br \/>\nDra. Silvina Mondrag\u00f3n (Universidad Nac. del Centro de la Prov. de Bs As- Argentina)<br \/>\nDr. Mart\u00edn Alejandro Gentinetta (Universidad Nacional de C\u00f3rdoba \u2013 Argentina)<br \/>\nDra. Malena L\u00f3pez Palmero (Universidad Nacional de San Mart\u00edn &#8211; Argentina)<br \/>\nDr. Marcelo Weissel (Universidad Nacional de Lan\u00fas &#8211; Argentina)<\/p>\n","protected":false},"excerpt":{"rendered":"<p>Dra. Susana Truchuelo (Universidad de Cantabria &#8211; Espa\u00f1a) Dra. Ofelia Rey Castelao (Universidad de Santiago de Compostela &#8211; Espa\u00f1a) Dr. Manuel Reyes Garc\u00eda Hurtado (Universidad de La Coru\u00f1a &#8211; Espa\u00f1a) Dra. Ana Mar\u00eda Rivera Medina (Universidad Nacional de Educaci\u00f3n a distancia \u2013Espa\u00f1a) Dr. Rub\u00e9n Castro Redondo (Universidad de Santiago de Compostela &#8211; Espa\u00f1a) Dra. Mafalda [&hellip;]<\/p>\n","protected":false},"author":2,"featured_media":0,"parent":0,"menu_order":0,"comment_status":"closed","ping_status":"closed","template":"","meta":{"advgb_blocks_editor_width":"","advgb_blocks_columns_visual_guide":"","footnotes":""},"class_list":["post-18","page","type-page","status-publish","hentry","post"],"aioseo_notices":[],"coauthors":[],"author_meta":{"author_link":"https:\/\/congresos.unlp.edu.ar\/pimamt\/author\/congresos\/","display_name":"congresos"},"relative_dates":{"created":"Posted 11 meses ago","modified":"Updated 10 meses ago"},"absolute_dates":{"created":"Posted on 13 junio, 2025","modified":"Updated on 1 julio, 2025"},"absolute_dates_time":{"created":"Posted on 13 junio, 2025 10:56 am","modified":"Updated on 1 julio, 2025 11:33 am"},"featured_img_caption":"","featured_img":false,"series_order":"","_links":{"self":[{"href":"https:\/\/congresos.unlp.edu.ar\/pimamt\/wp-json\/wp\/v2\/pages\/18","targetHints":{"allow":["GET"]}}],"collection":[{"href":"https:\/\/congresos.unlp.edu.ar\/pimamt\/wp-json\/wp\/v2\/pages"}],"about":[{"href":"https:\/\/congresos.unlp.edu.ar\/pimamt\/wp-json\/wp\/v2\/types\/page"}],"author":[{"embeddable":true,"href":"https:\/\/congresos.unlp.edu.ar\/pimamt\/wp-json\/wp\/v2\/users\/2"}],"replies":[{"embeddable":true,"href":"https:\/\/congresos.unlp.edu.ar\/pimamt\/wp-json\/wp\/v2\/comments?post=18"}],"version-history":[{"count":0,"href":"https:\/\/congresos.unlp.edu.ar\/pimamt\/wp-json\/wp\/v2\/pages\/18\/revisions"}],"wp:attachment":[{"href":"https:\/\/congresos.unlp.edu.ar\/pimamt\/wp-json\/wp\/v2\/media?parent=18"}],"curies":[{"name":"wp","href":"https:\/\/api.w.org\/{rel}","templated":true}]}}