{"id":161,"date":"2025-10-01T00:31:34","date_gmt":"2025-10-01T03:31:34","guid":{"rendered":"https:\/\/congresos.unlp.edu.ar\/pimamt\/?page_id=161"},"modified":"2025-10-01T00:31:34","modified_gmt":"2025-10-01T03:31:34","slug":"enlaces-para-mesas-virtuales","status":"publish","type":"page","link":"https:\/\/congresos.unlp.edu.ar\/pimamt\/enlaces-para-mesas-virtuales\/","title":{"rendered":"Enlaces para mesas virtuales"},"content":{"rendered":"<p><strong>MI\u00c9RCOLES 1<\/strong><\/p>\n<p>MESAS 9 a 12<\/p>\n<p><strong>MESA 3<br \/>\n<\/strong>La plataforma meridional espa\u00f1ola en la construcci\u00f3n de un atl\u00e1ntico global: ciudades, puertos, agentes y redes<br \/>\nEnlace: <a href=\"https:\/\/zoom.us\/j\/98645429318\"><strong>III Jornadas Atl\u00e1nticas &#8211; Mesa 3 &#8211; Zoom<\/strong><\/a><\/p>\n<p><strong>MESA 4<br \/>\n<\/strong>Proyecci\u00f3n atl\u00e1ntica de la monarqu\u00eda de Espa\u00f1a: redes de poder, comercio e instituciones (ss. XVII \u2013 XVIII)<br \/>\nEnlace: <a href=\"https:\/\/teams.microsoft.com\/l\/meetup-join\/19%3Ameeting_MGQ5NzQ1MTAtOThmYi00Yjc0LWFiOWUtYmM3NzE4NjQ4ZTZm@thread.v2\/0?context=%7B%22Tid%22%3A%222d38419f-fc3d-4d91-b6d3-eb37480c8fe4%22%2C%22Oid%22%3A%22b7049a10-44bd-456d-9df3-fde7ca3c3f6d%22%7D\"><strong>III Jornadas Atl\u00e1nticas &#8211; Mesa 4 &#8211; Microsoft Teams<\/strong><\/a><\/p>\n<p><strong>MESA 16<br \/>\n<\/strong>Las Artes populares en torno a las \ufb01estas rituales de Am\u00e9rica colonial<br \/>\nEnlace: <a href=\"https:\/\/meet.google.com\/fmb-udyt-vsz\"><strong>III Jornadas Atl\u00e1nticas &#8211; Mesa 16 &#8211; Google Meet<\/strong><\/a><\/p>\n<p><strong><u><br \/>\n<\/u><\/strong>CONFERENCIA INAUGURAL 13 a 13.45<br \/>\nMarcelo Weissel<br \/>\nEnlace: <a href=\"https:\/\/zoom.us\/j\/98645429318\"><strong>III Jornadas Atl\u00e1nticas &#8211; Conferencia Marcelo Weissel &#8211; Zoom<\/strong><\/a><\/p>\n<p><strong><u><br \/>\n<\/u><\/strong>MESAS 14.30 a 18<\/p>\n<p><strong>MESA 21<br \/>\n<\/strong>La uni\u00f3n hace la fuerza. Din\u00e1micas de los conflictos colectivos en las sociedades ib\u00e9ricas: poder, resistencia y negociaci\u00f3n<br \/>\nEnlace: <a href=\"https:\/\/zoom.us\/j\/98645429318\"><strong>III Jornadas Atl\u00e1nticas &#8211; Mesa 21 &#8211; Zoom<\/strong><\/a><\/p>\n<p>&nbsp;<\/p>\n<p>&nbsp;<\/p>\n<p>&nbsp;<\/p>\n<p><strong>\u00a0<\/strong><\/p>\n<p><strong>JUEVES 2<\/strong><\/p>\n<p>MESAS 9 a 12<\/p>\n<p><strong>MESA 8<br \/>\n<\/strong>Transferencias culturales, redes y poder en la construcci\u00f3n del mundo atl\u00e1ntico (siglo XV-primera mitad del siglo XVII)<br \/>\nEnlace: <a href=\"https:\/\/teams.microsoft.com\/l\/meetup-join\/19%3Ameeting_MzRkYTUwNWQtN2M2OS00YWI1LWE5N2UtNDdjZTBlMWIxMGZh@thread.v2\/0?context=%7B%22Tid%22%3A%22b2bb731c-460d-420f-a475-3ed615a82987%22%2C%22Oid%22%3A%22a20dae19-6137-47f0-bc51-f5baae12a501%22%7D\"><strong>III Jornadas Atl\u00e1nticas &#8211; Mesa 8 (jueves) &#8211; Microsoft Teams<\/strong><\/a><\/p>\n<p><strong>MESA 13<br \/>\n<\/strong>Agentes, pr\u00e1cticas y creencias en los espacios atl\u00e1nticos: pol\u00edtica y religiosidad entre Europa y Am\u00e9rica (ss. XVI-XVIII)<br \/>\nEnlace: <a href=\"https:\/\/teams.microsoft.com\/l\/meetup-join\/19%3Ameeting_OTk1ODdkZmItODZlYS00ZGFiLTk2ZGEtMDc2NDJhZTZiOGYz@thread.v2\/0?context=%7B%22Tid%22%3A%222d38419f-fc3d-4d91-b6d3-eb37480c8fe4%22%2C%22Oid%22%3A%22b7049a10-44bd-456d-9df3-fde7ca3c3f6d%22%7D\"><strong>III Jornadas Atl\u00e1nticas &#8211; Mesa 13 &#8211; Microsoft Teams<\/strong><\/a><\/p>\n<p><strong>MESA 14<br \/>\n<\/strong>Am\u00e9rica\u201d en la historiograf\u00eda espa\u00f1ola y Latinoamericana desde los siglos XVI a XIX<br \/>\nEnlace: <a href=\"https:\/\/teams.microsoft.com\/l\/team\/19%3AJKb77STCOZlDlrkZsjDm7H2ZdTQFJh-w09lTlSuy9tc1%40thread.tacv2\/conversations?groupId=7829582b-6918-4609-946d-fcd1ff78459b&amp;tenantId=8f0d452c-b7a4-4964-b810-8c397374477b\"><strong>III Jornadas Atl\u00e1nticas &#8211; Mesa 14 &#8211; Microsoft Teams<\/strong><\/a><\/p>\n<p><strong>MESA 22<br \/>\n<\/strong>El uso de las im\u00e1genes en contextos coloniales y postcoloniales: representaci\u00f3n y dimensi\u00f3n performativa<br \/>\nEnlace: <a href=\"https:\/\/zoom.us\/j\/98645429318\"><strong>III Jornadas Atl\u00e1nticas &#8211; Mesa 22 &#8211; Zoom<\/strong><\/a><\/p>\n<p><strong><u><br \/>\n<\/u><\/strong>CONFERENCIA 12.15 a 13<\/p>\n<p>Antonio de Almeida Mendes<br \/>\nEnlace: <a href=\"https:\/\/zoom.us\/j\/98645429318\"><strong>III Jornadas Atl\u00e1nticas &#8211; Conferencia Antonio de Almeida Mendes &#8211; Zoom<\/strong><\/a><\/p>\n<p><strong><u><br \/>\n<\/u><\/strong>MESAS 14.30 a 18 hs<\/p>\n<p><strong>MESA 11<br \/>\n<\/strong>Desde tiempos prehisp\u00e1nicos a los post-hisp\u00e1nicos: la importancia de los estudios interdisciplinarios para el an\u00e1lisis de procesos sociales (entre el siglo XV y el primer cuarto del siglo XIX)<br \/>\nEnlace: <a href=\"https:\/\/zoom.us\/j\/98645429318\"><strong>III Jornadas Atl\u00e1nticas &#8211; Mesa 11 &#8211; Zoom<\/strong><\/a><\/p>\n<p><strong>MESA 18<br \/>\n<\/strong>Trabajos, trayectorias y traves\u00edas a los dos lados del atl\u00e1ntico: las econom\u00edas familiares ante los conflictos y las resistencias cotidianas<br \/>\nEnlace: <a href=\"https:\/\/teams.microsoft.com\/l\/meetup-join\/19%3Ameeting_OGFhZWRlZGYtNTJjNS00Y2I4LWEzNDUtODVmODVlY2I2NjU3@thread.v2\/0?context=%7B%22Tid%22%3A%222d38419f-fc3d-4d91-b6d3-eb37480c8fe4%22%2C%22Oid%22%3A%22b7049a10-44bd-456d-9df3-fde7ca3c3f6d%22%7D\"><strong>III Jornadas Atl\u00e1nticas &#8211; Mesa 18 &#8211; Microsoft Teams<\/strong><\/a><\/p>\n<p><strong>MESA 19<br \/>\n<\/strong>Pensar las Inquisiciones Ib\u00e9ricas en la Modernidad<br \/>\nEnlace: <a href=\"https:\/\/meet.google.com\/afa-ynxt-uxi\"><strong>III Jornadas Atl\u00e1nticas &#8211; Mesa 19 &#8211; Google Meet<\/strong><\/a><\/p>\n<p><strong>PANEL 16:15 a 18<\/strong><strong><br \/>\n<\/strong>Historiograf\u00edas del pasado colonial en Latinoam\u00e9rica: Visiones y legados atl\u00e1nticos (siglo XIX)<br \/>\nAula 205<br \/>\nEnlace: <a href=\"https:\/\/meet.google.com\/jvf-obfi-ech\"><strong>III Jornadas Atl\u00e1nticas &#8211; Panel &#8211; Google Meet<\/strong><\/a><\/p>\n<p>&nbsp;<\/p>\n<p>CONFERENCIA 18:15 A 19<br \/>\nV\u00edctor Mu\u00f1oz G\u00f3mez<br \/>\nEnlace: <a href=\"https:\/\/zoom.us\/j\/98645429318\"><strong>III Jornadas Atl\u00e1nticas &#8211; Conferencia V\u00edctor Mu\u00f1oz &#8211; Zoom<\/strong><\/a><\/p>\n<p>&nbsp;<\/p>\n<p>&nbsp;<\/p>\n<p>&nbsp;<\/p>\n<p><strong>\u00a0<\/strong><\/p>\n<p><strong>VIERNES 3<\/strong><\/p>\n<p>MESAS 9 A 12<\/p>\n<p><strong>MESA 8<br \/>\n<\/strong>Transferencias culturales, redes y poder en la construcci\u00f3n del mundo atl\u00e1ntico (siglo XV-primera mitad del siglo XVII) (continuaci\u00f3n)<br \/>\nEnlace: <a href=\"https:\/\/teams.microsoft.com\/l\/meetup-join\/19%3Ameeting_YzNhNjg4ZjgtNzEwOS00ZGY2LWFmNmYtYjMzOGM3NjZjOWRi@thread.v2\/0?context=%7B%22Tid%22%3A%22b2bb731c-460d-420f-a475-3ed615a82987%22%2C%22Oid%22%3A%22a20dae19-6137-47f0-bc51-f5baae12a501%22%7D\"><strong>III Jornadas Atl\u00e1nticas &#8211; Mesa 8 (viernes) &#8211; Microsoft Teams<\/strong><\/a><\/p>\n<p><strong>MESA 9<br \/>\n<\/strong>A ambos lados del Oc\u00e9ano. La ense\u00f1anza de la historia atl\u00e1ntica (siglos XVI-XX)<br \/>\nEnlace: <a href=\"https:\/\/teams.microsoft.com\/l\/meetup-join\/19%3Ameeting_ZDViNGJiOTYtNGQxMy00MDc1LThjZmQtZTVmMGZiMzhiNDk4@thread.v2\/0?context=%7B%22Tid%22%3A%222d38419f-fc3d-4d91-b6d3-eb37480c8fe4%22%2C%22Oid%22%3A%22b7049a10-44bd-456d-9df3-fde7ca3c3f6d%22%7D\"><strong>III Jornadas Atl\u00e1nticas &#8211; Mesa 9 &#8211; Microsoft Teams<\/strong><\/a><\/p>\n<p><strong>MESA 12<br \/>\n<\/strong>Conflictos y resistencias ante los jueces y tribunales de los dos lados del Atl\u00e1ntico: de lo micro a lo macro, siglos XV-XIX<br \/>\nEnlace: <a href=\"https:\/\/zoom.us\/j\/98645429318\"><strong>III Jornadas Atl\u00e1nticas &#8211; Mesa 12 &#8211; Zoom<\/strong><\/a><\/p>\n<p><strong>MESA 17<br \/>\n<\/strong>La ciudad moderna y sus o\ufb01cios. Identidades, conflictos y formas de organizaci\u00f3n laboral en el Mundo Atl\u00e1ntico<br \/>\nEnlace: <a href=\"https:\/\/meet.google.com\/ykp-qrqv-wjn\"><strong>III Jornadas Atl\u00e1nticas &#8211; Mesa 17 &#8211; Google Meet<\/strong><\/a><\/p>\n<p>MESAS 14,30 A 18<\/p>\n<p><strong>MESA 1<br \/>\n<\/strong>Circulaci\u00f3n de agentes, saberes y pr\u00e1cticas de gobierno y justicia en el mundo Atl\u00e1ntico (siglos XVI-XIX)<br \/>\nEnlace: <a href=\"https:\/\/teams.microsoft.com\/l\/meetup-join\/19%3Ameeting_NzlkMjg1MDYtZjI2NC00OTlhLThiZTctYjNlNDcwNTkyYjY3@thread.v2\/0?context=%7B%22Tid%22%3A%222d38419f-fc3d-4d91-b6d3-eb37480c8fe4%22%2C%22Oid%22%3A%22b7049a10-44bd-456d-9df3-fde7ca3c3f6d%22%7D\"><strong>III Jornadas Atl\u00e1nticas &#8211; Mesa 1- Microsoft Teams<\/strong><\/a><\/p>\n<p><strong>MESA 6<br \/>\n<\/strong>La Historia Atl\u00e1ntica desde el aula. Experiencias, debates y reflexiones sobre su ense\u00f1anza en el Nivel Medio<br \/>\nEnlace: <a href=\"https:\/\/meet.google.com\/ogx-xseh-izh\"><strong>III Jornadas Atl\u00e1nticas &#8211; Mesa 6 &#8211; Google Meet<\/strong><\/a><\/p>\n<p><strong>MESA 10<br \/>\n<\/strong>Circulaci\u00f3n de personas, bienes materiales e intangibles por el Atl\u00e1ntico, durante los siglos XVI a XIX<br \/>\nEnlace: <a href=\"https:\/\/zoom.us\/j\/98645429318\"><strong>III Jornadas Atl\u00e1nticas &#8211; Mesa 10 &#8211; Zoom<\/strong><\/a><\/p>\n<p><strong>MESA 24<br \/>\n<\/strong>As gentes do mar e o Atl\u00e2ntico: rela\u00e7\u00f5es sociais, viv\u00eancias laborais e perspectivas historiogr\u00e1\ufb01cas<br \/>\nEnlace: <a href=\"https:\/\/meet.google.com\/yjo-bsgz-wxx\"><strong>III Jornadas Atl\u00e1nticas &#8211; Mesa 24 &#8211; Google Meet<\/strong><\/a><\/p>\n<p><strong><u><br \/>\n<\/u><\/strong>CONFERENCIA 18,15 A 19<br \/>\nJohn F. Chuchiak IV<br \/>\nEnlace: <a href=\"https:\/\/zoom.us\/j\/98645429318\"><strong>III Jornadas Atl\u00e1nticas &#8211; Conferencia John F. Chuchiak IV &#8211; Zoom<\/strong><\/a><\/p>\n","protected":false},"excerpt":{"rendered":"<p>MI\u00c9RCOLES 1 MESAS 9 a 12 MESA 3 La plataforma meridional espa\u00f1ola en la construcci\u00f3n de un atl\u00e1ntico global: ciudades, puertos, agentes y redes Enlace: III Jornadas Atl\u00e1nticas &#8211; Mesa 3 &#8211; Zoom MESA 4 Proyecci\u00f3n atl\u00e1ntica de la monarqu\u00eda de Espa\u00f1a: redes de poder, comercio e instituciones (ss. XVII \u2013 XVIII) Enlace: III Jornadas [&hellip;]<\/p>\n","protected":false},"author":240,"featured_media":0,"parent":0,"menu_order":0,"comment_status":"closed","ping_status":"closed","template":"","meta":{"advgb_blocks_editor_width":"","advgb_blocks_columns_visual_guide":"","footnotes":""},"class_list":["post-161","page","type-page","status-publish","hentry","post"],"aioseo_notices":[],"coauthors":[],"author_meta":{"author_link":"https:\/\/congresos.unlp.edu.ar\/pimamt\/author\/moropoablo\/","display_name":"moropoablo"},"relative_dates":{"created":"Posted 7 meses ago","modified":"Updated 7 meses ago"},"absolute_dates":{"created":"Posted on 1 octubre, 2025","modified":"Updated on 1 octubre, 2025"},"absolute_dates_time":{"created":"Posted on 1 octubre, 2025 12:31 am","modified":"Updated on 1 octubre, 2025 12:31 am"},"featured_img_caption":"","featured_img":false,"series_order":"","_links":{"self":[{"href":"https:\/\/congresos.unlp.edu.ar\/pimamt\/wp-json\/wp\/v2\/pages\/161","targetHints":{"allow":["GET"]}}],"collection":[{"href":"https:\/\/congresos.unlp.edu.ar\/pimamt\/wp-json\/wp\/v2\/pages"}],"about":[{"href":"https:\/\/congresos.unlp.edu.ar\/pimamt\/wp-json\/wp\/v2\/types\/page"}],"author":[{"embeddable":true,"href":"https:\/\/congresos.unlp.edu.ar\/pimamt\/wp-json\/wp\/v2\/users\/240"}],"replies":[{"embeddable":true,"href":"https:\/\/congresos.unlp.edu.ar\/pimamt\/wp-json\/wp\/v2\/comments?post=161"}],"version-history":[{"count":0,"href":"https:\/\/congresos.unlp.edu.ar\/pimamt\/wp-json\/wp\/v2\/pages\/161\/revisions"}],"wp:attachment":[{"href":"https:\/\/congresos.unlp.edu.ar\/pimamt\/wp-json\/wp\/v2\/media?parent=161"}],"curies":[{"name":"wp","href":"https:\/\/api.w.org\/{rel}","templated":true}]}}