{"id":70,"date":"2020-02-10T11:31:43","date_gmt":"2020-02-10T14:31:43","guid":{"rendered":"http:\/\/congresos.unlp.edu.ar\/microvet?page_id=70"},"modified":"2020-07-05T20:16:24","modified_gmt":"2020-07-05T23:16:24","slug":"ejes-tematicos","status":"publish","type":"page","link":"https:\/\/congresos.unlp.edu.ar\/microvet?page_id=70","title":{"rendered":"Ejes tem\u00e1ticos"},"content":{"rendered":"<ul>\n<li><strong><span style=\"color: #333399\">Bacteriolog\u00eda<\/span><\/strong><\/li>\n<li><strong><span style=\"color: #333399\">Virolog\u00eda<\/span><\/strong><\/li>\n<li><strong><span style=\"color: #333399\">Micolog\u00eda<\/span><\/strong><\/li>\n<li><strong><span style=\"color: #333399\">Resistencia a los antimicrobianos<\/span><\/strong><\/li>\n<li><strong><span style=\"color: #333399\">Diagn\u00f3stico microbiol\u00f3gico<\/span><\/strong><\/li>\n<\/ul>\n","protected":false},"excerpt":{"rendered":"<p>Bacteriolog\u00eda Virolog\u00eda Micolog\u00eda Resistencia a los antimicrobianos Diagn\u00f3stico microbiol\u00f3gico<\/p>\n","protected":false},"author":2,"featured_media":0,"parent":0,"menu_order":0,"comment_status":"closed","ping_status":"closed","template":"","meta":{"advgb_blocks_editor_width":"","advgb_blocks_columns_visual_guide":"","footnotes":""},"class_list":["post-70","page","type-page","status-publish","hentry","post"],"aioseo_notices":[],"coauthors":[],"author_meta":{"author_link":"https:\/\/congresos.unlp.edu.ar\/microvet\/?author=2","display_name":"congresos"},"relative_dates":{"created":"Posted 6 a\u00f1os ago","modified":"Updated 6 a\u00f1os ago"},"absolute_dates":{"created":"Posted on 10 febrero, 2020","modified":"Updated on 5 julio, 2020"},"absolute_dates_time":{"created":"Posted on 10 febrero, 2020 11:31 am","modified":"Updated on 5 julio, 2020 8:16 pm"},"featured_img_caption":"","featured_img":false,"series_order":"","_links":{"self":[{"href":"https:\/\/congresos.unlp.edu.ar\/microvet\/index.php?rest_route=\/wp\/v2\/pages\/70","targetHints":{"allow":["GET"]}}],"collection":[{"href":"https:\/\/congresos.unlp.edu.ar\/microvet\/index.php?rest_route=\/wp\/v2\/pages"}],"about":[{"href":"https:\/\/congresos.unlp.edu.ar\/microvet\/index.php?rest_route=\/wp\/v2\/types\/page"}],"author":[{"embeddable":true,"href":"https:\/\/congresos.unlp.edu.ar\/microvet\/index.php?rest_route=\/wp\/v2\/users\/2"}],"replies":[{"embeddable":true,"href":"https:\/\/congresos.unlp.edu.ar\/microvet\/index.php?rest_route=%2Fwp%2Fv2%2Fcomments&post=70"}],"version-history":[{"count":0,"href":"https:\/\/congresos.unlp.edu.ar\/microvet\/index.php?rest_route=\/wp\/v2\/pages\/70\/revisions"}],"wp:attachment":[{"href":"https:\/\/congresos.unlp.edu.ar\/microvet\/index.php?rest_route=%2Fwp%2Fv2%2Fmedia&parent=70"}],"curies":[{"name":"wp","href":"https:\/\/api.w.org\/{rel}","templated":true}]}}