{"id":57,"date":"2020-02-10T10:59:50","date_gmt":"2020-02-10T13:59:50","guid":{"rendered":"http:\/\/congresos.unlp.edu.ar\/microvet\/?page_id=57"},"modified":"2021-03-17T10:28:45","modified_gmt":"2021-03-17T13:28:45","slug":"bienvenida","status":"publish","type":"page","link":"https:\/\/congresos.unlp.edu.ar\/microvet?page_id=57","title":{"rendered":"Bienvenida"},"content":{"rendered":"<div id=\"pl-57\"  class=\"panel-layout\" ><div id=\"pg-57-0\"  class=\"panel-grid panel-no-style\" ><div id=\"pgc-57-0-0\"  class=\"panel-grid-cell\" ><div id=\"panel-57-0-0-0\" class=\"so-panel widget widget_sow-editor panel-first-child panel-last-child\" data-index=\"0\" ><div\n\t\t\t\n\t\t\tclass=\"so-widget-sow-editor so-widget-sow-editor-base\"\n\t\t\t\n\t\t>\n<div class=\"siteorigin-widget-tinymce textwidget\">\n\t<p>La Microbiolog\u00eda estudia el desarrollo de los microorganismos y las alteraciones que provocan en el ser humano, animales, vegetales y \u00a0naturaleza inanimada. Estos conocimientos se traducen en el entendimiento de muchas de las condiciones que rigen la vida.<\/p>\n<p>La Microbiolog\u00eda veterinaria nace en el siglo XVI, sin embargo los trabajos posteriores de Louis Pasteur constituyen los primeros grandes aportes a esta ciencia.<\/p>\n<p>El estudio de la Microbiolog\u00eda es capaz de aportar la informaci\u00f3n necesaria para el conocimiento de la etiolog\u00eda de todas las enfermedades infecciosas, y adem\u00e1s \u00a0sienta las bases de la medicina preventiva, lo que constituye el principal objetivo de la Medicina veterinaria, es decir proteger la salud de los animales y proteger la salud p\u00fablica.<\/p>\n<p>La realizaci\u00f3n deI \u201cI Congreso Virtual de Microbiolog\u00eda Veterinaria\u201d surge ante la inquietud \u00a0de abordar temas inherentes a la Microbiolog\u00eda,\u00a0 en un \u00e1mbito en el cual los M\u00e9dicos veterinarios que ejerzan diferentes actividades, tengan la posibilidad de actualizarse, intercambiar y debatir sobre esta rama de la ciencia en el marco de su profesi\u00f3n.<\/p>\n<p>El ep\u00edgrafe \u201cPresente y futuro de la Microbiolog\u00eda en Medicina Veterinaria en el marco de Una Salud\u201d \u00a0suma\u00a0 nuevos enfoques a considerar.<\/p>\n<p>El \u00a0objetivo principal de esta reuni\u00f3n cient\u00edfica ser\u00e1 abordar diferentes problem\u00e1ticas de la medicina veterinaria ocasionadas por microorganismos, difundiendo a trav\u00e9s de las actividades programadas, las investigaciones y \u00faltimos avances cient\u00edficos en el \u00e1rea, de una manera \u00a0multidisciplinaria y federal.<\/p>\n<p><strong><span style=\"color: #333399\">\u00a1Bienvenidos!<\/span><\/strong><\/p>\n<\/div>\n<\/div><\/div><\/div><div id=\"pgc-57-0-1\"  class=\"panel-grid-cell\" ><\/div><\/div><\/div>","protected":false},"excerpt":{"rendered":"<p>La Microbiolog\u00eda estudia el desarrollo de los microorganismos y las alteraciones que provocan en el ser humano, animales, vegetales y \u00a0naturaleza inanimada. Estos conocimientos se traducen en el entendimiento de muchas de las condiciones que rigen la vida. La Microbiolog\u00eda veterinaria nace en el siglo XVI, sin embargo los trabajos posteriores de Louis Pasteur constituyen [&hellip;]<\/p>\n","protected":false},"author":2,"featured_media":0,"parent":0,"menu_order":0,"comment_status":"closed","ping_status":"closed","template":"","meta":{"advgb_blocks_editor_width":"","advgb_blocks_columns_visual_guide":"","footnotes":""},"class_list":["post-57","page","type-page","status-publish","hentry","post"],"aioseo_notices":[],"coauthors":[],"author_meta":{"author_link":"https:\/\/congresos.unlp.edu.ar\/microvet\/?author=2","display_name":"congresos"},"relative_dates":{"created":"Posted 6 a\u00f1os ago","modified":"Updated 5 a\u00f1os ago"},"absolute_dates":{"created":"Posted on 10 febrero, 2020","modified":"Updated on 17 marzo, 2021"},"absolute_dates_time":{"created":"Posted on 10 febrero, 2020 10:59 am","modified":"Updated on 17 marzo, 2021 10:28 am"},"featured_img_caption":"","featured_img":false,"series_order":"","_links":{"self":[{"href":"https:\/\/congresos.unlp.edu.ar\/microvet\/index.php?rest_route=\/wp\/v2\/pages\/57","targetHints":{"allow":["GET"]}}],"collection":[{"href":"https:\/\/congresos.unlp.edu.ar\/microvet\/index.php?rest_route=\/wp\/v2\/pages"}],"about":[{"href":"https:\/\/congresos.unlp.edu.ar\/microvet\/index.php?rest_route=\/wp\/v2\/types\/page"}],"author":[{"embeddable":true,"href":"https:\/\/congresos.unlp.edu.ar\/microvet\/index.php?rest_route=\/wp\/v2\/users\/2"}],"replies":[{"embeddable":true,"href":"https:\/\/congresos.unlp.edu.ar\/microvet\/index.php?rest_route=%2Fwp%2Fv2%2Fcomments&post=57"}],"version-history":[{"count":0,"href":"https:\/\/congresos.unlp.edu.ar\/microvet\/index.php?rest_route=\/wp\/v2\/pages\/57\/revisions"}],"wp:attachment":[{"href":"https:\/\/congresos.unlp.edu.ar\/microvet\/index.php?rest_route=%2Fwp%2Fv2%2Fmedia&parent=57"}],"curies":[{"name":"wp","href":"https:\/\/api.w.org\/{rel}","templated":true}]}}