{"id":554,"date":"2021-06-12T15:09:17","date_gmt":"2021-06-12T18:09:17","guid":{"rendered":"https:\/\/congresos.unlp.edu.ar\/microvet?page_id=554"},"modified":"2021-08-31T19:06:13","modified_gmt":"2021-08-31T22:06:13","slug":"eje-micologia","status":"publish","type":"page","link":"https:\/\/congresos.unlp.edu.ar\/microvet?page_id=554","title":{"rendered":"Eje Micolog\u00eda"},"content":{"rendered":"<div id=\"pl-554\"  class=\"panel-layout\" ><div id=\"pg-554-0\"  class=\"panel-grid panel-no-style\" ><div id=\"pgc-554-0-0\"  class=\"panel-grid-cell\" ><div id=\"panel-554-0-0-0\" class=\"so-panel widget widget_text panel-first-child panel-last-child\" data-index=\"0\" >\t\t\t<div class=\"textwidget\"><p><strong>APLICACI\u00d3N DE CALCOFLUOR WHITE<\/strong><strong> Y DENSITOMETR\u00cdA PARA EL ESTUDIO DE LA PARED CELULAR DE<\/strong> <strong>LEVADURAS BIODETOXIFICANTES<\/strong><\/p>\n<p>Cristofolini A<sup>1,2<\/sup>, Fiorimanti M<sup>1,2<\/sup>, Alfonso D<sup>1<\/sup>, Fochesato A<sup>2,3<\/sup>, Merkis C<sup>1<\/sup>, Cavaglieri L<sup>2,3<\/sup><\/p>\n<p><sup>1 <\/sup>\u00c1rea de Microscop\u00eda Electr\u00f3nica, Facultad de Agronom\u00eda y Veterinaria, Universidad Nacional de R\u00edo Cuarto, R\u00edo Cuarto, C\u00f3rdoba, Argentina.<br \/>\n<sup>2 <\/sup>CONICET.<br \/>\n<sup>3 <\/sup>C\u00e1tedra de Micolog\u00eda, Facultad de Ciencias Exactas F\u00edsico-Qu\u00edmicas y Naturales, Universidad Nacional de R\u00edo Cuarto, R\u00edo Cuarto, C\u00f3rdoba, Argentina.<\/p>\n<p><a href=\"https:\/\/congresos.unlp.edu.ar\/microvet\/wp-content\/uploads\/sites\/19\/2021\/06\/MIC-001.pdf\" target=\"_blank\" rel=\"noopener\">MIC 001<\/a><\/p>\n<\/div>\n\t\t<\/div><\/div><div id=\"pgc-554-0-1\"  class=\"panel-grid-cell\" ><div id=\"panel-554-0-1-0\" class=\"so-panel widget widget_text panel-first-child panel-last-child\" data-index=\"1\" >\t\t\t<div class=\"textwidget\"><p><strong>USO DE LOS PROBI\u00d3TICOS <em>Saccharomyces boulardii RC009 Y Pediococcus pentosaceus RC007 <\/em>COMO ALTERNATIVAS A LOS ANTIBIOTICOS PROMOTORES DEL CRECIMIENTO Y SU INFLUENCIA SOBRE PARAMETROS PRODUCTIVOS EN CERDOS DE RECR\u00cdA<\/strong><\/p>\n<p>Magnoli AP<sup>1,<\/sup><sup> 2<\/sup>, Parada J<sup>2,3<\/sup>, Poloni V<sup>2,4<\/sup>, Fochesato A<sup>2,4<\/sup>, Martinez MP<sup>2,4<\/sup>, Carranza A<sup>3<\/sup>, Cavaglieri L<sup>2,4<\/sup><\/p>\n<p><sup>1<\/sup> Departamento de Producci\u00f3n Animal, Universidad Nacional de R\u00edo Cuarto. R\u00edo Cuarto, C\u00f3rdoba, Argentina.<br \/>\n<sup>2 <\/sup>Consejo Nacional de Investigaciones Cient\u00edficas y Tecnol\u00f3gicas (CONICET), Buenos Aires, Argentina.<br \/>\n<sup>3 <\/sup>Departamento de Patolog\u00eda Animal, Universidad Nacional de R\u00edo Cuarto, R\u00edo Cuarto, C\u00f3rdoba, Argentina.<br \/>\n<sup>4 <\/sup>Departamento de Microbiolog\u00eda e Inmunolog\u00eda, Universidad Nacional de R\u00edo Cuarto, R\u00edo Cuarto, C\u00f3rdoba, Argentina.<\/p>\n<p><a href=\"https:\/\/congresos.unlp.edu.ar\/microvet\/wp-content\/uploads\/sites\/19\/2021\/06\/MIC-002.pdf\" target=\"_blank\" rel=\"noopener\">MIC 002<\/a><\/p>\n<\/div>\n\t\t<\/div><\/div><\/div><div id=\"pg-554-1\"  class=\"panel-grid panel-no-style\" ><div id=\"pgc-554-1-0\"  class=\"panel-grid-cell\" ><div id=\"panel-554-1-0-0\" class=\"so-panel widget widget_text panel-first-child panel-last-child\" data-index=\"2\" >\t\t\t<div class=\"textwidget\"><p><strong>EFECTO DEL PROBIOTICO <em>Saccharomyces boulardii <\/em>SOBRE LOS PARAMETROS DE DIGESTIBILIDAD, BIOQUIMICOS Y CALIDAD DE HECES EN CANINOS<\/strong><\/p>\n<p>Medina A<sup>1<\/sup>, Fern\u00e1ndez C<sup>2<\/sup>, Ortiz ME<sup>2<\/sup>, Coniglio MV<sup>2<\/sup>, Poloni V<sup>1,3<\/sup>, Fochesato A<sup>1,3<\/sup>, Martinez MP<sup>1,3<\/sup>, Magnoli AP<sup>2,3<\/sup>, Cavaglieri L.<sup>1,3<\/sup><\/p>\n<p><sup>1<\/sup> Departamento de Microbiolog\u00eda e Inmunolog\u00eda, Universidad Nacional de R\u00edo Cuarto, R\u00edo Cuarto, C\u00f3rdoba, Argentina.<br \/>\n<sup>2<\/sup> Departamento de Producci\u00f3n Animal, Universidad Nacional de R\u00edo Cuarto, R\u00edo Cuarto, C\u00f3rdoba, Argentina.<br \/>\n<sup>3 <\/sup>Consejo Nacional de Investigaciones Cient\u00edficas y Tecnol\u00f3gicas (CONICET), Argentina.<\/p>\n<p><a href=\"https:\/\/congresos.unlp.edu.ar\/microvet\/wp-content\/uploads\/sites\/19\/2021\/06\/MIC-003.pdf\" target=\"_blank\" rel=\"noopener\">MIC 003<\/a><\/p>\n<\/div>\n\t\t<\/div><\/div><div id=\"pgc-554-1-1\"  class=\"panel-grid-cell\" ><div id=\"panel-554-1-1-0\" class=\"so-panel widget widget_text panel-first-child panel-last-child\" data-index=\"3\" >\t\t\t<div class=\"textwidget\"><p><strong>AISLAMIENTO DE <em>Aspergillus fumigatus<\/em> Y <em>Aspergillus alabamensis<\/em> EN PAJUELAS DE SEMEN BOVINO CRIOPRESERVADO<\/strong><\/p>\n<p>Moran MC<sup>1,2<\/sup>, Etchecopaz AN<sup>3,4<\/sup>, Cuestas ML<sup>4<\/sup>, Fenati L<sup>4<\/sup>, Gargiulo L<sup>4<\/sup>, Puca G<sup>4<\/sup>, Cagnoli C<sup>1,5<\/sup>, Chiapparrone ML<sup>1,5<\/sup>, Cabodevila J<sup>6<\/sup>, Catena M<sup>1,5<\/sup>.<\/p>\n<p><sup>1 <\/sup>Laboratorio de Microbiolog\u00eda Cl\u00ednica y Experimental, NACT, SAMP, Unidad Ejecutora de CONICET (CIVETAN), Facultad de Ciencias Veterinarias, Universidad Nacional del Centro de la Provincia de Buenos Aires, Tandil, Buenos Aires, Argentina.<br \/>\n<sup>2 <\/sup>\u00c1rea de Microbiolog\u00eda, Facultad de Ciencias Veterinarias, Universidad Nacional del Centro de la Provincia de Buenos Aires, Tandil, Buenos Aires, Argentina.<br \/>\n<sup>3 <\/sup>Universidad de Buenos Aires, Facultad de Ciencias Veterinarias, C\u00e1tedra de Enfermedades Infecciosas, Ciudad Aut\u00f3noma de Buenos Aires, Buenos Aires, Argentina.<br \/>\n<sup>4 <\/sup>Instituto de Investigaciones en Microbiolog\u00eda y Parasitolog\u00eda M\u00e9dica (IMPaM, Universidad de Buenos Aires-CONICET), Ciudad Aut\u00f3noma de Buenos Aires, Buenos Aires, Argentina.<br \/>\n<sup>5 <\/sup>\u00c1rea de Enfermedades Infecciosas, Facultad de Ciencias Veterinarias, Universidad Nacional del Centro de la Provincia de Buenos Aires, Tandil, Buenos Aires, Argentina.<br \/>\n<sup>6 <\/sup>Departamento de Fisiopatolog\u00eda, Facultad de Ciencias Veterinarias, Universidad Nacional del Centro de la Provincia de Buenos Aires, Tandil, Buenos Aires, Argentina.<\/p>\n<p><a href=\"https:\/\/congresos.unlp.edu.ar\/microvet\/wp-content\/uploads\/sites\/19\/2021\/06\/MIC-004.pdf\" target=\"_blank\" rel=\"noopener\">MIC 004<\/a><\/p>\n<\/div>\n\t\t<\/div><\/div><\/div><div id=\"pg-554-2\"  class=\"panel-grid panel-no-style\" ><div id=\"pgc-554-2-0\"  class=\"panel-grid-cell\" ><div id=\"panel-554-2-0-0\" class=\"so-panel widget widget_text panel-first-child panel-last-child\" data-index=\"4\" >\t\t\t<div class=\"textwidget\"><p><em><strong>TRABAJO CON MENCI\u00d3N<\/strong><\/em><\/p>\n<p><strong><em>Monascus argentinensis<\/em><\/strong><strong> AISLADO DE <em>Scaptotrigona jujuyensis<\/em> DE LA PROVINCIA DE JUJUY, ARGENTINA INHIBE EL DESARROLLO DE <em>Ascosphaera apis<\/em> Y <em>Aspergillus flavus<\/em><\/strong><\/p>\n<p><strong>Tejerina MR<sup>1, 2<\/sup>, Cabana MJ<sup>1<\/sup>, Benitez-Arhendts MR<sup>1, 2<\/sup>, Fonseca MI<sup>3<\/sup><\/strong><\/p>\n<p><strong><sup>1 <\/sup>Facultad de Ciencias Agrarias, San Salvador de Jujuy, Jujuy, Argentina.<\/strong><br \/>\n<strong><sup>2<\/sup> Instituto de Ecorregiones Andinas, San Salvador de Jujuy, Jujuy, Argentina.<\/strong><br \/>\n<strong><sup>3 <\/sup>Laboratorio de Biotecnolog\u00eda Molecular, Instituto de Biotecnolog\u00eda de Misiones, Facultad de Ciencias Exactas, Qu\u00edmicas y Naturales, Posadas, Misiones, Argentina.<\/strong><\/p>\n<p><strong><a href=\"https:\/\/congresos.unlp.edu.ar\/microvet\/wp-content\/uploads\/sites\/19\/2021\/06\/MIC-005.pdf\" target=\"_blank\" rel=\"noopener\">MIC 005<\/a><\/strong><\/p>\n<\/div>\n\t\t<\/div><\/div><div id=\"pgc-554-2-1\"  class=\"panel-grid-cell\" ><div id=\"panel-554-2-1-0\" class=\"so-panel widget widget_text panel-first-child panel-last-child\" data-index=\"5\" >\t\t\t<div class=\"textwidget\"><p><strong>PRIMER REPORTE DE FEOHIFOMICOSIS PRODUCIDA POR <em>Phialophora americana<\/em> EN UN GATO DOMESTICO<\/strong><\/p>\n<p>Borr\u00e1s P<sup>1<\/sup>, Messina F<sup>2<\/sup>, Abrantes R<sup>3<\/sup>, Lachini, R<sup>4<\/sup>, Minatel L<sup>5<\/sup>, Santiso G<sup>2<\/sup><\/p>\n<p><sup>1<\/sup> Servicio de enfermedades infecciosas y parasitarias, Veterinaria Panda, CABA, Argentina.<br \/>\n<sup>2 <\/sup>Unidad de Micolog\u00eda, Hospital F.J. Mu\u00f1iz, Ciudad Aut\u00f3noma de Buenos Aires, Argentina.<br \/>\n<sup>3 <\/sup>Servicio de Micosis superficiales y Hongos Miceliales, Micolog\u00eda, INEI ANLIS \u201cDr. Carlos G. Malbr\u00e1n\u201d, CABA, Argentina.<br \/>\n<sup>4 <\/sup>Ex Jefe de Laboratorio An\u00e1lisis Cl\u00ednicos y Microbiol\u00f3gicos, Instituto de Zoonosis \u00abLuis Pasteur\u00bb, Ciudad Aut\u00f3noma de Buenos Aires, Argentina.<br \/>\n<sup>5 <\/sup>Universidad de Buenos Aires, Facultad de Ciencias Veterinarias, C\u00e1tedra de Patolog\u00eda, CABA, Argentina.<\/p>\n<p><a href=\"https:\/\/congresos.unlp.edu.ar\/microvet\/wp-content\/uploads\/sites\/19\/2021\/06\/MIC-006.pdf\" target=\"_blank\" rel=\"noopener\">MIC 006<\/a><\/p>\n<\/div>\n\t\t<\/div><\/div><\/div><div id=\"pg-554-3\"  class=\"panel-grid panel-no-style\" ><div id=\"pgc-554-3-0\"  class=\"panel-grid-cell\" ><div id=\"panel-554-3-0-0\" class=\"so-panel widget widget_text panel-first-child panel-last-child\" data-index=\"6\" >\t\t\t<div class=\"textwidget\"><p><strong>DETECCI\u00d3N DEL ANTIGENO DE GALACTOMANANO DE <em>Aspergillus<\/em> COMO METODO DE SEGUIMIENTO TERAP\u00c9UTICO EN LA ASPERGILOSIS NASAL CANINA: A PROPOSITO DE UN CASO<\/strong><\/p>\n<p>Borr\u00e1s P<sup>1,2<\/sup>, Zubaldia M<sup>2<\/sup>, Ferraris S<sup>2<\/sup>, Lachini R<sup>3<\/sup>, Maldonado I<sup>4<\/sup><\/p>\n<p><sup>1<\/sup> Servicio de enfermedades infecciosas y parasitarias, Cl\u00ednica Veterinaria Panda, CABA, Argentina<br \/>\n<sup>2 <\/sup>Centro de Ciencias Veterinarias (CCV), Universidad Maimonides, CABA, Argentina.<br \/>\n<sup>3 <\/sup>Ex Jefe del servicio de Diagn\u00f3stico, Instituto Pasteur, CABA, Argentina.<br \/>\n<sup>4<\/sup> Microbiolog\u00eda, Laboratorio Central-Hospital Alem\u00e1n, Buenos Aires, Argentina.<\/p>\n<p><a href=\"https:\/\/congresos.unlp.edu.ar\/microvet\/wp-content\/uploads\/sites\/19\/2021\/06\/MIC-007.pdf\" target=\"_blank\" rel=\"noopener\">MIC 007<\/a><\/p>\n<\/div>\n\t\t<\/div><\/div><div id=\"pgc-554-3-1\"  class=\"panel-grid-cell\" ><div id=\"panel-554-3-1-0\" class=\"so-panel widget widget_text panel-first-child panel-last-child\" data-index=\"7\" >\t\t\t<div class=\"textwidget\"><p><strong>EFECTO DE <em>Saccharomyces boulardii <\/em>USADO EN REEMPLAZO DE ANTIBIOTICOS PROMOTORES DEL CRECIMIENTO SOBRE LA CALIDAD DE CARNE, PARAMETROS BIOQUIMICOS Y DE SANIDAD EN CERDOS<\/strong><\/p>\n<p>Magnoli AP<sup>1,<\/sup><sup> 2<\/sup>, Parada J<sup>1,<\/sup><sup>3<\/sup>, de la Torre FC<sup>1<\/sup>, Poloni V<sup>2,4<\/sup>, Fochesato A<sup>2,4<\/sup>, Martinez MP<sup>2,4<\/sup>, Coniglio MV<sup>1<\/sup>, Ortiz ME<sup>1<\/sup>, Watson S<sup>1<\/sup>, Cavaglieri L<sup>2,4<\/sup><\/p>\n<p><sup>1<\/sup>Departamento de Producci\u00f3n Animal, Universidad Nacional de R\u00edo Cuarto, R\u00edo Cuarto, C\u00f3rdoba, Argentina.<br \/>\n<sup>2 <\/sup>Consejo Nacional de Investigaciones Cient\u00edficas y Tecnol\u00f3gicas (CONICET), Buenos Aires. Argentina.<br \/>\n<sup>3 <\/sup>Departamento de Patolog\u00eda Animal, Universidad Nacional de R\u00edo Cuarto, R\u00edo Cuarto, C\u00f3rdoba, Argentina.<br \/>\n<sup>4<\/sup> Departamento de Microbiolog\u00eda e Inmunolog\u00eda, Universidad Nacional de R\u00edo Cuarto, R\u00edo Cuarto, C\u00f3rdoba, Argentina.<\/p>\n<p><a href=\"https:\/\/congresos.unlp.edu.ar\/microvet\/wp-content\/uploads\/sites\/19\/2021\/06\/MIC-008.pdf\" target=\"_blank\" rel=\"noopener\">MIC 008<\/a><\/p>\n<\/div>\n\t\t<\/div><\/div><\/div><\/div>","protected":false},"excerpt":{"rendered":"<p>APLICACI\u00d3N DE CALCOFLUOR WHITE Y DENSITOMETR\u00cdA PARA EL ESTUDIO DE LA PARED CELULAR DE LEVADURAS BIODETOXIFICANTES Cristofolini A1,2, Fiorimanti M1,2, Alfonso D1, Fochesato A2,3, Merkis C1, Cavaglieri L2,3 1 \u00c1rea de Microscop\u00eda Electr\u00f3nica, Facultad de Agronom\u00eda y Veterinaria, Universidad Nacional de R\u00edo Cuarto, R\u00edo Cuarto, C\u00f3rdoba, Argentina. 2 CONICET. 3 C\u00e1tedra de Micolog\u00eda, Facultad de [&hellip;]<\/p>\n","protected":false},"author":70,"featured_media":0,"parent":0,"menu_order":0,"comment_status":"closed","ping_status":"closed","template":"","meta":{"advgb_blocks_editor_width":"","advgb_blocks_columns_visual_guide":"","footnotes":""},"class_list":["post-554","page","type-page","status-publish","hentry","post"],"aioseo_notices":[],"coauthors":[],"author_meta":{"author_link":"https:\/\/congresos.unlp.edu.ar\/microvet\/?author=70","display_name":"santiagocolina"},"relative_dates":{"created":"Posted 5 a\u00f1os ago","modified":"Updated 5 a\u00f1os ago"},"absolute_dates":{"created":"Posted on 12 junio, 2021","modified":"Updated on 31 agosto, 2021"},"absolute_dates_time":{"created":"Posted on 12 junio, 2021 3:09 pm","modified":"Updated on 31 agosto, 2021 7:06 pm"},"featured_img_caption":"","featured_img":false,"series_order":"","_links":{"self":[{"href":"https:\/\/congresos.unlp.edu.ar\/microvet\/index.php?rest_route=\/wp\/v2\/pages\/554","targetHints":{"allow":["GET"]}}],"collection":[{"href":"https:\/\/congresos.unlp.edu.ar\/microvet\/index.php?rest_route=\/wp\/v2\/pages"}],"about":[{"href":"https:\/\/congresos.unlp.edu.ar\/microvet\/index.php?rest_route=\/wp\/v2\/types\/page"}],"author":[{"embeddable":true,"href":"https:\/\/congresos.unlp.edu.ar\/microvet\/index.php?rest_route=\/wp\/v2\/users\/70"}],"replies":[{"embeddable":true,"href":"https:\/\/congresos.unlp.edu.ar\/microvet\/index.php?rest_route=%2Fwp%2Fv2%2Fcomments&post=554"}],"version-history":[{"count":0,"href":"https:\/\/congresos.unlp.edu.ar\/microvet\/index.php?rest_route=\/wp\/v2\/pages\/554\/revisions"}],"wp:attachment":[{"href":"https:\/\/congresos.unlp.edu.ar\/microvet\/index.php?rest_route=%2Fwp%2Fv2%2Fmedia&parent=554"}],"curies":[{"name":"wp","href":"https:\/\/api.w.org\/{rel}","templated":true}]}}