{"id":508,"date":"2021-05-28T17:41:04","date_gmt":"2021-05-28T20:41:04","guid":{"rendered":"https:\/\/congresos.unlp.edu.ar\/microvet?page_id=508"},"modified":"2021-08-31T19:08:16","modified_gmt":"2021-08-31T22:08:16","slug":"eje-resistencia-a-los-antimicrobianos","status":"publish","type":"page","link":"https:\/\/congresos.unlp.edu.ar\/microvet?page_id=508","title":{"rendered":"Eje Resistencia a los antimicrobianos"},"content":{"rendered":"<div id=\"pl-508\"  class=\"panel-layout\" ><div id=\"pg-508-0\"  class=\"panel-grid panel-no-style\" ><div id=\"pgc-508-0-0\"  class=\"panel-grid-cell\" ><div id=\"panel-508-0-0-0\" class=\"so-panel widget widget_text panel-first-child panel-last-child\" data-index=\"0\" >\t\t\t<div class=\"textwidget\"><p><strong>DETECCI\u00d3N DE ENZIMAS 16S ARN METILTRANSFERASAS EN ENTEROBACTERALES RESISTENTES A CEFTRIAXONA, AISLADOS DE POLLITOS DE UN D\u00cdA<\/strong><\/p>\n<p>Coppola N<sup>1<\/sup>, Cordeiro N<sup>1<\/sup>, Trenchi G<sup>2<\/sup>, Zunino P<sup>1<\/sup>, Bado I<sup>1<\/sup>, Vignoli R<sup>1<\/sup><\/p>\n<p><sup>1 <\/sup>Departamento de Bacteriolog\u00eda y Virolog\u00eda, Instituto de Higiene, Facultad de Medicina, Universidad de la Rep\u00fablica, Montevideo, Uruguay.<br \/>\n<sup>2 <\/sup>Veterinario de libre ejercicio de la profesi\u00f3n, Montevideo, Uruguay.<br \/>\n<sup>3 <\/sup>Departamento de Microbiolog\u00eda del Instituto de Investigaciones Biol\u00f3gicas Clemente Estable (IIBCE), Montevideo, Uruguay.<\/p>\n<p><a href=\"https:\/\/congresos.unlp.edu.ar\/microvet\/wp-content\/uploads\/sites\/19\/2021\/06\/RA-001CoppolaN....pdf\" target=\"_blank\" rel=\"noopener\">RA 001<\/a><\/p>\n<\/div>\n\t\t<\/div><\/div><div id=\"pgc-508-0-1\"  class=\"panel-grid-cell\" ><div id=\"panel-508-0-1-0\" class=\"so-panel widget widget_text panel-first-child panel-last-child\" data-index=\"1\" >\t\t\t<div class=\"textwidget\"><p><strong><em>Escherichia coli<\/em> MULTIRRESISTENTES PORTADORES DEL GEN <em>blaCTX-M<\/em> AISLADOS DE POLLOS FRESCOS DE POLLER\u00cdAS DE LA CIUDAD DE LA PLATA<\/strong><\/p>\n<p>G\u00f3mez MF<sup>1<\/sup>, Meneses ML<sup>1<\/sup>, Galli L<sup>2<\/sup>, Moredo FA<sup>1<\/sup><\/p>\n<p><sup>1 <\/sup>Facultad de Ciencias Veterinarias, Universidad Nacional de La Plata, Buenos Aires, Argentina.<br \/>\n<sup>2 <\/sup>Instituto de Gen\u00e9tica Veterinaria IGEVET-CONICET-FCV-UNLP.<\/p>\n<p><a href=\"https:\/\/congresos.unlp.edu.ar\/microvet\/wp-content\/uploads\/sites\/19\/2021\/06\/RA-002-Gomez-F.pdf\" target=\"_blank\" rel=\"noopener\">RA 002<\/a><\/p>\n<\/div>\n\t\t<\/div><\/div><\/div><div id=\"pg-508-1\"  class=\"panel-grid panel-no-style\" ><div id=\"pgc-508-1-0\"  class=\"panel-grid-cell\" ><div id=\"panel-508-1-0-0\" class=\"so-panel widget widget_text panel-first-child panel-last-child\" data-index=\"2\" >\t\t\t<div class=\"textwidget\"><p><em><strong>TRABAJO CON MENCI\u00d3N<\/strong><\/em><\/p>\n<p><strong>PERFIL FENOT\u00cdPICO DE RESISTENCIA A LOS ANTIMICROBIANOS EN PINZONES TERRESTRES DE TRES ZONAS DE LA ISLA SANTA CRUZ EN GAL\u00c1PAGOS<\/strong><\/p>\n<p><strong>Baquero MI<sup>1<\/sup>, Cruz PM<sup>2<\/sup>, Duque V<sup>2<\/sup>, V\u00e9lez A<sup>2<\/sup>, Vinueza CV<sup>1<\/sup>, Giacoboni GI<sup>3<\/sup><\/strong><\/p>\n<p><strong><sup>1 <\/sup>Universidad Central del Ecuador, Quito, Pichincha, Ecuador.<\/strong><br \/>\n<strong><sup>2 <\/sup>Agencia de Regulaci\u00f3n y Control para la Bioseguridad y Cuarentena de Gal\u00e1pagos, Puerto Ayora, Gal\u00e1pagos, Ecuador.<\/strong><br \/>\n<strong><sup>3 <\/sup>Universidad Nacional de La Plata, La Plata, Argentina.<\/strong><\/p>\n<p><strong><a href=\"https:\/\/congresos.unlp.edu.ar\/microvet\/wp-content\/uploads\/sites\/19\/2021\/06\/RA003-Baquero-MI.pdf\" target=\"_blank\" rel=\"noopener\">RA 003<\/a><\/strong><\/p>\n<\/div>\n\t\t<\/div><\/div><div id=\"pgc-508-1-1\"  class=\"panel-grid-cell\" ><div id=\"panel-508-1-1-0\" class=\"so-panel widget widget_text panel-first-child panel-last-child\" data-index=\"3\" >\t\t\t<div class=\"textwidget\"><p><strong><em>Staphylococcus aureus<\/em> RESISTENTES A LA METICILINA EN CERDOS POSDESTETE<\/strong><\/p>\n<p>Giacoboni GI<sup>1<\/sup>, Nievas H<sup>1<\/sup>, P\u00e9rez E<sup>2<\/sup>, Nievas VF<sup>1<\/sup>, Moredo FA<sup>1<\/sup><\/p>\n<p><sup>1 <\/sup>LaByAn. Facultad de Ciencias Veterinarias, La Plata, Buenos Aires, Argentina.<br \/>\n<sup>2 <\/sup>Laboratorio Microvet, General Madariaga, Buenos Aires.<\/p>\n<p><a href=\"https:\/\/congresos.unlp.edu.ar\/microvet\/wp-content\/uploads\/sites\/19\/2021\/06\/RA004.pdf\" target=\"_blank\" rel=\"noopener\">RA 004<\/a><\/p>\n<\/div>\n\t\t<\/div><\/div><\/div><div id=\"pg-508-2\"  class=\"panel-grid panel-no-style\" ><div id=\"pgc-508-2-0\"  class=\"panel-grid-cell\" ><div id=\"panel-508-2-0-0\" class=\"so-panel widget widget_text panel-first-child panel-last-child\" data-index=\"4\" >\t\t\t<div class=\"textwidget\"><p><em><strong>TRABAJO CON MENCI\u00d3N<\/strong><\/em><\/p>\n<p><strong>PERFIL DE SENSIBILIDAD ANTIMICROBIANA DE CEPAS DE <em>Campylobacter fetus<\/em> DE ORIGEN REPRODUCTIVO<\/strong><\/p>\n<p><strong>Galland Pinard M <sup>1<\/sup>,<sup>2<\/sup>, Morsella C <sup>3<\/sup>, Cacciato CS <sup>2<\/sup>,<sup>4<\/sup>, Paolicchi FA <sup>3<\/sup>, Soto P <sup>4<\/sup>,5, Catena MC <sup>1<\/sup>, Cant\u00f3n J <sup>1<\/sup>, Cagnoli C <sup>1<\/sup>, Chiapparrone ML <sup>1<\/sup><\/strong><\/p>\n<p><strong><sup>1<\/sup> Laboratorio de Microbiolog\u00eda Cl\u00ednica y Experimental, \u00c1rea de Enfermedades Infecciosas, Departamento de Sanidad Animal y Medicina Preventiva, Centro de Investigaci\u00f3n Veterinaria de Tandil (CIVETAN), Facultad de Ciencias Veterinarias (FCV), Universidad Nacional del Centro de la Provincia de Buenos Aires (UNCPBA), Tandil, Buenos Aires, Argentina.<\/strong><br \/>\n<strong><sup>2<\/sup> Comisi\u00f3n de Investigaciones Cient\u00edficas (CIC), (CIVETAN-FCV-UNCPBA), Tandil, Buenos Aires, Argentina.<\/strong><br \/>\n<strong><sup>3<\/sup> Laboratorio de Bacteriolog\u00eda, \u00c1rea de Producci\u00f3n Animal, Instituto Nacional de Tecnolog\u00eda Agropecuaria (INTA), Balcarce, Buenos Aires, Argentina.<\/strong><br \/>\n<strong><sup>4<\/sup> Laboratorio de Microbiolog\u00eda Cl\u00ednica y Experimental, \u00c1rea de Microbiolog\u00eda, Departamento de Sanidad Animal y Medicina Preventiva, (CIVETAN-FCV-UNCPBA), Tandil, Buenos Aires, Argentina.<\/strong><br \/>\n<strong><sup>5<\/sup> Laboratorio Biol\u00f3gico de Tandil S.R.L. (BIOTANDIL\u00ae) Tandil, Buenos Aires, Argentina.<\/strong><\/p>\n<p><strong><a href=\"https:\/\/congresos.unlp.edu.ar\/microvet\/wp-content\/uploads\/sites\/19\/2021\/06\/RA005-Gallard-Pinard.pdf\" target=\"_blank\" rel=\"noopener\">RA 005<\/a><\/strong><\/p>\n<\/div>\n\t\t<\/div><\/div><div id=\"pgc-508-2-1\"  class=\"panel-grid-cell\" ><div id=\"panel-508-2-1-0\" class=\"so-panel widget widget_text panel-first-child panel-last-child\" data-index=\"5\" >\t\t\t<div class=\"textwidget\"><p><strong>FRECUENCIA DE AISLAMIENTO DE PAT\u00d3GENOS BACTERIANOS A PARTIR DE MUESTRAS DE ORINA DE PERROS Y SU SENSIBILIDAD A LA ENROFLOXACINA<\/strong><\/p>\n<p>Cacciato CS <sup>1<\/sup>,<sup>2<\/sup>, Chiapparrone ML <sup>1<\/sup>, Cant\u00f3n J <sup>1<\/sup>, Mart\u00ednez S <sup>3<\/sup>,<sup>4<\/sup>, Del Sole MJ <sup>3<\/sup>,<sup>4<\/sup><\/p>\n<p><sup>1 <\/sup>Laboratorio de Microbiolog\u00eda Cl\u00ednica y Experimental, Departamento de Sanidad Animal y Medicina Preventiva, Centro de Investigaci\u00f3n Veterinaria de Tandil (CIVETAN), Facultad de Ciencias Veterinarias (FCV), Universidad Nacional del Centro de la Provincia de Buenos Aires (UNCPBA).<br \/>\n<sup>2 <\/sup>Comisi\u00f3n de Investigaciones Cient\u00edficas (CIC) (CIVETAN-FCV-UNCPBA).<br \/>\n<sup>3 <\/sup>Hospital Escuela de Peque\u00f1os Animales (HEPA), Departamento de Cl\u00ednica (FCV-UNCPBA).<br \/>\n<sup>4<\/sup> CIVETAN-FCV-UNCPBA.<\/p>\n<p><a href=\"https:\/\/congresos.unlp.edu.ar\/microvet\/wp-content\/uploads\/sites\/19\/2021\/06\/RA006-Cacciato.pdf\" target=\"_blank\" rel=\"noopener\">RA 006<\/a><\/p>\n<\/div>\n\t\t<\/div><\/div><\/div><div id=\"pg-508-3\"  class=\"panel-grid panel-no-style\" ><div id=\"pgc-508-3-0\"  class=\"panel-grid-cell\" ><div id=\"panel-508-3-0-0\" class=\"so-panel widget widget_text panel-first-child panel-last-child\" data-index=\"6\" >\t\t\t<div class=\"textwidget\"><p><strong>SENSIBILIDAD\u00a0 ANTIMICROBIANA IN-VITRO DE <em>Staphylococcus <\/em>spp. CAUSANTE DE INFECCIONES AGUDAS RESPIRATORIAS EN PEQUE\u00d1AS ESPECIES<\/strong><\/p>\n<p>Perea CRA<sup>1<\/sup>, Barrera JI<sup>1<\/sup><\/p>\n<p><sup>1 <\/sup>Universidad Aut\u00f3noma Metropolitana Unidad Xochimilco. Ciudad de M\u00e9xico, M\u00e9xico.<\/p>\n<p><a href=\"https:\/\/congresos.unlp.edu.ar\/microvet\/wp-content\/uploads\/sites\/19\/2021\/06\/RA007-Perea-Cantero.pdf\" target=\"_blank\" rel=\"noopener\">RA 007<\/a><\/p>\n<\/div>\n\t\t<\/div><\/div><div id=\"pgc-508-3-1\"  class=\"panel-grid-cell\" ><div id=\"panel-508-3-1-0\" class=\"so-panel widget widget_text panel-first-child panel-last-child\" data-index=\"7\" >\t\t\t<div class=\"textwidget\"><p><strong>PRIMER AISLAMIENTO DE <em>Enterobacter cloacae<\/em> PRODUCTOR DE NUEVA DELHI METALOBETALACTAMASA (NDM) EN UN FELINO DE ARGENTINA<\/strong><\/p>\n<p>Mas J<sup>1<\/sup>, Arg\u00fcello AE<sup>1<\/sup>, Regonat M<sup>2<\/sup>, Rumi MV<sup>3<\/sup>,<sup>4<\/sup><\/p>\n<p><sup>1 <\/sup>Laboratorio Diagnotest, Buenos Aires, Argentina.<br \/>\n<sup>2 <\/sup>Actividad profesional privada, Buenos Aires, Argentina.<br \/>\n<sup>3 <\/sup>Universidad de Buenos Aires, Facultad de Ciencias Veterinarias, Microbiolog\u00eda, CABA, Argentina.<br \/>\n<sup>4 <\/sup>Universidad de Buenos Aires, Facultad de Ciencias Veterinarias, Centro de Estudios Transdisciplinarios de Epidemiolog\u00eda, CABA, Argentina.<\/p>\n<p><a href=\"https:\/\/congresos.unlp.edu.ar\/microvet\/wp-content\/uploads\/sites\/19\/2021\/06\/RA-008-Mas-J.pdf\" target=\"_blank\" rel=\"noopener\">RA 008<\/a><\/p>\n<\/div>\n\t\t<\/div><\/div><\/div><div id=\"pg-508-4\"  class=\"panel-grid panel-no-style\" ><div id=\"pgc-508-4-0\"  class=\"panel-grid-cell\" ><div id=\"panel-508-4-0-0\" class=\"so-panel widget widget_text panel-first-child panel-last-child\" data-index=\"8\" >\t\t\t<div class=\"textwidget\"><p><strong>HIGH RATES OF MULTIDRUG-RESISTANCE IN <em>Enterococcus<\/em> spp. ISOLATED FROM DOGS AND CATS IN LIMA \u2013 PERU<\/strong><\/p>\n<p>P\u00e9rez VKC<sup>1<\/sup>,<sup>4<\/sup>, Ch\u00e1vez RG<sup>2<\/sup>,<sup>4<\/sup>, Obando CA<sup>2<\/sup>,<sup>4<\/sup>, Jara LM<sup>1<\/sup>, Alarc\u00f3n AM<sup>3<\/sup>,<sup>4<\/sup>, Reynoso A<sup>4<\/sup>, Andrade R<sup>1<\/sup>,<sup>4<\/sup>.<\/p>\n<p><sup>1 <\/sup>Facultad de Medicina Veterinaria y Zootecnia, Universidad Peruana Cayetano Heredia, Lima, Lima, Per\u00fa.<br \/>\n<sup>2 <\/sup>Facultad de Ciencias Biol\u00f3gicas, Universidad Nacional Mayor de San Marcos, Lima, Lima, Per\u00fa.<br \/>\n<sup>3 <\/sup>Facultad de Ciencias Biol\u00f3gicas, Universidad Ricardo Palma, Lima, Lima, Per\u00fa.<br \/>\n<sup>4 <\/sup>Laboratorio Veterinario A.R. Bioan\u00e1lisis, Lima, Per\u00fa.<\/p>\n<p><a href=\"https:\/\/congresos.unlp.edu.ar\/microvet\/wp-content\/uploads\/sites\/19\/2021\/06\/RA-009-Perez-Veronica.pdf\" target=\"_blank\" rel=\"noopener\">RA 009<\/a><\/p>\n<\/div>\n\t\t<\/div><\/div><div id=\"pgc-508-4-1\"  class=\"panel-grid-cell\" ><div id=\"panel-508-4-1-0\" class=\"so-panel widget widget_text panel-first-child panel-last-child\" data-index=\"9\" >\t\t\t<div class=\"textwidget\"><p><strong>FREQUENCY OF MULTIDRUG, EXTENSIVELY DRUG AND PANDRUG-RESISTANT BACTERIA ISOLATED FROM EXTERNAL OTITIS AND DERMATITIS IN DOGS<\/strong><\/p>\n<p>Manrique M<sup>1<\/sup>, Aquino V<sup>1<\/sup>, P\u00e9rez VK<sup>1<\/sup>,<sup>2<\/sup>, Jara LM<sup>1<\/sup><\/p>\n<p><sup>1 <\/sup>Facultad de Medicina Veterinaria y Zootecnia, Universidad Peruana Cayetano Heredia, Lima, Per\u00fa.<br \/>\n<sup>2<\/sup> Laboratorio Veterinario A.R. Bioan\u00e1lisis, Lima, Per\u00fa.<\/p>\n<p><a href=\"https:\/\/congresos.unlp.edu.ar\/microvet\/wp-content\/uploads\/sites\/19\/2021\/06\/RA010-JARA-LM.pdf\" target=\"_blank\" rel=\"noopener\">RA 010<\/a><\/p>\n<\/div>\n\t\t<\/div><\/div><\/div><div id=\"pg-508-5\"  class=\"panel-grid panel-no-style\" ><div id=\"pgc-508-5-0\"  class=\"panel-grid-cell\" ><div id=\"panel-508-5-0-0\" class=\"so-panel widget widget_text panel-first-child panel-last-child\" data-index=\"10\" >\t\t\t<div class=\"textwidget\"><p><strong>SENSIBILIDAD ANTIMICROBIANA DE CEPAS DE <em>Salmonella serovar Enteritidis<\/em> Y <em>Salmonella serovar Typhimurium<\/em> AISLADAS DE GRANJAS AV\u00cdCOLAS DE LA PROVINCIA DE ENTRE R\u00cdOS<\/strong><\/p>\n<p>Hoffmann TM<sup>1,<\/sup><sup>3<\/sup> Soria MA<sup>2<\/sup>, Bueno DJ<sup>2,3<\/sup><\/p>\n<p><sup>1 <\/sup>CONICET-INTA EEA Concepci\u00f3n del Uruguay, Entre R\u00edos, Argentina.<br \/>\n<sup>2 <\/sup>INTA EEA Concepci\u00f3n del Uruguay, Entre R\u00edos, Argentina.<br \/>\n<sup>3 <\/sup>Facultad de Ciencia y Tecnolog\u00eda UADER, Sede Basavilbaso, Entre R\u00edos, Argentina.<\/p>\n<p><a href=\"https:\/\/congresos.unlp.edu.ar\/microvet\/wp-content\/uploads\/sites\/19\/2021\/06\/RA-011-Hoffman.pdf\" target=\"_blank\" rel=\"noopener\">RA 011<\/a><\/p>\n<\/div>\n\t\t<\/div><\/div><div id=\"pgc-508-5-1\"  class=\"panel-grid-cell\" ><div id=\"panel-508-5-1-0\" class=\"so-panel widget widget_text panel-first-child panel-last-child\" data-index=\"11\" >\t\t\t<div class=\"textwidget\"><p><strong>CARACTERIZACI\u00d3N DE LOS MECANISMOS DE RESISTENCIA A OXIMINO-CEFALOSPORINAS EN AISLAMIENTOS DE <em>Escherichia coli<\/em> PROCEDENTES DE HISOPADOS RECTALES CANINOS EN URUGUAY. PRIMER REPORTE<\/strong><\/p>\n<p>D&#8217;Agosto S<sup>2<\/sup>, Garcia-Fulgueiras V<sup>1<\/sup>, Coppola N<sup>1<\/sup>, Vidal I<sup>2<\/sup>, Puentes R<sup>2<\/sup>, Vignoli R<sup>2<\/sup><\/p>\n<p><sup>1<\/sup>Departamento de Ciencias Microbiol\u00f3gicas, Facultad de Veterinaria, Universidad de la Rep\u00fablica, Montevideo, Uruguay.<br \/>\n<span style=\"font-size: 13.3333px\">2<\/span>Departamento de Bacteriolog\u00eda y Virolog\u00eda, Instituto de Higiene, Facultad de Medicina, Universidad de la Rep\u00fablica, Montevideo, Uruguay.<\/p>\n<p><a href=\"https:\/\/congresos.unlp.edu.ar\/microvet\/wp-content\/uploads\/sites\/19\/2021\/06\/RA-012-Dagosto.pdf\" target=\"_blank\" rel=\"noopener\">RA 012<\/a><\/p>\n<\/div>\n\t\t<\/div><\/div><\/div><div id=\"pg-508-6\"  class=\"panel-grid panel-no-style\" ><div id=\"pgc-508-6-0\"  class=\"panel-grid-cell\" ><div id=\"panel-508-6-0-0\" class=\"so-panel widget widget_text panel-first-child panel-last-child\" data-index=\"12\" >\t\t\t<div class=\"textwidget\"><p><strong>PERFIL DE RESISTENCIA ANTIMICROBIANA DE <em>Staphylococcus pseudintermedius<\/em> RESISTENTES A METICILINA, AISLADOS DE DERMATITIS CANINA. RESULTADOS PRELIMINARES<\/strong><\/p>\n<p>Colombatti Olivieri MA<sup>1<\/sup>, Smith V<sup>1<\/sup>, Moreira J<sup>1<\/sup>, Mas J<sup>2<\/sup>, Srednik ME<sup>1<\/sup>.<\/p>\n<p><sup>1 <\/sup>Universidad de Buenos Aires, Fac. de Cs. Veterinarias. C\u00e1tedra de Microbiolog\u00eda.<br \/>\n<sup>2 <\/sup>Director T\u00e9cnico de Laboratorio Diagnotest, El Palomar, Buenos Aires, Argentina.<\/p>\n<p><a href=\"https:\/\/congresos.unlp.edu.ar\/microvet\/wp-content\/uploads\/sites\/19\/2021\/06\/RA0013-Colombati.pdf\" target=\"_blank\" rel=\"noopener\">RA 013<\/a><\/p>\n<\/div>\n\t\t<\/div><\/div><div id=\"pgc-508-6-1\"  class=\"panel-grid-cell\" ><div id=\"panel-508-6-1-0\" class=\"so-panel widget widget_text panel-first-child panel-last-child\" data-index=\"13\" >\t\t\t<div class=\"textwidget\"><p><strong>DETERMINACI\u00d3N DE RESISTENCIA ANTIMICROBIANA EN <em>Staphylococcus pseudintermedius<\/em> AISLADOS DE MUESTRAS CL\u00cdNICAS DE CANINOS.<\/strong><\/p>\n<p>Lancaster E<sup>1<\/sup>, Moreira C<sup>1<\/sup>, Diana L<sup>1<\/sup><\/p>\n<p><sup>1 <\/sup>Facultad de Veterinaria, Universidad de la Rep\u00fablica, Montevideo, Uruguay.<\/p>\n<p><a href=\"https:\/\/congresos.unlp.edu.ar\/microvet\/wp-content\/uploads\/sites\/19\/2021\/06\/RA014-Lancaster-E..pdf\" target=\"_blank\" rel=\"noopener\">RA 014<\/a><\/p>\n<\/div>\n\t\t<\/div><\/div><\/div><div id=\"pg-508-7\"  class=\"panel-grid panel-no-style\" ><div id=\"pgc-508-7-0\"  class=\"panel-grid-cell\" ><div id=\"panel-508-7-0-0\" class=\"so-panel widget widget_text panel-first-child panel-last-child\" data-index=\"14\" >\t\t\t<div class=\"textwidget\"><p><strong>MASTITIS SUBCL\u00cdNICA EN OVEJAS Y SENSIBILIDAD ANTIBI\u00d3TICA DE LOS AGENTES ETIOL\u00d3GICOS AISLADOS<\/strong><\/p>\n<p>Perea CRA<sup>1<\/sup>, Barrera JI<sup>1<\/sup><\/p>\n<p><sup>1 <\/sup>Universidad Aut\u00f3noma Metropolitana Unidad Xochimilco. Ciudad de M\u00e9xico, M\u00e9xico.<\/p>\n<p><a href=\"https:\/\/congresos.unlp.edu.ar\/microvet\/wp-content\/uploads\/sites\/19\/2021\/06\/RA0015Perea-Cantero.pdf\" target=\"_blank\" rel=\"noopener\">RA 015<\/a><\/p>\n<\/div>\n\t\t<\/div><\/div><div id=\"pgc-508-7-1\"  class=\"panel-grid-cell\" ><div id=\"panel-508-7-1-0\" class=\"so-panel widget widget_text panel-first-child panel-last-child\" data-index=\"15\" >\t\t\t<div class=\"textwidget\"><p><strong>ANTIMICROBIAL RESISTANCE IN MARINE MAMMALS OF THE URUGUAYAN COAST. <\/strong><strong>PRELIMINARY RESULTS<\/strong><\/p>\n<p>Eliopulos N<sup>1<\/sup>, Alsina L<sup>2<\/sup>, Crosignani N<sup>3<\/sup>, Diana, L<sup>4<\/sup><\/p>\n<p><sup>1 <\/sup>Unidad de Cl\u00ednica y cirug\u00edas de peque\u00f1os animales .Dpto. de Cl\u00ednicas y Hospital Veterinario Facultad de Veterinaria Universidad de la Republica .Montevideo, Uruguay.<br \/>\n<sup>2 <\/sup>Unidad Anatom\u00eda Dpto. Biociencias. Facultad de Veterinaria. Universidad de la Republica Montevideo, Uruguay.<br \/>\n<sup>3 <\/sup>Unidad de Farmacolog\u00eda. Dpto. de Cl\u00ednicas y Hospital Veterinario. Facultad de Veterinaria Universidad de la Republica. Montevideo, Uruguay.<br \/>\n<sup>4 <\/sup>Unidad de Microbiolog\u00eda Dpto. de Patobiolog\u00eda Facultad de Veterinaria.Universidad de la Republica, Montevideo Uruguay.<\/p>\n<p><a href=\"https:\/\/congresos.unlp.edu.ar\/microvet\/wp-content\/uploads\/sites\/19\/2021\/06\/RA0016-Eliopulos-y-col.pdf\" target=\"_blank\" rel=\"noopener\">RA 016<\/a><\/p>\n<\/div>\n\t\t<\/div><\/div><\/div><div id=\"pg-508-8\"  class=\"panel-grid panel-no-style\" ><div id=\"pgc-508-8-0\"  class=\"panel-grid-cell panel-grid-cell-mobile-last\" ><div id=\"panel-508-8-0-0\" class=\"so-panel widget widget_text panel-first-child panel-last-child\" data-index=\"16\" >\t\t\t<div class=\"textwidget\"><p><strong>EVALUACION DE LA EFICIENCIA <i>IN VITRO<\/i> DE EXTRACTOS VEGETALES POLIFENOLES SOBRE EL CRECIMIENTO DE <i>Salmonella<\/i> Enteritidis, <i>S<\/i>. Typhimurium, <i>S<\/i>. Gallinarum Y <i>Escherichia<\/i> <i>coli<\/i> AISLADAS DE AVES<\/strong><\/p>\n<p>Huberman YD<sup>1<\/sup>, Malena RC<sup>1<\/sup>, Lom\u00f3naco JC1, Nievas PA1<\/p>\n<p><sup>1 <\/sup>Laboratorio de Bacteriolog\u00eda, INTA EEA Balcarce, Buenos Aires. Argentina.<\/p>\n<p><a href=\"https:\/\/congresos.unlp.edu.ar\/microvet\/wp-content\/uploads\/sites\/19\/2021\/07\/21-07-19-Poster-Huberman-et-al-Cepas.pdf\" target=\"_blank\" rel=\"noopener\">RA 017<\/a><\/p>\n<\/div>\n\t\t<\/div><\/div><div id=\"pgc-508-8-1\"  class=\"panel-grid-cell panel-grid-cell-empty\" ><\/div><\/div><\/div>","protected":false},"excerpt":{"rendered":"<p>DETECCI\u00d3N DE ENZIMAS 16S ARN METILTRANSFERASAS EN ENTEROBACTERALES RESISTENTES A CEFTRIAXONA, AISLADOS DE POLLITOS DE UN D\u00cdA Coppola N1, Cordeiro N1, Trenchi G2, Zunino P1, Bado I1, Vignoli R1 1 Departamento de Bacteriolog\u00eda y Virolog\u00eda, Instituto de Higiene, Facultad de Medicina, Universidad de la Rep\u00fablica, Montevideo, Uruguay. 2 Veterinario de libre ejercicio de la profesi\u00f3n, [&hellip;]<\/p>\n","protected":false},"author":34,"featured_media":0,"parent":0,"menu_order":0,"comment_status":"closed","ping_status":"closed","template":"","meta":{"advgb_blocks_editor_width":"","advgb_blocks_columns_visual_guide":"","footnotes":""},"class_list":["post-508","page","type-page","status-publish","hentry","post"],"aioseo_notices":[],"coauthors":[],"author_meta":{"author_link":"https:\/\/congresos.unlp.edu.ar\/microvet\/?author=34","display_name":"gmetz"},"relative_dates":{"created":"Posted 5 a\u00f1os ago","modified":"Updated 5 a\u00f1os ago"},"absolute_dates":{"created":"Posted on 28 mayo, 2021","modified":"Updated on 31 agosto, 2021"},"absolute_dates_time":{"created":"Posted on 28 mayo, 2021 5:41 pm","modified":"Updated on 31 agosto, 2021 7:08 pm"},"featured_img_caption":"","featured_img":false,"series_order":"","_links":{"self":[{"href":"https:\/\/congresos.unlp.edu.ar\/microvet\/index.php?rest_route=\/wp\/v2\/pages\/508","targetHints":{"allow":["GET"]}}],"collection":[{"href":"https:\/\/congresos.unlp.edu.ar\/microvet\/index.php?rest_route=\/wp\/v2\/pages"}],"about":[{"href":"https:\/\/congresos.unlp.edu.ar\/microvet\/index.php?rest_route=\/wp\/v2\/types\/page"}],"author":[{"embeddable":true,"href":"https:\/\/congresos.unlp.edu.ar\/microvet\/index.php?rest_route=\/wp\/v2\/users\/34"}],"replies":[{"embeddable":true,"href":"https:\/\/congresos.unlp.edu.ar\/microvet\/index.php?rest_route=%2Fwp%2Fv2%2Fcomments&post=508"}],"version-history":[{"count":0,"href":"https:\/\/congresos.unlp.edu.ar\/microvet\/index.php?rest_route=\/wp\/v2\/pages\/508\/revisions"}],"wp:attachment":[{"href":"https:\/\/congresos.unlp.edu.ar\/microvet\/index.php?rest_route=%2Fwp%2Fv2%2Fmedia&parent=508"}],"curies":[{"name":"wp","href":"https:\/\/api.w.org\/{rel}","templated":true}]}}