{"id":495,"date":"2021-05-27T10:28:36","date_gmt":"2021-05-27T13:28:36","guid":{"rendered":"https:\/\/congresos.unlp.edu.ar\/microvet?page_id=495"},"modified":"2021-08-31T19:08:48","modified_gmt":"2021-08-31T22:08:48","slug":"eje-virologia","status":"publish","type":"page","link":"https:\/\/congresos.unlp.edu.ar\/microvet?page_id=495","title":{"rendered":"Eje Virolog\u00eda"},"content":{"rendered":"<div id=\"pl-495\"  class=\"panel-layout\" ><div id=\"pg-495-0\"  class=\"panel-grid panel-no-style\" ><div id=\"pgc-495-0-0\"  class=\"panel-grid-cell\" ><div id=\"panel-495-0-0-0\" class=\"so-panel widget widget_text panel-first-child panel-last-child\" data-index=\"0\" >\t\t\t<div class=\"textwidget\"><p><strong>RELEVAMIENTO DE ANTICUERPOS CONTRA EL VIRUS DE LA DIARREA VIRAL BOVINA EN MUESTRAS DE LECHE DE TANQUE PROVENIENTES DE LA PROVINCIA DE SANTA FE<\/strong><\/p>\n<p>Favaro P<sup>1<\/sup>, Molineri A<sup>2<\/sup>, Occhi, H<sup>1<\/sup>, Dus Santos MJ<sup>3<\/sup>, Calvinho L<sup>2<\/sup>, Pecora A<sup>3<\/sup>.<\/p>\n<p><sup>1 <\/sup>Facultad de Ciencias Veterinarias, UNL, Esperanza, Santa Fe, Argentina.<br \/>\n<sup>2 <\/sup>IDICaL (INTA-CONICET), Rafaela, Santa Fe, Argentina.<br \/>\n<sup>3 <\/sup>IVIT, CICVyA, INTA Castelar, Buenos Aires, Argentina.<strong><br \/>\n<\/strong><\/p>\n<p><a href=\"https:\/\/congresos.unlp.edu.ar\/microvet\/wp-content\/uploads\/sites\/19\/2021\/06\/VIR001.pdf\" target=\"_blank\" rel=\"noopener\">VIR 001<\/a><\/p>\n<\/div>\n\t\t<\/div><\/div><div id=\"pgc-495-0-1\"  class=\"panel-grid-cell\" ><div id=\"panel-495-0-1-0\" class=\"so-panel widget widget_text panel-first-child panel-last-child\" data-index=\"1\" >\t\t\t<div class=\"textwidget\"><p><strong>COMPARISON OF PROVIRAL LOAD LEVELS AND <\/strong><strong>mRNA EXPRESSION OF CYTOKINES IN PERIPHERAL BLOOD MONONUCLEAR CELLS AND MILK SOMATIC CELLS FROM BLV-INFECTED CATTLE<\/strong><\/p>\n<p>Dolcini GL<sup>1<\/sup>, Ladera G\u00f3mez ML<sup>1<\/sup>; Nieto Farias MV<sup>1<\/sup>, V\u00e1ter A<sup>2<\/sup>, Ceriani MC<sup>1<\/sup>.<\/p>\n<p><sup>1 <\/sup>Laboratorio de Virolog\u00eda, Facultad de Ciencias Veterinarias, Universidad Nacional del Centro de la Provincia de Buenos Aires (UNCPBA) &#8211; Centro de Investigaci\u00f3n Veterinaria de Tandil (CIVETAN, CONICET\/CICPBA\/UNCPBA), Tandil, Provincia de Bs. As., Argentina.<br \/>\n<sup>2 <\/sup>Escuela de Educaci\u00f3n Secundaria Agraria N\u00ba1 \u201cDr. Ram\u00f3n Santamarina\u201d, Tandil, Argentina.<\/p>\n<p><a href=\"https:\/\/congresos.unlp.edu.ar\/microvet\/wp-content\/uploads\/sites\/19\/2021\/06\/VIR002.pdf\" target=\"_blank\" rel=\"noopener\">VIR 002<\/a><\/p>\n<\/div>\n\t\t<\/div><\/div><\/div><div id=\"pg-495-1\"  class=\"panel-grid panel-no-style\" ><div id=\"pgc-495-1-0\"  class=\"panel-grid-cell\" ><div id=\"panel-495-1-0-0\" class=\"so-panel widget widget_text panel-first-child panel-last-child\" data-index=\"2\" >\t\t\t<div class=\"textwidget\"><p><strong>DETECCION DEL <\/strong><strong>VIRUS DE LA NECROSIS RENAL Y DEL BAZO (<\/strong><strong>ISKNV)<\/strong> <strong>DEL PEZ CEBRA EN <\/strong><strong>COLONIAS DE EXPERIMENTACI\u00d3N DE ARGENTINA<\/strong><\/p>\n<p>Laborde JM<sup>1<\/sup>, Carriquiriborde M<sup>1<\/sup>, Cagliada P<sup>1<\/sup>, Almir\u00f3n J<sup>1<\/sup>, Maschi F<sup>1<\/sup>, Ayala MA<sup>1<\/sup>.<\/p>\n<p><sup>1 <\/sup>Laboratorio de Animales de Experimentaci\u00f3n (LAE), Facultad de Ciencias Veterinarias, Universidad Nacional de La Plata, Buenos Aires, Argentina.<\/p>\n<p><a href=\"https:\/\/congresos.unlp.edu.ar\/microvet\/wp-content\/uploads\/sites\/19\/2021\/06\/VIR003.pdf\" target=\"_blank\" rel=\"noopener\">VIR 003<\/a><\/p>\n<\/div>\n\t\t<\/div><\/div><div id=\"pgc-495-1-1\"  class=\"panel-grid-cell\" ><div id=\"panel-495-1-1-0\" class=\"so-panel widget widget_text panel-first-child panel-last-child\" data-index=\"3\" >\t\t\t<div class=\"textwidget\"><p><strong>DIAGN\u00d3STICO CL\u00cdNICO, MOLECULAR Y SEROL\u00d3GICO DEL VIRUS DE LA LEUCEMIA EN RATAS WISTAR<\/strong><\/p>\n<p>Fontes F<sup>1<\/sup>, Rocha S<sup>1<\/sup>, Santos M<sup>1<\/sup>, Breijo M<sup>1<\/sup><\/p>\n<p><sup>1<\/sup> Unidad de Reactivos y Biomodelos de Experimentaci\u00f3n, Facultad de Medicina, Universidad de la Rep\u00fablica, Montevideo, Uruguay.<\/p>\n<p><a href=\"https:\/\/congresos.unlp.edu.ar\/microvet\/wp-content\/uploads\/sites\/19\/2021\/06\/VIR004.pdf\" target=\"_blank\" rel=\"noopener\">VIR 004<\/a><\/p>\n<p>&nbsp;<\/p>\n<\/div>\n\t\t<\/div><\/div><\/div><div id=\"pg-495-2\"  class=\"panel-grid panel-no-style\" ><div id=\"pgc-495-2-0\"  class=\"panel-grid-cell\" ><div id=\"panel-495-2-0-0\" class=\"so-panel widget widget_text panel-first-child panel-last-child\" data-index=\"4\" >\t\t\t<div class=\"textwidget\"><p><strong>DETERMINACI\u00d3N DE LA RESPUESTA INMUNE HUMORAL A CAMPO FRENTE A LA VACUNACI\u00d3N CONTRA RINOTRAQUE\u00cdTIS INFECCIOSA BOVINA EN VAQUILLONAS INFECTADAS CON EL VIRUS DE LA LEUCOSIS BOVINA<\/strong><\/p>\n<p>Ruppel F<sup>1<\/sup>, De Brun L<sup>1<\/sup>, Puentes R<sup>1<\/sup><\/p>\n<p><sup>1<\/sup> Facultad de Veterinaria, Universidad de la Rep\u00fablica, Montevideo, Uruguay.<\/p>\n<p><a href=\"https:\/\/congresos.unlp.edu.ar\/microvet\/wp-content\/uploads\/sites\/19\/2021\/06\/VIR005.pdf\" target=\"_blank\" rel=\"noopener\">VIR 005<\/a><\/p>\n<\/div>\n\t\t<\/div><\/div><div id=\"pgc-495-2-1\"  class=\"panel-grid-cell\" ><div id=\"panel-495-2-1-0\" class=\"so-panel widget widget_text panel-first-child panel-last-child\" data-index=\"5\" >\t\t\t<div class=\"textwidget\"><p><strong>ANALYSIS OF APOPTOSIS INDUCED BY BOVINE GAMMAHERPESVIRUS 4 IN PRIMARY CULTURE OF BOVINE ENDOMETRIAL CELLS <\/strong><\/p>\n<p>Romeo F<sup>1<\/sup>, Louge Uriarte E<sup>2<\/sup>, Delgado S<sup>3<\/sup>, Pereyra S<sup>2<\/sup>, P\u00e9rez S<sup>1,4<\/sup>, Verna A<sup>1,2<\/sup>.<\/p>\n<p><sup>1 <\/sup>Consejo Nacional de Investigaciones Cient\u00edficas y T\u00e9cnicas (CONICET), Ciudad Aut\u00f3noma de Buenos Aires, Argentina.<br \/>\n<sup>2 <\/sup>Laboratorio de Virolog\u00eda Veterinaria, Instituto de Innovaci\u00f3n para la Producci\u00f3n Agropecuaria y el Desarrollo Sostenible INTA &#8211; CONICET, Balcarce, Buenos Aires, Argentina.<br \/>\n<sup>3<\/sup> Facultad de Ciencias Agrarias, Universidad Nacional de Mar del Plata, Buenos Aires, Argentina.<br \/>\n<sup>4 <\/sup>Centro de Investigaci\u00f3n Veterinaria de Tandil (CIVETAN)-CONICET, Facultad de Ciencias Veterinarias, Universidad Nacional del Centro de la Provincia de Buenos Aires, Argentina.<\/p>\n<p><a href=\"https:\/\/congresos.unlp.edu.ar\/microvet\/wp-content\/uploads\/sites\/19\/2021\/06\/VIR006.pdf\" target=\"_blank\" rel=\"noopener\">VIR 006<\/a><\/p>\n<\/div>\n\t\t<\/div><\/div><\/div><div id=\"pg-495-3\"  class=\"panel-grid panel-no-style\" ><div id=\"pgc-495-3-0\"  class=\"panel-grid-cell\" ><div id=\"panel-495-3-0-0\" class=\"so-panel widget widget_text panel-first-child panel-last-child\" data-index=\"6\" >\t\t\t<div class=\"textwidget\"><p><strong>CULTIVOS CELULARES PRIMARIOS DE C\u00c9LULAS DE PEJERREY (<em>Odontesthes bonariensis<\/em>) PARA SU USO COMO SUSTRATOS EN EL ESTUDIO DE VIRUS DE INTER\u00c9S ICT\u00cdCOLA<\/strong><\/p>\n<p>Nogueiras JP<sup>1<\/sup>, Colina SE<sup>2<\/sup>, Castro NN<sup>1<\/sup>, Yorojo Moreno V<sup>3<\/sup>, Serena MS<sup>2<\/sup>, Echeverr\u00eda MG<sup>2<\/sup>, Metz GE<sup>2<\/sup><\/p>\n<p><sup>1 <\/sup>Pasantes de Virolog\u00eda, Facultad de Ciencias Veterinarias, Universidad Nacional de La Plata. La Plata, Buenos Aires, Argentina.<br \/>\n<sup>2 <\/sup>Virolog\u00eda, Facultad de Ciencias Veterinarias, Universidad Nacional de La Plata. La Plata, Buenos Aires, Argentina \/ CONICET.<br \/>\n<sup>3 <\/sup>Instituto de Limnolog\u00eda \u201cDr. Ra\u00fal. A. Ringuelet\u201d, CCT La Plata, La Plata, Buenos Aires, Argentina.<\/p>\n<p><a href=\"https:\/\/congresos.unlp.edu.ar\/microvet\/wp-content\/uploads\/sites\/19\/2021\/06\/VIR007.pdf\" target=\"_blank\" rel=\"noopener\">VIR 007<\/a><\/p>\n<\/div>\n\t\t<\/div><\/div><div id=\"pgc-495-3-1\"  class=\"panel-grid-cell\" ><div id=\"panel-495-3-1-0\" class=\"so-panel widget widget_text panel-first-child panel-last-child\" data-index=\"7\" >\t\t\t<div class=\"textwidget\"><p><strong>MUCOSAL DISEASE OUTBREAK AND POSSIBLE SOURCES OF BOVINE VIRAL DIARRHEA VIRUS IN HERDS FROM A BEEF FARM OF BUENOS AIRES PROVINCE<\/strong><\/p>\n<p>Louge Uriarte EL<sup>1<\/sup>, Spetter M<sup>2<\/sup>, Pereyra S<sup>1<\/sup>, Leunda M<sup>1<\/sup>, Combessies G<sup>3<\/sup>, Llada I<sup>5<\/sup>, Odriozola E<sup>5<\/sup>, Verna A<sup>1,2<\/sup>, Ode\u00f3n A<sup>4<\/sup>, Gonz\u00e1lez Altamiranda E<sup>1,2<\/sup>.<\/p>\n<p><sup>1 <\/sup>Laboratorio de Virolog\u00eda Veterinaria, Instituto de Innovaci\u00f3n para la Producci\u00f3n Agropecuaria y el Desarrollo Sostenible INTA &#8211; CONICET, Balcarce, Buenos Aires, Argentina.<br \/>\n<sup>2 <\/sup>Consejo Nacional de Investigaciones Cient\u00edficas y T\u00e9cnicas (CONICET), Ciudad Aut\u00f3noma de Buenos Aires, Argentina.<br \/>\n<sup>3 <\/sup>Laboratorio Azul Diagn\u00f3stico SA, Azul, Buenos Aires, Argentina.<br \/>\n<sup>4 <\/sup>Facultad de Ciencias Agrarias, Univ. Nac. de Mar del Plata, Balcarce, Buenos Aires, Argentina.<br \/>\n<sup>5 <\/sup>Actividad privada, Balcarce, Buenos Aires, Argentina.<\/p>\n<p><a href=\"https:\/\/congresos.unlp.edu.ar\/microvet\/wp-content\/uploads\/sites\/19\/2021\/06\/VIR008.pdf\" target=\"_blank\" rel=\"noopener\">VIR 008<\/a><\/p>\n<\/div>\n\t\t<\/div><\/div><\/div><div id=\"pg-495-4\"  class=\"panel-grid panel-no-style\" ><div id=\"pgc-495-4-0\"  class=\"panel-grid-cell\" ><div id=\"panel-495-4-0-0\" class=\"so-panel widget widget_text panel-first-child panel-last-child\" data-index=\"8\" >\t\t\t<div class=\"textwidget\"><p><strong>PRODUCCION DE ANTIGENOS RECOMBINANTES A PARTIR DE PROTEINAS INMUNOGENICAS DE Alfaherpesvirus felino 1 PARA EL DESARROLLO DE UN <em>TEST<\/em> DE DIAGNOSTICO<\/strong><\/p>\n<p>Bianchi DS<sup>1<\/sup>, Colina SE<sup>1,2<\/sup>, Panei CJ<sup>1,2<\/sup>, Fuentealba NA<sup>1,2<\/sup><\/p>\n<p><sup>1 <\/sup>Laboratorio de Virolog\u00eda, Facultad de Ciencias Veterinarias, Universidad Nacional de La Plata.<br \/>\n<sup>2 <\/sup>CCT-CONICET, La Plata, Buenos Aires, Argentina.<\/p>\n<p><a href=\"https:\/\/congresos.unlp.edu.ar\/microvet\/wp-content\/uploads\/sites\/19\/2021\/06\/VIR009.pdf\" target=\"_blank\" rel=\"noopener\">VIR 009<\/a><\/p>\n<\/div>\n\t\t<\/div><\/div><div id=\"pgc-495-4-1\"  class=\"panel-grid-cell\" ><div id=\"panel-495-4-1-0\" class=\"so-panel widget widget_text panel-first-child panel-last-child\" data-index=\"9\" >\t\t\t<div class=\"textwidget\"><p><em><strong>TRABAJO CON MENCI\u00d3N<\/strong><\/em><\/p>\n<p><strong><em>Scapteromys aquaticus<\/em><\/strong><strong>: NUEVA ESPECIE DE ROEDOR HOSPEDADORA DE <em>Orthohantavirus<\/em> EN LA REGI\u00d3N CENTRAL DE ARGENTINA <\/strong><\/p>\n<p><strong>Ricardo T<sup>1,2<\/sup>, Bellomo CM<sup>3<\/sup>, Mart\u00ednez VP<sup>3<\/sup>, Coelho RM<sup>3<\/sup>, Bergero LC<sup>1<\/sup>, Previtali MA<sup>1,2<\/sup><\/strong><\/p>\n<p><strong><sup>1 <\/sup>Consejo Nacional de Investigaciones Cient\u00edficas y T\u00e9cnicas (CONICET), Santa Fe, Argentina.<\/strong><br \/>\n<strong><sup>2 <\/sup>Dpto. de Ciencias Naturales, Facultad de Humanidades y Ciencias, Universidad Nacional del Litoral, Santa Fe, Argentina.<\/strong><br \/>\n<strong><sup>3 <\/sup>Dpto. de Virolog\u00eda, Instituto Nacional de Enfermedades Infecciosas, Administraci\u00f3n Nacional de Laboratorios e Institutos de Salud \u201cDr. Carlos E. Malbr\u00e1n\u201d, Ciudad Aut\u00f3noma de Buenos Aires, Argentina.<\/strong><\/p>\n<p><strong><a href=\"https:\/\/congresos.unlp.edu.ar\/microvet\/wp-content\/uploads\/sites\/19\/2021\/06\/VIR010.pdf\" target=\"_blank\" rel=\"noopener\">VIR 010<\/a><\/strong><\/p>\n<\/div>\n\t\t<\/div><\/div><\/div><div id=\"pg-495-5\"  class=\"panel-grid panel-no-style\" ><div id=\"pgc-495-5-0\"  class=\"panel-grid-cell\" ><div id=\"panel-495-5-0-0\" class=\"so-panel widget widget_text panel-first-child panel-last-child\" data-index=\"10\" >\t\t\t<div class=\"textwidget\"><p><strong>PRIMER AN\u00c1LISIS DE LA SECUENCIA COMPLETA DEL GEN VP2 DE LA CEPA LOCAL DE PARVOVIRUS PORCINO<\/strong><\/p>\n<p>Rodr\u00edguez MG<sup>1<\/sup>, Galetto LD<sup>2,3<\/sup>, Aspitia CG<sup>4<\/sup>, Colina SE<sup>2,4<\/sup>, Metz GE<sup>2,4<\/sup>, Cappuccio JA<sup>2,3<\/sup>, Echeverr\u00eda MG<sup>2,4<\/sup>, Serena MS<sup>2,4<\/sup>, Gallo Calder\u00f3n M<sup>1<\/sup><\/p>\n<p><sup>1 <\/sup>Instituto de Ciencia y Tecnolog\u00eda Dr. Cesar Milstein, CONICET, Ciudad Aut\u00f3noma de Buenos Aires, Argentina.<br \/>\n<sup>2 <\/sup>CONICET, Argentina.<br \/>\n<sup>3 <\/sup>Grupo Sanidad Animal, EEA Marcos Juarez, INTA. Ruta 12 km 3 (2580) Marcos Ju\u00e1rez, C\u00f3rdoba, Argentina.<br \/>\n<sup>4 <\/sup>C\u00e1tedra de Virolog\u00eda, Centro de Microbiolog\u00eda B\u00e1sica y Aplicada,\u00a0Facultad de Ciencias Veterinarias, Universidad Nacional de La Plata, La Plata, Argentina.<\/p>\n<p><a href=\"https:\/\/congresos.unlp.edu.ar\/microvet\/wp-content\/uploads\/sites\/19\/2021\/06\/VIR011.pdf\" target=\"_blank\" rel=\"noopener\">VIR 011<\/a><\/p>\n<\/div>\n\t\t<\/div><\/div><div id=\"pgc-495-5-1\"  class=\"panel-grid-cell\" ><div id=\"panel-495-5-1-0\" class=\"so-panel widget widget_text panel-first-child panel-last-child\" data-index=\"11\" >\t\t\t<div class=\"textwidget\"><p><strong>PRIMER REPORTE DE SARS-CoV-2 DETECTADO EN UN GATO DE ARGENTINA<\/strong><\/p>\n<p>Bravi ME<sup>1,2<\/sup>, Panei CJ<sup>1,2<\/sup>, More G<sup>1,3<\/sup>, Unzaga JM<sup>3<\/sup>, De Felice L<sup>3<\/sup>, Salina M<sup>2<\/sup>, Rivero FD<sup>4<\/sup>, Di Lullo D<sup>4<\/sup>, Pecoraro M<sup>2<\/sup>, Fuentealba NA<sup>1,2<\/sup><\/p>\n<p><sup>1 <\/sup>Consejo Nacional de Investigaciones Cient\u00edficas y T\u00e9cnicas (CONICET), Buenos Aires, Argentina.<br \/>\n<sup>2 <\/sup>Laboratorio de Virolog\u00eda, Facultad de Ciencias Veterinarias, Universidad Nacional de La Plata, Buenos Aires, Argentina.<br \/>\n<sup>3 <\/sup>Laboratorio de Inmunoparasitolog\u00eda, Facultad de Ciencias Veterinarias, Universidad Nacional de La Plata, Buenos Aires, Argentina.<br \/>\n<sup>4 <\/sup>Instituto Multidisciplinario de Salud, Tecnolog\u00eda y Desarrollo (IMSaTeD), CONICET-UNSE, Santiago del Estero, Argentina.<\/p>\n<p><a href=\"https:\/\/congresos.unlp.edu.ar\/microvet\/wp-content\/uploads\/sites\/19\/2021\/06\/VIR012.pdf\" target=\"_blank\" rel=\"noopener\">VIR 012<\/a><\/p>\n<\/div>\n\t\t<\/div><\/div><\/div><div id=\"pg-495-6\"  class=\"panel-grid panel-no-style\" ><div id=\"pgc-495-6-0\"  class=\"panel-grid-cell\" ><div id=\"panel-495-6-0-0\" class=\"so-panel widget widget_text panel-first-child panel-last-child\" data-index=\"12\" >\t\t\t<div class=\"textwidget\"><p><strong>DESCRIPCI\u00d3N DE LA SITUACI\u00d3N DE LOS PRINCIPALES RETROVIRUS FELINOS EN LA CIUDAD DE MONTEVIDEO Y ZONA METROPOTILANA<\/strong><\/p>\n<p>Acevedo C<sup>1<\/sup>, Franco G<sup>1<\/sup>, Barrios V<sup>1<\/sup>, De Brum L<sup>1<\/sup>, Puentes R<sup>1<\/sup><\/p>\n<p><sup>1 <\/sup>Facultad de Veterinaria, Universidad de la Rep\u00fablica, Montevideo, Uruguay.<\/p>\n<p><a href=\"https:\/\/congresos.unlp.edu.ar\/microvet\/wp-content\/uploads\/sites\/19\/2021\/06\/VIR013.pdf\" target=\"_blank\" rel=\"noopener\">VIR 013<\/a><\/p>\n<\/div>\n\t\t<\/div><\/div><div id=\"pgc-495-6-1\"  class=\"panel-grid-cell\" ><div id=\"panel-495-6-1-0\" class=\"so-panel widget widget_text panel-first-child panel-last-child\" data-index=\"13\" >\t\t\t<div class=\"textwidget\"><p><strong>EFECTO DE LA OZONOTERAPIA EN EL <em>Protoparvovirus carn\u00edvoro tipo 1<\/em><\/strong><\/p>\n<p>Franco G<sup>1<\/sup>, Puentes R<sup>1<\/sup><\/p>\n<p><sup>1 <\/sup>Unidad de Microbiolog\u00eda, Facultad de Veterinaria, Universidad de la Rep\u00fablica, Montevideo, Uruguay.<\/p>\n<p><a href=\"https:\/\/congresos.unlp.edu.ar\/microvet\/wp-content\/uploads\/sites\/19\/2021\/06\/VIR014.pdf\" target=\"_blank\" rel=\"noopener\">VIR 014<\/a><\/p>\n<p>&nbsp;<\/p>\n<\/div>\n\t\t<\/div><\/div><\/div><\/div>","protected":false},"excerpt":{"rendered":"<p>RELEVAMIENTO DE ANTICUERPOS CONTRA EL VIRUS DE LA DIARREA VIRAL BOVINA EN MUESTRAS DE LECHE DE TANQUE PROVENIENTES DE LA PROVINCIA DE SANTA FE Favaro P1, Molineri A2, Occhi, H1, Dus Santos MJ3, Calvinho L2, Pecora A3. 1 Facultad de Ciencias Veterinarias, UNL, Esperanza, Santa Fe, Argentina. 2 IDICaL (INTA-CONICET), Rafaela, Santa Fe, Argentina. 3 [&hellip;]<\/p>\n","protected":false},"author":34,"featured_media":0,"parent":0,"menu_order":0,"comment_status":"closed","ping_status":"closed","template":"","meta":{"advgb_blocks_editor_width":"","advgb_blocks_columns_visual_guide":"","footnotes":""},"class_list":["post-495","page","type-page","status-publish","hentry","post"],"aioseo_notices":[],"coauthors":[],"author_meta":{"author_link":"https:\/\/congresos.unlp.edu.ar\/microvet\/?author=34","display_name":"gmetz"},"relative_dates":{"created":"Posted 5 a\u00f1os ago","modified":"Updated 5 a\u00f1os ago"},"absolute_dates":{"created":"Posted on 27 mayo, 2021","modified":"Updated on 31 agosto, 2021"},"absolute_dates_time":{"created":"Posted on 27 mayo, 2021 10:28 am","modified":"Updated on 31 agosto, 2021 7:08 pm"},"featured_img_caption":"","featured_img":false,"series_order":"","_links":{"self":[{"href":"https:\/\/congresos.unlp.edu.ar\/microvet\/index.php?rest_route=\/wp\/v2\/pages\/495","targetHints":{"allow":["GET"]}}],"collection":[{"href":"https:\/\/congresos.unlp.edu.ar\/microvet\/index.php?rest_route=\/wp\/v2\/pages"}],"about":[{"href":"https:\/\/congresos.unlp.edu.ar\/microvet\/index.php?rest_route=\/wp\/v2\/types\/page"}],"author":[{"embeddable":true,"href":"https:\/\/congresos.unlp.edu.ar\/microvet\/index.php?rest_route=\/wp\/v2\/users\/34"}],"replies":[{"embeddable":true,"href":"https:\/\/congresos.unlp.edu.ar\/microvet\/index.php?rest_route=%2Fwp%2Fv2%2Fcomments&post=495"}],"version-history":[{"count":0,"href":"https:\/\/congresos.unlp.edu.ar\/microvet\/index.php?rest_route=\/wp\/v2\/pages\/495\/revisions"}],"wp:attachment":[{"href":"https:\/\/congresos.unlp.edu.ar\/microvet\/index.php?rest_route=%2Fwp%2Fv2%2Fmedia&parent=495"}],"curies":[{"name":"wp","href":"https:\/\/api.w.org\/{rel}","templated":true}]}}