{"id":20,"date":"2019-12-19T11:31:11","date_gmt":"2019-12-19T14:31:11","guid":{"rendered":"http:\/\/congresos.unlp.edu.ar\/microvet\/?page_id=20"},"modified":"2021-02-16T18:34:21","modified_gmt":"2021-02-16T21:34:21","slug":"comision-tecnica","status":"publish","type":"page","link":"https:\/\/congresos.unlp.edu.ar\/microvet?page_id=20","title":{"rendered":"Comisi\u00f3n t\u00e9cnica"},"content":{"rendered":"<p><strong><span style=\"color: #333399\">Secretaria<\/span> <\/strong><\/p>\n<ul>\n<li><strong>Cecilia Carbone<\/strong> (C\u00e1tedra de Animales de Laboratorio y Bioterio, FCV-UNLP)<\/li>\n<\/ul>\n<p><span style=\"color: #333399\"><strong>Integrantes<\/strong><\/span><\/p>\n<ul>\n<li><strong>Pilar Cagliada<\/strong> (C\u00e1tedra de Animales de Laboratorio y Bioterio, FCV- UNLP)<\/li>\n<li><strong>Martin Carriquiriborde<\/strong> (C\u00e1tedra de Animales de Laboratorio y Bioterio, FCV- UNLP)<\/li>\n<li><strong>Romina Della Vedova<\/strong> (C\u00e1tedra de Micolog\u00eda cl\u00ednica e industrial, FCV-UNLP)<\/li>\n<li><strong>Mercedes Gatti<\/strong> (C\u00e1tedra de Microbiolog\u00eda, FCV-UNLP)<\/li>\n<li><strong>Javier M\u00e1s<\/strong> (\u00c1rea de Microbiolog\u00eda, FCV-UBA)<\/li>\n<li><strong>Germ\u00e1n Ernesto Metz<\/strong> (C\u00e1tedras de Virolog\u00eda y Gen\u00e9tica general y microbiana, FCV-UNLP)<\/li>\n<\/ul>\n<p><span style=\"color: #333399\"><strong>Colaboradores<\/strong><\/span><\/p>\n<ul>\n<li><strong>Ver\u00f3nica Amor<\/strong> (C\u00e1tedra de Micolog\u00eda, FCV-UNLP)<\/li>\n<li><strong>Santiago Emanuel Colina<\/strong> (C\u00e1tedra de Virolog\u00eda, FCV-UNLP)<\/li>\n<li><b>Sof\u00eda\u00a0Rodr\u00edguez Ramos<\/b> (C\u00e1tedra de Microbiolog\u00eda, FCV-UNLP)<\/li>\n<li><strong>Marco Antonio Tizzano<\/strong> (C\u00e1tedras de Virolog\u00eda y Micolog\u00eda, FCV-UNLP)<\/li>\n<\/ul>\n","protected":false},"excerpt":{"rendered":"<p>Secretaria Cecilia Carbone (C\u00e1tedra de Animales de Laboratorio y Bioterio, FCV-UNLP) Integrantes Pilar Cagliada (C\u00e1tedra de Animales de Laboratorio y Bioterio, FCV- UNLP) Martin Carriquiriborde (C\u00e1tedra de Animales de Laboratorio y Bioterio, FCV- UNLP) Romina Della Vedova (C\u00e1tedra de Micolog\u00eda cl\u00ednica e industrial, FCV-UNLP) Mercedes Gatti (C\u00e1tedra de Microbiolog\u00eda, FCV-UNLP) Javier M\u00e1s (\u00c1rea de Microbiolog\u00eda, [&hellip;]<\/p>\n","protected":false},"author":2,"featured_media":0,"parent":0,"menu_order":0,"comment_status":"closed","ping_status":"closed","template":"","meta":{"advgb_blocks_editor_width":"","advgb_blocks_columns_visual_guide":"","footnotes":""},"class_list":["post-20","page","type-page","status-publish","hentry","post"],"aioseo_notices":[],"coauthors":[],"author_meta":{"author_link":"https:\/\/congresos.unlp.edu.ar\/microvet\/?author=2","display_name":"congresos"},"relative_dates":{"created":"Posted 6 a\u00f1os ago","modified":"Updated 5 a\u00f1os ago"},"absolute_dates":{"created":"Posted on 19 diciembre, 2019","modified":"Updated on 16 febrero, 2021"},"absolute_dates_time":{"created":"Posted on 19 diciembre, 2019 11:31 am","modified":"Updated on 16 febrero, 2021 6:34 pm"},"featured_img_caption":"","featured_img":false,"series_order":"","_links":{"self":[{"href":"https:\/\/congresos.unlp.edu.ar\/microvet\/index.php?rest_route=\/wp\/v2\/pages\/20","targetHints":{"allow":["GET"]}}],"collection":[{"href":"https:\/\/congresos.unlp.edu.ar\/microvet\/index.php?rest_route=\/wp\/v2\/pages"}],"about":[{"href":"https:\/\/congresos.unlp.edu.ar\/microvet\/index.php?rest_route=\/wp\/v2\/types\/page"}],"author":[{"embeddable":true,"href":"https:\/\/congresos.unlp.edu.ar\/microvet\/index.php?rest_route=\/wp\/v2\/users\/2"}],"replies":[{"embeddable":true,"href":"https:\/\/congresos.unlp.edu.ar\/microvet\/index.php?rest_route=%2Fwp%2Fv2%2Fcomments&post=20"}],"version-history":[{"count":0,"href":"https:\/\/congresos.unlp.edu.ar\/microvet\/index.php?rest_route=\/wp\/v2\/pages\/20\/revisions"}],"wp:attachment":[{"href":"https:\/\/congresos.unlp.edu.ar\/microvet\/index.php?rest_route=%2Fwp%2Fv2%2Fmedia&parent=20"}],"curies":[{"name":"wp","href":"https:\/\/api.w.org\/{rel}","templated":true}]}}