{"id":197,"date":"2020-06-06T09:59:12","date_gmt":"2020-06-06T12:59:12","guid":{"rendered":"http:\/\/congresos.unlp.edu.ar\/microvet?page_id=197"},"modified":"2021-05-30T18:47:46","modified_gmt":"2021-05-30T21:47:46","slug":"disertantes","status":"publish","type":"page","link":"https:\/\/congresos.unlp.edu.ar\/microvet?page_id=197","title":{"rendered":"Disertantes"},"content":{"rendered":"<table style=\"height: 1795px\" width=\"825\">\n<tbody>\n<tr>\n<td width=\"31%\"><span style=\"color: #333399\"><strong>Disertantes<\/strong><\/span><\/td>\n<td width=\"68%\"><span style=\"color: #333399\"><strong>Pertenencia \/ filiaci\u00f3n<\/strong><\/span><\/td>\n<\/tr>\n<tr>\n<td width=\"31%\">Abrantes Rub\u00e9n<\/td>\n<td width=\"68%\">Departamento de Micolog\u00eda, INEI, ANLIS \u201cDr. C.G. Malbr\u00e1n\u201d<\/td>\n<\/tr>\n<tr>\n<td width=\"31%\">Albarellos Gabriela<\/td>\n<td width=\"68%\">Facultad de Ciencias Veterinarias, Universidad de Buenos Aires. Conicet<\/td>\n<\/tr>\n<tr>\n<td width=\"31%\">Barcos Luis<\/td>\n<td width=\"68%\">Representante de la OIE en las Am\u00e9ricas<\/td>\n<\/tr>\n<tr>\n<td width=\"31%\">Bratanich Ana<\/td>\n<td width=\"68%\">Facultad de Ciencias Veterinarias, Universidad de Buenos Aires<\/td>\n<\/tr>\n<tr>\n<td width=\"31%\">Brihuega Bibiana<\/td>\n<td width=\"68%\">Instituto de Investigaci\u00f3n en Patobiolog\u00eda, INTA Castelar<\/td>\n<\/tr>\n<tr>\n<td width=\"31%\">Burgos Eliana Florencia<\/td>\n<td width=\"68%\">Instituto Nacional de Medicina Tropical (INMeT), ANLIS \u201cDr. C.G. Malbr\u00e1n\u201d<\/td>\n<\/tr>\n<tr>\n<td width=\"31%\">Carranza Alicia<\/td>\n<td width=\"68%\">Facultad de Agronom\u00eda y Veterinaria, Universidad Nacional de Rio Cuarto<\/td>\n<\/tr>\n<tr>\n<td width=\"31%\">Casas Natalia<\/td>\n<td width=\"68%\">Coordinaci\u00f3n de Zoonosis, Direcci\u00f3n de Control de Enfermedades Transmisibles, Ministerio de Salud de la Naci\u00f3n<\/td>\n<\/tr>\n<tr>\n<td width=\"31%\">Cevallos Mar\u00eda Bel\u00e9n<\/td>\n<td width=\"68%\">Facultad de Medicina Veterinaria y Zootecnia, Universidad Central del Ecuador<\/td>\n<\/tr>\n<tr>\n<td width=\"31%\">Cisterna Daniel<\/td>\n<td width=\"68%\">Departamento de Virolog\u00eda, INEI, ANLIS \u201cDr. C. G. Malbr\u00e1n\u201d<\/td>\n<\/tr>\n<tr>\n<td width=\"31%\">Corso Alejandra<\/td>\n<td width=\"68%\">Servicio de Antimicrobianos. INEI, ANLIS \u201cDr. C. G Malbr\u00e1n\u201d.<\/td>\n<\/tr>\n<tr>\n<td width=\"31%\">Demolin, Daniele Masselli Rodrigues<\/td>\n<td width=\"68%\">Centro Multidisciplinar para Investiga\u00e7\u00e3o Biol\u00f3gica (CEMIB). Universidade Estadual de Campinas, Brasil<\/td>\n<\/tr>\n<tr>\n<td width=\"31%\">D\u00edaz Luis Adri\u00e1n<\/td>\n<td width=\"68%\">Laboratorio de Arbovirus, IIBYT CONICET, Instituto de Virolog\u00eda \u201cDr. J.M. Vanella\u201d Universidad Nacional de C\u00f3rdoba<\/td>\n<\/tr>\n<tr>\n<td width=\"31%\">Dib Ferreira Gremi\u00e3o Isabella<\/td>\n<td width=\"68%\">Fundaci\u00f3n Oswaldo Cruz. Fiocruz. Brasil<\/td>\n<\/tr>\n<tr>\n<td width=\"31%\">Dolcini Guillermina<\/td>\n<td width=\"68%\">CIVETAN. CIC Pcia Bs As-CONICET-Facultad de Ciencias Veterinarias, Universidad Nacional del Centro de la Provincia de Buenos Aires<\/td>\n<\/tr>\n<tr>\n<td width=\"31%\">Errecalde Jorge<\/td>\n<td width=\"68%\">Facultad de Ciencias Veterinarias, Universidad Nacional de La Plata<\/td>\n<\/tr>\n<tr>\n<td width=\"31%\">Fern\u00e1ndez Jaramillo Heriberto<\/td>\n<td width=\"68%\">Universidad Austral de Chile. Universidad San Sebasti\u00e1n, Sede Valdivia<\/td>\n<\/tr>\n<tr>\n<td width=\"31%\">Fuentealba Nadia<\/td>\n<td width=\"68%\">Facultad de Ciencias Veterinarias, Universidad Nacional de La Plata<\/td>\n<\/tr>\n<tr>\n<td width=\"31%\">Gagetti Paula<\/td>\n<td width=\"68%\">Servicio de Antimicrobianos. INEI, ANLIS \u201cDr. C. G Malbr\u00e1n\u201d.<\/td>\n<\/tr>\n<tr>\n<td width=\"31%\">Galarce Nicol\u00e1s<\/td>\n<td width=\"68%\">Facultad de Ciencias Veterinarias y Pecuarias. Universidad de Chile<\/td>\n<\/tr>\n<tr>\n<td width=\"31%\">Gisbert Mar\u00eda Amelia<\/td>\n<td width=\"68%\">Facultad de Ciencias Veterinarias, Universidad de Buenos Aires<\/td>\n<\/tr>\n<tr>\n<td width=\"31%\">G\u00f3mez Villafa\u00f1e Isabel<\/td>\n<td width=\"68%\">Laboratorio de Ecolog\u00eda de Poblaciones, EGE-IEGEBA (CONICET-Universidad de Buenos Aires)<\/td>\n<\/tr>\n<tr>\n<td width=\"31%\">Ibarra Camou Bel\u00e9n<\/td>\n<td width=\"68%\">Instituto Nacional de Epidemiolog\u00eda Mar del Plata.<\/td>\n<\/tr>\n<tr>\n<td width=\"31%\">Koval Ariel<\/td>\n<td width=\"68%\">Biog\u00e9nesis Bag\u00f3<\/td>\n<\/tr>\n<tr>\n<td width=\"31%\">Laborde Juan Martin<\/td>\n<td width=\"68%\">Facultad de Ciencias Veterinarias, Universidad Nacional de La Plata<\/td>\n<\/tr>\n<tr>\n<td width=\"31%\">Lincopan Huenuman Nilton Erbet<\/td>\n<td width=\"68%\">Instituto de Ciencias Biom\u00e9dicas. Universidad de S\u00e3o Paulo, Brasil.<\/td>\n<\/tr>\n<tr>\n<td width=\"31%\">Martinez Vivot Marcela<\/td>\n<td width=\"68%\">Facultad de Ciencias Veterinarias, Universidad de Buenos Aires<\/td>\n<\/tr>\n<tr>\n<td width=\"31%\">Monina Marta<\/td>\n<td width=\"68%\">Universidad Nacional de La Pampa \u2013 Actividad privada en el \u00e1rea de equinos<\/td>\n<\/tr>\n<tr>\n<td width=\"31%\">Noseda Ram\u00f3n<\/td>\n<td width=\"68%\">Laboratorio Azul Diagn\u00f3stico S.A<\/td>\n<\/tr>\n<tr>\n<td width=\"31%\">Nusblat Leonora<\/td>\n<td width=\"68%\">Unidad Operativa Centro de Contenci\u00f3n Biol\u00f3gica. INEI, ANLIS \u201cDr. C. G. Malbr\u00e1n\u201d<\/td>\n<\/tr>\n<tr>\n<td width=\"31%\">Plaza Pablo<\/td>\n<td width=\"68%\">Laboratorio Ecotono. INIBIOMA, Universidad Nacional del Comahue<\/td>\n<\/tr>\n<tr>\n<td width=\"31%\">Prieto M\u00f3nica<\/td>\n<td width=\"68%\">Departamento de Microbiolog\u00eda, INEI, ANLIS \u201cDr. C. G. Malbr\u00e1n\u201d<\/td>\n<\/tr>\n<tr>\n<td width=\"31%\">Puebla Andrea<\/td>\n<td width=\"68%\">Unidad de Gen\u00f3mica\/Nodo Plataforma de Gen\u00f3mica. Instituto de Biotecnolog\u00eda, INTA Castelar<\/td>\n<\/tr>\n<tr>\n<td width=\"31%\">Riera Laura<\/td>\n<td width=\"68%\">Departamento de Control y Aseguramiento de Calidad, INEVH, ANLIS \u201cDr. C. G. Malbr\u00e1n\u201d<\/td>\n<\/tr>\n<tr>\n<td width=\"31%\">Rinaldi Osvaldo<\/td>\n<td width=\"68%\">Colegio de Veterinarios de la Provincia de Buenos Aires, La Plata<\/td>\n<\/tr>\n<tr>\n<td width=\"31%\">Ruiz Lisandro<\/td>\n<td width=\"68%\">Direcci\u00f3n de Productos veterinarios de SENASA<\/td>\n<\/tr>\n<tr>\n<td width=\"31%\">Rumi Mar\u00eda Valeria<\/td>\n<td width=\"68%\">Facultad de Ciencias Veterinarias, Universidad de Buenos Aires<\/td>\n<\/tr>\n<tr>\n<td width=\"31%\">Samus Sergio<\/td>\n<td width=\"68%\">Actividad privada LADIPREVET<\/td>\n<\/tr>\n<tr>\n<td width=\"31%\">Scarpa Miguel<\/td>\n<td width=\"68%\">Facultad de Ciencias Veterinarias, Universidad de Buenos Aires<\/td>\n<\/tr>\n<tr>\n<td width=\"31%\">Scialfa Exequiel<\/td>\n<td width=\"68%\">Divisi\u00f3n Zoonosis rurales, Medicina preventiva, Ministerio de Salud de la provincia de Buenos Aires<\/td>\n<\/tr>\n<tr>\n<td width=\"31%\">Serena Mar\u00eda Soledad<\/td>\n<td width=\"68%\">Facultad de Ciencias Veterinarias, Universidad Nacional de La Plata<\/td>\n<\/tr>\n<tr>\n<td width=\"31%\">Su\u00e1rez \u00c1lvarez Roberto<\/td>\n<td width=\"68%\">Departamento de Micolog\u00eda, INEI, ANLIS \u201cDr. C. G. Malbr\u00e1n\u201d<\/td>\n<\/tr>\n<tr>\n<td width=\"31%\">Taverna Constanza<\/td>\n<td width=\"68%\">Departamento de Micolog\u00eda, INEI, ANLIS \u201cDr. C. G. Malbr\u00e1n\u201d<\/td>\n<\/tr>\n<tr>\n<td width=\"31%\">Torres Carmen<\/td>\n<td width=\"68%\">\u00c1rea Bioqu\u00edmica y Biolog\u00eda Molecular, Facultad de Ciencias y Tecnolog\u00eda, Logro\u00f1o, Espa\u00f1a.<\/td>\n<\/tr>\n<tr>\n<td width=\"31%\">Traveria Gabriel<\/td>\n<td width=\"68%\">Facultad de Ciencias Veterinarias, Universidad Nacional de La Plata<\/td>\n<\/tr>\n<tr>\n<td width=\"31%\">Uzal Francisco<\/td>\n<td width=\"68%\">School of Veterinary Medicine, University of California. EUA<\/td>\n<\/tr>\n<tr>\n<td width=\"31%\">Viale Mariana<\/td>\n<td width=\"68%\">Departamento de Micolog\u00eda, INEI, ANLIS \u201cDr. C. G. Malbr\u00e1n\u201d<\/td>\n<\/tr>\n<tr>\n<td width=\"31%\">Zielinski Gustavo<\/td>\n<td width=\"68%\">Sanidad animal, INTA Marcos Ju\u00e1rez, C\u00f3rdoba<\/td>\n<\/tr>\n<tr>\n<td width=\"31%\">Zumarraga Mart\u00edn Jos\u00e9<\/td>\n<td width=\"68%\">Instituto de Biotecnolog\u00eda. INTA Castelar<\/td>\n<\/tr>\n<tr>\n<td width=\"31%\"><\/td>\n<td width=\"68%\"><\/td>\n<\/tr>\n<\/tbody>\n<\/table>\n<p><img loading=\"lazy\" decoding=\"async\" class=\" wp-image-79 alignright\" src=\"https:\/\/congresos.unlp.edu.ar\/microvet\/wp-content\/uploads\/sites\/19\/2020\/02\/CMV-3-300x151.png\" alt=\"\" width=\"101\" height=\"51\" srcset=\"https:\/\/congresos.unlp.edu.ar\/microvet\/wp-content\/uploads\/sites\/19\/2020\/02\/CMV-3-300x151.png 300w, https:\/\/congresos.unlp.edu.ar\/microvet\/wp-content\/uploads\/sites\/19\/2020\/02\/CMV-3-768x386.png 768w, https:\/\/congresos.unlp.edu.ar\/microvet\/wp-content\/uploads\/sites\/19\/2020\/02\/CMV-3.png 954w\" sizes=\"auto, (max-width: 101px) 100vw, 101px\" \/><\/p>\n","protected":false},"excerpt":{"rendered":"<p>Disertantes Pertenencia \/ filiaci\u00f3n Abrantes Rub\u00e9n Departamento de Micolog\u00eda, INEI, ANLIS \u201cDr. C.G. Malbr\u00e1n\u201d Albarellos Gabriela Facultad de Ciencias Veterinarias, Universidad de Buenos Aires. Conicet Barcos Luis Representante de la OIE en las Am\u00e9ricas Bratanich Ana Facultad de Ciencias Veterinarias, Universidad de Buenos Aires Brihuega Bibiana Instituto de Investigaci\u00f3n en Patobiolog\u00eda, INTA Castelar Burgos Eliana [&hellip;]<\/p>\n","protected":false},"author":34,"featured_media":0,"parent":0,"menu_order":0,"comment_status":"closed","ping_status":"closed","template":"","meta":{"advgb_blocks_editor_width":"","advgb_blocks_columns_visual_guide":"","footnotes":""},"class_list":["post-197","page","type-page","status-publish","hentry","post"],"aioseo_notices":[],"coauthors":[],"author_meta":{"author_link":"https:\/\/congresos.unlp.edu.ar\/microvet\/?author=34","display_name":"gmetz"},"relative_dates":{"created":"Posted 6 a\u00f1os ago","modified":"Updated 5 a\u00f1os ago"},"absolute_dates":{"created":"Posted on 6 junio, 2020","modified":"Updated on 30 mayo, 2021"},"absolute_dates_time":{"created":"Posted on 6 junio, 2020 9:59 am","modified":"Updated on 30 mayo, 2021 6:47 pm"},"featured_img_caption":"","featured_img":false,"series_order":"","_links":{"self":[{"href":"https:\/\/congresos.unlp.edu.ar\/microvet\/index.php?rest_route=\/wp\/v2\/pages\/197","targetHints":{"allow":["GET"]}}],"collection":[{"href":"https:\/\/congresos.unlp.edu.ar\/microvet\/index.php?rest_route=\/wp\/v2\/pages"}],"about":[{"href":"https:\/\/congresos.unlp.edu.ar\/microvet\/index.php?rest_route=\/wp\/v2\/types\/page"}],"author":[{"embeddable":true,"href":"https:\/\/congresos.unlp.edu.ar\/microvet\/index.php?rest_route=\/wp\/v2\/users\/34"}],"replies":[{"embeddable":true,"href":"https:\/\/congresos.unlp.edu.ar\/microvet\/index.php?rest_route=%2Fwp%2Fv2%2Fcomments&post=197"}],"version-history":[{"count":0,"href":"https:\/\/congresos.unlp.edu.ar\/microvet\/index.php?rest_route=\/wp\/v2\/pages\/197\/revisions"}],"wp:attachment":[{"href":"https:\/\/congresos.unlp.edu.ar\/microvet\/index.php?rest_route=%2Fwp%2Fv2%2Fmedia&parent=197"}],"curies":[{"name":"wp","href":"https:\/\/api.w.org\/{rel}","templated":true}]}}