{"id":46,"date":"2022-03-10T11:14:23","date_gmt":"2022-03-10T14:14:23","guid":{"rendered":"https:\/\/congresos.unlp.edu.ar\/mapeoshitepac\/?page_id=46"},"modified":"2022-04-01T08:32:31","modified_gmt":"2022-04-01T11:32:31","slug":"organizadores","status":"publish","type":"page","link":"https:\/\/congresos.unlp.edu.ar\/mapeoshitepac\/organizadores\/","title":{"rendered":"Organizadores"},"content":{"rendered":"<p>&nbsp;<\/p>\n<p style=\"text-align: center;\"><strong>Comit\u00e9 Organizador<\/strong><br \/>\nDra. Ana G\u00f3mez Pintus<br \/>\nDra. Malena Mazzitelli Mastricchio<br \/>\nDra. Graciela Favelukes<br \/>\nDr. Fernando Aliata<\/p>\n<p style=\"text-align: center;\"><strong>Comit\u00e9 Cient\u00edfico<\/strong><br \/>\nDr. Fernando Aliata (CONICET-HITEPAC)<br \/>\nDra. Graciela Favelukes (CONICET-IAA)<br \/>\nProfesor Arq. Fernando Gandolfi (FAU-UNLP)<br \/>\nDra.Ver\u00f3nica Hollman (CONICET-UBA)<br \/>\nDra. Alicia Novick (UNGS- IAA-UBA)<br \/>\nDra. Fernanda Padovesi Fonseca (Universidade de S\u00e3o Paulo)<br \/>\nDra. Alejandra Vega (Universidad de Chile)<br \/>\nDra. Ana G\u00f3mez Pintus<br \/>\nDra. Malena Mazziteli Mastricchio<\/p>\n<p style=\"text-align: center;\"><strong>Colaboradores\/as<\/strong><br \/>\nArq. Rosana Obregon<br \/>\nArq. Florencia Minatta<br \/>\nArq. Luc\u00eda Tonelli<br \/>\nArq. Ana Brandoni<br \/>\nArq. Abril Redondi<br \/>\nLic. William Lopes<br \/>\nProf. de Geograf\u00eda Facundo Iglesias<\/p>\n<p style=\"text-align: center;\"><a href=\"https:\/\/hitepac.fau.unlp.edu.ar\/\">\u00a0<\/a><\/p>\n<p><a href=\"https:\/\/hitepac.fau.unlp.edu.ar\/\"><img loading=\"lazy\" decoding=\"async\" class=\"wp-image-74 aligncenter\" src=\"http:\/\/congresos.unlp.edu.ar\/mapeoshitepac\/wp-content\/uploads\/sites\/47\/2022\/03\/logo-HiTePAC-2-recortado.png\" alt=\"\" width=\"174\" height=\"47\" \/><img loading=\"lazy\" decoding=\"async\" class=\"wp-image-8 aligncenter\" src=\"http:\/\/congresos.unlp.edu.ar\/mapeoshitepac\/wp-content\/uploads\/sites\/47\/2022\/03\/Logo-CeHiT-e1646920801374-300x146.jpeg\" alt=\"\" width=\"195\" height=\"95\" \/><\/a><\/p>\n<p><img loading=\"lazy\" decoding=\"async\" class=\" wp-image-136 aligncenter\" src=\"http:\/\/congresos.unlp.edu.ar\/mapeoshitepac\/wp-content\/uploads\/sites\/47\/2022\/03\/IAANUEVO-2-189x300.jpg\" alt=\"\" width=\"97\" height=\"154\" \/><\/p>\n<p><a href=\"https:\/\/convocatoriasfoncyt.mincyt.gob.ar\/\"><img loading=\"lazy\" decoding=\"async\" class=\"wp-image-7 aligncenter\" src=\"http:\/\/congresos.unlp.edu.ar\/mapeoshitepac\/wp-content\/uploads\/sites\/47\/2022\/03\/logo-Foncyt-300x114.jpeg\" alt=\"\" width=\"195\" height=\"74\" srcset=\"https:\/\/congresos.unlp.edu.ar\/mapeoshitepac\/wp-content\/uploads\/sites\/47\/2022\/03\/logo-Foncyt-300x114.jpeg 300w, https:\/\/congresos.unlp.edu.ar\/mapeoshitepac\/wp-content\/uploads\/sites\/47\/2022\/03\/logo-Foncyt.jpeg 364w\" sizes=\"auto, (max-width: 195px) 100vw, 195px\" \/><\/a><\/p>\n","protected":false},"excerpt":{"rendered":"<p>&nbsp; Comit\u00e9 Organizador Dra. Ana G\u00f3mez Pintus Dra. Malena Mazzitelli Mastricchio Dra. Graciela Favelukes Dr. Fernando Aliata Comit\u00e9 Cient\u00edfico Dr. Fernando Aliata (CONICET-HITEPAC) Dra. Graciela Favelukes (CONICET-IAA) Profesor Arq. Fernando Gandolfi (FAU-UNLP) Dra.Ver\u00f3nica Hollman (CONICET-UBA) Dra. Alicia Novick (UNGS- IAA-UBA) Dra. Fernanda Padovesi Fonseca (Universidade de S\u00e3o Paulo) Dra. Alejandra Vega (Universidad de Chile) Dra. [&hellip;]<\/p>\n","protected":false},"author":2,"featured_media":0,"parent":0,"menu_order":0,"comment_status":"closed","ping_status":"closed","template":"","meta":{"advgb_blocks_editor_width":"","advgb_blocks_columns_visual_guide":"","footnotes":""},"class_list":["post-46","page","type-page","status-publish","hentry","post"],"aioseo_notices":[],"coauthors":[],"author_meta":{"author_link":"https:\/\/congresos.unlp.edu.ar\/mapeoshitepac\/author\/congresos\/","display_name":"congresos"},"relative_dates":{"created":"Posted 4 a\u00f1os ago","modified":"Updated 4 a\u00f1os ago"},"absolute_dates":{"created":"Posted on 10 marzo, 2022","modified":"Updated on 1 abril, 2022"},"absolute_dates_time":{"created":"Posted on 10 marzo, 2022 11:14 am","modified":"Updated on 1 abril, 2022 8:32 am"},"featured_img_caption":"","featured_img":false,"series_order":"","_links":{"self":[{"href":"https:\/\/congresos.unlp.edu.ar\/mapeoshitepac\/wp-json\/wp\/v2\/pages\/46","targetHints":{"allow":["GET"]}}],"collection":[{"href":"https:\/\/congresos.unlp.edu.ar\/mapeoshitepac\/wp-json\/wp\/v2\/pages"}],"about":[{"href":"https:\/\/congresos.unlp.edu.ar\/mapeoshitepac\/wp-json\/wp\/v2\/types\/page"}],"author":[{"embeddable":true,"href":"https:\/\/congresos.unlp.edu.ar\/mapeoshitepac\/wp-json\/wp\/v2\/users\/2"}],"replies":[{"embeddable":true,"href":"https:\/\/congresos.unlp.edu.ar\/mapeoshitepac\/wp-json\/wp\/v2\/comments?post=46"}],"version-history":[{"count":0,"href":"https:\/\/congresos.unlp.edu.ar\/mapeoshitepac\/wp-json\/wp\/v2\/pages\/46\/revisions"}],"wp:attachment":[{"href":"https:\/\/congresos.unlp.edu.ar\/mapeoshitepac\/wp-json\/wp\/v2\/media?parent=46"}],"curies":[{"name":"wp","href":"https:\/\/api.w.org\/{rel}","templated":true}]}}